{"id":1990,"date":"2022-09-30T14:50:51","date_gmt":"2022-09-30T11:50:51","guid":{"rendered":"https:\/\/rocketplay-slot.com\/3-coins\/"},"modified":"2022-12-24T01:11:51","modified_gmt":"2022-12-23T22:11:51","slug":"3-coins","status":"publish","type":"page","link":"https:\/\/rocketplay-slot.com\/da\/3-coins\/","title":{"rendered":"3 Coins Hold And Win Anmeldelse"},"content":{"rendered":"<p><img loading=\"lazy\" decoding=\"async\" class=\"size-medium wp-image-411 alignleft\" src=\"https:\/\/rocketplay-slot.com\/wp-content\/uploads\/2022\/09\/3-coins-hold-and-win-300x300.png\" alt=\"3 Coins Hold And Win\" width=\"300\" height=\"300\" srcset=\"https:\/\/rocketplay-slot.com\/wp-content\/uploads\/2022\/09\/3-coins-hold-and-win-300x300.png 300w, https:\/\/rocketplay-slot.com\/wp-content\/uploads\/2022\/09\/3-coins-hold-and-win-150x150.png 150w, https:\/\/rocketplay-slot.com\/wp-content\/uploads\/2022\/09\/3-coins-hold-and-win.png 425w\" sizes=\"auto, (max-width: 300px) 100vw, 300px\" \/>En enorm udvidelse fra en af verdens f\u00f8rende skabere af spilindhold, Booongo, kan findes blandt spilsortimentet p\u00e5 portalen. Rocket Play 3 m\u00f8nter slot er helt sikkert din opm\u00e6rksomhed og tid v\u00e6rd. Et \u00e5r efter den f\u00f8rste udgivelse blev spillet ekstremt beundret af tusindvis af kunder. Og hver dag bliver h\u00e6ren af fans af spillemaskinen kun st\u00f8rre. Bliv en kender af denne underholdning og start dine eventyr med det samme.<\/p>\n<h2>3 COINS HOLD and VIN SLOT GENNEMGANG<\/h2>\n<p>Vi pr\u00e6senterer Rocket Play 3 m\u00f8nter slot anmeldelse. Vores korte beskrivelse indeholder alle de interessante oplysninger om programmet og vigtige fakta, der vil v\u00e6re nyttige. For en bedre pr\u00e6sentation og forst\u00e5else af alt det indflydelsesrige, l\u00e6s tabellen.<\/p>\n<table border=\"0\" cellspacing=\"0\" cellpadding=\"0\">\n<tbody>\n<tr>\n<td><b>Udvikler <\/b><\/td>\n<td><b>Booongo<\/b><\/td>\n<\/tr>\n<tr>\n<td>Dato for fremtr\u00e6den<\/td>\n<td>2021<\/td>\n<\/tr>\n<tr>\n<td>Linjer<\/td>\n<td>5<\/td>\n<\/tr>\n<tr>\n<td>Hjul<\/td>\n<td>3<\/td>\n<\/tr>\n<tr>\n<td>R\u00e6kker<\/td>\n<td>3<\/td>\n<\/tr>\n<tr>\n<td>Bonusser<\/td>\n<td>respins;<\/p>\n<p>Bonusfunktion<\/td>\n<\/tr>\n<tr>\n<td>RTP<\/td>\n<td>95,82%<\/td>\n<\/tr>\n<tr>\n<td>V\u00e6ddem\u00e5l diapason<\/td>\n<td>0.01-80 DKK<\/td>\n<\/tr>\n<\/tbody>\n<\/table>\n<p>&nbsp;<\/p>\n<p>N\u00e5r du har studeret spillet, kan du bem\u00e6rke mange positive punkter, der g\u00f8r det s\u00e5 succesfuldt blandt brugerne. Her er ekstremt praktisk og hurtigt gameplay. Alt er intuitivt. Selv en nybegynder, der besk\u00e6ftiger sig med slots for f\u00f8rste gang, har kun brug for et par minutter til at g\u00f8re sig bekendt med og l\u00e6re funktionerne i hovedmenuen. Hvis du har sp\u00f8rgsm\u00e5l, kan du desuden altid kigge p\u00e5 vejledningerne, som i detaljer beskriver alle de n\u00f8dvendige funktioner, ikoner og symboler i spillet.<\/p>\n<p>Der er en ganske solid bonusserie her. Fire respins og en ekstra runde vil helt sikkert ikke efterlade dig uden indtryk. Super muligheder for utrolige gevinster! Selv med en minimumsindsats p\u00e5 kun 10 cent kan du f\u00e5 en ret god gevinst.<\/p>\n<h2>S\u00e5dan spiller du 3 Coins Egypt slotspillet<\/h2>\n<p>Der er to m\u00e5der at spille p\u00e5 portalen p\u00e5:<\/p>\n<ul>\n<li>Rocket Spil 3 m\u00f8nter slot gratis;<\/li>\n<li>Rocket Play 3 m\u00f8nter slot rigtige penge.<\/li>\n<\/ul>\n<p>Den f\u00f8rste mulighed er tilg\u00e6ngelig for alle portalbes\u00f8gende uden registrering eller indbetaling. Den anden mulighed kr\u00e6ver begge dele. Den \u00e5bner dog vejen til utrolige gevinster. Registrer dig, lav en indbetaling til din konto, v\u00e6lg dette slot og start det. For en vellykket rotation er det v\u00e6rd:<\/p>\n<ol>\n<li>indstille st\u00f8rrelsen af indsatsen;<\/li>\n<li>v\u00e6lge antallet af linjer;<\/li>\n<li>tryk p\u00e5 start;<\/li>\n<li>vent p\u00e5, at rotationen er f\u00e6rdig.<\/li>\n<\/ol>\n<p>Alle vinderkombinationer beregnes automatisk, og pengene inds\u00e6ttes \u00f8jeblikkeligt p\u00e5 din konto.<\/p>\n<p style=\"text-align: center;\"><img loading=\"lazy\" decoding=\"async\" class=\"aligncenter wp-image-413 size-full\" src=\"https:\/\/rocketplay-slot.com\/wp-content\/uploads\/2022\/09\/3-coins--e1664538849251.jpeg\" alt=\"3 coins RocketPlay\" width=\"680\" height=\"406\" srcset=\"https:\/\/rocketplay-slot.com\/wp-content\/uploads\/2022\/09\/3-coins--e1664538849251.jpeg 680w, https:\/\/rocketplay-slot.com\/wp-content\/uploads\/2022\/09\/3-coins--e1664538849251-300x179.jpeg 300w\" sizes=\"auto, (max-width: 680px) 100vw, 680px\" \/><\/p>\n<h2>3 Coins Egypt spilleautomat funktioner<\/h2>\n<p>Rocket Play 3 coins online slot er klassisk og velkendt underholdning for erfarne spillere. Hvis vi taler specifikt om funktionerne i slotspillet, er den f\u00f8rste ting, der kommer i tankerne, tilstedev\u00e6relsen af 4 respins. De vil hj\u00e6lpe med at g\u00e5 videre til unikke runder med kun specielle, dyre ikoner. Dette vil hj\u00e6lpe dig med at f\u00e5 en utrolig gevinst. Den h\u00f8jeste udbetaling kan v\u00e6re op til 500 gange den oprindelige indsats.<\/p>\n<p>En anden interessant kendsgerning om slotspillet er muligheden for at f\u00e5 en tilf\u00e6ldig multiplikator. Dens v\u00e6rdi kan variere fra 1 til 20. Dette hj\u00e6lper endnu en gang med at f\u00e5 en enorm fortjeneste med minimal kapitalinvestering.<\/p>\n<h2>FAQ<\/h2>\n<h3>KAN DU SPILLE GRATIS?<\/h3>\n<p>Ja, ved at v\u00e6lge demoversionen af spilleautomaten kan du spille gratis uden indbetaling og endda uden registrering. Dette er en fantastisk mulighed, hvis du endnu ikke er klar til at investere rigtige penge i spil.<\/p>\n<h3>HVAD ER DET S\u00c6RLIGE VED SPILLEMASKINEN?<\/h3>\n<p>Et kendetegn ved pokies er muligheden for at bruge 4 respins i den, hvilket \u00e5bner adgang til bonusrunder. Der er ogs\u00e5 en tilf\u00e6ldig multiplikator, der falder tilf\u00e6ldigt og \u00f8ger antallet af gevinster fra 1 til 20 gange.<\/p>\n<h3>HVAD ER DEN ST\u00d8RSTE ULEMPE VED SPILLEMASKINEN?<\/h3>\n<p>Vi bem\u00e6rkede ikke s\u00e5danne mangler efter at have gennemg\u00e5et spillet. Den eneste ting, der kan bem\u00e6rkes, ikke engang som en ulempe, men som en lille nuance, er, at grundversionen af spillet mangler visse funktioner.<\/p>\n<p>L\u00e6s ogs\u00e5 om:<\/p>\n<ul>\n<li><a href=\"https:\/\/rocketplay-slot.com\/da\/aloha-king-elvis\/\">Aloha King Elvis<\/a><\/li>\n<li><a href=\"https:\/\/rocketplay-slot.com\/da\/black-wolf\/\">Black Wolf<\/a><\/li>\n<\/ul>\n","protected":false},"excerpt":{"rendered":"<p>En enorm udvidelse fra en af verdens f\u00f8rende skabere af spilindhold, Booongo, kan findes blandt spilsortimentet p\u00e5 portalen. Rocket Play 3 m\u00f8nter slot er helt sikkert din opm\u00e6rksomhed og tid v\u00e6rd. Et \u00e5r efter den f\u00f8rste udgivelse blev spillet ekstremt beundret af tusindvis af kunder. Og hver dag bliver h\u00e6ren af fans af spillemaskinen kun&#8230;<\/p>\n","protected":false},"author":1,"featured_media":0,"parent":0,"menu_order":0,"comment_status":"closed","ping_status":"closed","template":"","meta":{"_acf_changed":false,"_kad_post_transparent":"default","_kad_post_title":"default","_kad_post_layout":"default","_kad_post_sidebar_id":"","_kad_post_content_style":"default","_kad_post_vertical_padding":"default","_kad_post_feature":"","_kad_post_feature_position":"","_kad_post_header":false,"_kad_post_footer":false,"footnotes":""},"class_list":["post-1990","page","type-page","status-publish","hentry"],"acf":[],"rttpg_featured_image_url":null,"rttpg_author":{"display_name":"Elvis","author_link":"https:\/\/rocketplay-slot.com\/da\/author\/pemvas95n89x\/"},"rttpg_comment":0,"rttpg_category":null,"rttpg_excerpt":"En enorm udvidelse fra en af verdens f\u00f8rende skabere af spilindhold, Booongo, kan findes blandt spilsortimentet p\u00e5 portalen. Rocket Play 3 m\u00f8nter slot er helt sikkert din opm\u00e6rksomhed og tid v\u00e6rd. Et \u00e5r efter den f\u00f8rste udgivelse blev spillet ekstremt beundret af tusindvis af kunder. Og hver dag bliver h\u00e6ren af fans af spillemaskinen kun...","_links":{"self":[{"href":"https:\/\/rocketplay-slot.com\/da\/wp-json\/wp\/v2\/pages\/1990","targetHints":{"allow":["GET"]}}],"collection":[{"href":"https:\/\/rocketplay-slot.com\/da\/wp-json\/wp\/v2\/pages"}],"about":[{"href":"https:\/\/rocketplay-slot.com\/da\/wp-json\/wp\/v2\/types\/page"}],"author":[{"embeddable":true,"href":"https:\/\/rocketplay-slot.com\/da\/wp-json\/wp\/v2\/users\/1"}],"replies":[{"embeddable":true,"href":"https:\/\/rocketplay-slot.com\/da\/wp-json\/wp\/v2\/comments?post=1990"}],"version-history":[{"count":3,"href":"https:\/\/rocketplay-slot.com\/da\/wp-json\/wp\/v2\/pages\/1990\/revisions"}],"predecessor-version":[{"id":2391,"href":"https:\/\/rocketplay-slot.com\/da\/wp-json\/wp\/v2\/pages\/1990\/revisions\/2391"}],"wp:attachment":[{"href":"https:\/\/rocketplay-slot.com\/da\/wp-json\/wp\/v2\/media?parent=1990"}],"curies":[{"name":"wp","href":"https:\/\/api.w.org\/{rel}","templated":true}]}}