{"id":1994,"date":"2022-09-30T15:52:03","date_gmt":"2022-09-30T12:52:03","guid":{"rendered":"https:\/\/rocketplay-slot.com\/aloha-king-elvis\/"},"modified":"2022-12-24T01:14:21","modified_gmt":"2022-12-23T22:14:21","slug":"aloha-king-elvis","status":"publish","type":"page","link":"https:\/\/rocketplay-slot.com\/da\/aloha-king-elvis\/","title":{"rendered":"Aloha King Elvis Anmeldelse"},"content":{"rendered":"<p><img loading=\"lazy\" decoding=\"async\" class=\"aligncenter wp-image-425 size-full\" src=\"https:\/\/rocketplay-slot.com\/wp-content\/uploads\/2022\/09\/aloha-king-elvis.jpeg\" alt=\"Aloha King Elvis\" width=\"720\" height=\"240\" srcset=\"https:\/\/rocketplay-slot.com\/wp-content\/uploads\/2022\/09\/aloha-king-elvis.jpeg 720w, https:\/\/rocketplay-slot.com\/wp-content\/uploads\/2022\/09\/aloha-king-elvis-300x100.jpeg 300w\" sizes=\"auto, (max-width: 720px) 100vw, 720px\" \/><\/p>\n<p>Hvis du \u00f8nsker at tilf\u00f8je lyse farver til din rutine, s\u00e5 er Rocket Play Aloha King Elvis online slot det, du har brug for. En munter fr\u00f8 vil ikke lade dig kede dig. Temaer af en hawaiiansk fest med vanvittig dans og sjov, samt utrolige gevinster, vil helt sikkert ikke efterlade dig ligeglad.<\/p>\n<p>Spillet optr\u00e5dte relativt for nylig, men dets producent, BGaming selskabet, gjorde alt for at g\u00f8re det mindev\u00e6rdigt og vellidt af mange brugere. Vi g\u00f8r dig opm\u00e6rksom p\u00e5 Rocket Play Aloha King Elvis slot anmeldelse, takket v\u00e6re hvilken du vil v\u00e6re i stand til at l\u00e6re denne underholdning at kende, l\u00e6re alle detaljerne og begynde at tjene med det samme.<\/p>\n<p>Rocket Play Aloha King Elvis for rigtige penge blev udgivet i sommeren 2021, og mange brugere kunne straks lide det. Det lyse design, det diskrete plot og det fremragende bonustilbud vandt mange gamblers hjerter.<\/p>\n<table border=\"0\" cellspacing=\"0\" cellpadding=\"0\">\n<tbody>\n<tr>\n<td>Udvikler<\/td>\n<td><b>BGaming<\/b><\/td>\n<\/tr>\n<tr>\n<td>Dato for fremtr\u00e6den<\/td>\n<td>2021<\/td>\n<\/tr>\n<tr>\n<td>Linjer<\/td>\n<td>20<\/td>\n<\/tr>\n<tr>\n<td>Hjul<\/td>\n<td>5<\/td>\n<\/tr>\n<tr>\n<td>R\u00e6kker<\/td>\n<td>3<\/td>\n<\/tr>\n<tr>\n<td>Bonusser<\/td>\n<td>gratis lanceringer;<\/p>\n<p>3 jackpots<\/td>\n<\/tr>\n<tr>\n<td>RTP<\/td>\n<td>94,9%<\/td>\n<\/tr>\n<tr>\n<td>Autoplaying<\/td>\n<td>+<\/td>\n<\/tr>\n<tr>\n<td>S\u00e6rlige skilte<\/td>\n<td>Spredning<\/p>\n<p>Wild<\/td>\n<\/tr>\n<tr>\n<td>Betting diapason<\/td>\n<td>0.25-50 DKK<\/td>\n<\/tr>\n<\/tbody>\n<\/table>\n<p>&nbsp;<\/p>\n<p>Enhver gambler vil ikke v\u00e6re ligeglad med de utrolige udbetalinger og sp\u00e6ndende eventyr, der venter ham her.<\/p>\n<p>Der er en ganske solid bonusserie her. Hvis spillere ikke l\u00e6ngere overraskes af ekstra Rocket Play Aloha King Elvis gratis spins eller s\u00e6rlige scatter symboler, s\u00e5 har spiludviklerne gemt et par flere tricks i \u00e6rmerne. Fire permanente jackpots og en ekstra minirunde vil helt sikkert ikke efterlade dig uden indtryk. Super muligheder for utrolige gevinster! Selv med en minimumsindsats p\u00e5 kun 25 cent kan du f\u00e5 en ret god gevinst.<\/p>\n<h2>SPILLET<\/h2>\n<p>Efter at have studeret Rocket Play Aloha King Elvis slot gratis, kan du bem\u00e6rke mange positive punkter, som g\u00f8r det s\u00e5 succesfuldt blandt brugerne. Her er ekstremt praktisk og hurtigt gameplay. Alt er intuitivt. Selv en nybegynder, der besk\u00e6ftiger sig med slots for f\u00f8rste gang, vil kun have brug for et par minutter til at g\u00f8re sig bekendt med og l\u00e6re funktionerne i hovedmenuen.<\/p>\n<p>Designet af spillemaskinen er visuelt tiltalende. I baggrunden ser spillerne tropisk natur og attributterne af en fest og utrolig Hawaii sjov: I henhold til temaet best\u00e5r de vindende kombinationer af tematiske billeder af personligheder. Her er pr\u00e6senteret:<\/p>\n<ul>\n<li>Gl\u00e6delig fr\u00f8 med en guitar (vild);<\/li>\n<li>Fr\u00f8pige med en cocktail;<\/li>\n<li>Sjov totem (sk\u00f8jtel\u00f8ber);<\/li>\n<li>Lyser\u00f8d varevogn;<\/li>\n<li>Guitar;<\/li>\n<li>Trommer;<\/li>\n<li>M\u00f8nter samler;<\/li>\n<li>Bogstaverne A, Q, K og J i blomster!<\/li>\n<\/ul>\n<p>Denne livlige spilaction ledsages af lydspor, der passer til temaet.<\/p>\n<p>Begge metoder har identiske regler og betingelser, bortset fra den finansielle komponent i demo-versionen. Indsatser foretages p\u00e5 virtuelle midler, og tilsvarende modtages gevinster i samme valuta. I enhver tilstand kan spillere bruge autoplay.<\/p>\n<h2>Funktioner<\/h2>\n<p>Rocket Play Aloha King Elvis slot er en klassisk underholdning med 5 hjul og 3 r\u00e6kker. Hvis vi taler specifikt om funktionerne i slotspillet, er den f\u00f8rste ting, der kommer til syne, tilstedev\u00e6relsen af:<\/p>\n<ul>\n<li>3 jackpots;<\/li>\n<li>Gratis lancering;<\/li>\n<li>Respins;<\/li>\n<li>Gigantiske ikoner!<\/li>\n<\/ul>\n<p>Alle disse s\u00e6rheder vil hj\u00e6lpe dig med at opn\u00e5 en utrolig fortjeneste. Den h\u00f8jeste udbetaling kan v\u00e6re op til 2200 gange den oprindelige indsats.<\/p>\n<p style=\"text-align: center;\"><img loading=\"lazy\" decoding=\"async\" class=\"aligncenter wp-image-426 size-large\" src=\"https:\/\/rocketplay-slot.com\/wp-content\/uploads\/2022\/09\/aloha-king-elvis-slot-e1664541573948-1024x514.jpeg\" alt=\"Aloha King Elvis slot\" width=\"1024\" height=\"514\" srcset=\"https:\/\/rocketplay-slot.com\/wp-content\/uploads\/2022\/09\/aloha-king-elvis-slot-e1664541573948-1024x514.jpeg 1024w, https:\/\/rocketplay-slot.com\/wp-content\/uploads\/2022\/09\/aloha-king-elvis-slot-e1664541573948-300x151.jpeg 300w, https:\/\/rocketplay-slot.com\/wp-content\/uploads\/2022\/09\/aloha-king-elvis-slot-e1664541573948-768x386.jpeg 768w, https:\/\/rocketplay-slot.com\/wp-content\/uploads\/2022\/09\/aloha-king-elvis-slot-e1664541573948.jpeg 1455w\" sizes=\"auto, (max-width: 1024px) 100vw, 1024px\" \/><\/p>\n<h2>Konklusion<\/h2>\n<p>Afslutningsvis kan \u00e9n ting bem\u00e6rkes &#8211; dette er en fremragende og interessant underholdning. Alt er forst\u00e5eligt her, s\u00e5 gameplayet er let, selv for begyndere. Der er de s\u00e6dvanlige linjer og hjul. Der er ogs\u00e5 respins, gratis fors\u00f8g og en ekstra minirunde. Der er en super jackpot, der kan vokse 2200 gange. Udvalget af indsatser er ekstremt bredt &#8211; fra 25 cent til 50 dollars pr. spin. Men selv med en minimal kapitalinvestering kan du vinde mange penge. Dette spil er helt sikkert v\u00e6rd at have din opm\u00e6rksomhed og tid.<\/p>\n<p><strong>L\u00e6s ogs\u00e5 om:<\/strong><\/p>\n<ul>\n<li><a href=\"https:\/\/rocketplay-slot.com\/da\/black-wolf\/\">Black Wolf<\/a><\/li>\n<li><a href=\"https:\/\/rocketplay-slot.com\/da\/buffalo-power-hold-and-win\/\">Buffalo Power Hold And Win<\/a><\/li>\n<\/ul>\n","protected":false},"excerpt":{"rendered":"<p>Hvis du \u00f8nsker at tilf\u00f8je lyse farver til din rutine, s\u00e5 er Rocket Play Aloha King Elvis online slot det, du har brug for. En munter fr\u00f8 vil ikke lade dig kede dig. Temaer af en hawaiiansk fest med vanvittig dans og sjov, samt utrolige gevinster, vil helt sikkert ikke efterlade dig ligeglad. Spillet optr\u00e5dte&#8230;<\/p>\n","protected":false},"author":1,"featured_media":0,"parent":0,"menu_order":0,"comment_status":"closed","ping_status":"closed","template":"","meta":{"_acf_changed":false,"_kad_post_transparent":"default","_kad_post_title":"default","_kad_post_layout":"default","_kad_post_sidebar_id":"","_kad_post_content_style":"default","_kad_post_vertical_padding":"default","_kad_post_feature":"","_kad_post_feature_position":"","_kad_post_header":false,"_kad_post_footer":false,"footnotes":""},"class_list":["post-1994","page","type-page","status-publish","hentry"],"acf":[],"rttpg_featured_image_url":null,"rttpg_author":{"display_name":"Elvis","author_link":"https:\/\/rocketplay-slot.com\/da\/author\/pemvas95n89x\/"},"rttpg_comment":0,"rttpg_category":null,"rttpg_excerpt":"Hvis du \u00f8nsker at tilf\u00f8je lyse farver til din rutine, s\u00e5 er Rocket Play Aloha King Elvis online slot det, du har brug for. En munter fr\u00f8 vil ikke lade dig kede dig. Temaer af en hawaiiansk fest med vanvittig dans og sjov, samt utrolige gevinster, vil helt sikkert ikke efterlade dig ligeglad. Spillet optr\u00e5dte...","_links":{"self":[{"href":"https:\/\/rocketplay-slot.com\/da\/wp-json\/wp\/v2\/pages\/1994","targetHints":{"allow":["GET"]}}],"collection":[{"href":"https:\/\/rocketplay-slot.com\/da\/wp-json\/wp\/v2\/pages"}],"about":[{"href":"https:\/\/rocketplay-slot.com\/da\/wp-json\/wp\/v2\/types\/page"}],"author":[{"embeddable":true,"href":"https:\/\/rocketplay-slot.com\/da\/wp-json\/wp\/v2\/users\/1"}],"replies":[{"embeddable":true,"href":"https:\/\/rocketplay-slot.com\/da\/wp-json\/wp\/v2\/comments?post=1994"}],"version-history":[{"count":2,"href":"https:\/\/rocketplay-slot.com\/da\/wp-json\/wp\/v2\/pages\/1994\/revisions"}],"predecessor-version":[{"id":2399,"href":"https:\/\/rocketplay-slot.com\/da\/wp-json\/wp\/v2\/pages\/1994\/revisions\/2399"}],"wp:attachment":[{"href":"https:\/\/rocketplay-slot.com\/da\/wp-json\/wp\/v2\/media?parent=1994"}],"curies":[{"name":"wp","href":"https:\/\/api.w.org\/{rel}","templated":true}]}}