{"id":1998,"date":"2022-06-15T09:01:36","date_gmt":"2022-06-15T06:01:36","guid":{"rendered":"https:\/\/rocketplay-slot.com\/live-baccarat\/"},"modified":"2026-02-28T00:42:19","modified_gmt":"2026-02-27T21:42:19","slug":"live-baccarat","status":"publish","type":"page","link":"https:\/\/rocketplay-slot.com\/da\/live-baccarat\/","title":{"rendered":"Baccarat online p\u00e5 RocketPlay Casino"},"content":{"rendered":"<p>Baccarat kan roligt kaldes et af de klassiske casinospil, som altid vil v\u00e6re popul\u00e6rt blandt et bredt publikum af spillere fra hele verden. Baccarat var oprindeligt et hasardspil udelukkende for aristokratiet, men er ikke l\u00e6ngere kun et spil for eliten &#8211; der er ingen begr\u00e6nsninger for, hvem der kan spille det. Derfor tilbyder online casinoer i dag en r\u00e6kke forskellige spil, som du kan spille med minimale indsatser. Samtidig har baccarat spilleautomater ikke mistet deres charme, sp\u00e6nding og store chancer for at vinde rigtige penge. Sidstn\u00e6vnte skyldes spillets enkle regel og en stor chance for at vinde for spilleren.<\/p>\n<p><a href=\"https:\/\/rocketplay-slot.com\/da\/\">RocketPlay online<\/a> baccarat live er et af de nemmeste spil, hvor du bare skal lave en indsats, og det er det hele. I mods\u00e6tning til andre casinospil kan deltagerne satse p\u00e5 spilleren, banken eller begge dele. Der er ingen vanskelige regler eller komplicerede kombinationer, s\u00e5 du beh\u00f8ver ikke at spilde din tid p\u00e5 at l\u00e6re teorien. M\u00e5let med spillet er at g\u00e6tte, hvem der har satset rigtigt: spilleren eller bank\u00f8ren. Derudover kan du satse p\u00e5 begge dele, hvilket ogs\u00e5 kan give dig penge i spillet.<\/p>\n<p>Hvis du aldrig har spillet baccarat <a href=\"https:\/\/rocketplay-slot.com\/da\/live-casino\/\">live casino<\/a> RocketPlay, og du ikke ved, hvorfor du b\u00f8r pr\u00f8ve dette spil, har vi nogle argumenter og anbefalinger til dig;<\/p>\n<ul>\n<li>Hvis du vil se, om heldet er p\u00e5 din side i dag, s\u00e5 er baccarat det bedste spil for dig. I baccarat afh\u00e6nger succesen 100 % af dit held;<\/li>\n<li>I dette spil har casinoet den mindste fordel i forhold til spilleren, nemlig kun 1,06 %;<\/li>\n<li>Baccarat indsatser varierer fra 0,15 kr. til 1000 kr.<\/li>\n<\/ul>\n<p>N\u00e5r du spiller, skal du huske p\u00e5, at selv om casinoet har en lille fordel, er det mindre sandsynligt, at du vinder, jo l\u00e6ngere du spiller, jo mindre sandsynligt er det, at du vinder.<\/p>\n<p>Hvis du ikke er p\u00e5 jagt efter gevinster, men bare \u00f8nsker at have det sjovt ved at spille dit yndlingsspil, s\u00e5 kan du spille RocketPlay live baccarat Danmark. Sp\u00e6ndende gameplay og et bredt udvalg af spil er garanteret for dig. F\u00f8r du starter din session, skal du tage f\u00f8lgende anbefalinger fra baccarat-eksperter til efterretning:<\/p>\n<ul>\n<li>Det er mere fordelagtigt at satse p\u00e5 banken end at satse p\u00e5 spilleren. Til sammenligning er spillerens fordel 1,29 % og bankens fordel 1,01 %. Samtidig er det mindst succesfuldt at satse p\u00e5 begge at satse p\u00e5 begge.<\/li>\n<li>Jo flere decks der er involveret i spillet, jo mindre fordelagtigt er det for spilleren.<\/li>\n<li>Dine vinderchancer afh\u00e6nger ogs\u00e5 af st\u00f8rrelsen af din udbetaling, hvis du satser p\u00e5 bank\u00f8ren. V\u00e6lg et spil, hvor denne procentdel er lavere end 4 %.<\/li>\n<li>Lav fornuftige indsatser, men s\u00e5 snart du begynder at vinde, skal du stoppe spillet med det samme.<\/li>\n<\/ul>\n<p><span style=\"font-weight: 400;\">Typisk tilbyder online casinoer en klassisk version af spillet. Vi er dog en undtagelse i denne henseende. P\u00e5 vores side kan du v\u00e6lge mellem en r\u00e6kke Baccarat-varianter, som alle er tilg\u00e6ngelige uden registrering og d\u00e6kker de bedste versioner af dette spil.<br \/>\n<img loading=\"lazy\" decoding=\"async\" class=\"aligncenter wp-image-272\" src=\"https:\/\/rocketplay-slot.com\/wp-content\/uploads\/2022\/06\/second_bonus_nonlog-300x148.png\" alt=\"\" width=\"600\" height=\"295\" srcset=\"https:\/\/rocketplay-slot.com\/wp-content\/uploads\/2022\/06\/second_bonus_nonlog-300x148.png 300w, https:\/\/rocketplay-slot.com\/wp-content\/uploads\/2022\/06\/second_bonus_nonlog-1024x504.png 1024w, https:\/\/rocketplay-slot.com\/wp-content\/uploads\/2022\/06\/second_bonus_nonlog-768x378.png 768w, https:\/\/rocketplay-slot.com\/wp-content\/uploads\/2022\/06\/second_bonus_nonlog.png 1300w\" sizes=\"auto, (max-width: 600px) 100vw, 600px\" \/><\/span><\/p>\n<h2>Fordelene ved at spille Baccarat online<\/h2>\n<p>Det faktum, at kortspil er sp\u00e6ndende og uforudsigelige, er kendt af alle, der elsker sp\u00e6nding og gys. Denne form for underholdning har v\u00e6ret popul\u00e6r over hele verden i rigtig mange \u00e5r. Selv i dag, hvor spillerne kan spille spil som slots og video poker, har baccarat ikke mistet sin popularitet.<\/p>\n<p>Men det bedste ved dette spil er de h\u00f8je vinderchancer, samt de bel\u00f8b du kan vinde som spillets hovedpr\u00e6mie. I denne henseende er baccarat et meget fristende spil.<\/p>\n<p>Er du ikke sikker p\u00e5, om det giver mening at spille live baccarat bonus RocketPlay p\u00e5 vores hjemmeside? Vi tilbyder mange grunde til at pr\u00f8ve dette spil hos os. Og her er blot nogle f\u00e5 af dem<span style=\"font-family: var(--global-body-font-family); letter-spacing: 0em;\">:<\/span><\/p>\n<ul>\n<li style=\"font-weight: 400;\" aria-level=\"1\">Bredt udvalg af spil &#8211; Ud over den klassiske version af spillet kan du spille 15 andre baccarat-varianter. Baccarat Gold, Baccarat High Roller, Baccarat Pro og Baccarat Pro &#8211; VIP Limit er blot nogle af mulighederne;<\/li>\n<li style=\"font-weight: 400;\" aria-level=\"1\">Kvalitets spilsoftware &#8211; Vi bruger kun kvalitets spilsoftware fra verdens f\u00f8rende producenter &#8211; Microgaming, OneTouch og NetEnt;<\/li>\n<li style=\"font-weight: 400;\" aria-level=\"1\">RocketPlay online casino live baccarat rigtige penge &#8211; Hvis du beslutter dig for at k\u00e6mpe for hovedpr\u00e6mien, vil du helt sikkert nyde at spille med os;<\/li>\n<li style=\"font-weight: 400;\" aria-level=\"1\">H\u00f8je odds for at vinde &#8211; Vi tilbyder et af de h\u00f8jeste odds for at vinde p\u00e5 baccarat, som ligger mellem 94% og 97%;<\/li>\n<li style=\"font-weight: 400;\" aria-level=\"1\">Simpelt RocketPlay live baccarat online gratis spil &#8211; du beh\u00f8ver ikke at bruge tid p\u00e5 at l\u00e6re spillets regler. L\u00e6r reglerne ved at spille spillet;<\/li>\n<li style=\"font-weight: 400;\" aria-level=\"1\">Random number generator garanterer fair play &#8211; Absolut ingen risiko for at blive snydt;<\/li>\n<li style=\"font-weight: 400;\" aria-level=\"1\">Ingen begr\u00e6nsninger. Uanset hvilket land du bor i, kan du f\u00e5 adgang til vores casino og spille alle spil online;<\/li>\n<li style=\"font-weight: 400;\" aria-level=\"1\">Du risikerer intet, n\u00e5r du spiller p\u00e5 vores online casino. Det er bare det perfekte sted for b\u00e5de nybegyndere og erfarne baccarat mestre.<\/li>\n<\/ul>\n<p>Baccarat kan roligt kaldes et af de klassiske casinospil, som altid vil v\u00e6re popul\u00e6rt blandt et bredt publikum af spillere fra hele verden. Baccarat var oprindeligt et hasardspil udelukkende for aristokratiet, men er ikke l\u00e6ngere kun et spil for eliten &#8211; der er ingen begr\u00e6nsninger for, hvem der kan spille det. Derfor tilbyder online casinoer i dag en r\u00e6kke forskellige spil, som du kan spille med minimale indsatser. Samtidig har baccarat spilleautomater ikke mistet deres charme, sp\u00e6nding og store chancer for at vinde rigtige penge. Sidstn\u00e6vnte skyldes spillets enkle regel og en stor chance for at vinde for spilleren.<\/p>\n<p>RocketPlay online baccarat live er et af de nemmeste spil, hvor du bare skal lave en indsats, og det er det hele. I mods\u00e6tning til andre casinospil kan deltagerne satse p\u00e5 spilleren, banken eller begge dele. Der er ingen vanskelige regler eller komplicerede kombinationer, s\u00e5 du beh\u00f8ver ikke at spilde din tid p\u00e5 at l\u00e6re teorien. M\u00e5let med spillet er at g\u00e6tte, hvem der har satset rigtigt: spilleren eller bank\u00f8ren. Derudover kan du satse p\u00e5 begge dele, hvilket ogs\u00e5 kan give dig penge i spillet.<\/p>\n<p>Hvis du aldrig har spillet baccarat live casino RocketPlay, og du ikke ved, hvorfor du b\u00f8r pr\u00f8ve dette spil, har vi nogle argumenter og anbefalinger til dig;<\/p>\n<p>Hvis du vil se, om heldet er p\u00e5 din side i dag, s\u00e5 er baccarat det bedste spil for dig. I baccarat er succes 100% bestemt af dit held;<\/p>\n<p>I dette spil har casinoet den mindste fordel over for spilleren, kun 1,06%;<\/p>\n<p>Baccarat indsatser sp\u00e6nder fra kr 0,15 til kr 1000.<\/p>\n<p>N\u00e5r du spiller, skal du huske p\u00e5, at selvom casinoet har en lille fordel, s\u00e5 er der mindre sandsynlighed for at du vinder, jo l\u00e6ngere du spiller, jo mindre sandsynlighed er der for at du vinder.<\/p>\n<p>Hvis du ikke er p\u00e5 jagt efter gevinster, men bare \u00f8nsker at have det sjovt ved at spille dit yndlingsspil, s\u00e5 kan du spille RocketPlay live baccarat Danmark. Sp\u00e6ndende gameplay og et bredt udvalg af spil er garanteret for dig. F\u00f8r du starter din session, skal du tage f\u00f8lgende anbefalinger fra baccarat-eksperter til efterretning:<\/p>\n<p>Det er mere fordelagtigt at satse p\u00e5 banken end at satse p\u00e5 spilleren. Til sammenligning er spillerens fordel 1,29% og bankens fordel 1,01%. Samtidig er det mindst succesfuldt at satse p\u00e5 begge dele.<\/p>\n<p>Jo flere decks der er involveret i spillet, jo mindre fordelagtigt er det for spilleren.<\/p>\n<p>Dine vinderchancer afh\u00e6nger ogs\u00e5 af st\u00f8rrelsen af din udbetaling, hvis du satser p\u00e5 bank\u00f8ren. V\u00e6lg et spil, hvor denne procentdel er lavere end 4 %.<\/p>\n<p>Lav fornuftige indsatser, men s\u00e5 snart du begynder at vinde, skal du stoppe spillet med det samme.<\/p>\n<p>Typisk tilbyder online casinoer en klassisk version af spillet. Vi er dog en undtagelse i denne henseende. P\u00e5 vores side kan du v\u00e6lge mellem en r\u00e6kke Baccarat-varianter, som alle er tilg\u00e6ngelige uden registrering og d\u00e6kker de bedste versioner af dette spil.<\/p>\n\t<div class=\"alao-sidebar-box alao-sidebar-box-\">\n\t\t<a href=\"\" class=\"alao-sidebar-box__link\">\n\t\t\t<span class=\"alao-sidebar-box__thumb\">\n\t\t\t\t<img decoding=\"async\" src=\"https:\/\/rocketplay-slot.com\/wp-content\/uploads\/2022\/06\/second_bonus_nonlog.png\" alt=\"F\u00f8rste indbetalingsbonus\">\n\t\t\t<\/span>\n\t\t\t<span class=\"alao-sidebar-box__info\">\n\t\t\t\t<span class=\"alao-sidebar-box__info-wrap\">\n\t\t\t\t\t<span class=\"alao-sidebar-box__head\">F\u00f8rste indbetalingsbonus<\/span>\n\t\t\t\t\t<span class=\"alao-sidebar-box__desc\">100% + 100 FS FOR EN PERFEKT START<\/span>\n\t\t\t\t\t<span class=\"alao-sidebar-box__button\">F\u00e5r Nu<\/span>\n\t\t\t\t<\/span>\n\t\t\t<\/span>\n\t\t<\/a>\n\t<\/div>\n\t\n<h2>Bedste Baccarat-spil<\/h2>\n<p>Baccarat er et meget udbredt kortspil, som tilbydes i alle traditionelle casinoer og online casinoer i verden. P\u00e5 grund af dets popularitet og dets lange historie er der naturligvis forskellige typer af dette spil &#8211; de mest almindelige og popul\u00e6re er American Baccarat, Mini Baccara, Punto Banco, Macau og nine. De adskiller sig fra hinanden:<\/p>\n<ul>\n<li style=\"font-weight: 400;\" aria-level=\"1\">Reglerne for kortuddeling og distribution;<\/li>\n<li style=\"font-weight: 400;\" aria-level=\"1\">antallet af spil, der indg\u00e5r i spillet;<\/li>\n<li style=\"font-weight: 400;\" aria-level=\"1\">procentdelen af indsatser;<\/li>\n<li style=\"font-weight: 400;\" aria-level=\"1\">antallet af spillere;<\/li>\n<li style=\"font-weight: 400;\" aria-level=\"1\">gevinster;<\/li>\n<li style=\"font-weight: 400;\" aria-level=\"1\">antallet af kort;<\/li>\n<li style=\"font-weight: 400;\" aria-level=\"1\">de regler, der vedr\u00f8rer det tredje kort.<\/li>\n<\/ul>\n<p>Overvej de mest almindelige varianter af dette spil, som du kan spille live baccarat RocketPlay i vores casino.<\/p>\n<h2>EUROP\u00c6ISK BACCARAT<\/h2>\n<p>Europ\u00e6isk baccarat er en klassisk type spil. I europ\u00e6isk baccarat bestemmes gevinsterne af casinoet, og antallet af deltagere afh\u00e6nger af den samlede st\u00f8rrelse af alle indsatser i runden. N\u00e5r man satser p\u00e5 en bank, skal spillerne (hvis de vinder) betale et gebyr, som normalt er p\u00e5 omkring 5 %. Ellers er alle spillets regler identiske med klassisk baccarat.<\/p>\n<h2>FRANSK BACCARAT (CHEMIN DE FER)<\/h2>\n<p>Fransk baccarat er en anden popul\u00e6r type spil. Dets grundl\u00e6ggende regler er de samme som den klassiske version af spillet, men dets vigtigste kendetegn er, at casinoet ikke er involveret i spillet. Spillerne spiller s\u00e5ledes mod hinanden. I dette tilf\u00e6lde fungerer kasinoet som observat\u00f8r og s\u00f8rger for, at spillerne f\u00f8lger alle regler, og opkr\u00e6ver naturligvis en provision fra hver side.<\/p>\n<h2>MINI BACCARAT<\/h2>\n<p>Mini baccarat er mest popul\u00e6rt i USA. Spillet er stort set det samme som de klassiske versioner, bortset fra at spillet foreg\u00e5r ved et lille bord. I mini baccarat kan der s\u00e5ledes h\u00f8jst spille syv personer ved et bord. Herunder en live dealer baccarat RocketPlay, som er ansvarlig for al den action og de indsatser, der finder sted under spillet minibaccarat. Han fungerer ogs\u00e5 som bankmand.<\/p>\n<p><img loading=\"lazy\" decoding=\"async\" class=\"aligncenter wp-image-247\" src=\"https:\/\/rocketplay-slot.com\/wp-content\/uploads\/2022\/06\/vip_header_icon1-300x300.png\" alt=\"\" width=\"600\" height=\"600\" srcset=\"https:\/\/rocketplay-slot.com\/wp-content\/uploads\/2022\/06\/vip_header_icon1-300x300.png 300w, https:\/\/rocketplay-slot.com\/wp-content\/uploads\/2022\/06\/vip_header_icon1-150x150.png 150w, https:\/\/rocketplay-slot.com\/wp-content\/uploads\/2022\/06\/vip_header_icon1.png 552w\" sizes=\"auto, (max-width: 600px) 100vw, 600px\" \/><\/p>\n<h2>PUNTO BANCO<\/h2>\n<p>Punto Banco minder meget om den klassiske version af baccarat. Den eneste forskel er, at deltagerne i stedet for at satse p\u00e5 spilleren og banken satser p\u00e5 enten Punto (spilleren) eller Banco (banken). Navnene er med andre ord forskellige &#8211; men essensen af spillet er den samme.<\/p>\n<p>Uanset hvilket spil du v\u00e6lger, kan du spille det uden registrering p\u00e5 vores hjemmeside. Ingen begr\u00e6nsninger, et bredt udvalg af spil &#8211; det er blot nogle af fordelene ved at spille baccarat p\u00e5 RocketPlay.<\/p>\n<p>Baccarat er et udbredt kortspil, som tilbydes i alle traditionelle casinoer og online casinoer i verden. Naturligvis p\u00e5 grund af dets popularitet, samt dets lange historie, er der forskellige typer af dette spil &#8211; de mest almindelige og popul\u00e6re er American Baccarat, Mini Baccara, Punto Banco, Macau og ni. De adskiller sig fra hinanden:<\/p>\n<ul>\n<li style=\"font-weight: 400;\" aria-level=\"1\">Reglerne for kortuddeling og distribution;<\/li>\n<li style=\"font-weight: 400;\" aria-level=\"1\">antallet af spil, der indg\u00e5r i spillet;<\/li>\n<li style=\"font-weight: 400;\" aria-level=\"1\">procentdelen af indsatser;<\/li>\n<li style=\"font-weight: 400;\" aria-level=\"1\">antallet af spillere;<\/li>\n<li style=\"font-weight: 400;\" aria-level=\"1\">gevinster;<\/li>\n<li style=\"font-weight: 400;\" aria-level=\"1\">antallet af kort;<\/li>\n<li style=\"font-weight: 400;\" aria-level=\"1\">de regler, der vedr\u00f8rer det tredje kort.<\/li>\n<\/ul>\n<p>Overvej de mest almindelige varianter af dette spil, som du kan spille live baccarat RocketPlay i vores casino.<\/p>\n<h2>EUROP\u00c6ISK BACCARAT<\/h2>\n<p>Europ\u00e6isk baccarat er en klassisk type spil. I europ\u00e6isk baccarat bestemmes gevinsterne af casinoet, og antallet af deltagere afh\u00e6nger af den samlede st\u00f8rrelse af alle indsatser i runden. N\u00e5r man satser p\u00e5 en bank, skal spillerne (hvis de vinder) betale et gebyr, som normalt er p\u00e5 omkring 5 %. Ellers er alle spillets regler identiske med klassisk baccarat.<\/p>\n<h2>FRANSK BACCARAT (CHEMIN DE FER)<\/h2>\n<p>Fransk baccarat er en anden popul\u00e6r type spil. Dets grundl\u00e6ggende regler er de samme som den klassiske version af spillet, men dets vigtigste kendetegn er, at casinoet ikke er involveret i spillet. Spillerne spiller s\u00e5ledes mod hinanden. I dette tilf\u00e6lde fungerer kasinoet som observat\u00f8r og s\u00f8rger for, at spillerne f\u00f8lger alle regler, og opkr\u00e6ver naturligvis en provision fra hver side.<\/p>\n<h2>MINI BACCARAT<\/h2>\n<p>Mini baccarat er mest popul\u00e6rt i USA. Spillet er stort set det samme som de klassiske versioner, bortset fra at spillet foreg\u00e5r ved et lille bord. I mini baccarat kan der s\u00e5ledes h\u00f8jst spille syv personer ved et bord. Herunder en live dealer baccarat RocketPlay, som er ansvarlig for al den action og de indsatser, der finder sted under spillet minibaccarat. Han fungerer ogs\u00e5 som bankmand.<\/p>\n<h2>PUNTO BANCO<\/h2>\n<p>Spillet Punto Banco minder meget om den klassiske version af baccarat. Den eneste forskel er, at deltagerne i stedet for at satse p\u00e5 spilleren og bank\u00f8ren satser p\u00e5 enten Punto (spilleren) eller Banco (bank\u00f8ren). Navnene er med andre ord forskellige &#8211; men essensen af spillet er den samme.<\/p>\n<p>Uanset hvilket spil du v\u00e6lger, kan du spille det uden registrering p\u00e5 vores hjemmeside. Ingen begr\u00e6nsninger, et bredt udvalg af spil &#8211; det er blot nogle af fordelene ved at spille baccarat p\u00e5 RocketPlay.<\/p>\n","protected":false},"excerpt":{"rendered":"<p>Baccarat kan roligt kaldes et af de klassiske casinospil, som altid vil v\u00e6re popul\u00e6rt blandt et bredt publikum af spillere fra hele verden. Baccarat var oprindeligt et hasardspil udelukkende for aristokratiet, men er ikke l\u00e6ngere kun et spil for eliten &#8211; der er ingen begr\u00e6nsninger for, hvem der kan spille det. Derfor tilbyder online casinoer&#8230;<\/p>\n","protected":false},"author":1,"featured_media":0,"parent":0,"menu_order":0,"comment_status":"closed","ping_status":"closed","template":"","meta":{"_acf_changed":false,"_kad_post_transparent":"default","_kad_post_title":"default","_kad_post_layout":"default","_kad_post_sidebar_id":"","_kad_post_content_style":"default","_kad_post_vertical_padding":"default","_kad_post_feature":"","_kad_post_feature_position":"","_kad_post_header":false,"_kad_post_footer":false,"footnotes":""},"class_list":["post-1998","page","type-page","status-publish","hentry"],"acf":[],"rttpg_featured_image_url":null,"rttpg_author":{"display_name":"Elvis","author_link":"https:\/\/rocketplay-slot.com\/da\/author\/pemvas95n89x\/"},"rttpg_comment":0,"rttpg_category":null,"rttpg_excerpt":"Baccarat kan roligt kaldes et af de klassiske casinospil, som altid vil v\u00e6re popul\u00e6rt blandt et bredt publikum af spillere fra hele verden. Baccarat var oprindeligt et hasardspil udelukkende for aristokratiet, men er ikke l\u00e6ngere kun et spil for eliten &#8211; der er ingen begr\u00e6nsninger for, hvem der kan spille det. Derfor tilbyder online casinoer...","_links":{"self":[{"href":"https:\/\/rocketplay-slot.com\/da\/wp-json\/wp\/v2\/pages\/1998","targetHints":{"allow":["GET"]}}],"collection":[{"href":"https:\/\/rocketplay-slot.com\/da\/wp-json\/wp\/v2\/pages"}],"about":[{"href":"https:\/\/rocketplay-slot.com\/da\/wp-json\/wp\/v2\/types\/page"}],"author":[{"embeddable":true,"href":"https:\/\/rocketplay-slot.com\/da\/wp-json\/wp\/v2\/users\/1"}],"replies":[{"embeddable":true,"href":"https:\/\/rocketplay-slot.com\/da\/wp-json\/wp\/v2\/comments?post=1998"}],"version-history":[{"count":3,"href":"https:\/\/rocketplay-slot.com\/da\/wp-json\/wp\/v2\/pages\/1998\/revisions"}],"predecessor-version":[{"id":7891,"href":"https:\/\/rocketplay-slot.com\/da\/wp-json\/wp\/v2\/pages\/1998\/revisions\/7891"}],"wp:attachment":[{"href":"https:\/\/rocketplay-slot.com\/da\/wp-json\/wp\/v2\/media?parent=1998"}],"curies":[{"name":"wp","href":"https:\/\/api.w.org\/{rel}","templated":true}]}}