{"id":2002,"date":"2022-09-30T15:12:17","date_gmt":"2022-09-30T12:12:17","guid":{"rendered":"https:\/\/rocketplay-slot.com\/black-wolf\/"},"modified":"2022-12-24T01:15:08","modified_gmt":"2022-12-23T22:15:08","slug":"black-wolf","status":"publish","type":"page","link":"https:\/\/rocketplay-slot.com\/da\/black-wolf\/","title":{"rendered":"Black Wolf: Hold and Win Anmeldelse"},"content":{"rendered":"<p><img loading=\"lazy\" decoding=\"async\" class=\"size-medium wp-image-421 alignleft\" src=\"https:\/\/rocketplay-slot.com\/wp-content\/uploads\/2022\/09\/black-wolf-hold-and-win-300x300.png\" alt=\"Black Wolf hold and win\" width=\"300\" height=\"300\" srcset=\"https:\/\/rocketplay-slot.com\/wp-content\/uploads\/2022\/09\/black-wolf-hold-and-win-300x300.png 300w, https:\/\/rocketplay-slot.com\/wp-content\/uploads\/2022\/09\/black-wolf-hold-and-win-150x150.png 150w, https:\/\/rocketplay-slot.com\/wp-content\/uploads\/2022\/09\/black-wolf-hold-and-win.png 425w\" sizes=\"auto, (max-width: 300px) 100vw, 300px\" \/><\/p>\n<p>Efter udgivelsen i slutningen af 2021 fik Rocket Play Black Wolf online slot et stort rykind blandt spilf\u00e6llesskaber og blev mere eller mindre popul\u00e6rt. Tusindvis af brugere bem\u00e6rker dens h\u00f8je teknologiske egenskaber og utrolige funktioner. Udviklerne af slotspillet, firmaet Booongo, har virkelig gjort deres bedste og skabt et mega fedt projekt.<\/p>\n<p>For at l\u00e6re mere om denne spilnyhed, tilbyder vi dig Rocket Play Black Wolf slot anmeldelse. Kun nyttige og verificerede oplysninger, interessante fakta og nyttige tips. Bliv hos os og l\u00e6r mere!<\/p>\n<h2>En introduktion til Black Wolf<\/h2>\n<p>For at du kan l\u00e6re Rocket Play Black Wolf slotspillet at kende s\u00e5 succesfuldt og rentabelt som muligt, foresl\u00e5r vi, at du g\u00f8r dig bekendt med spillets vigtigste karakteristika.<\/p>\n<p>&nbsp;<\/p>\n<table border=\"0\" cellspacing=\"0\" cellpadding=\"0\">\n<tbody>\n<tr>\n<td><b>Udvikler <\/b><\/td>\n<td><b>Booongo<\/b><\/td>\n<\/tr>\n<tr>\n<td>Dato for fremtr\u00e6den<\/td>\n<td>2021<\/td>\n<\/tr>\n<tr>\n<td>Linjer<\/td>\n<td>25<\/td>\n<\/tr>\n<tr>\n<td>Hjul<\/td>\n<td>5<\/td>\n<\/tr>\n<tr>\n<td>R\u00e6kker<\/td>\n<td>4<\/td>\n<\/tr>\n<tr>\n<td>Bonusser<\/td>\n<td>Rocket Play Black Wolf slot gratis spins;<\/p>\n<p>Bonusrunde<\/p>\n<p>Multiplayer<\/td>\n<\/tr>\n<tr>\n<td>RTP<\/td>\n<td>95.65%<\/td>\n<\/tr>\n<tr>\n<td>Autoplaying<\/td>\n<td>+<\/td>\n<\/tr>\n<tr>\n<td>S\u00e6rlige skilte<\/td>\n<td>Spredning<\/p>\n<p>Wild<\/td>\n<\/tr>\n<tr>\n<td>V\u00e6ddem\u00e5l diapason<\/td>\n<td>0.25-60 DKK<\/td>\n<\/tr>\n<\/tbody>\n<\/table>\n<p>&nbsp;<\/p>\n<p>Enhver gambler vil ikke v\u00e6re ligeglad med de utrolige udbetalinger og sp\u00e6ndende eventyr, der venter ham her.<\/p>\n<p>Der er en ganske solid bonusserie her. Hvis spillere ikke l\u00e6ngere overraskes af ekstra gratis fors\u00f8g eller s\u00e6rlige scatter symboler, s\u00e5 har spiludviklerne gemt et par flere tricks i \u00e6rmerne. Multiplayer og en ekstra minirunde vil helt sikkert ikke efterlade dig uden indtryk. Super muligheder for utrolige gevinster! Selv med en minimumsindsats p\u00e5 kun 25 cent kan du f\u00e5 en ret god gevinst.<\/p>\n<h2>GAMEPLAY OG FUNKTIONER<\/h2>\n<p>Efter at have studeret spillet kan du bem\u00e6rke mange positive punkter, der g\u00f8r det s\u00e5 succesfuldt blandt brugerne. Her er ekstremt bekvemt og hurtigt gameplay. Alt er intuitivt. Selv en nybegynder, der besk\u00e6ftiger sig med slots for f\u00f8rste gang, har kun brug for et par minutter til at g\u00f8re sig bekendt med og l\u00e6re funktionerne i hovedmenuen.<\/p>\n<p>Designet af spilleautomaten er visuelt tiltalende. I baggrunden ser spillerne utrolig natur og skumring i bjergene. I henhold til temaet best\u00e5r de vindende kombinationer af tematiske billeder af dyr. Her er pr\u00e6senteret:<\/p>\n<ul>\n<li>Elk;<\/li>\n<li>Wolf (wild);<\/li>\n<li>Woman hunter (skater);<\/li>\n<li>Lynx;<\/li>\n<li>Eagle;<\/li>\n<li>Owl.<\/li>\n<\/ul>\n<p>Ud over tematiske billeder er der ogs\u00e5 de s\u00e6dvanlige symboler fra et kortspil.<\/p>\n<p>Der er to spilmuligheder her:<\/p>\n<ul>\n<li>Rocket Play Black Wolf slot rigtige penge;<\/li>\n<li>Rocket Play Black Wolf slot gratis.<\/li>\n<\/ul>\n<p>Begge metoder har identiske regler og betingelser, bortset fra den finansielle komponent i demo-versionen. Der satses p\u00e5 virtuelle midler, og tilsvarende modtages gevinster i samme valuta. I enhver tilstand kan spillere bruge autoplay.<\/p>\n<p style=\"text-align: center;\"><img loading=\"lazy\" decoding=\"async\" class=\"aligncenter wp-image-422 size-full\" src=\"https:\/\/rocketplay-slot.com\/wp-content\/uploads\/2022\/09\/black-wolf-slot.png\" alt=\"Black Wolf slot\" width=\"1280\" height=\"720\" srcset=\"https:\/\/rocketplay-slot.com\/wp-content\/uploads\/2022\/09\/black-wolf-slot.png 1280w, https:\/\/rocketplay-slot.com\/wp-content\/uploads\/2022\/09\/black-wolf-slot-300x169.png 300w, https:\/\/rocketplay-slot.com\/wp-content\/uploads\/2022\/09\/black-wolf-slot-1024x576.png 1024w, https:\/\/rocketplay-slot.com\/wp-content\/uploads\/2022\/09\/black-wolf-slot-768x432.png 768w\" sizes=\"auto, (max-width: 1280px) 100vw, 1280px\" \/><\/p>\n<h2>HVORDAN DU VINDER P\u00c5 BLACK WOLF OG F\u00c5R GRATIS SPINS<\/h2>\n<p>For at maksimere dine chancer for at vinde og f\u00e5 h\u00f8je gevinster, skal du bruge alle bonusser og ekstra funktioner. F\u00f8rst vil wild &#8211; billedet af en ulv &#8211; v\u00e6re nyttigt. Det erstatter alle andre symboler undtagen scatteren. Dette giver dig mulighed for at lave den vindende kombination med den h\u00f8jeste udbetaling s\u00e5 hurtigt som muligt.<\/p>\n<p>For det andet f\u00e5r spilleren 8 gratis ekstra spins efter at have indsamlet 3 scatters. Dette \u00f8ger ideelt set chancerne for at vinde, fordi jo flere fors\u00f8g, jo mere sandsynligt er det, at et af dem vil lykkes.<\/p>\n<h2>FAQ<\/h2>\n<h3>HVORDAN MAN VINDER SPILLET OG F\u00c5R DE MAKSIMALE UDBETALINGER?<\/h3>\n<p>Brug alle de muligheder og bonustilbud, der vil hj\u00e6lpe dig med at blive en vinder. Wilds erstatter andre ikoner, hvilket giver dig mulighed for at f\u00e5 den \u00f8nskede kombination hurtigere. Scatters l\u00e5ser op for yderligere gratis spins. Der er ogs\u00e5 en ekstra runde, takket v\u00e6re hvilken dine chancer for at vinde ogs\u00e5 \u00f8ges betydeligt.<\/p>\n<h3>KAN JEG SPILLE GRATIS?<\/h3>\n<p>Ja, takket v\u00e6re den gratis demoversion kan du spille for virtuelle m\u00f8nter. For dette beh\u00f8ver du ikke at foretage indskud eller endda blive en officiel kunde p\u00e5 portalen.<\/p>\n<h3>HVAD ER DEN LAVESTE INDSATS, JEG KAN LAVE?<\/h3>\n<p>R\u00e6kkevidden af satser er meget stor. Det mindste bel\u00f8b, der kan satses p\u00e5 et spin, er kun 25 cent.<\/p>\n<p><strong>L\u00e6s ogs\u00e5 om:<\/strong><\/p>\n<ul>\n<li><a href=\"https:\/\/rocketplay-slot.com\/da\/buffalo-power-hold-and-win\/\">Buffalo Power Hold And Win<\/a><\/li>\n<li><a href=\"https:\/\/rocketplay-slot.com\/da\/magic-spins\/\">Magic Spins<\/a><\/li>\n<\/ul>\n","protected":false},"excerpt":{"rendered":"<p>Efter udgivelsen i slutningen af 2021 fik Rocket Play Black Wolf online slot et stort rykind blandt spilf\u00e6llesskaber og blev mere eller mindre popul\u00e6rt. Tusindvis af brugere bem\u00e6rker dens h\u00f8je teknologiske egenskaber og utrolige funktioner. Udviklerne af slotspillet, firmaet Booongo, har virkelig gjort deres bedste og skabt et mega fedt projekt. For at l\u00e6re mere&#8230;<\/p>\n","protected":false},"author":1,"featured_media":0,"parent":0,"menu_order":0,"comment_status":"closed","ping_status":"closed","template":"","meta":{"_acf_changed":false,"_kad_post_transparent":"default","_kad_post_title":"default","_kad_post_layout":"default","_kad_post_sidebar_id":"","_kad_post_content_style":"default","_kad_post_vertical_padding":"default","_kad_post_feature":"","_kad_post_feature_position":"","_kad_post_header":false,"_kad_post_footer":false,"footnotes":""},"class_list":["post-2002","page","type-page","status-publish","hentry"],"acf":[],"rttpg_featured_image_url":null,"rttpg_author":{"display_name":"Elvis","author_link":"https:\/\/rocketplay-slot.com\/da\/author\/pemvas95n89x\/"},"rttpg_comment":0,"rttpg_category":null,"rttpg_excerpt":"Efter udgivelsen i slutningen af 2021 fik Rocket Play Black Wolf online slot et stort rykind blandt spilf\u00e6llesskaber og blev mere eller mindre popul\u00e6rt. Tusindvis af brugere bem\u00e6rker dens h\u00f8je teknologiske egenskaber og utrolige funktioner. Udviklerne af slotspillet, firmaet Booongo, har virkelig gjort deres bedste og skabt et mega fedt projekt. For at l\u00e6re mere...","_links":{"self":[{"href":"https:\/\/rocketplay-slot.com\/da\/wp-json\/wp\/v2\/pages\/2002","targetHints":{"allow":["GET"]}}],"collection":[{"href":"https:\/\/rocketplay-slot.com\/da\/wp-json\/wp\/v2\/pages"}],"about":[{"href":"https:\/\/rocketplay-slot.com\/da\/wp-json\/wp\/v2\/types\/page"}],"author":[{"embeddable":true,"href":"https:\/\/rocketplay-slot.com\/da\/wp-json\/wp\/v2\/users\/1"}],"replies":[{"embeddable":true,"href":"https:\/\/rocketplay-slot.com\/da\/wp-json\/wp\/v2\/comments?post=2002"}],"version-history":[{"count":3,"href":"https:\/\/rocketplay-slot.com\/da\/wp-json\/wp\/v2\/pages\/2002\/revisions"}],"predecessor-version":[{"id":2402,"href":"https:\/\/rocketplay-slot.com\/da\/wp-json\/wp\/v2\/pages\/2002\/revisions\/2402"}],"wp:attachment":[{"href":"https:\/\/rocketplay-slot.com\/da\/wp-json\/wp\/v2\/media?parent=2002"}],"curies":[{"name":"wp","href":"https:\/\/api.w.org\/{rel}","templated":true}]}}