{"id":2009,"date":"2022-09-30T13:41:51","date_gmt":"2022-09-30T10:41:51","guid":{"rendered":"https:\/\/rocketplay-slot.com\/bonus\/loyalty-program\/"},"modified":"2024-02-08T18:23:49","modified_gmt":"2024-02-08T15:23:49","slug":"loyalty-program","status":"publish","type":"page","link":"https:\/\/rocketplay-slot.com\/da\/bonus\/loyalty-program\/","title":{"rendered":"Loyalitetsprogram RocketPlay"},"content":{"rendered":"<p>Det bedste, du kan finde p\u00e5 til kunderne i spiludbydere, er at skabe et unikt program med gaver og incitamenter. Det er meget motiverende og stimulerende at bruge s\u00e5 meget tid som muligt p\u00e5 din yndlingsaktivitet. Det hj\u00e6lper ogs\u00e5 til ikke at miste troen p\u00e5 ens sejr, ikke at blive s\u00e5 ked af fejl og \u00f8ge chancerne for sejr.<\/p>\n<h2>HVAD ER CASINO LOYALITETSPROGRAMMER?<\/h2>\n<p>Det f\u00f8rste man skal forst\u00e5 er at finde ud af, hvad et loyalitetsprogram er. Det er ogs\u00e5 v\u00e6rd at unders\u00f8ge alle privilegierne ved Rocket Play loyalitetsprogrammet og forst\u00e5, hvad der g\u00f8r det unikt og attraktivt.<\/p>\n<p>Loyalitetsprogrammet er en ekstra mulighed for at modtage bonusser, pr\u00e6mier, bel\u00f8nninger eller cashback. I dette instituts tilf\u00e6lde er det en chance for at returnere et bestemt bel\u00f8b af midler, der er brugt til v\u00e6ddem\u00e5l. If\u00f8lge betingelserne for tilbagebetaling kan spillere modtage 10 til 15% af det bel\u00f8b, der er brugt p\u00e5 slots og live-spil.<\/p>\n<p><img loading=\"lazy\" decoding=\"async\" class=\"aligncenter wp-image-4156\" src=\"https:\/\/rocketplay-slot.com\/wp-content\/uploads\/2024\/02\/2222.png\" alt=\"Loyalitetsprogram RocketPlay\" width=\"800\" height=\"193\" srcset=\"https:\/\/rocketplay-slot.com\/wp-content\/uploads\/2024\/02\/2222.png 1213w, https:\/\/rocketplay-slot.com\/wp-content\/uploads\/2024\/02\/2222-300x72.png 300w, https:\/\/rocketplay-slot.com\/wp-content\/uploads\/2024\/02\/2222-1024x247.png 1024w, https:\/\/rocketplay-slot.com\/wp-content\/uploads\/2024\/02\/2222-768x185.png 768w\" sizes=\"auto, (max-width: 800px) 100vw, 800px\" \/><\/p>\n<h2>DE VIGTIGSTE FORDELE VED ROCKET PLAY CASINO LOYALITETSPROGRAMMER<\/h2>\n<p>De vigtigste fordele ved Rocket Play online casino loyalitetsprogram er muligheden for at returnere en vis procentdel af de midler, der er brugt p\u00e5 indsatser, til din konto. Dette er et unikt tilbud, der tager h\u00e5nd om dit budget og giver yderligere muligheder for henholdsvis endnu flere indsatser og gevinster.<\/p>\n<p>Institutionen tilbyder sine kunder to typer loyalitetsprogrammer. De henviser dog alle til tilbagebetaling af brugte midler. Kun bel\u00f8bet af cashback og betingelserne for at modtage det adskiller sig fra hinanden.<\/p>\n<ul>\n<li>Op til 15 % af de penge, der bruges p\u00e5 slots, som optjenes hver mandag og er gyldige i 3 dage;<\/li>\n<li>Op til 10 % cashback p\u00e5 live-spil krediteres hver torsdag.<\/li>\n<\/ul>\n<p>Det bel\u00f8b, der returneres til kunden, afh\u00e6nger af hans spilstatus. Jo h\u00f8jere den er, jo st\u00f8rre er bel\u00f8bet. Derfor er det v\u00e6rd at v\u00e6re en aktiv bruger og konstant genopfylde kontoen. Bem\u00e6rk venligst, at kun reelle midler beregnes, og bonusser eller gevinster tages ikke i betragtning. P\u00e5 den p\u00e5g\u00e6ldende dag (mandag eller torsdag) finder hele cashback-returproceduren automatisk sted. Det maksimale tilbagebetalingsbel\u00f8b er dk 5.000.<\/p>\n<h2>HVORDAN BLIVER MAN BERETTIGET TIL ET CASINO LOYALITETSPROGRAM?<\/h2>\n<p>For at kunne tilmelde dig Rocket Play Danmark casino loyalitetsprogram skal du overholde alle vilk\u00e5r og betingelser for tildeling af bonusser. I dette tilf\u00e6lde er det en cashback-optjening. For det f\u00f8rste skal du v\u00e6re en officielt registreret kunde p\u00e5 portalen og have din egen konto og spilkonto. For det andet skal du foretage indskud p\u00e5 din konto. For det tredje er det n\u00f8dvendigt at lave indsatser med et rigtigt budget. Det er trods alt fra disse midler, at tilbagebetalingsbel\u00f8bet vil blive fratrukket.<\/p>\n<h2>KONKLUSION<\/h2>\n<p>Ved at opsummere ovenst\u00e5ende kan vi konkludere, at for officielle kunder p\u00e5 portalen er det bedste casino loyalitetsprogram Rocket Play et utroligt tilbud, der vil hj\u00e6lpe med at returnere en del af de brugte midler. Du kan f\u00e5 op til 15% cashback p\u00e5 slotspil og op til 10% p\u00e5 udgifter til liveunderholdning. H\u00e6ve din spilstatus og f\u00e5 maksimalt udbytte. Bel\u00f8bet beregnes og krediteres automatisk til spilkontoen hver mandag og torsdag.<\/p>\n<p><strong>L\u00e6s ogs\u00e5 om:<\/strong><\/p>\n<ul>\n<li><a href=\"https:\/\/rocketplay-slot.com\/da\/bonus\/regular-bonuses\/\">Regular Bonuses<\/a><\/li>\n<li><a href=\"https:\/\/rocketplay-slot.com\/da\/bonus\/vip-program\/\">VIP program<\/a><\/li>\n<\/ul>\n","protected":false},"excerpt":{"rendered":"<p>Det bedste, du kan finde p\u00e5 til kunderne i spiludbydere, er at skabe et unikt program med gaver og incitamenter. Det er meget motiverende og stimulerende at bruge s\u00e5 meget tid som muligt p\u00e5 din yndlingsaktivitet. Det hj\u00e6lper ogs\u00e5 til ikke at miste troen p\u00e5 ens sejr, ikke at blive s\u00e5 ked af fejl og&#8230;<\/p>\n","protected":false},"author":1,"featured_media":0,"parent":2006,"menu_order":0,"comment_status":"closed","ping_status":"closed","template":"","meta":{"_acf_changed":false,"_kad_post_transparent":"default","_kad_post_title":"default","_kad_post_layout":"default","_kad_post_sidebar_id":"","_kad_post_content_style":"default","_kad_post_vertical_padding":"default","_kad_post_feature":"","_kad_post_feature_position":"","_kad_post_header":false,"_kad_post_footer":false,"footnotes":""},"class_list":["post-2009","page","type-page","status-publish","hentry"],"acf":[],"rttpg_featured_image_url":null,"rttpg_author":{"display_name":"Elvis","author_link":"https:\/\/rocketplay-slot.com\/da\/author\/pemvas95n89x\/"},"rttpg_comment":0,"rttpg_category":null,"rttpg_excerpt":"Det bedste, du kan finde p\u00e5 til kunderne i spiludbydere, er at skabe et unikt program med gaver og incitamenter. Det er meget motiverende og stimulerende at bruge s\u00e5 meget tid som muligt p\u00e5 din yndlingsaktivitet. Det hj\u00e6lper ogs\u00e5 til ikke at miste troen p\u00e5 ens sejr, ikke at blive s\u00e5 ked af fejl og...","_links":{"self":[{"href":"https:\/\/rocketplay-slot.com\/da\/wp-json\/wp\/v2\/pages\/2009","targetHints":{"allow":["GET"]}}],"collection":[{"href":"https:\/\/rocketplay-slot.com\/da\/wp-json\/wp\/v2\/pages"}],"about":[{"href":"https:\/\/rocketplay-slot.com\/da\/wp-json\/wp\/v2\/types\/page"}],"author":[{"embeddable":true,"href":"https:\/\/rocketplay-slot.com\/da\/wp-json\/wp\/v2\/users\/1"}],"replies":[{"embeddable":true,"href":"https:\/\/rocketplay-slot.com\/da\/wp-json\/wp\/v2\/comments?post=2009"}],"version-history":[{"count":3,"href":"https:\/\/rocketplay-slot.com\/da\/wp-json\/wp\/v2\/pages\/2009\/revisions"}],"predecessor-version":[{"id":4660,"href":"https:\/\/rocketplay-slot.com\/da\/wp-json\/wp\/v2\/pages\/2009\/revisions\/4660"}],"up":[{"embeddable":true,"href":"https:\/\/rocketplay-slot.com\/da\/wp-json\/wp\/v2\/pages\/2006"}],"wp:attachment":[{"href":"https:\/\/rocketplay-slot.com\/da\/wp-json\/wp\/v2\/media?parent=2009"}],"curies":[{"name":"wp","href":"https:\/\/api.w.org\/{rel}","templated":true}]}}