{"id":2013,"date":"2022-09-30T12:39:29","date_gmt":"2022-09-30T09:39:29","guid":{"rendered":"https:\/\/rocketplay-slot.com\/bonus\/regular-bonuses\/"},"modified":"2024-02-08T18:18:31","modified_gmt":"2024-02-08T15:18:31","slug":"regular-bonuses","status":"publish","type":"page","link":"https:\/\/rocketplay-slot.com\/da\/bonus\/regular-bonuses\/","title":{"rendered":"Regelm\u00e6ssige bonusser RocketPlay"},"content":{"rendered":"<p>Det er fedt at samarbejde med en institution, der arbejder for kunderne og g\u00f8r alt, hvad der er muligt for deres komfort, tilfredshed og gavn. Derfor r\u00e5der vi dig til at v\u00e6re opm\u00e6rksom p\u00e5 Rocket Play casino bonusprogrammet. Dette er en unik institution, der er ber\u00f8mt for sine gener\u00f8se gaver. Mange kunder er loyale brugere af denne portal p\u00e5 grund af s\u00e5danne gunstige bonusbetingelser og et bredt udvalg af tilbud.<\/p>\n<h2>ALT OM REGELM\u00c6SSIGE BONUSSER P\u00c5 ROCKET PLAY CASINO<\/h2>\n<p>Rocket Play casino bonus Danmark har regelm\u00e6ssige bonusser, som du b\u00f8r kende til og drage fuld fordel af. Som man siger: &#8220;Stol p\u00e5 Gud, men g\u00f8r ogs\u00e5 selv en indsats&#8221;. S\u00e5 v\u00e6r ikke doven og l\u00e6s videre. Alle de n\u00f8dvendige oplysninger, som du har brug for at vide om regelm\u00e6ssige bonusser, er samlet her.<\/p>\n<p>Et vigtigt punkt er et faktum, at for at kunne bruge alle portalens bonusser, tilbud og privilegier, skal du v\u00e6re en officielt registreret kunde. Gennemg\u00e5 en simpel og hurtig registreringsprocedure, opret din profil og nyd alle fordelene og udbytterne.<\/p>\n<p>Glem heller ikke at fylde spilkontoen op med det mindste bel\u00f8b. Dette vil \u00e5bne vejen for dig ikke kun til rigtige indsatser og maksimale gevinster, men ogs\u00e5 til alle mulige bonusser. Jo mere aktivt du fylder din konto op, jo flere privilegier f\u00e5r du for det.<\/p>\n<p style=\"text-align: center;\"><img loading=\"lazy\" decoding=\"async\" class=\"aligncenter wp-image-4205\" src=\"https:\/\/rocketplay-slot.com\/wp-content\/uploads\/2024\/02\/32352252.png\" alt=\"bonus RocketPlay\" width=\"800\" height=\"304\" \/><\/p>\n<h2>TYPER AF CASINO BONUSSER<\/h2>\n<p>Institutionen tilbyder sine kunder flere typer bonusser:<\/p>\n<ul>\n<li>Om fredagen er der tale om gave spins for overbelastning;<\/li>\n<li>Hver s\u00f8ndag er det yderligere 50 % til kontoen;<\/li>\n<li>Rocket Play kampagnekoder.<\/li>\n<\/ul>\n<p>De er alle meget indbringende og \u00e5bner nye muligheder for spilleren. Hver af disse bonusser kr\u00e6ver dog, at visse betingelser overholdes. Bliv hos os og l\u00e6s, hvad der er n\u00f8dvendigt for dette.<\/p>\n<p><img loading=\"lazy\" decoding=\"async\" class=\"alignright wp-image-4195\" src=\"https:\/\/rocketplay-slot.com\/wp-content\/uploads\/2024\/02\/333.png\" alt=\"bonus RocketPlay 2\" width=\"600\" height=\"299\" srcset=\"https:\/\/rocketplay-slot.com\/wp-content\/uploads\/2024\/02\/333.png 626w, https:\/\/rocketplay-slot.com\/wp-content\/uploads\/2024\/02\/333-300x150.png 300w\" sizes=\"auto, (max-width: 600px) 100vw, 600px\" \/><\/p>\n<h2>S\u00e5dan f\u00e5r du en casinobonus<\/h2>\n<p>For at f\u00e5 bonusser beh\u00f8ver du ikke at g\u00f8re noget us\u00e6dvanligt. For det f\u00f8rste skal du v\u00e6re en officielt registreret kunde og have din egen konto og personlige konto.<\/p>\n<p>For at modtage gaver skal du ogs\u00e5 indbetale dine egne rigtige penge p\u00e5 spilkontoen for at modtage gaver. Dette er dog business as usual for en gambler. For at lave et v\u00e6ddem\u00e5l og have en chance for at vinde penge er det trods alt n\u00f8dvendigt at foretage indskud. G\u00f8r dem korrekt, til tiden og i den n\u00f8dvendige m\u00e6ngde, og f\u00e5 ekstra gaver for dette.<\/p>\n<h2>Vilk\u00e5r og betingelser for regelm\u00e6ssig bonus<\/h2>\n<p>For at du bedre kan forst\u00e5 alle fordelene ved at modtage s\u00e5danne gaver, og hvad der er n\u00f8dvendigt for at f\u00e5 dem, kan du l\u00e6se nedenst\u00e5ende tabel. Den beskriver i detaljer alle de n\u00f8dvendige oplysninger.<\/p>\n<table border=\"0\" cellspacing=\"0\" cellpadding=\"0\">\n<tbody>\n<tr>\n<td><b>Bonus<\/b><\/td>\n<td><strong>Betingelser<\/strong><\/td>\n<\/tr>\n<tr>\n<td>Fredag Reload<\/td>\n<td>Hvis du p\u00e5 fredag fylder spillekontoen op med mindst det mindste bel\u00f8b (20 DKK ), vil du modtage Rocket Play free spins for et bel\u00f8b svarende til dit bidrag (20, 50 eller 100).<\/td>\n<\/tr>\n<tr>\n<td>S\u00f8ndag tilbud<\/td>\n<td>Hvis du p\u00e5 s\u00f8ndag fylder spilkontoen op med mindst det mindste bel\u00f8b (20 DKK), f\u00e5r du yderligere 50 % af det indbetalte bel\u00f8b.<\/td>\n<\/tr>\n<tr>\n<td>Rocket Play bonuskoder (promo)<\/td>\n<td>Opfyld din konto med et bel\u00f8b p\u00e5 350 DKK og indtast den s\u00e6rlige kampagnekode HIGHROLLER i kassen. For dette vil du modtage yderligere 50 % af det indbetalte bel\u00f8b.<\/td>\n<\/tr>\n<\/tbody>\n<\/table>\n<p>Som du kan se, er betingelserne ret enkle, men gaverne er yderst indbringende. Du foretager alligevel indbetalinger, s\u00e5 g\u00f8r dem korrekt og til tiden. Forsink ikke, for vanvittige gevinster venter allerede p\u00e5 dig!<\/p>\n<h2>FAQ<\/h2>\n<h3>HVAD ER DE REGELM\u00c6SSIGE BONUSSER FOR SPILLERE?<\/h3>\n<p>Der er ugentlige bonusser til kunderne p\u00e5 portalen &#8211; om onsdagen er der gaver til genindl\u00e6sning, og hver s\u00f8ndag kan du f\u00e5 yderligere 50% af indskuddet. Du kan ogs\u00e5 bruge en s\u00e6rlig kampagnekode og under visse betingelser f\u00e5 yderligere 50% p\u00e5 din konto.<\/p>\n<h3>HVAD SKAL DU BRUGE FOR AT F\u00c5 BONUSSER?<\/h3>\n<p>De 2 vigtigste betingelser, der skal v\u00e6re opfyldt for at modtage bonusser, er: at v\u00e6re en officielt registreret kunde og at du med j\u00e6vne mellemrum indbetaler dine egne rigtige penge p\u00e5 spilkontoen.<\/p>\n<h3>KAN EN SPILLER F\u00c5 ALLE BONUSSER P\u00c5 \u00c9N GANG?<\/h3>\n<p>Ja. Hver kunde kan modtage absolut alle typer bonusser, der pr\u00e6senteres.<\/p>\n<p><strong>L\u00e6s ogs\u00e5 om:<\/strong><\/p>\n<ul>\n<li><a href=\"https:\/\/rocketplay-slot.com\/da\/bonus\/welcome-offer\/\">Welcome Offer<\/a><\/li>\n<li><a href=\"https:\/\/rocketplay-slot.com\/da\/bonus\/vip-program\/\">VIP Program<\/a><\/li>\n<\/ul>\n","protected":false},"excerpt":{"rendered":"<p>Det er fedt at samarbejde med en institution, der arbejder for kunderne og g\u00f8r alt, hvad der er muligt for deres komfort, tilfredshed og gavn. Derfor r\u00e5der vi dig til at v\u00e6re opm\u00e6rksom p\u00e5 Rocket Play casino bonusprogrammet. Dette er en unik institution, der er ber\u00f8mt for sine gener\u00f8se gaver. Mange kunder er loyale brugere&#8230;<\/p>\n","protected":false},"author":1,"featured_media":0,"parent":2006,"menu_order":0,"comment_status":"closed","ping_status":"closed","template":"","meta":{"_acf_changed":false,"_kad_post_transparent":"default","_kad_post_title":"default","_kad_post_layout":"default","_kad_post_sidebar_id":"","_kad_post_content_style":"default","_kad_post_vertical_padding":"default","_kad_post_feature":"","_kad_post_feature_position":"","_kad_post_header":false,"_kad_post_footer":false,"footnotes":""},"class_list":["post-2013","page","type-page","status-publish","hentry"],"acf":[],"rttpg_featured_image_url":null,"rttpg_author":{"display_name":"Elvis","author_link":"https:\/\/rocketplay-slot.com\/da\/author\/pemvas95n89x\/"},"rttpg_comment":0,"rttpg_category":null,"rttpg_excerpt":"Det er fedt at samarbejde med en institution, der arbejder for kunderne og g\u00f8r alt, hvad der er muligt for deres komfort, tilfredshed og gavn. Derfor r\u00e5der vi dig til at v\u00e6re opm\u00e6rksom p\u00e5 Rocket Play casino bonusprogrammet. Dette er en unik institution, der er ber\u00f8mt for sine gener\u00f8se gaver. Mange kunder er loyale brugere...","_links":{"self":[{"href":"https:\/\/rocketplay-slot.com\/da\/wp-json\/wp\/v2\/pages\/2013","targetHints":{"allow":["GET"]}}],"collection":[{"href":"https:\/\/rocketplay-slot.com\/da\/wp-json\/wp\/v2\/pages"}],"about":[{"href":"https:\/\/rocketplay-slot.com\/da\/wp-json\/wp\/v2\/types\/page"}],"author":[{"embeddable":true,"href":"https:\/\/rocketplay-slot.com\/da\/wp-json\/wp\/v2\/users\/1"}],"replies":[{"embeddable":true,"href":"https:\/\/rocketplay-slot.com\/da\/wp-json\/wp\/v2\/comments?post=2013"}],"version-history":[{"count":3,"href":"https:\/\/rocketplay-slot.com\/da\/wp-json\/wp\/v2\/pages\/2013\/revisions"}],"predecessor-version":[{"id":4650,"href":"https:\/\/rocketplay-slot.com\/da\/wp-json\/wp\/v2\/pages\/2013\/revisions\/4650"}],"up":[{"embeddable":true,"href":"https:\/\/rocketplay-slot.com\/da\/wp-json\/wp\/v2\/pages\/2006"}],"wp:attachment":[{"href":"https:\/\/rocketplay-slot.com\/da\/wp-json\/wp\/v2\/media?parent=2013"}],"curies":[{"name":"wp","href":"https:\/\/api.w.org\/{rel}","templated":true}]}}