{"id":2017,"date":"2022-09-30T14:05:28","date_gmt":"2022-09-30T11:05:28","guid":{"rendered":"https:\/\/rocketplay-slot.com\/bonus\/vip-program\/"},"modified":"2024-02-08T18:14:42","modified_gmt":"2024-02-08T15:14:42","slug":"vip-program","status":"publish","type":"page","link":"https:\/\/rocketplay-slot.com\/da\/bonus\/vip-program\/","title":{"rendered":"VIP-program RocketPlay anmeldelse"},"content":{"rendered":"<p>Kun elite-spilhuse kan prale af at have et s\u00e6rligt incitamentssystem for kunderne. Hvis du har valgt denne institution til samarbejde, s\u00e5 har du truffet det rigtige valg, fordi aktive kunder her venter p\u00e5 Rocket Play casino bedste VIP-program og konstante bonusser og gaver til at \u00f8ge spillestatusen. Vi vil finde ud af, hvad dette program pr\u00e6cist er, og hvilke fordele det tilbyder. Bliv hos os og l\u00e6r mere!<\/p>\n<h2>HVAD ER VIP-PROGRAMMET I ROCKET PLAY CASINO?<\/h2>\n<p>Rocket Play casino VIP program er et unikt tilbud, der giver mulighed for at \u00f8ge spilstatus. Jo h\u00f8jere denne status, jo bedre betingelser for samarbejde og flere v\u00e6rdifulde gaver og bonusser. Der er 10 niveauer i alt. Det f\u00f8rste af dem er jern, som spilleren modtager, s\u00e5 snart han har gennemf\u00f8rt registreringsprocessen med succes.<\/p>\n<p>Dern\u00e6st skal du tjene Comp Points &#8211; virtuelle point, hvis akkumulering vil forbedre din status. Det f\u00f8rste niveau er bronze, og n\u00e5r du n\u00e5r det, f\u00e5r du 10 gratis spins p\u00e5 top pokies. Den h\u00f8jeste status er Diamond Legend. Den \u00e5bner op for utrolige fordele for spilleren &#8211; tilbagebetaling af 15% ugentlig cashback samt op til 15 000 kr i en bonus uden indskud.<\/p>\n<p>Betingelserne for optjening af Comp Points er meget enkle. De krediteres automatisk til en s\u00e6rlig spilkonto for hver spilleautomatindsats, der foretages med rigtige penge. Optjeningen svarer til 1 virtuel m\u00f8nt for hver 20 kr. brugt p\u00e5 en indsats.<\/p>\n<p style=\"text-align: center;\"><img loading=\"lazy\" decoding=\"async\" class=\"aligncenter wp-image-4215\" src=\"https:\/\/rocketplay-slot.com\/wp-content\/uploads\/2024\/02\/r3463463.png\" alt=\"VIP RocketPlay\" width=\"1000\" height=\"333\" srcset=\"https:\/\/rocketplay-slot.com\/wp-content\/uploads\/2024\/02\/r3463463.png 1568w, https:\/\/rocketplay-slot.com\/wp-content\/uploads\/2024\/02\/r3463463-300x100.png 300w, https:\/\/rocketplay-slot.com\/wp-content\/uploads\/2024\/02\/r3463463-1024x341.png 1024w, https:\/\/rocketplay-slot.com\/wp-content\/uploads\/2024\/02\/r3463463-768x256.png 768w, https:\/\/rocketplay-slot.com\/wp-content\/uploads\/2024\/02\/r3463463-1536x511.png 1536w\" sizes=\"auto, (max-width: 1000px) 100vw, 1000px\" \/><\/p>\n<h2>FORDELE VED AT V\u00c6RE VIP P\u00c5 ET ROCKET PLAY CASINO<\/h2>\n<p>Fordelene ved Rocket Play casino VIP program Danmark er indlysende. Hver ny status vil medf\u00f8re bedre samarbejdsbetingelser og mere fordelagtige bonusser. Selvf\u00f8lgelig afh\u00e6nger alt af status, men selv efter at have opn\u00e5et de f\u00f8rste niveauer, vil spilleren v\u00e6re glad for at modtage yderligere incitamenter. Afh\u00e6ngigt af niveauet er det:<\/p>\n<ul>\n<li>Ekstra gratis spins i slots (fra 10 for et Bronze-niveau til 300 for Silver Legend);<\/li>\n<li>Cashback (fra 3 % for Silver til 15 % for Diamond Legend);<\/li>\n<li>Bonus uden indskud (fra 1,5.000 kr. for Gold Legend til 15.000 kr. for Diamond Legend).<\/li>\n<\/ul>\n<p>Som du kan se, er vilk\u00e5rene og fordelene endnu bedre, end du kan forestille dig. For at \u00f8ge status beh\u00f8ver du desuden ikke at g\u00f8re noget s\u00e6rligt &#8211; du skal blot genopfylde din egen konto og lave indsatser p\u00e5 det rigtige budget. Men essensen af spil er dette. G\u00f8r s\u00e6dvanlige handlinger og f\u00e5 udbytte for det.<\/p>\n<h2>FORDELE OG ULEMPER<\/h2>\n<p>Online casino Rocket Play vip-programmet har sine mange fordele og mindre ulemper, som for rimelighedens skyld b\u00f8r bem\u00e6rkes.<\/p>\n<table border=\"0\" cellspacing=\"0\" cellpadding=\"0\">\n<tbody>\n<tr>\n<td><strong>Fordele<\/strong><\/td>\n<td><strong>Ulemper<\/strong><\/td>\n<\/tr>\n<tr>\n<td>Gratis lanceringer i TOP-pokies<\/td>\n<td>Tidsfrist for bonusser (5 dage)<\/td>\n<\/tr>\n<tr>\n<td>Cashback fra 3 % til 15 %<\/td>\n<td>Processen for at n\u00e5 hvert nyt niveau er ret lang<\/td>\n<\/tr>\n<tr>\n<td>Ingen indbetalingsbonusser<\/td>\n<td><\/td>\n<\/tr>\n<\/tbody>\n<\/table>\n<p>Mindre ulemper opvejer dog ikke de utrolige fordele, som portalens kunder f\u00e5r med hvert nyt niveau.<\/p>\n<h2>FAQ<\/h2>\n<h3>HVORDAN F\u00c5R JEG ET NYT SPILNIVEAU?<\/h3>\n<p>For at g\u00f8re dette er det n\u00f8dvendigt at genopfylde kontoen med rigtige penge og foretage indsatser ved hj\u00e6lp af denne kapital.<\/p>\n<h3>HVAD F\u00c5R JEG, N\u00c5R JEG N\u00c5R DET MAKSIMALE VIP-NIVEAU?<\/h3>\n<p>I dette tilf\u00e6lde vil du modtage 15% cashback og et betydeligt bel\u00f8b i bonus uden indskud.<\/p>\n<h3>HVORDAN TJENER JEG 1 VIRTUEL M\u00d8NT?<\/h3>\n<p>Hvert nyt point krediteres, n\u00e5r ambler laver et v\u00e6ddem\u00e5l p\u00e5 20 kr.<\/p>\n<p><strong>L\u00e6s ogs\u00e5 om:<\/strong><\/p>\n<ul>\n<li><a href=\"https:\/\/rocketplay-slot.com\/da\/bonus\/welcome-offer\/\">Welcome Offer<\/a><\/li>\n<\/ul>\n","protected":false},"excerpt":{"rendered":"<p>Kun elite-spilhuse kan prale af at have et s\u00e6rligt incitamentssystem for kunderne. Hvis du har valgt denne institution til samarbejde, s\u00e5 har du truffet det rigtige valg, fordi aktive kunder her venter p\u00e5 Rocket Play casino bedste VIP-program og konstante bonusser og gaver til at \u00f8ge spillestatusen. Vi vil finde ud af, hvad dette program&#8230;<\/p>\n","protected":false},"author":1,"featured_media":0,"parent":2006,"menu_order":0,"comment_status":"closed","ping_status":"closed","template":"","meta":{"_acf_changed":false,"_kad_post_transparent":"default","_kad_post_title":"default","_kad_post_layout":"default","_kad_post_sidebar_id":"","_kad_post_content_style":"default","_kad_post_vertical_padding":"default","_kad_post_feature":"","_kad_post_feature_position":"","_kad_post_header":false,"_kad_post_footer":false,"footnotes":""},"class_list":["post-2017","page","type-page","status-publish","hentry"],"acf":[],"rttpg_featured_image_url":null,"rttpg_author":{"display_name":"Elvis","author_link":"https:\/\/rocketplay-slot.com\/da\/author\/pemvas95n89x\/"},"rttpg_comment":0,"rttpg_category":null,"rttpg_excerpt":"Kun elite-spilhuse kan prale af at have et s\u00e6rligt incitamentssystem for kunderne. Hvis du har valgt denne institution til samarbejde, s\u00e5 har du truffet det rigtige valg, fordi aktive kunder her venter p\u00e5 Rocket Play casino bedste VIP-program og konstante bonusser og gaver til at \u00f8ge spillestatusen. Vi vil finde ud af, hvad dette program...","_links":{"self":[{"href":"https:\/\/rocketplay-slot.com\/da\/wp-json\/wp\/v2\/pages\/2017","targetHints":{"allow":["GET"]}}],"collection":[{"href":"https:\/\/rocketplay-slot.com\/da\/wp-json\/wp\/v2\/pages"}],"about":[{"href":"https:\/\/rocketplay-slot.com\/da\/wp-json\/wp\/v2\/types\/page"}],"author":[{"embeddable":true,"href":"https:\/\/rocketplay-slot.com\/da\/wp-json\/wp\/v2\/users\/1"}],"replies":[{"embeddable":true,"href":"https:\/\/rocketplay-slot.com\/da\/wp-json\/wp\/v2\/comments?post=2017"}],"version-history":[{"count":4,"href":"https:\/\/rocketplay-slot.com\/da\/wp-json\/wp\/v2\/pages\/2017\/revisions"}],"predecessor-version":[{"id":4641,"href":"https:\/\/rocketplay-slot.com\/da\/wp-json\/wp\/v2\/pages\/2017\/revisions\/4641"}],"up":[{"embeddable":true,"href":"https:\/\/rocketplay-slot.com\/da\/wp-json\/wp\/v2\/pages\/2006"}],"wp:attachment":[{"href":"https:\/\/rocketplay-slot.com\/da\/wp-json\/wp\/v2\/media?parent=2017"}],"curies":[{"name":"wp","href":"https:\/\/api.w.org\/{rel}","templated":true}]}}