{"id":2021,"date":"2022-09-29T18:12:36","date_gmt":"2022-09-29T15:12:36","guid":{"rendered":"https:\/\/rocketplay-slot.com\/bonus\/welcome-offer\/"},"modified":"2024-02-08T18:07:07","modified_gmt":"2024-02-08T15:07:07","slug":"welcome-offer","status":"publish","type":"page","link":"https:\/\/rocketplay-slot.com\/da\/bonus\/welcome-offer\/","title":{"rendered":"Velkommen tilbud RocketPlay"},"content":{"rendered":"<p>Alle spillere \u00f8nsker at f\u00e5 de bedste betingelser for samarbejde. Dette er sandsynligvis et af de vigtigste punkter, n\u00e5r man beslutter sig for at blive medlem af en spillevirksomhed. Online casino Rocket Play velkomstbonusser f\u00e5r dig dog ikke til at vente l\u00e6nge og tvivle p\u00e5 rigtigheden af beslutningen.<\/p>\n<p>Nybegyndere, der beslutter sig for at slutte sig til superholdet af portalens kunder, kan regne med utrolige gaver, der vil v\u00e6re en god start for yderligere resultater. Casino Rocket Play velkomsttilbud er noget, der er din opm\u00e6rksomhed v\u00e6rd. Derfor er det tilr\u00e5deligt at l\u00e6re mere om dette unikke tilbud, som vi vil fort\u00e6lle dig om senere.<\/p>\n<p style=\"text-align: center;\"><img loading=\"lazy\" decoding=\"async\" class=\"aligncenter wp-image-4234\" src=\"https:\/\/rocketplay-slot.com\/wp-content\/uploads\/2024\/02\/wtyeuyr453.png\" alt=\"Velkommen tilbud RocketPlay\" width=\"1000\" height=\"303\" srcset=\"https:\/\/rocketplay-slot.com\/wp-content\/uploads\/2024\/02\/wtyeuyr453.png 1047w, https:\/\/rocketplay-slot.com\/wp-content\/uploads\/2024\/02\/wtyeuyr453-300x91.png 300w, https:\/\/rocketplay-slot.com\/wp-content\/uploads\/2024\/02\/wtyeuyr453-1024x310.png 1024w, https:\/\/rocketplay-slot.com\/wp-content\/uploads\/2024\/02\/wtyeuyr453-768x233.png 768w\" sizes=\"auto, (max-width: 1000px) 100vw, 1000px\" \/><\/p>\n<h2>Forskellige typer af velkomsttilbud<\/h2>\n<p>Det er ikke underligt, at Rocket Play bedste casino velkomstbonusser er s\u00e5 popul\u00e6re blandt spillere.<\/p>\n<p>M\u00e5let med hvert Rocket Play velkomsttilbud Danmark er at introducere brugeren til portalen, samt at lette vejen til at vinde. Selvf\u00f8lgelig er held i gamblingverdenen et centralt og meget vigtigt punkt, men du kan altid fors\u00f8ge at \u00f8ge dine chancer for held. Som man siger: &#8220;Stol p\u00e5 Gud, men sid ikke passivt ved siden af dig selv&#8221;.<\/p>\n<p>Efter en vellykket registrering p\u00e5 portalen bliver det bedste casino velkomsttilbud Rocket Play tilg\u00e6ngeligt for absolut alle kunder p\u00e5 portalen. Dette incitament best\u00e5r af to dele, s\u00e5 der kan skelnes mellem f\u00f8lgende typer af velkomstgaver.<\/p>\n<ol>\n<li>En gave til den f\u00f8rste indbetaling. Dette er et meget fedt tilbud, fordi det mindste opladningsbel\u00f8b kun er 20 DKK. Denne gener\u00f8se dividende modtages af spilleren umiddelbart efter at have fyldt kontoen op. Yderligere 100% af det indbetalte bel\u00f8b krediteres spilkontoen. Derudover modtager spilleren 100 gratis spins p\u00e5 de bedste maskiner. 20 fors\u00f8g t\u00e6ller straks med. Resten af spins krediteres i l\u00f8bet af de n\u00e6ste 4 dage.<\/li>\n<li>Efter den anden opgradering venter der endnu sejere gaver p\u00e5 dig. Hvis du indbetaler et bel\u00f8b mellem 50 og 200 kroner, s\u00e5 vil de tilf\u00f8je dig yderligere 200% af det indbetalte bel\u00f8b. Minimumsbel\u00f8bet for at f\u00e5 bonus er 50 DKK, s\u00e5 v\u00e6r opm\u00e6rksom p\u00e5 denne betingelse og g\u00e5 ikke glip af din chance.<\/li>\n<\/ol>\n<p>Som du kan se, arbejder institutionens politik til fordel for kunden fra de f\u00f8rste minutter efter registreringen. Der er f\u00e5 steder i dag, hvor du kan finde s\u00e5 gunstige betingelser. Derfor skal du ikke lede efter noget bedre, n\u00e5r det ideelle allerede er foran dig.<\/p>\n<p><img loading=\"lazy\" decoding=\"async\" class=\"alignright wp-image-4243\" src=\"https:\/\/rocketplay-slot.com\/wp-content\/uploads\/2024\/02\/45345435435.png\" alt=\"Velkommen tilbud RocketPlay 2\" width=\"600\" height=\"304\" srcset=\"https:\/\/rocketplay-slot.com\/wp-content\/uploads\/2024\/02\/45345435435.png 615w, https:\/\/rocketplay-slot.com\/wp-content\/uploads\/2024\/02\/45345435435-300x152.png 300w\" sizes=\"auto, (max-width: 600px) 100vw, 600px\" \/><\/p>\n<h2>Hvordan kan jeg g\u00f8re krav p\u00e5 et velkomsttilbud?<\/h2>\n<p>Betingelserne for at give en velkomstpakke er meget enkle. F\u00f8lg dem, og du vil blive glad.<\/p>\n<ul>\n<li>F\u00f8rst skal du gennemf\u00f8re registreringsprocessen med succes. Kun officielle kunder kan g\u00f8re krav p\u00e5 alle fordelene ved samarbejdet med institutionen.<\/li>\n<li>For det andet er det efter registreringen absolut n\u00f8dvendigt at indbetale dine egne midler p\u00e5 spilkontoen. Yderligere midler og gratis spins vil f\u00f8rst blive krediteret efter indbetalingen. Det er meget simpelt. For at g\u00f8re dette skal du bruge et s\u00e6rligt afsnit i menuen i din personlige konto. Minimumsindskuddet er kun 30 kr. for den f\u00f8rste opgradering og 50 kr. for den anden. De forbliver alligevel p\u00e5 din personlige konto. Men jo flere midler der indbetales, jo flere penge vil blive doneret. V\u00e6r opm\u00e6rksom p\u00e5 dette.<\/li>\n<\/ul>\n<p>Kun f\u00e5 foruds\u00e6tninger og en komplet pakke med velkomstgaver er i dine h\u00e6nder. Fors\u00f8g ikke at fors\u00f8mme denne mulighed. Udnyt enhver mulighed maksimalt til din egen fordel. Lykken er til fordel for de vedholdende.<\/p>\n<h2>FAQ<\/h2>\n<h3>HVORDAN F\u00c5R MAN EN VELKOMSTBONUS?<\/h3>\n<p>For at modtage en velkomstgavepakke skal du v\u00e6re en officielt registreret kunde p\u00e5 portalen. Den anden obligatoriske betingelse er at genopfylde spilkontoen med mindst det mindste bel\u00f8b. Efter den f\u00f8rste vellykkede betaling vil gaverne straks blive krediteret din konto.<\/p>\n<h3>HVAD ER INKLUDERET I VELKOMSTPAKKEN?<\/h3>\n<p>Velkomstgavepakken indeholder ekstra midler til kontoen og 100 gratis slots start. Du modtager bonuskapital efter den f\u00f8rste og anden opladning. Efter den f\u00f8rste i form af 100% af bel\u00f8bet, efter den anden &#8211; s\u00e5 meget som 200%.<\/p>\n<h3>HVAD ER DET MINDSTE INDBETALINGSBEL\u00d8B?<\/h3>\n<p>Det afh\u00e6nger af den valuta, du v\u00e6lger. Ja, hvis du har valgt euro i dine profilindstillinger, skal den f\u00f8rste indbetaling v\u00e6re p\u00e5 mindst 20 kr. Hvis finansielle transaktioner udf\u00f8res i danske kroner, s\u00e5 vil det v\u00e6re 30 DKK.<\/p>\n<p><strong>L\u00e6s ogs\u00e5 om:<\/strong><\/p>\n<ul>\n<li><a href=\"https:\/\/rocketplay-slot.com\/da\/bonus\/loyalty-program\/\">Loyalty Program<\/a><\/li>\n<li><a href=\"https:\/\/rocketplay-slot.com\/da\/bonus\/regular-bonuses\/\">Regular Bonuses<\/a><\/li>\n<\/ul>\n","protected":false},"excerpt":{"rendered":"<p>Alle spillere \u00f8nsker at f\u00e5 de bedste betingelser for samarbejde. Dette er sandsynligvis et af de vigtigste punkter, n\u00e5r man beslutter sig for at blive medlem af en spillevirksomhed. Online casino Rocket Play velkomstbonusser f\u00e5r dig dog ikke til at vente l\u00e6nge og tvivle p\u00e5 rigtigheden af beslutningen. Nybegyndere, der beslutter sig for at slutte&#8230;<\/p>\n","protected":false},"author":1,"featured_media":0,"parent":2006,"menu_order":0,"comment_status":"closed","ping_status":"closed","template":"","meta":{"_acf_changed":false,"_kad_post_transparent":"default","_kad_post_title":"default","_kad_post_layout":"default","_kad_post_sidebar_id":"","_kad_post_content_style":"default","_kad_post_vertical_padding":"default","_kad_post_feature":"","_kad_post_feature_position":"","_kad_post_header":false,"_kad_post_footer":false,"footnotes":""},"class_list":["post-2021","page","type-page","status-publish","hentry"],"acf":[],"rttpg_featured_image_url":null,"rttpg_author":{"display_name":"Elvis","author_link":"https:\/\/rocketplay-slot.com\/da\/author\/pemvas95n89x\/"},"rttpg_comment":0,"rttpg_category":null,"rttpg_excerpt":"Alle spillere \u00f8nsker at f\u00e5 de bedste betingelser for samarbejde. Dette er sandsynligvis et af de vigtigste punkter, n\u00e5r man beslutter sig for at blive medlem af en spillevirksomhed. Online casino Rocket Play velkomstbonusser f\u00e5r dig dog ikke til at vente l\u00e6nge og tvivle p\u00e5 rigtigheden af beslutningen. Nybegyndere, der beslutter sig for at slutte...","_links":{"self":[{"href":"https:\/\/rocketplay-slot.com\/da\/wp-json\/wp\/v2\/pages\/2021","targetHints":{"allow":["GET"]}}],"collection":[{"href":"https:\/\/rocketplay-slot.com\/da\/wp-json\/wp\/v2\/pages"}],"about":[{"href":"https:\/\/rocketplay-slot.com\/da\/wp-json\/wp\/v2\/types\/page"}],"author":[{"embeddable":true,"href":"https:\/\/rocketplay-slot.com\/da\/wp-json\/wp\/v2\/users\/1"}],"replies":[{"embeddable":true,"href":"https:\/\/rocketplay-slot.com\/da\/wp-json\/wp\/v2\/comments?post=2021"}],"version-history":[{"count":3,"href":"https:\/\/rocketplay-slot.com\/da\/wp-json\/wp\/v2\/pages\/2021\/revisions"}],"predecessor-version":[{"id":4632,"href":"https:\/\/rocketplay-slot.com\/da\/wp-json\/wp\/v2\/pages\/2021\/revisions\/4632"}],"up":[{"embeddable":true,"href":"https:\/\/rocketplay-slot.com\/da\/wp-json\/wp\/v2\/pages\/2006"}],"wp:attachment":[{"href":"https:\/\/rocketplay-slot.com\/da\/wp-json\/wp\/v2\/media?parent=2021"}],"curies":[{"name":"wp","href":"https:\/\/api.w.org\/{rel}","templated":true}]}}