{"id":2042,"date":"2022-09-30T14:22:20","date_gmt":"2022-09-30T11:22:20","guid":{"rendered":"https:\/\/rocketplay-slot.com\/buffalo-power-hold-and-win\/"},"modified":"2022-12-24T01:17:14","modified_gmt":"2022-12-23T22:17:14","slug":"buffalo-power-hold-and-win","status":"publish","type":"page","link":"https:\/\/rocketplay-slot.com\/da\/buffalo-power-hold-and-win\/","title":{"rendered":"Buffalo Power Hold And Win Anmeldelse"},"content":{"rendered":"<p><img loading=\"lazy\" decoding=\"async\" class=\"alignleft wp-image-405\" src=\"https:\/\/rocketplay-slot.com\/wp-content\/uploads\/2022\/09\/buffalo-power-hold-and-win-150x150.png\" alt=\"Buffalo Power Hold And Win\" width=\"200\" height=\"200\" srcset=\"https:\/\/rocketplay-slot.com\/wp-content\/uploads\/2022\/09\/buffalo-power-hold-and-win-150x150.png 150w, https:\/\/rocketplay-slot.com\/wp-content\/uploads\/2022\/09\/buffalo-power-hold-and-win-300x300.png 300w, https:\/\/rocketplay-slot.com\/wp-content\/uploads\/2022\/09\/buffalo-power-hold-and-win.png 380w\" sizes=\"auto, (max-width: 200px) 100vw, 200px\" \/><\/p>\n<p>En utrolig udvikling fra en af verdens f\u00f8rende skabere af spilindhold, Playson, kan findes blandt spiludvalget p\u00e5 portalen. Rocket Play Buffalo Power Hold and Win slot er nok i eftersp\u00f8rgslen, og du kan bruge tid p\u00e5 det. 2 \u00e5r efter den f\u00f8rste udgivelse blev spillet ekstremt elsket af tusindvis af brugere. Og hver dag \u00f8ges h\u00e6ren af fans af slotspillet kun. Bliv en kender af denne underholdning og start dine eventyr med det samme.<\/p>\n<p>Vi pr\u00e6senterer for din opm\u00e6rksomhed Rocket Play Buffalo Power Hold and Win anmeldelse. Vores korte beskrivelse indeholder alle de interessante oplysninger om programmet og vigtige fakta, der vil komme til at v\u00e6re nyttige. For en bedre pr\u00e6sentation og forst\u00e5else af alt det v\u00e6sentlige skal du l\u00e6se tabellen.<\/p>\n<table border=\"0\" cellspacing=\"0\" cellpadding=\"0\">\n<tbody>\n<tr>\n<td><b>Udvikler\u00a0 <\/b><\/td>\n<td><b>Playson<\/b><\/td>\n<\/tr>\n<tr>\n<td>Dato for fremtr\u00e6den<\/td>\n<td>2020<\/td>\n<\/tr>\n<tr>\n<td>Linjer<\/td>\n<td>20<\/td>\n<\/tr>\n<tr>\n<td>Hjul<\/td>\n<td>5<\/td>\n<\/tr>\n<tr>\n<td>R\u00e6kker<\/td>\n<td>3<\/td>\n<\/tr>\n<tr>\n<td>Bonusser<\/td>\n<td>gratis lancering;<\/p>\n<p>4 jackpots<\/td>\n<\/tr>\n<tr>\n<td>RTP<\/td>\n<td>95%<\/td>\n<\/tr>\n<tr>\n<td>Autoplaying<\/td>\n<td>+<\/td>\n<\/tr>\n<tr>\n<td>S\u00e6rlige skilte<\/td>\n<td>Spredning<\/p>\n<p>Wild<\/td>\n<\/tr>\n<tr>\n<td>Betting diapason<\/td>\n<td>0.20-100 DKK<\/td>\n<\/tr>\n<\/tbody>\n<\/table>\n<p>N\u00e5r du har studeret spillet, kan du bem\u00e6rke mange positive punkter, der g\u00f8r det s\u00e5 succesfuldt blandt brugerne. Her er ekstremt praktisk og hurtigt gameplay. Alt er intuitivt. Selv en nybegynder, der besk\u00e6ftiger sig med slots for f\u00f8rste gang, har kun brug for et par minutter til at g\u00f8re sig bekendt med og l\u00e6re funktionerne i hovedmenuen. Hvis du har sp\u00f8rgsm\u00e5l, kan du desuden altid kigge p\u00e5 vejledningerne, som i detaljer beskriver alle de n\u00f8dvendige funktioner, ikoner og symboler i spillet.<\/p>\n<p>Man kan ikke andet end at v\u00e6re tilfreds med spillets ekstra funktioner. Der er en ganske solid bonusserie her. Hvis spillerne ikke l\u00e6ngere overraskes af ekstra gratis fors\u00f8g eller s\u00e6rlige scatter-symboler, s\u00e5 har spiludviklerne gemt et par flere tricks i \u00e6rmerne. Fire jackpots og en ekstra minirunde vil helt sikkert ikke efterlade dig uden indtryk. Super muligheder for utrolige gevinster! Selv med en minimumsindsats p\u00e5 kun 20 cent kan du f\u00e5 en ret god gevinst.<\/p>\n<h2>Tema, grafik og soundtrack<\/h2>\n<p>Grafikken, lydsporene og spillets tema har en s\u00e6rlig plads i hjertet. Rocket Play Buffalo power hold and win online slot kombinerer harmonisk dyresymboler og ledsagende lyd og grafiske special effects. Fra de f\u00f8rste sekunder efter lanceringen bliver det klart, hvor kompetent udviklerne har arbejdet p\u00e5 at kombinere disse tre aspekter.<\/p>\n<p>Allerede fra selve navnet bliver det klart, at du her skal se traditionelle ikoner med dyr og de s\u00e6dvanlige kortsymboler. For at lave vindende kombinationer og indsamle dine pr\u00e6mier, skal du samle mindst tre symboler:<\/p>\n<ul>\n<li>bulls;<\/li>\n<li>Bears;<\/li>\n<li>Cougars;<\/li>\n<li>Wolves;<\/li>\n<li>Eagles;<\/li>\n<li>Grundl\u00e6ggende kortsymboler!<\/li>\n<\/ul>\n<p>Hvert tegn har sin egen v\u00e6rdi. Det endelige gevinstbel\u00f8b p\u00e5virkes ogs\u00e5 af det samlede antal p\u00e5 linjen. Yderligere symboler kan give gratis spins, en minirunde og en af 4 eller endda alle jackpots.<\/p>\n<h2>RTP og afvigelse<\/h2>\n<p>RTP-v\u00e6rdien er lidt over 95 %. Vi vil naturligvis gerne forbedre disse indikatorer, men det er ikke kritisk. Selv med disse v\u00e6rdier er underholdningen v\u00e6rd at anbefale.<\/p>\n<p style=\"text-align: center;\"><img loading=\"lazy\" decoding=\"async\" class=\"aligncenter wp-image-406 size-full\" src=\"https:\/\/rocketplay-slot.com\/wp-content\/uploads\/2022\/09\/buffalo-power-hold-and-win-slot.jpeg\" alt=\"Buffalo Power Hold And Win slot\" width=\"1280\" height=\"720\" srcset=\"https:\/\/rocketplay-slot.com\/wp-content\/uploads\/2022\/09\/buffalo-power-hold-and-win-slot.jpeg 1280w, https:\/\/rocketplay-slot.com\/wp-content\/uploads\/2022\/09\/buffalo-power-hold-and-win-slot-300x169.jpeg 300w, https:\/\/rocketplay-slot.com\/wp-content\/uploads\/2022\/09\/buffalo-power-hold-and-win-slot-1024x576.jpeg 1024w, https:\/\/rocketplay-slot.com\/wp-content\/uploads\/2022\/09\/buffalo-power-hold-and-win-slot-768x432.jpeg 768w\" sizes=\"auto, (max-width: 1280px) 100vw, 1280px\" \/><\/p>\n<h2>S\u00e5dan spiller du<\/h2>\n<p>Der er to m\u00e5der at spille p\u00e5 p\u00e5 portalen Rocket Play Buffalo power hold og vinde gratis. Den f\u00f8rste mulighed er tilg\u00e6ngelig for alle portalens bes\u00f8gende uden registrering eller indbetaling. Den anden mulighed kr\u00e6ver begge dele. Den \u00e5bner dog vejen til utrolige gevinster. Registrer dig, lav en indbetaling til din konto, v\u00e6lg dette slot og start det. For en vellykket rotation er det v\u00e6rd:<\/p>\n<ol>\n<li>indstille st\u00f8rrelsen af indsatsen;<\/li>\n<li>v\u00e6lge antallet af linjer;<\/li>\n<li>tryk p\u00e5 start;<\/li>\n<li>vent p\u00e5, at rotationen er f\u00e6rdig.<\/li>\n<\/ol>\n<p>Alle vinderkombinationer beregnes automatisk, og pengene inds\u00e6ttes \u00f8jeblikkeligt p\u00e5 din konto.<\/p>\n<h2>FAQ<\/h2>\n<h3>KAN DU SPILLE GRATIS?<\/h3>\n<p>Ja, ved at v\u00e6lge demoversionen af Rocket Play Buffalo power hold og vinde rigtige penge kan du spille gratis uden indskud og endda uden registrering.<\/p>\n<h3>HVAD ER DET S\u00c6RLIGE VED SPILLEAUTOMATEN?<\/h3>\n<p>Der er 4 jackpots, en minirunde, ekstra spins og mange flere interessante ting, der er v\u00e6rd at v\u00e6re opm\u00e6rksom p\u00e5.<\/p>\n<p><strong>L\u00e6s ogs\u00e5 om:<\/strong><\/p>\n<ul>\n<li><a href=\"https:\/\/rocketplay-slot.com\/da\/magic-spins\/\">Magic Spins<\/a><\/li>\n<li><a href=\"https:\/\/rocketplay-slot.com\/da\/3-coins\/\">3 Coins<\/a><\/li>\n<\/ul>\n","protected":false},"excerpt":{"rendered":"<p>En utrolig udvikling fra en af verdens f\u00f8rende skabere af spilindhold, Playson, kan findes blandt spiludvalget p\u00e5 portalen. Rocket Play Buffalo Power Hold and Win slot er nok i eftersp\u00f8rgslen, og du kan bruge tid p\u00e5 det. 2 \u00e5r efter den f\u00f8rste udgivelse blev spillet ekstremt elsket af tusindvis af brugere. Og hver dag \u00f8ges&#8230;<\/p>\n","protected":false},"author":1,"featured_media":0,"parent":0,"menu_order":0,"comment_status":"closed","ping_status":"closed","template":"","meta":{"_acf_changed":false,"_kad_post_transparent":"default","_kad_post_title":"default","_kad_post_layout":"default","_kad_post_sidebar_id":"","_kad_post_content_style":"default","_kad_post_vertical_padding":"default","_kad_post_feature":"","_kad_post_feature_position":"","_kad_post_header":false,"_kad_post_footer":false,"footnotes":""},"class_list":["post-2042","page","type-page","status-publish","hentry"],"acf":[],"rttpg_featured_image_url":null,"rttpg_author":{"display_name":"Elvis","author_link":"https:\/\/rocketplay-slot.com\/da\/author\/pemvas95n89x\/"},"rttpg_comment":0,"rttpg_category":null,"rttpg_excerpt":"En utrolig udvikling fra en af verdens f\u00f8rende skabere af spilindhold, Playson, kan findes blandt spiludvalget p\u00e5 portalen. Rocket Play Buffalo Power Hold and Win slot er nok i eftersp\u00f8rgslen, og du kan bruge tid p\u00e5 det. 2 \u00e5r efter den f\u00f8rste udgivelse blev spillet ekstremt elsket af tusindvis af brugere. Og hver dag \u00f8ges...","_links":{"self":[{"href":"https:\/\/rocketplay-slot.com\/da\/wp-json\/wp\/v2\/pages\/2042","targetHints":{"allow":["GET"]}}],"collection":[{"href":"https:\/\/rocketplay-slot.com\/da\/wp-json\/wp\/v2\/pages"}],"about":[{"href":"https:\/\/rocketplay-slot.com\/da\/wp-json\/wp\/v2\/types\/page"}],"author":[{"embeddable":true,"href":"https:\/\/rocketplay-slot.com\/da\/wp-json\/wp\/v2\/users\/1"}],"replies":[{"embeddable":true,"href":"https:\/\/rocketplay-slot.com\/da\/wp-json\/wp\/v2\/comments?post=2042"}],"version-history":[{"count":3,"href":"https:\/\/rocketplay-slot.com\/da\/wp-json\/wp\/v2\/pages\/2042\/revisions"}],"predecessor-version":[{"id":2043,"href":"https:\/\/rocketplay-slot.com\/da\/wp-json\/wp\/v2\/pages\/2042\/revisions\/2043"}],"wp:attachment":[{"href":"https:\/\/rocketplay-slot.com\/da\/wp-json\/wp\/v2\/media?parent=2042"}],"curies":[{"name":"wp","href":"https:\/\/api.w.org\/{rel}","templated":true}]}}