{"id":2049,"date":"2022-09-30T15:05:52","date_gmt":"2022-09-30T12:05:52","guid":{"rendered":"https:\/\/rocketplay-slot.com\/magic-spins\/"},"modified":"2022-12-24T01:19:15","modified_gmt":"2022-12-23T22:19:15","slug":"magic-spins","status":"publish","type":"page","link":"https:\/\/rocketplay-slot.com\/da\/magic-spins\/","title":{"rendered":"Magic Spins Anmeldelse"},"content":{"rendered":"<p>Tak til udvikleren af slotspillet, virksomheden Wazdan, for en s\u00e5 interessant og us\u00e6dvanlig og kreativ skabelse. Ikke kun designet og de nye muligheder, der kan bruges, men ogs\u00e5 antallet af mulige gevinster er imponerende. Hvis heldet smiler dig til, vil din gevinst vokse til 2.500 gange den oprindelige indsats.<\/p>\n<p>Vi vil tale om ekstraordin\u00e6re bel\u00f8nninger, og andre fantastiske funktioner i spillet i vores Rocket Play Magic Spins slot anmeldelse. Bliv hos os, og du vil ikke fortryde det, for den, der ejer informationen, ejer verden.<\/p>\n<p style=\"text-align: center;\"><img loading=\"lazy\" decoding=\"async\" class=\"aligncenter wp-image-417 size-full\" src=\"https:\/\/rocketplay-slot.com\/wp-content\/uploads\/2022\/09\/magic-spins.png\" alt=\"Magic Spins\" width=\"595\" height=\"150\" srcset=\"https:\/\/rocketplay-slot.com\/wp-content\/uploads\/2022\/09\/magic-spins.png 595w, https:\/\/rocketplay-slot.com\/wp-content\/uploads\/2022\/09\/magic-spins-300x76.png 300w\" sizes=\"auto, (max-width: 595px) 100vw, 595px\" \/><\/p>\n<h2>Magic Spins anmeldelse<\/h2>\n<p>De vigtigste punkter i Rocket Play Magic Spins slot, som alle spillere b\u00f8r vide, f\u00f8r de starter spillet, er pr\u00e6senteret og beskrevet i tabellen.<\/p>\n<p>&nbsp;<\/p>\n<table border=\"0\" cellspacing=\"0\" cellpadding=\"0\">\n<tbody>\n<tr>\n<td><b>Udvikler <\/b><\/td>\n<td><b>Wazdan<\/b><\/td>\n<\/tr>\n<tr>\n<td>Dato for fremtr\u00e6den<\/td>\n<td>2022<\/td>\n<\/tr>\n<tr>\n<td>Bonusser<\/td>\n<td>Rocket Play Magic Spins slot gratis spins;<\/p>\n<p>jackpots<\/td>\n<\/tr>\n<tr>\n<td>RTP<\/td>\n<td>95%<\/td>\n<\/tr>\n<tr>\n<td>S\u00e6rlige skilte<\/td>\n<td>Saml til uendelighed;<\/p>\n<p>Samler<\/td>\n<\/tr>\n<tr>\n<td>Maksimal gevinst<\/td>\n<td>x2500<\/td>\n<\/tr>\n<\/tbody>\n<\/table>\n<p>&nbsp;<\/p>\n<p>Allerede ved det f\u00f8rste kig p\u00e5 spillet kan du forst\u00e5, at der venter dig noget s\u00e6rligt og us\u00e6dvanligt. Udgivelsesdatoen for slotspillet er 2023; det vil sige, at det stadig er den seneste nyhed i spilverdenen, som er v\u00e6rd at v\u00e6re opm\u00e6rksom p\u00e5.<\/p>\n<p>Selvom det umiddelbart kan virke som om, at gameplayet er kompliceret og uklart, er det slet ikke tilf\u00e6ldet. Allerede i grundspillet kan du f\u00e5 en gevinst med en multiplikator p\u00e5 150 p\u00e5 almindelige symboler. Og ved hj\u00e6lp af specielle ikoner kan du vinde den maksimale jackpot og vanvittige penge.<\/p>\n<p>En anden funktion i spillemaskinen er den nye patenterede funktion CollectToInfinity. Vi har vist overbevist dig om, at du skal pr\u00f8ve det. Men selv hvis du stadig er i tvivl, s\u00e5 udnyt Rocket Play Magic Spins play free og l\u00e6r Wazdans nye skabelse at kende uden at risikere din egen kapital.<\/p>\n<h2>MAGIC SPINS-SPILFUNKTIONER<\/h2>\n<p>For at skabe en vindende kombination skal du samle mindst 10 identiske billeder for at f\u00e5 en gevinst. Der er ingen s\u00e6dvanlige linjer og hjul, s\u00e5 de kan samles i enhver position p\u00e5 spillepladen. S\u00e6rlige scatter-symboler, der erstatter andre grundl\u00e6ggende billeder (undtagen s\u00e6rlige symboler), vil hj\u00e6lpe med at \u00f8ge dine chancer yderligere og lykkes. Hvis 6 eller flere bonussymboler falder ud, starter bonusspillet.<\/p>\n<p>Rocket Play Magic Spins slot rigtige penge er ogs\u00e5 sp\u00e6ndende, med mulighed for at modtage en ekstraordin\u00e6r bel\u00f8nning &#8211; 2500 gange mere end den oprindelige indsats.<\/p>\n<p>Et andet tr\u00e6k ved pokies er muligheden for at k\u00f8be en af de fire tilg\u00e6ngelige volatiliteter<span style=\"font-family: var(--global-body-font-family); font-size: 16px; letter-spacing: 0em;\">:<\/span><\/p>\n<ul>\n<li>Lavt;<\/li>\n<li>Standard;<\/li>\n<li>H\u00f8j;<\/li>\n<li>Ekstrem!<\/li>\n<\/ul>\n<p>En s\u00e5dan mulighed er endnu ikke blevet pr\u00e6senteret. Dette er en fantastisk funktion, men det er v\u00e6rd at bem\u00e6rke, at den ikke er billig. For det h\u00f8jeste niveau er det n\u00f8dvendigt at betale 500 gange mere end indsatsbel\u00f8bet. Nogle gange er det dog det v\u00e6rd.<\/p>\n<p style=\"text-align: center;\"><img loading=\"lazy\" decoding=\"async\" class=\"aligncenter wp-image-418 size-full\" src=\"https:\/\/rocketplay-slot.com\/wp-content\/uploads\/2022\/09\/magic-spins-e1664539322637.jpeg\" alt=\"Magic Spins slot\" width=\"900\" height=\"546\" srcset=\"https:\/\/rocketplay-slot.com\/wp-content\/uploads\/2022\/09\/magic-spins-e1664539322637.jpeg 900w, https:\/\/rocketplay-slot.com\/wp-content\/uploads\/2022\/09\/magic-spins-e1664539322637-300x182.jpeg 300w, https:\/\/rocketplay-slot.com\/wp-content\/uploads\/2022\/09\/magic-spins-e1664539322637-768x466.jpeg 768w\" sizes=\"auto, (max-width: 900px) 100vw, 900px\" \/><\/p>\n<h2>TEMA &amp; DESIGN<\/h2>\n<p>Rocket Play Magic Spins online slot har et us\u00e6dvanligt, men visuelt tiltalende design. I baggrunden ser spillerne den stjerneklare himmel, hvor magien sker. Arbejdssk\u00e6rmen er opdelt i fire symmetriske segmenter i form af et kors. Det er i dem, at de symboler, der giver gevinster, falder ud.<\/p>\n<p>Der er ingen s\u00e6dvanlige trommer her. Billederne vises p\u00e5 hele sk\u00e6rmen og summeres op til det samlede antal. Ud over tema-ikonerne med mystiske farvede \u00e6delstene har spillet de s\u00e6dvanlige kortsymboler.<\/p>\n<h2>KONKLUSION<\/h2>\n<p>Afslutningsvis kan \u00e9n ting bem\u00e6rkes &#8211; dette er en speciel og us\u00e6dvanlig underholdning. Alt er anderledes her, s\u00e5 gameplayet kan virke lidt kompliceret og forvirrende ved f\u00f8rste \u00f8jekast. Der er ingen linjer og hjul, og sk\u00e6rmen er segmenteret. Der er dog en super jackpot, der kan vokse 2500 gange.<\/p>\n<p>Men selv uden en jackpot kan antallet af gevinster allerede i grundspillet v\u00e6re x150. Spilleren kan ogs\u00e5 k\u00f8be niveauet af volatilitet og v\u00e6lge tempoet i spillet. Der er 5 jackpots i spillemaskinen, men desv\u00e6rre annulleres alle de tidligere jackpots, hvis spilleren vinder den st\u00f8rste af dem.<\/p>\n<p><strong>L\u00e6s ogs\u00e5 om:<\/strong><\/p>\n<ul>\n<li><a href=\"https:\/\/rocketplay-slot.com\/da\/3-coins\/\">3 Coins<\/a><\/li>\n<li><a href=\"https:\/\/rocketplay-slot.com\/da\/aloha-king-elvis\/\">Aloha King Elvis<\/a><\/li>\n<\/ul>\n","protected":false},"excerpt":{"rendered":"<p>Tak til udvikleren af slotspillet, virksomheden Wazdan, for en s\u00e5 interessant og us\u00e6dvanlig og kreativ skabelse. Ikke kun designet og de nye muligheder, der kan bruges, men ogs\u00e5 antallet af mulige gevinster er imponerende. Hvis heldet smiler dig til, vil din gevinst vokse til 2.500 gange den oprindelige indsats. Vi vil tale om ekstraordin\u00e6re bel\u00f8nninger,&#8230;<\/p>\n","protected":false},"author":1,"featured_media":0,"parent":0,"menu_order":0,"comment_status":"closed","ping_status":"closed","template":"","meta":{"_acf_changed":false,"_kad_post_transparent":"default","_kad_post_title":"default","_kad_post_layout":"default","_kad_post_sidebar_id":"","_kad_post_content_style":"default","_kad_post_vertical_padding":"default","_kad_post_feature":"","_kad_post_feature_position":"","_kad_post_header":false,"_kad_post_footer":false,"footnotes":""},"class_list":["post-2049","page","type-page","status-publish","hentry"],"acf":[],"rttpg_featured_image_url":null,"rttpg_author":{"display_name":"Elvis","author_link":"https:\/\/rocketplay-slot.com\/da\/author\/pemvas95n89x\/"},"rttpg_comment":0,"rttpg_category":null,"rttpg_excerpt":"Tak til udvikleren af slotspillet, virksomheden Wazdan, for en s\u00e5 interessant og us\u00e6dvanlig og kreativ skabelse. Ikke kun designet og de nye muligheder, der kan bruges, men ogs\u00e5 antallet af mulige gevinster er imponerende. Hvis heldet smiler dig til, vil din gevinst vokse til 2.500 gange den oprindelige indsats. Vi vil tale om ekstraordin\u00e6re bel\u00f8nninger,...","_links":{"self":[{"href":"https:\/\/rocketplay-slot.com\/da\/wp-json\/wp\/v2\/pages\/2049","targetHints":{"allow":["GET"]}}],"collection":[{"href":"https:\/\/rocketplay-slot.com\/da\/wp-json\/wp\/v2\/pages"}],"about":[{"href":"https:\/\/rocketplay-slot.com\/da\/wp-json\/wp\/v2\/types\/page"}],"author":[{"embeddable":true,"href":"https:\/\/rocketplay-slot.com\/da\/wp-json\/wp\/v2\/users\/1"}],"replies":[{"embeddable":true,"href":"https:\/\/rocketplay-slot.com\/da\/wp-json\/wp\/v2\/comments?post=2049"}],"version-history":[{"count":3,"href":"https:\/\/rocketplay-slot.com\/da\/wp-json\/wp\/v2\/pages\/2049\/revisions"}],"predecessor-version":[{"id":2050,"href":"https:\/\/rocketplay-slot.com\/da\/wp-json\/wp\/v2\/pages\/2049\/revisions\/2050"}],"wp:attachment":[{"href":"https:\/\/rocketplay-slot.com\/da\/wp-json\/wp\/v2\/media?parent=2049"}],"curies":[{"name":"wp","href":"https:\/\/api.w.org\/{rel}","templated":true}]}}