{"id":2056,"date":"2022-08-11T20:10:48","date_gmt":"2022-08-11T17:10:48","guid":{"rendered":"https:\/\/rocketplay-slot.com\/baccarat\/"},"modified":"2026-03-01T18:42:57","modified_gmt":"2026-03-01T15:42:57","slug":"baccarat","status":"publish","type":"page","link":"https:\/\/rocketplay-slot.com\/da\/baccarat\/","title":{"rendered":"Spil Baccarat spil for rigtige penge"},"content":{"rendered":"<p><img loading=\"lazy\" decoding=\"async\" class=\" wp-image-311 aligncenter\" src=\"https:\/\/rocketplay-slot.com\/wp-content\/uploads\/2022\/08\/online-baccarat-1-300x146.jpg\" alt=\"baccarat online\" width=\"596\" height=\"290\" srcset=\"https:\/\/rocketplay-slot.com\/wp-content\/uploads\/2022\/08\/online-baccarat-1-300x146.jpg 300w, https:\/\/rocketplay-slot.com\/wp-content\/uploads\/2022\/08\/online-baccarat-1-1024x497.jpg 1024w, https:\/\/rocketplay-slot.com\/wp-content\/uploads\/2022\/08\/online-baccarat-1-768x372.jpg 768w, https:\/\/rocketplay-slot.com\/wp-content\/uploads\/2022\/08\/online-baccarat-1.jpg 1200w\" sizes=\"auto, (max-width: 596px) 100vw, 596px\" \/><\/p>\n<p>Baccarat casino <a href=\"https:\/\/rocketplay-slot.com\/da\/\">RocketPlay<\/a> er et verdenskendt spil. Hun er forgudet af millioner af mennesker i mange lande. Du kan finde det b\u00e5de i et online casino og i en klassisk station\u00e6r virksomhed. Der tager hun f\u00f8ringen. Denne spilleunderholdning har en ejendommelig atmosf\u00e6re, takket v\u00e6re hvilken du kan glemme alt i verden.<\/p>\n<p>Aristokrater kunne lide at spille det og sidde ved bordet i timevis. Spillet kunne forts\u00e6tte i lang tid. Reglerne er virkelig meget enkle. Men selv i et s\u00e5 simpelt spil er der ejendommelige strategier, som spillerne bruger til at vinde. Deres effektivitet kan kun testes p\u00e5 deres egen erfaring.<\/p>\n<p>Du kan spille RocketPlay online casino med baccarat. Der er en traditionel tilstand at v\u00e6lge imellem, s\u00e5vel som live. Live vil du m\u00f8de en <a href=\"https:\/\/rocketplay-slot.com\/da\/live-baccarat\/\">live croupier<\/a>. S\u00e5ledes kan du f\u00f8le dig som i et rigtigt spillehus, gennemsyret af atmosf\u00e6ren.<\/p>\n<p>Live mode kan kun pr\u00f8ves af fuldgyldige brugere, som har oprettet en konto, hvor de har givet alle de n\u00f8dvendige oplysninger og foretaget en indbetaling. Hvis du er en komplet nybegynder og endnu ikke har pr\u00f8vet at spille dette, men seri\u00f8st har besluttet dig for at begynde at spille, s\u00e5 tjek alle nuancerne ud. Selv om reglerne ikke er alt for komplicerede, skal du stadig kende dem.<\/p>\n<p>HVORDAN MAN SPILLER BACCARAT<\/p>\n<p>Pr\u00f8v din h\u00e5nd p\u00e5 det bedste baccarat online casino RocketPlay. Alt, hvad der kr\u00e6ves af deltagerne i dette spil, er at f\u00e5 ni point. eller noget i den retning. I begyndelsen f\u00e5r spillerne, s\u00e5vel som dealeren selv, et par kort. Her skal du v\u00e6re s\u00e6rligt forsigtig:<\/p>\n<ul>\n<li>Ti og kort \u00e6ldre &#8211; de f\u00e5r nul for dem;<\/li>\n<li>For her &#8211; en;<\/li>\n<li>Fra to til ni &#8211; det kommer ud som det er til p\u00e5lydende v\u00e6rdi af disse kort.<\/li>\n<\/ul>\n<p>Hvis mere end ti point eller mere er scoret, s\u00e5 er bare ti fratr\u00e6kkes fra resultatet. Og det, der er tilbage, vil v\u00e6re de endelige point. Hvis du fik tolv, s\u00e5 fratr\u00e6kker vi ti, f\u00e5r vi 2. Dette er dit resultat. N\u00e5r alle deltagere kender deres resultater. Hvis indsatsen ikke er spillet, skal der ogs\u00e5 bruges et tredje kort. Hvis 2 kort ikke giver mere end seks point, er der brug for endnu et kort. Alt er enkelt. Efter et par spil vil du huske alle finesserne. De, der kender alle reglerne grundigt, har flere chancer for at vinde spille baccarat online casino RocketPlay.<\/p>\n<h2>VINDENDE TIPS TIL BACCARAT KORTSPIL<\/h2>\n<p>Alle mennesker er forskellige, men de har stadig noget til f\u00e6lles. Eller rettere sagt, i deres psykologi. For hver af os er kontrol over situationen meget vigtig. P\u00e5 grund af dette er vi ofte stressede. For baccarat spil casino RocketPlay, er der ingen pointe i s\u00e6rlig sp\u00e6nding, kun held kan p\u00e5virke sejren i dette tilf\u00e6lde. Men mange begyndere, s\u00e5vel som dem, der har spillet i lang tid, fors\u00f8ger konstant at bruge forskellige metoder for p\u00e5 en eller anden m\u00e5de at overliste sk\u00e6bnen. Konventionelt kan alle disse s\u00e5kaldte tricks inddeles i visse progressioner, som kan v\u00e6re negative eller positive.<\/p>\n<p>For de positive er det typisk at \u00f8ge indsatsen, hvis heldet er p\u00e5 spillerens side, ellers &#8211; at reducere. Negative progressioner er helt anderledes. Hvis heldet vender sig bort, stiger indsatsen, og i tilf\u00e6lde af held sker alting omvendt.<\/p>\n<p>Der er noget andet. Et andet system, som kaldes flat. Hvis du bruger denne metode, s\u00e5 skal pengene gemmes i hele spillets varighed. Pointen med en s\u00e5dan strategi er, at indsatsbel\u00f8bet forbliver stabilt. Hvis du er nybegynder og er helt ubekendt med spillet, vil alle disse metoder i f\u00f8rste omgang virke m\u00e6rkelige og uforst\u00e5elige for dig. Men de bruges af titusindvis af mennesker. M\u00e5ske hj\u00e6lper de nogen. Disse er de mest ber\u00f8mte af dem.<\/p>\n<p>Stol ikke for meget p\u00e5 nogen af strategierne. N\u00e5r alt kommer til alt, vil ingen af disse metoder give dig en hundrede procent gevinst. Hver gambler v\u00e6lger det kun for deres egen tillid. Og han b\u00f8r ikke glemme ansvarligt spil. Hvis du f\u00e5r tilbudt et betalt r\u00e5d, skal du ikke tro p\u00e5 det. De \u00f8nsker blot at bedrage dig og drage fordel af din uerfarenhed.<\/p>\n<p><img loading=\"lazy\" decoding=\"async\" class=\" wp-image-314 aligncenter\" src=\"https:\/\/rocketplay-slot.com\/wp-content\/uploads\/2022\/08\/bac5-300x169.jpg\" alt=\"rocketplay baccarat\" width=\"561\" height=\"316\" srcset=\"https:\/\/rocketplay-slot.com\/wp-content\/uploads\/2022\/08\/bac5-300x169.jpg 300w, https:\/\/rocketplay-slot.com\/wp-content\/uploads\/2022\/08\/bac5-1024x576.jpg 1024w, https:\/\/rocketplay-slot.com\/wp-content\/uploads\/2022\/08\/bac5-768x432.jpg 768w, https:\/\/rocketplay-slot.com\/wp-content\/uploads\/2022\/08\/bac5.jpg 1200w\" sizes=\"auto, (max-width: 561px) 100vw, 561px\" \/><\/p>\n<h2>Ofte stillede sp\u00f8rgsm\u00e5l om Baccarat<\/h2>\n<h3>HVORFOR V\u00c6LGE BACCARAT?<\/h3>\n<p>Hundredtusindvis af mennesker rundt om i verden er afh\u00e6ngige af dette spil. N\u00e5r alt kommer til alt, v\u00e6kker det virkelig \u00e6gte f\u00f8lelser. Ud over det faktum, at du takket v\u00e6re det kan have en god tid, blive distraheret fra livets problemer, kan du ogs\u00e5 vinde gode penge. Hvis du er heldig, selvf\u00f8lgelig. Men selv hvis ikke, er det ikke noget s\u00e6rligt. Du vil trods alt stadig opleve levende f\u00f8lelser og \u00e6gte sp\u00e6nding, hvis virkning svarer til et stof. Bare glem ikke selvkontrol. ikke overreagere p\u00e5 resultatet.<\/p>\n<h3>HVORFOR DU IKKE SKAL SATSE P\u00c5 UAFGJORT I BACCARAT?<\/h3>\n<p>I dette tilf\u00e6lde er sandsynligheden ofte lav. Derfor b\u00f8r du ikke satse p\u00e5 en uafgjort. Mest typisk beg\u00e5s denne fejl af uerfarne begyndere, som meget regelm\u00e6ssigt bare tager en tankel\u00f8s risiko og dermed mister alle deres penge. Det er bedst at lytte til r\u00e5d fra erfarne spillere og stifte bekendtskab med de mest ber\u00f8mte strategier. Med tiden vil selv en nybegynder blive en erfaren gambler. Men det kr\u00e6ver viden og erfaring. En vigtig faktor for v\u00e6ddem\u00e5l er andelen af institutionens gevinster. P\u00e5 spilleren er det 1,26%, p\u00e5 banken &#8211; 1,06%, og p\u00e5 en uafgjort &#8211; op til 14,4%. Det er pr\u00e6cis det, vi taler om. V\u00e6r derfor fornuftig.<\/p>\n<h3>HVAD ER SIDEINDSATSER I BACCARAT?<\/h3>\n<p>Nogle gange er der tilf\u00e6lde, hvor casinoer tilbyder en udvidet version af dette spil. Det betyder, at der er andre indsatser ud over de klassiske indsatser. Du kan satse p\u00e5 fordelen af point fra en af deltagerne eller p\u00e5 en bestemt kombination af kort. En meget almindelig indsats er p\u00e5 et perfekt par. Det handler i bund og grund om, at bankmanden eller spilleren har et par-kort. Et s\u00e5dant v\u00e6ddem\u00e5l tilbydes med en koefficient p\u00e5 elleve til en. Dette er virkelig en reel risiko. Denne mulighed er kun for de erfarne.<\/p>\n","protected":false},"excerpt":{"rendered":"<p>Baccarat casino RocketPlay er et verdenskendt spil. Hun er forgudet af millioner af mennesker i mange lande. Du kan finde det b\u00e5de i et online casino og i en klassisk station\u00e6r virksomhed. Der tager hun f\u00f8ringen. Denne spilleunderholdning har en ejendommelig atmosf\u00e6re, takket v\u00e6re hvilken du kan glemme alt i verden. Aristokrater kunne lide at&#8230;<\/p>\n","protected":false},"author":1,"featured_media":0,"parent":0,"menu_order":0,"comment_status":"closed","ping_status":"closed","template":"","meta":{"_acf_changed":false,"_kad_post_transparent":"default","_kad_post_title":"default","_kad_post_layout":"default","_kad_post_sidebar_id":"","_kad_post_content_style":"default","_kad_post_vertical_padding":"default","_kad_post_feature":"","_kad_post_feature_position":"","_kad_post_header":false,"_kad_post_footer":false,"footnotes":""},"class_list":["post-2056","page","type-page","status-publish","hentry"],"acf":[],"rttpg_featured_image_url":null,"rttpg_author":{"display_name":"Elvis","author_link":"https:\/\/rocketplay-slot.com\/da\/author\/pemvas95n89x\/"},"rttpg_comment":0,"rttpg_category":null,"rttpg_excerpt":"Baccarat casino RocketPlay er et verdenskendt spil. Hun er forgudet af millioner af mennesker i mange lande. Du kan finde det b\u00e5de i et online casino og i en klassisk station\u00e6r virksomhed. Der tager hun f\u00f8ringen. Denne spilleunderholdning har en ejendommelig atmosf\u00e6re, takket v\u00e6re hvilken du kan glemme alt i verden. Aristokrater kunne lide at...","_links":{"self":[{"href":"https:\/\/rocketplay-slot.com\/da\/wp-json\/wp\/v2\/pages\/2056","targetHints":{"allow":["GET"]}}],"collection":[{"href":"https:\/\/rocketplay-slot.com\/da\/wp-json\/wp\/v2\/pages"}],"about":[{"href":"https:\/\/rocketplay-slot.com\/da\/wp-json\/wp\/v2\/types\/page"}],"author":[{"embeddable":true,"href":"https:\/\/rocketplay-slot.com\/da\/wp-json\/wp\/v2\/users\/1"}],"replies":[{"embeddable":true,"href":"https:\/\/rocketplay-slot.com\/da\/wp-json\/wp\/v2\/comments?post=2056"}],"version-history":[{"count":4,"href":"https:\/\/rocketplay-slot.com\/da\/wp-json\/wp\/v2\/pages\/2056\/revisions"}],"predecessor-version":[{"id":7906,"href":"https:\/\/rocketplay-slot.com\/da\/wp-json\/wp\/v2\/pages\/2056\/revisions\/7906"}],"wp:attachment":[{"href":"https:\/\/rocketplay-slot.com\/da\/wp-json\/wp\/v2\/media?parent=2056"}],"curies":[{"name":"wp","href":"https:\/\/api.w.org\/{rel}","templated":true}]}}