{"id":2062,"date":"2022-06-15T08:06:23","date_gmt":"2022-06-15T05:06:23","guid":{"rendered":"https:\/\/rocketplay-slot.com\/live-blackjack\/"},"modified":"2026-03-01T18:38:35","modified_gmt":"2026-03-01T15:38:35","slug":"live-blackjack","status":"publish","type":"page","link":"https:\/\/rocketplay-slot.com\/da\/live-blackjack\/","title":{"rendered":"Spil blackjack gratis hos RocketPlay"},"content":{"rendered":"<p>Hvis du ikke er helt klar til at spille live blackjack for rigtige penge i RocketPlay endnu, eller hvis du bare vil spille gratis, kan du bedst g\u00f8re det ved at finpudse dine f\u00e6rdigheder i de gratis spil. Du beh\u00f8ver ikke at registrere dig, oplyse din e-mail-konto eller andre personlige oplysninger for at spille. Du skal blot klikke p\u00e5 den v\u00e6rdi af den jeton, du vil spille, og klikke p\u00e5 deal-knappen.<\/p>\n<h2>BLACKJACK-INTRODUKTION<\/h2>\n<p>Live blackjack Danmark RocketPlay er uden tvivl det mest popul\u00e6re bordspil, b\u00e5de p\u00e5 landbaserede casinoborde og blandt bordspil p\u00e5 online casinoer. Men blackjack, som alle andre hasardspil, har et bestemt s\u00e6t regler, som du skal f\u00f8lge for at spille dette spil korrekt og forblive i blackjack spillet mod casinoet i sidste ende. Live blackjack casino <a href=\"https:\/\/rocketplay-slot.com\/da\/\">RocketPlay<\/a> tjener mange penge p\u00e5 de spillere, som ikke er s\u00e6rlig bekendt med hvordan man spiller blackjack, og hvis du er netop en af disse spillere, s\u00e5 tag dig lidt tid til at forst\u00e5 form\u00e5let og reglerne for dette spil.<\/p>\n\t<div class=\"alao-sidebar-box alao-sidebar-box-\">\n\t\t<a href=\"https:\/\/rocketplay-slot.com\/go-casino\/\" class=\"alao-sidebar-box__link\">\n\t\t\t<span class=\"alao-sidebar-box__thumb\">\n\t\t\t\t<img decoding=\"async\" src=\"https:\/\/rocketplay-slot.com\/wp-content\/uploads\/2022\/06\/second_bonus_nonlog.png\" alt=\"F\u00f8rste indbetalingsbonus\">\n\t\t\t<\/span>\n\t\t\t<span class=\"alao-sidebar-box__info\">\n\t\t\t\t<span class=\"alao-sidebar-box__info-wrap\">\n\t\t\t\t\t<span class=\"alao-sidebar-box__head\">F\u00f8rste indbetalingsbonus<\/span>\n\t\t\t\t\t<span class=\"alao-sidebar-box__desc\">100% + 100 FS FOR EN PERFEKT START<\/span>\n\t\t\t\t\t<span class=\"alao-sidebar-box__button\">F\u00e5r Nu<\/span>\n\t\t\t\t<\/span>\n\t\t\t<\/span>\n\t\t<\/a>\n\t<\/div>\n\t\n<h2>FORM\u00c5LET MED BLACKJACK<\/h2>\n<p>Ud over croupieren kan 1 til 7 spillere deltage i live blackjack online RocketPlay-spillet. Hver af dem spiller dog mod croupieren, uden hensyn til de andre spillere ved bordet. For at vinde en h\u00e5nd skal summen af point i spillerens h\u00e5nd v\u00e6re 21 eller t\u00e6ttere p\u00e5 dette tal end summen af point i live dealer blackjack RocketPlay h\u00e5nden, men uden at g\u00e5 for langt. En h\u00e5nd, der har mere end 21 point, betragtes som d\u00f8d og taber indsatsen.<\/p>\n<h2>KORTETS V\u00c6RDI<\/h2>\n<p><img loading=\"lazy\" decoding=\"async\" class=\"aligncenter wp-image-282\" src=\"https:\/\/rocketplay-slot.com\/wp-content\/uploads\/2022\/06\/rocketplaynodep-1024x384.jpg\" alt=\"Spil blackjack gratis hos RocketPlay\" width=\"709\" height=\"266\" srcset=\"https:\/\/rocketplay-slot.com\/wp-content\/uploads\/2022\/06\/rocketplaynodep-1024x384.jpg 1024w, https:\/\/rocketplay-slot.com\/wp-content\/uploads\/2022\/06\/rocketplaynodep-300x113.jpg 300w, https:\/\/rocketplay-slot.com\/wp-content\/uploads\/2022\/06\/rocketplaynodep-768x288.jpg 768w, https:\/\/rocketplay-slot.com\/wp-content\/uploads\/2022\/06\/rocketplaynodep.jpg 1140w\" sizes=\"auto, (max-width: 709px) 100vw, 709px\" \/><\/p>\n<p>V\u00e6rdien af spillerens h\u00e5nd og dealerens h\u00e5nd er summen af v\u00e6rdien af de kort, som den best\u00e5r af. Alle billedkort, som omfatter konge, dronning og kn\u00e6gt, har en v\u00e6rdi p\u00e5 10. Kort fra 2 til 10 har en v\u00e6rdi i overensstemmelse med tallet. Et es kan spilles som 1 eller 11, afh\u00e6ngigt af hvilken form det vil give den bedste h\u00e5nd. Hvis et es spilles som 11, betragtes det som &#8220;bl\u00f8dt&#8221;, men hvis det spilles som 1, kaldes det &#8220;h\u00e5rdt&#8221;. Forskellen er, at p\u00e5 en bl\u00f8d h\u00e5nd kan du ikke overcalle, hvis du tager et andet billedkort, p\u00e5 den anden side kan en h\u00e5rd h\u00e5nd potentielt f\u00f8re til et overcall. Du kan f\u00e5 en bedre id\u00e9 om online blackjack live dealer live dealer gratis RocketPlay gameplay ved at spille spillet, som er et af mange spil, der ikke kan downloades.<\/p>\n<h2>PROCESSEN I SPILLET<\/h2>\n<p>F\u00f8r spillets start skal alle spillere lave indsatser. Hver spiller, inklusive croupieren, f\u00e5r to kort, \u00e5bne eller lukkede. Hver spiller f\u00e5r derefter mulighed for at lave et &#8220;hit&#8221;, dvs. at tr\u00e6kke endnu et kort i h\u00e5b om at forbedre sin h\u00e5nd. Alternativt kan en spiller v\u00e6lge at spille &#8220;stay&#8221; og ikke tage yderligere kort, dette kaldes ogs\u00e5 nogle gange et pass. Croupieren forts\u00e6tter oftest med at tage kort, indtil han opbygger sin h\u00e5nd som en solid 16&#8217;er. Croupieren skal stoppe, n\u00e5r han tr\u00e6kker en 17.<\/p>\n<h2>BLACKJACK<\/h2>\n<p>Blackjack <a href=\"https:\/\/rocketplay-slot.com\/da\/bonus\/\">bonus<\/a> er pr\u00e6cis, hvor dette spil har sit navn fra. Blackjack er, n\u00e5r de to f\u00f8rste kort, som spilleren (eller croupieren) f\u00e5r, er et es og et billedkort, som bliver 21. I gennemsnit vil denne heldige h\u00e5nd falde ca. \u00e9n gang pr. 20 h\u00e6nder. Blackjack garanterer, at spilleren vinder h\u00e5nden og giver ogs\u00e5 en udbetaling p\u00e5 3:2 i stedet for standard 1:1, hvis croupieren ikke har en blackjack p\u00e5 samme tid som spilleren. I tilf\u00e6lde af uafgjort vil alle de jetoner, som spilleren har sat p\u00e5 den p\u00e5g\u00e6ldende h\u00e5nd, forblive i kassen, og h\u00e5nden vil blive betragtet som uafgjort.<\/p>\n<p><span style=\"font-weight: 400;\"><img loading=\"lazy\" decoding=\"async\" class=\"aligncenter wp-image-4146 size-full\" src=\"https:\/\/rocketplay-slot.com\/wp-content\/uploads\/2024\/02\/11111.png\" alt=\"Spil blackjack gratis hos RocketPlay 2\" width=\"897\" height=\"606\" srcset=\"https:\/\/rocketplay-slot.com\/wp-content\/uploads\/2024\/02\/11111.png 897w, https:\/\/rocketplay-slot.com\/wp-content\/uploads\/2024\/02\/11111-300x203.png 300w, https:\/\/rocketplay-slot.com\/wp-content\/uploads\/2024\/02\/11111-768x519.png 768w\" sizes=\"auto, (max-width: 897px) 100vw, 897px\" \/><\/span><\/p>\n<h2>SPLIT<\/h2>\n<p>Split Pairs er en situation, der kan opst\u00e5 i den f\u00f8rste spillerunde, hvis en spiller har en h\u00e5nd med to identiske kort. Hvis dette sker, kan spilleren v\u00e6lge at dele disse kort i to forskellige h\u00e6nder og spille hver h\u00e5nd separat. Den anden h\u00e5nd vil dog kr\u00e6ve endnu en indsats, og afh\u00e6ngigt af casinoet vil spilleren kunne foretage flere splits i tr\u00e6k, op til 3 eller 4, hvis han forts\u00e6tter med at f\u00e5 de samme kort. Undtagelsen til denne regel ville v\u00e6re to esser, hvor spilleren kun vil kunne tr\u00e6kke et ekstra kort efter splitten.<\/p>\n<h2>DOBBELT<\/h2>\n<p>En double er en fordobling af indsatsen p\u00e5 dine to f\u00f8rste kort. Husk dog p\u00e5, at n\u00e5r du bruger denne mulighed, kan du kun tr\u00e6kke et ekstra kort efter indsatsen. Denne mulighed anbefales, hvis du har en h\u00e5nd, som du ikke kan tabe ved overskud, eller hvis dealeren har en h\u00e5nd, som han let kan overspille.<\/p>\n<h2>SARRENDER<\/h2>\n<p>Sarrender er, n\u00e5r du beslutter dig for ikke at forts\u00e6tte med at spille en h\u00e5nd med en d\u00e5rlig h\u00e5nd, f\u00f8r du overhovedet har taget endnu et kort. Ikke alle casinoer tillader spillere at benytte sig af denne mulighed. Hvis du v\u00e6lger at Sarrender, giver du op halvdelen af din oprindelige indsats, men i nogle tilf\u00e6lde kan det v\u00e6re bedre end at miste det hele.<\/p>\n<h2>FORSIKRING<\/h2>\n<p>Forsikring tilbydes i tilf\u00e6lde af, at dealeren f\u00e5r et es i det \u00e5bne kort. Du kan betale halvdelen af din oprindelige indsats som forsikring i tilf\u00e6lde af, at dealeren f\u00e5r Blackjack. Forsikringen vil blive udbetalt til dig til odds 2:1, hvis dealeren faktisk samler blackjack. Erfarne spillere anser dog denne indsats for at v\u00e6re meningsl\u00f8s og anbefaler den ikke (i mods\u00e6tning til casinoer), s\u00e5 hvis du bliver tilbudt forsikring, skal du h\u00f8fligt afvise den.<\/p>\n<p>For at forst\u00e5 blackjackens historie, og hvordan den h\u00e6nger sammen med det spil, vi spiller i dag, skal du forst\u00e5, at blackjack kan have andre regler end dem, vi har diskuteret ovenfor. Casinoer kan tilbyde en r\u00e6kke forskellige variationer af dette spil, men det grundl\u00e6ggende format vil v\u00e6re det samme i alle lande og i alle etablissementer. Uanset om du spiller live blackjack app RocketPlay eller p\u00e5 et landbaseret casino, er det vigtigt at kende det grundl\u00e6ggende i dette spil for at kunne \u00f8ge dine chancer for at vinde.<\/p>\n<h2>HVORDAN VINDER MAN P\u00c5 BLACKJACK ONLINE?<\/h2>\n<p>For at f\u00e5 de bedste resultater i live blackjack mobil RocketPlay kortspil p\u00e5 casinoet, b\u00f8r en nybegynder holde sig til f\u00f8lgende plan.<\/p>\n<ul>\n<li style=\"font-weight: 400;\" aria-level=\"1\">L\u00e6r grundigt alle de indviklede regler.<\/li>\n<li style=\"font-weight: 400;\" aria-level=\"1\">At beherske teorien og l\u00e6re at anvende den grundl\u00e6ggende strategi i praksis.<\/li>\n<li style=\"font-weight: 400;\" aria-level=\"1\">Finde de mest rentable varianter af blackjack med et passende udvalg af indsatser.<\/li>\n<li style=\"font-weight: 400;\" aria-level=\"1\">V\u00e6lge den bedste strategi, der passer bedst til reglerne for den valgte model.<\/li>\n<li style=\"font-weight: 400;\" aria-level=\"1\">F\u00f8rste \u00f8velse i en tr\u00e6ningstilstand &#8220;for sjov&#8221;.<\/li>\n<li style=\"font-weight: 400;\" aria-level=\"1\">L\u00e6r at administrere din bankroll.<\/li>\n<\/ul>\n<p>Professionelle spillere t\u00e6ller ogs\u00e5 kort, holder styr p\u00e5 esser i bunkerne og anvender andre tricks, som giver dem en matematisk fordel i forhold til andre spillere. Men de fleste af disse sofistikerede teknikker kan ikke bruges p\u00e5 online slots portaler, selv om det er et <a href=\"https:\/\/rocketplay-slot.com\/da\/live-casino\/\">live casino<\/a> med rigtige croupiers.<\/p>\n","protected":false},"excerpt":{"rendered":"<p>Hvis du ikke er helt klar til at spille live blackjack for rigtige penge i RocketPlay endnu, eller hvis du bare vil spille gratis, kan du bedst g\u00f8re det ved at finpudse dine f\u00e6rdigheder i de gratis spil. Du beh\u00f8ver ikke at registrere dig, oplyse din e-mail-konto eller andre personlige oplysninger for at spille. Du&#8230;<\/p>\n","protected":false},"author":1,"featured_media":0,"parent":0,"menu_order":0,"comment_status":"closed","ping_status":"closed","template":"front-page.php","meta":{"_acf_changed":false,"_kad_post_transparent":"default","_kad_post_title":"default","_kad_post_layout":"default","_kad_post_sidebar_id":"","_kad_post_content_style":"default","_kad_post_vertical_padding":"default","_kad_post_feature":"","_kad_post_feature_position":"","_kad_post_header":false,"_kad_post_footer":false,"footnotes":""},"class_list":["post-2062","page","type-page","status-publish","hentry"],"acf":[],"rttpg_featured_image_url":null,"rttpg_author":{"display_name":"Elvis","author_link":"https:\/\/rocketplay-slot.com\/da\/author\/pemvas95n89x\/"},"rttpg_comment":0,"rttpg_category":null,"rttpg_excerpt":"Hvis du ikke er helt klar til at spille live blackjack for rigtige penge i RocketPlay endnu, eller hvis du bare vil spille gratis, kan du bedst g\u00f8re det ved at finpudse dine f\u00e6rdigheder i de gratis spil. Du beh\u00f8ver ikke at registrere dig, oplyse din e-mail-konto eller andre personlige oplysninger for at spille. Du...","_links":{"self":[{"href":"https:\/\/rocketplay-slot.com\/da\/wp-json\/wp\/v2\/pages\/2062","targetHints":{"allow":["GET"]}}],"collection":[{"href":"https:\/\/rocketplay-slot.com\/da\/wp-json\/wp\/v2\/pages"}],"about":[{"href":"https:\/\/rocketplay-slot.com\/da\/wp-json\/wp\/v2\/types\/page"}],"author":[{"embeddable":true,"href":"https:\/\/rocketplay-slot.com\/da\/wp-json\/wp\/v2\/users\/1"}],"replies":[{"embeddable":true,"href":"https:\/\/rocketplay-slot.com\/da\/wp-json\/wp\/v2\/comments?post=2062"}],"version-history":[{"count":4,"href":"https:\/\/rocketplay-slot.com\/da\/wp-json\/wp\/v2\/pages\/2062\/revisions"}],"predecessor-version":[{"id":7901,"href":"https:\/\/rocketplay-slot.com\/da\/wp-json\/wp\/v2\/pages\/2062\/revisions\/7901"}],"wp:attachment":[{"href":"https:\/\/rocketplay-slot.com\/da\/wp-json\/wp\/v2\/media?parent=2062"}],"curies":[{"name":"wp","href":"https:\/\/api.w.org\/{rel}","templated":true}]}}