{"id":2068,"date":"2022-08-11T20:17:19","date_gmt":"2022-08-11T17:17:19","guid":{"rendered":"https:\/\/rocketplay-slot.com\/blackjack\/"},"modified":"2022-11-02T22:56:03","modified_gmt":"2022-11-02T19:56:03","slug":"blackjack","status":"publish","type":"page","link":"https:\/\/rocketplay-slot.com\/da\/blackjack\/","title":{"rendered":"Spil blackjack online for rigtige penge"},"content":{"rendered":"<p><img loading=\"lazy\" decoding=\"async\" class=\" wp-image-318 aligncenter\" src=\"https:\/\/rocketplay-slot.com\/wp-content\/uploads\/2022\/08\/h.9_blackjack_webimage-_690x418-300x182.jpg\" alt=\"blackjack online\" width=\"610\" height=\"370\" srcset=\"https:\/\/rocketplay-slot.com\/wp-content\/uploads\/2022\/08\/h.9_blackjack_webimage-_690x418-300x182.jpg 300w, https:\/\/rocketplay-slot.com\/wp-content\/uploads\/2022\/08\/h.9_blackjack_webimage-_690x418.jpg 690w\" sizes=\"auto, (max-width: 610px) 100vw, 610px\" \/><\/p>\n<p>Nye brugere af <a href=\"https:\/\/rocketplay-slot.com\/da\/\">RocketPlay<\/a> casino blackjack online v\u00e6lger ikke med det samme, fordi casinosiden kan have mange online gambling-spil, der interesserer dem med <a href=\"https:\/\/rocketplay-slot.com\/da\/bonus\/\">bonustilbud<\/a> og spildynamik. Selvf\u00f8lgelig beslutter de fleste spillere sig for online gambling ikke kun for muligheden for at have en god tid at spille, men ogs\u00e5 for at vinde rigtige eller virtuelle penge. At spille for rigtige penge er ret simpelt, men du skal opfylde en vis liste af betingelser.<\/p>\n<p>Du kan kun spille blackjack online casino RocketPlay for rigtige penge efter at have gennemf\u00f8rt den traditionelle registrering for alle brugere uden undtagelse. Denne procedure er ret enkel og tager lidt tid. Spillere med erfaring med online spil g\u00e5r endnu hurtigere igennem denne procedure, fordi de nu helt sikkert ved, hvilken registreringsmetode der passer bedst til dem, og hvorfor de b\u00f8r gennemg\u00e5 en verifikation umiddelbart efter registreringen.<\/p>\n<p>Du kan registrere dig ikke kun via en pc, men ogs\u00e5 via mobile enheder. Den mobile casinoapplikation g\u00f8r det mere bekvemt at spille online gambling spil, herunder blackjack, mere bekvemt. Men mobilapplikationen har en \u00e5benlys ulempe &#8211; det er en forenklet version af det officielle casinowebsted, s\u00e5 ikke alle funktioner vises i mobilversionen af casinoet. For et hurtigt 24\/7 spil er al funktionalitet ikke n\u00f8dvendig, men denne information er n\u00f8dvendig for de spillere, der planl\u00e6gger helt at opgive brugen af casinoer via PC.<\/p>\n<h2>HVORDAN MAN SPILLER BLACKJACK ONLINE?<\/h2>\n<p>Regelm\u00e6ssige eller nye brugere af RocketPlay casino blackjack regler kan gennemg\u00e5 blackjack spillereglerne lige f\u00f8r de starter spillet. Men det er usandsynligt, at der vil v\u00e6re s\u00e5danne brugere, der ikke vidste noget om spillet blackjack eller 21, eller punkt. Det er et af de mest popul\u00e6re bordspil i online casinoer og kan spilles af 1 til 7 spillere. Hvem spiller brugeren mod? Spillet spilles mod croupieren. For at g\u00e5 ud af spillet som vinder skal du have 21 point p\u00e5 h\u00e5nden eller i det mindste score flere point end den person, du spiller mod. En h\u00e5nd med mere end 21 point anses for at v\u00e6re d\u00f8d for spillet, s\u00e5 den taber automatisk indsatsen.<\/p>\n<p>Ikke alt er s\u00e5 enkelt, n\u00e5r det kommer til at v\u00e6lge et blackjack-spil. Forskellige casinoer tilbyder b\u00e5de moderne og klassiske versioner af spillet. Selvf\u00f8lgelig forbliver spillets regler ens, men de adskiller sig fra hinanden ved st\u00f8rrelsen af indsatserne, antallet af \u00e5bne eller lukkede kort, der l\u00e6gges ud p\u00e5 spillebordet i starten af spillet.<\/p>\n<p>Under spillet kan brugeren, ligesom en croupier, v\u00e6lge kort for at \u00f8ge v\u00e6rdien af sin egen h\u00e5nd. Hver version af blackjack-spillet har sine egne karakteristika for kortvalg, og dette b\u00f8r tages i betragtning. Den spiller, der har fordelen i h\u00e5nden, kaldes blackjack. Hvis ingen af spillerne form\u00e5ede at samle mere, og deres point er lige store, er der ikke blackjack, men der er tale om uafgjort eller push.<\/p>\n<p>Den indsats, som deltageren har foretaget i begyndelsen af spillet, returneres blot i tilf\u00e6lde af uafgjort. En spiller kan kun tjene ekstra penge, hvis han har en klar fordel i h\u00e5nden med kort, nemlig blackjack.<\/p>\n<h2>SPILLE BLACKJACK UDEN INDSKUD<\/h2>\n<p>Gratis blackjack casino RocketPlay er en tilg\u00e6ngelig spilmulighed for alle casinobrugere, uanset om de er registreret p\u00e5 casinosiden eller ej. Det er trods alt ikke alle brugere, der umiddelbart er klar til at foretage deres f\u00f8rste minimums- eller maksimumsindsatser. For at spille for rigtige penge skal du i det mindste have en id\u00e9 om spillet og g\u00e5 gennem registrering. For at spille for rigtige penge skal du derfor forberede dig. Derfor er der et spil uden indskud eller gratis.<\/p>\n<p>Hvis brugeren ikke risikerer noget, s\u00e5 kan han ikke vinde noget. N\u00e5r alt kommer til alt, er spillere ikke bare p\u00e5 jagt efter jackpotten eller ekstra penge. De er sp\u00e6ndingss\u00f8gende, de oplevelser, som er ekstremt sv\u00e6re at finde i det virkelige liv. Derfor vil spillet uden indskud ikke v\u00e6re lige s\u00e5 f\u00f8lelsesm\u00e6ssigt intenst, men det er stadig en n\u00f8dvendig oplevelse for at turde spille et seri\u00f8st spil for rigtige penge.<\/p>\n<p><img loading=\"lazy\" decoding=\"async\" class=\" wp-image-319 aligncenter\" src=\"https:\/\/rocketplay-slot.com\/wp-content\/uploads\/2022\/08\/illuminate-philkesten-header-30-1-1160x386-1-300x100.jpeg\" alt=\"blackjack game\" width=\"660\" height=\"220\" srcset=\"https:\/\/rocketplay-slot.com\/wp-content\/uploads\/2022\/08\/illuminate-philkesten-header-30-1-1160x386-1-300x100.jpeg 300w, https:\/\/rocketplay-slot.com\/wp-content\/uploads\/2022\/08\/illuminate-philkesten-header-30-1-1160x386-1-1024x341.jpeg 1024w, https:\/\/rocketplay-slot.com\/wp-content\/uploads\/2022\/08\/illuminate-philkesten-header-30-1-1160x386-1-768x256.jpeg 768w, https:\/\/rocketplay-slot.com\/wp-content\/uploads\/2022\/08\/illuminate-philkesten-header-30-1-1160x386-1.jpeg 1160w\" sizes=\"auto, (max-width: 660px) 100vw, 660px\" \/><\/p>\n<h2>BLACKJACK STRATEGIER OG TIPS<\/h2>\n<p>Uanset hvad RocketPlay casino blackjack strategi er, vil ikke alle af dem v\u00e6re vindende for alle brugere uden undtagelse. Ganske ofte er det at vinde et frugtbart arbejde, fordi du skal teste alle mulige spilstrategier og v\u00e6lge dem, der passer bedst til dit individuelle spiltempo og \u00f8konomiske form\u00e5en.<\/p>\n<p>Erfarne spillere, der har spillet blackjack i mere end et \u00e5r, anbefaler at lave matematiske beregninger. Det handler trods alt ikke om held, selv om der ikke er noget uden det i online gambling, men om evnen til at beregne korrekt, hvorn\u00e5r du skal fordoble indsatsen, dele kortene eller give op.<\/p>\n<p>Hvad handler det om? Split, eller adskillelse af kortene, er en ret vanskelig beslutning, fordi brugeren selvsikkert bev\u00e6ger sig til sejr. S\u00e5 han beslutter sig for at lave to h\u00e6nder i stedet for \u00e9n for at fordoble sine chancer for at vinde. I dette tilf\u00e6lde vil h\u00e6nderne v\u00e6re helt uafh\u00e6ngige. Opdeling af kort i to h\u00e6nder er kun muligt, n\u00e5r spilleren har et bestemt s\u00e6t kort, s\u00e5som to sekser eller en konge og en tier osv. For at forst\u00e5 pr\u00e6cis, hvordan kortene deles, skal du g\u00f8re dig bekendt med de blackjack-regler, der er relevante for den spilmulighed, som brugeren har valgt.<\/p>\n<p>Undervurder ikke muligheden for at give op i spillet. N\u00e5r alt kommer til alt, er det nogle gange bedre at give op end at tabe alt uden mulighed for at vinde yderligere midler allerede i det n\u00e6ste spil. For at give op skal du vurdere dine evner korrekt. Dette er et bevidst valg og et meningsfuldt skridt. Hvis brugeren giver op, har han mulighed for at f\u00e5 en del af pengene tilbage, f.eks. 50 % af det, han har investeret i spillet.<\/p>\n<p>Nogle gange er halvdelen bedre end ingenting. Det er vigtigt at forst\u00e5, hvorn\u00e5r man skal tr\u00e6kke kort, og hvorn\u00e5r man skal opgive yderligere kort. For at kunne spille blackjack med sikkerhed skal du ikke kun have erfaring, men ogs\u00e5 en forst\u00e5else af spillets regler.<\/p>\n","protected":false},"excerpt":{"rendered":"<p>Nye brugere af RocketPlay casino blackjack online v\u00e6lger ikke med det samme, fordi casinosiden kan have mange online gambling-spil, der interesserer dem med bonustilbud og spildynamik. Selvf\u00f8lgelig beslutter de fleste spillere sig for online gambling ikke kun for muligheden for at have en god tid at spille, men ogs\u00e5 for at vinde rigtige eller virtuelle&#8230;<\/p>\n","protected":false},"author":1,"featured_media":0,"parent":0,"menu_order":0,"comment_status":"closed","ping_status":"closed","template":"","meta":{"_acf_changed":false,"_kad_post_transparent":"default","_kad_post_title":"default","_kad_post_layout":"default","_kad_post_sidebar_id":"","_kad_post_content_style":"default","_kad_post_vertical_padding":"default","_kad_post_feature":"","_kad_post_feature_position":"","_kad_post_header":false,"_kad_post_footer":false,"footnotes":""},"class_list":["post-2068","page","type-page","status-publish","hentry"],"acf":[],"rttpg_featured_image_url":null,"rttpg_author":{"display_name":"Elvis","author_link":"https:\/\/rocketplay-slot.com\/da\/author\/pemvas95n89x\/"},"rttpg_comment":0,"rttpg_category":null,"rttpg_excerpt":"Nye brugere af RocketPlay casino blackjack online v\u00e6lger ikke med det samme, fordi casinosiden kan have mange online gambling-spil, der interesserer dem med bonustilbud og spildynamik. Selvf\u00f8lgelig beslutter de fleste spillere sig for online gambling ikke kun for muligheden for at have en god tid at spille, men ogs\u00e5 for at vinde rigtige eller virtuelle...","_links":{"self":[{"href":"https:\/\/rocketplay-slot.com\/da\/wp-json\/wp\/v2\/pages\/2068","targetHints":{"allow":["GET"]}}],"collection":[{"href":"https:\/\/rocketplay-slot.com\/da\/wp-json\/wp\/v2\/pages"}],"about":[{"href":"https:\/\/rocketplay-slot.com\/da\/wp-json\/wp\/v2\/types\/page"}],"author":[{"embeddable":true,"href":"https:\/\/rocketplay-slot.com\/da\/wp-json\/wp\/v2\/users\/1"}],"replies":[{"embeddable":true,"href":"https:\/\/rocketplay-slot.com\/da\/wp-json\/wp\/v2\/comments?post=2068"}],"version-history":[{"count":2,"href":"https:\/\/rocketplay-slot.com\/da\/wp-json\/wp\/v2\/pages\/2068\/revisions"}],"predecessor-version":[{"id":2070,"href":"https:\/\/rocketplay-slot.com\/da\/wp-json\/wp\/v2\/pages\/2068\/revisions\/2070"}],"wp:attachment":[{"href":"https:\/\/rocketplay-slot.com\/da\/wp-json\/wp\/v2\/media?parent=2068"}],"curies":[{"name":"wp","href":"https:\/\/api.w.org\/{rel}","templated":true}]}}