{"id":2076,"date":"2022-06-15T00:06:54","date_gmt":"2022-06-14T21:06:54","guid":{"rendered":"https:\/\/rocketplay-slot.com\/live-bingo\/"},"modified":"2022-11-02T23:04:26","modified_gmt":"2022-11-02T20:04:26","slug":"live-bingo","status":"publish","type":"page","link":"https:\/\/rocketplay-slot.com\/da\/live-bingo\/","title":{"rendered":"Spil live bingo p\u00e5 RocketPlay"},"content":{"rendered":"<p>I dette spil afh\u00e6nger alt af tilf\u00e6ldighederne. Hver spiller f\u00e5r et kort med tal trykt i tilf\u00e6ldig r\u00e6kkef\u00f8lge. V\u00e6rten skiftes til at tr\u00e6kke tallene ud, og personen tjekker kortet for de tal, der er p\u00e5 det. Den spiller, hvis kort var det f\u00f8rste, der indeholdt den vindende kombination, vinder. Spillere med matchende tal p\u00e5 en r\u00e6kke, flere r\u00e6kker eller en blok f\u00e5r gevinsten. I <a href=\"https:\/\/rocketplay-slot.com\/da\/\">RocketPlay<\/a> live bingospil v\u00e6lges tallene af et program baseret p\u00e5 en tilf\u00e6ldig talgenerator i stedet for en leder.<br \/>\n<span style=\"font-weight: 400;\"><img loading=\"lazy\" decoding=\"async\" class=\"aligncenter wp-image-215\" src=\"https:\/\/rocketplay-slot.com\/wp-content\/uploads\/2022\/06\/nvpl6ximfjejhyr5duzzhoww2mtzxdvyfv7bm5b6.jpeg\" alt=\"\" width=\"600\" height=\"600\" srcset=\"https:\/\/rocketplay-slot.com\/wp-content\/uploads\/2022\/06\/nvpl6ximfjejhyr5duzzhoww2mtzxdvyfv7bm5b6.jpeg 300w, https:\/\/rocketplay-slot.com\/wp-content\/uploads\/2022\/06\/nvpl6ximfjejhyr5duzzhoww2mtzxdvyfv7bm5b6-150x150.jpeg 150w\" sizes=\"auto, (max-width: 600px) 100vw, 600px\" \/><\/span><\/p>\n<h2>EN KORT HISTORIE<\/h2>\n<p>Vi italienere skylder ikke kun pasta, pizza og vin til italienerne, men ogs\u00e5 til bingo. Tilbage i det 16. \u00e5rhundrede opfandt de et spil kaldet bingo, som stadig spilles den dag i dag. I \u00e5renes l\u00f8b spredte spillet sig over hele Europa og kom senere til Nordamerika. Dengang hed det &#8220;bino&#8221; og blev til &#8220;bingo&#8221; helt tilf\u00e6ldigt, da en af spillerne, der fik den vindende kombination, ved et uheld forvekslede navnet og r\u00e5bte &#8220;bingo&#8221;. I Storbritannien er dette spil ikke mindre popul\u00e6rt. I 1960 blev det legaliseret, og siden da begyndte det at samle tusindvis af briter og blev et yndet tidsfordriv. Senere n\u00e5ede dets omfang et s\u00e5dant omfang, at der siden midten af 80&#8217;erne i mange lande er dukket nationale lotterier op med gevinster p\u00e5 flere millioner dollars. Siden 2000 er bingo, eller bingo, g\u00e5et online, hvilket har givet folk over hele verden mulighed for at spille, vinde og m\u00f8de andre bingoentusiaster.<\/p>\n<h2>HVORFOR ONLINE BINGO?<\/h2>\n<ul>\n<li style=\"font-weight: 400;\" aria-level=\"1\"><span style=\"font-family: var(--global-body-font-family); letter-spacing: 0em;\">H\u00f8je udbetalinger;<br \/>\n<\/span><\/li>\n<li style=\"font-weight: 400;\" aria-level=\"1\"><span style=\"font-family: var(--global-body-font-family); letter-spacing: 0em;\">Tilg\u00e6ngelighed af spil n\u00e5r som helst p\u00e5 dagen eller natten;<br \/>\n<\/span><\/li>\n<li style=\"font-weight: 400;\" aria-level=\"1\"><span style=\"font-family: var(--global-body-font-family); letter-spacing: 0em;\">Spillet er hurtigere;<br \/>\n<\/span><\/li>\n<li style=\"font-weight: 400;\" aria-level=\"1\"><span style=\"font-family: var(--global-body-font-family); letter-spacing: 0em;\">Du kan spille flere spil eller rum p\u00e5 samme tid;<br \/>\n<\/span><\/li>\n<li style=\"font-weight: 400;\" aria-level=\"1\"><span style=\"font-family: var(--global-body-font-family); letter-spacing: 0em;\">En bred vifte af varianter af <a href=\"https:\/\/rocketplay-slot.com\/da\/live-casino\/\">live casino<\/a> bingo RocketPlay og antallet af spillere;<br \/>\n<\/span><\/li>\n<li style=\"font-weight: 400;\" aria-level=\"1\"><span style=\"font-family: var(--global-body-font-family); letter-spacing: 0em;\">Du kan spille gratis. \u00a0 \u00a0 \u00a0 \u00a0 \u00a0 \u00a0 \u00a0 \u00a0 \u00a0 \u00a0 \u00a0 \u00a0 \u00a0 \u00a0 \u00a0 \u00a0 \u00a0 \u00a0 \u00a0 \u00a0 \u00a0 \u00a0 \u00a0 \u00a0 \u00a0 \u00a0 \u00a0 \u00a0 \u00a0 \u00a0 \u00a0 \u00a0 \u00a0 \u00a0 \u00a0 \u00a0 \u00a0 \u00a0 \u00a0 \u00a0 \u00a0 \u00a0 \u00a0 \u00a0 \u00a0 \u00a0 \u00a0 \u00a0 \u00a0 \u00a0 \u00a0 \u00a0 \u00a0 \u00a0 \u00a0 \u00a0 \u00a0 \u00a0 \u00a0 \u00a0 \u00a0 \u00a0 \u00a0 \u00a0 \u00a0 \u00a0 \u00a0 \u00a0 \u00a0 \u00a0 \u00a0 \u00a0 \u00a0 \u00a0 \u00a0 \u00a0 \u00a0 \u00a0 \u00a0 \u00a0 \u00a0 \u00a0 \u00a0<\/span><\/li>\n<\/ul>\n<h2>GRUNDL\u00c6GGENDE REGLER<\/h2>\n<p>F\u00f8rst og fremmest skal du v\u00e6lge spiltype: Den amerikanske version har 75 kugler, men der findes ogs\u00e5 varianter med 30 kugler. Det traditionelle britiske spil har 90 kugler. Lad os se p\u00e5 reglerne for det spil, der er baseret p\u00e5 det.<\/p>\n<p>Billetten til spillet med 90 mulige numre er opdelt i 3 r\u00e6kker og 9 kolonner, hvilket giver i alt 27 felter. Hver r\u00e6kke indeholder 15 numre. Hver standardbillet best\u00e5r af 6 mindre billetter, som kaldes &#8220;strips&#8221;. Disse seks billetter indeholder i det v\u00e6sentlige alle tallene fra 1 til 90, arrangeret i en anden r\u00e6kkef\u00f8lge.<\/p>\n<p>Nu hvor du ved, hvordan en standardbingoseddel ser ud, kan vi g\u00e5 videre til selve spillet.<\/p>\n<p>Valg af spil. Bingo-gevinster afh\u00e6nger af spiltypen, st\u00f8rrelsen af indsatsen og antallet af billetter. For at kunne k\u00e6mpe om de st\u00f8rste pr\u00e6mier beder <a href=\"https:\/\/rocketplay-slot.com\/da\/casino\/\">online casinoer<\/a> normalt spilleren om at oplyse oplysninger om betalingsmetode. Dette kan v\u00e6re bankkortoplysninger eller noget andet.<\/p>\n<p>K\u00f8b af billetter. N\u00e5r du har valgt et passende spil, vil du blive tilbudt billetter. Oftest kan du k\u00f8be mere end \u00e9n billet, men ofte er det maksimalt to. Og der er ingen gennempr\u00f8vet mekanisme her &#8211; det hele afh\u00e6nger af dit held. Bem\u00e6rk, at selv hvis du spiller spillet gratis, skal du stadig &#8220;k\u00f8be&#8221; en billet. Lad dig ikke skr\u00e6mme af dette ord, det gratis spil kr\u00e6ver ikke, at du g\u00f8r noget som helst. Herefter begynder den sjove del.<\/p>\n<p>Annonceringen af tallene. P\u00e5 online casinoer v\u00e6lges kuglerne ved hj\u00e6lp af en tilf\u00e6ldig talgenerator. I mods\u00e6tning til det traditionelle spil giver computeren dig i online versionen besked om, hvor du har kampe eller krydser endda automatisk kampe af, s\u00e5 du f\u00e5r mere tid til at interagere med andre spillere. Du kan skifte til automatisk tilstand eller selv krydse tallene ud. Uanset hvad er risikoen for at overse dit nummer minimeret &#8211; computeren t\u00e6ller stadig t\u00e6ndstikker i din kupon.<\/p>\n<p>Annoncering af vinderen. S\u00e5 snart der er en vinder, holder spillet en pause. Den vindende spiller f\u00e5r hovedgevinsten, og de andre kan se, om der er vinderkombinationer p\u00e5 deres lod.\u00a0 Selv om det ikke var dig, der sagde &#8220;Bingo!&#8221;, kan du m\u00e5ske f\u00e5 en fin pr\u00e6mie. N\u00f8glen er at have kombinationer af matchende tal p\u00e5 din kupon, f.eks. flere kolonner eller en firkant af tal. Hver type bingo har sine egne vinderkombinationer, som du kan finde p\u00e5 online casinoets hjemmeside.<\/p>\n<p><span style=\"font-family: var(--global-body-font-family); letter-spacing: 0em;\">\t<div class=\"alao-sidebar-box alao-sidebar-box-rose\">\n\t\t<a href=\"\" class=\"alao-sidebar-box__link\">\n\t\t\t<span class=\"alao-sidebar-box__thumb\">\n\t\t\t\t<img decoding=\"async\" src=\"https:\/\/rocketplay-slot.com\/wp-content\/uploads\/2022\/06\/second_bonus_nonlog.png\" alt=\"Promokode bonus for high roll\">\n\t\t\t<\/span>\n\t\t\t<span class=\"alao-sidebar-box__info\">\n\t\t\t\t<span class=\"alao-sidebar-box__info-wrap\">\n\t\t\t\t\t<span class=\"alao-sidebar-box__head\">Promokode bonus for high roll<\/span>\n\t\t\t\t\t<span class=\"alao-sidebar-box__desc\">50% HIGHROLLER BONUS<\/span>\n\t\t\t\t\t<span class=\"alao-sidebar-box__button\">F\u00e5r Nu<\/span>\n\t\t\t\t<\/span>\n\t\t\t<\/span>\n\t\t<\/a>\n\t<\/div>\n\t<\/span><\/p>\n<h2>BINGO SORTER<\/h2>\n<p>Der er mange modeller i dette spil. Overvej de mest popul\u00e6re af dem.<\/p>\n<p>75 kugler er et popul\u00e6rt spil i USA og Canada. Ud over det mindre antal kugler bruger dette spil et andet billetformat p\u00e5 5 x 5, hvor 24 numre er placeret, og med en tom firkant i midten. Hver af de fem kolonner begynder med et bogstav i ordet &#8220;Bingo&#8221;, hvilket g\u00f8r det lettere at finde tallene p\u00e5 billetten.<\/p>\n<p>80 Balls er et spil, der minder meget om bingo-varianten med 75 numre, men billetten har 4 r\u00e6kker og 4 kolonner (16 numre).<\/p>\n<p>90 balls er et popul\u00e6rt spil i Det Forenede Kongerige. Billetten har 3 r\u00e6kker med 9 felter med 5 numre i hver r\u00e6kke. Der er i alt 15 tilf\u00e6ldige numre i hver del af billetten fra 1 til 90 i alt.<\/p>\n<p>30 Balls er en accelereret version af spillet. Billetten har 9 numre og 3 r\u00e6kker og kolonner hver.<\/p>\n<p>Ud over disse er der andre versioner af spillet.<\/p>\n<h2>TIPS<\/h2>\n<p>Begr\u00e6ns dit budget. Spontant at k\u00f8be flere billetter p\u00e5 \u00e9n dag vil sandsynligvis ikke resultere i den \u00f8nskede gevinst. Konsekvens er vigtig i dette spil, s\u00e5 t\u00e6nk dig om p\u00e5 forh\u00e5nd, hvor meget du er villig til at bruge. V\u00e6r opm\u00e6rksom p\u00e5 live play bingo bonuskoder RocketPlay.<\/p>\n<p>Find din yndlingstype af spil og websted. Forskellige spil er designet til forskellige mennesker. Det samme g\u00e6lder ogs\u00e5 for siderne. S\u00e5 hvis du spiller live bingo gratis RocketPlay regelm\u00e6ssigt eller bare lejlighedsvis, skal du finde et websted, du kan lide.<\/p>\n<p>Hvis det er muligt, s\u00e5 k\u00f8b et par billetter. Hvis dit budget tillader det, anbefaler vi, at du k\u00f8ber flere billetter til et spil. Dette er bedre end flere samtidige eller p\u00e5 hinanden f\u00f8lgende spil.<\/p>\n<p>For\u00f8g dine chancer for at vinde. Pr\u00f8v at v\u00e6lge ikke de mest popul\u00e6re tidspunkter at spille p\u00e5, s\u00e5 du har en bedre chance for at fange lykken ved halen.<\/p>\n<p><span style=\"font-weight: 400;\"><img loading=\"lazy\" decoding=\"async\" class=\"aligncenter wp-image-218\" src=\"https:\/\/rocketplay-slot.com\/wp-content\/uploads\/2022\/06\/rocketplay-1.webp\" alt=\"\" width=\"600\" height=\"337\" srcset=\"https:\/\/rocketplay-slot.com\/wp-content\/uploads\/2022\/06\/rocketplay-1.webp 360w, https:\/\/rocketplay-slot.com\/wp-content\/uploads\/2022\/06\/rocketplay-1-300x168.webp 300w\" sizes=\"auto, (max-width: 600px) 100vw, 600px\" \/><\/span><\/p>\n<h2>SPILLE BINGO P\u00c5 FARTEN<\/h2>\n<p>I dag har n\u00e6sten alle en smartphone, og det er ikke overraskende, at online gambling p\u00e5 mobile enheder bliver mere og mere popul\u00e6rt. N\u00e6sten alle online bingosider er nu tilg\u00e6ngelige p\u00e5 mobile enheder, herunder smartphones og tablets.<\/p>\n<p>Det betyder, at du kan downloade bingo live RocketPlay, deltage i rummet og forts\u00e6tte med at spille, uanset hvor du er! N\u00e5r du spiller bingo p\u00e5 din mobile enhed, beh\u00f8ver du ikke at downloade yderligere app bingo live RocketPlay, normalt s\u00f8rger siderne for at sikre, at dine yndlingsspil er tilpasset til mobile enheder, dette giver helt sikkert den mest behagelige bingooplevelse.<\/p>\n<p>S\u00f8rg for at du har adgang til siden fra din mobile enhed og alle de samme funktioner, f\u00f8r du tilmelder dig casinoet.<\/p>\n<h2><span style=\"font-family: inherit; letter-spacing: 0em;\">FAQ<\/span><\/h2>\n<h3>ER DET SIKKERT AT SPILLE ONLINE BINGO?<\/h3>\n<p>Ja, selvf\u00f8lgelig er det det. Hvis du er sikker p\u00e5, at det websted, du bruger, er trov\u00e6rdigt, b\u00f8r du ikke t\u00f8ve med at spille bingo online.<\/p>\n<h3>SKAL JEG INSTALLERE NOGET SOFTWARE P\u00c5 MIN COMPUTER FOR AT SPILLE LIVE BINGO ROCKETPLAY?<\/h3>\n<p>Engang kr\u00e6vede mange sider, at brugerne skulle downloade software for at spille online bingosider. I dag er teknologien imidlertid blevet bedre, og de fleste online bingospil er bygget op ved hj\u00e6lp af den nyeste HTML5-teknologi. Det betyder, at det indl\u00e6ses hurtigt, s\u00e5 du kan nyde spillet i din browser.<\/p>\n<h3>KAN JEG SPILLE BINGO P\u00c5 MIN SMARTPHONE?<\/h3>\n<p>Takket v\u00e6re teknologiens fremskridt kan du nu spille bingo hvor som helst. Du beh\u00f8ver ikke at downloade noget, men nogle sider tilbyder separate applikationer. Du kan f\u00e5 adgang til siden fra din browser eller bruge en app for at sikre en mere j\u00e6vn spiloplevelse.<\/p>\n","protected":false},"excerpt":{"rendered":"<p>I dette spil afh\u00e6nger alt af tilf\u00e6ldighederne. Hver spiller f\u00e5r et kort med tal trykt i tilf\u00e6ldig r\u00e6kkef\u00f8lge. V\u00e6rten skiftes til at tr\u00e6kke tallene ud, og personen tjekker kortet for de tal, der er p\u00e5 det. Den spiller, hvis kort var det f\u00f8rste, der indeholdt den vindende kombination, vinder. Spillere med matchende tal p\u00e5 en&#8230;<\/p>\n","protected":false},"author":1,"featured_media":0,"parent":0,"menu_order":0,"comment_status":"closed","ping_status":"closed","template":"","meta":{"_acf_changed":false,"_kad_post_transparent":"default","_kad_post_title":"default","_kad_post_layout":"default","_kad_post_sidebar_id":"","_kad_post_content_style":"default","_kad_post_vertical_padding":"default","_kad_post_feature":"","_kad_post_feature_position":"","_kad_post_header":false,"_kad_post_footer":false,"footnotes":""},"class_list":["post-2076","page","type-page","status-publish","hentry"],"acf":[],"rttpg_featured_image_url":null,"rttpg_author":{"display_name":"Elvis","author_link":"https:\/\/rocketplay-slot.com\/da\/author\/pemvas95n89x\/"},"rttpg_comment":0,"rttpg_category":null,"rttpg_excerpt":"I dette spil afh\u00e6nger alt af tilf\u00e6ldighederne. Hver spiller f\u00e5r et kort med tal trykt i tilf\u00e6ldig r\u00e6kkef\u00f8lge. V\u00e6rten skiftes til at tr\u00e6kke tallene ud, og personen tjekker kortet for de tal, der er p\u00e5 det. Den spiller, hvis kort var det f\u00f8rste, der indeholdt den vindende kombination, vinder. Spillere med matchende tal p\u00e5 en...","_links":{"self":[{"href":"https:\/\/rocketplay-slot.com\/da\/wp-json\/wp\/v2\/pages\/2076","targetHints":{"allow":["GET"]}}],"collection":[{"href":"https:\/\/rocketplay-slot.com\/da\/wp-json\/wp\/v2\/pages"}],"about":[{"href":"https:\/\/rocketplay-slot.com\/da\/wp-json\/wp\/v2\/types\/page"}],"author":[{"embeddable":true,"href":"https:\/\/rocketplay-slot.com\/da\/wp-json\/wp\/v2\/users\/1"}],"replies":[{"embeddable":true,"href":"https:\/\/rocketplay-slot.com\/da\/wp-json\/wp\/v2\/comments?post=2076"}],"version-history":[{"count":2,"href":"https:\/\/rocketplay-slot.com\/da\/wp-json\/wp\/v2\/pages\/2076\/revisions"}],"predecessor-version":[{"id":2078,"href":"https:\/\/rocketplay-slot.com\/da\/wp-json\/wp\/v2\/pages\/2076\/revisions\/2078"}],"wp:attachment":[{"href":"https:\/\/rocketplay-slot.com\/da\/wp-json\/wp\/v2\/media?parent=2076"}],"curies":[{"name":"wp","href":"https:\/\/api.w.org\/{rel}","templated":true}]}}