{"id":2080,"date":"2022-06-15T00:33:34","date_gmt":"2022-06-14T21:33:34","guid":{"rendered":"https:\/\/rocketplay-slot.com\/live-casino\/"},"modified":"2022-11-02T23:10:12","modified_gmt":"2022-11-02T20:10:12","slug":"live-casino","status":"publish","type":"page","link":"https:\/\/rocketplay-slot.com\/da\/live-casino\/","title":{"rendered":"Spil live casino p\u00e5 RocketPlay"},"content":{"rendered":"<p>RocketPlay live casino arbejder aktivt p\u00e5 at interessere spillerne og maksimere deres interesser. For ikke s\u00e5 l\u00e6nge siden dukkede siden op med spil med rigtige dealere. Live spil vinder hurtigt popularitet, da faktoren live kommunikation ikke er mindre vigtig for spillerne end gevinstbel\u00f8bet. Desuden er croupieren mere trov\u00e6rdig end det automatiske computerprogram.<\/p>\n<h2>LIVE SPIL P\u00c5 ONLINE CASINOER ROCKETPLAY<\/h2>\n<p>Det s\u00e6rlige ved Live-tilstanden er, at kommunikationen mellem dealeren og spilleren foreg\u00e5r i realtid via online chat. Udsendelse af spillet foreg\u00e5r fra et s\u00e6rligt studie, hvor alt svarer til milj\u00f8et i det rigtige casino. Det s\u00e6tter spillebordene, som er professionelle croupiers. De udf\u00f8rer ikke bare spillet, og opretholder en dialog med spilleren.<\/p>\n<p>Sortiment RocketPlay live casino spil er en r\u00e6kke muligheder for roulette, blackjack, poker, poker, baccarat og m\u00f8des online lotterier. Det er v\u00e6rd at bem\u00e6rke, at de har gratis versioner, men at lave en betinget indsats er ikke muligt. Dette er blot en indledende version, for at l\u00e6re reglerne og principperne i spillet. F\u00f8r du starter spillet med en live dealer nastriruyte at denne proces vil v\u00e6re s\u00e5 forskellig som muligt at dreje hjulene i slot B\u00f8ger fra Novomatic eller tr\u00e6kke i tovene Monkey fra Igrosoft &#8211; dette er en elite stil at spille i et dyrt casino!<span style=\"font-family: var(--global-body-font-family); letter-spacing: 0em;\">\u00a0 \u00a0 \u00a0 \u00a0 \u00a0 \u00a0 \u00a0 \u00a0 \u00a0 \u00a0 \u00a0 \u00a0 \u00a0 \u00a0 \u00a0 \u00a0 \u00a0 \u00a0 \u00a0 \u00a0 \u00a0 \u00a0 \u00a0 \u00a0 \u00a0 \u00a0 \u00a0<\/span><\/p>\n<p><span style=\"font-weight: 400;\"><img loading=\"lazy\" decoding=\"async\" class=\"aligncenter wp-image-274\" src=\"https:\/\/rocketplay-slot.com\/wp-content\/uploads\/2022\/06\/welcome_1300x640-1-300x148.png\" alt=\"\" width=\"600\" height=\"295\" srcset=\"https:\/\/rocketplay-slot.com\/wp-content\/uploads\/2022\/06\/welcome_1300x640-1-300x148.png 300w, https:\/\/rocketplay-slot.com\/wp-content\/uploads\/2022\/06\/welcome_1300x640-1-1024x504.png 1024w, https:\/\/rocketplay-slot.com\/wp-content\/uploads\/2022\/06\/welcome_1300x640-1-768x378.png 768w, https:\/\/rocketplay-slot.com\/wp-content\/uploads\/2022\/06\/welcome_1300x640-1.png 1300w\" sizes=\"auto, (max-width: 600px) 100vw, 600px\" \/><\/span><\/p>\n<p>Udviklingen af produkter til RocketPlay live casino Danmark er engageret i et par virksomheder, blandt dem Ezugi delusion, som annoncerede sig selv relativt for nylig, men hurtigt vandt popularitet. Hans model er netop inkluderet i r\u00e6kken af online casinoer RocketPlay. Kunderne har et valg af <a href=\"https:\/\/rocketplay-slot.com\/da\/roulette\/\">Roulette<\/a>, Russisk Roulette, Roulette Portomaso, samt Blackjack, Unlimited Blackjack, Baccarat Dragon Tiger, Keno og andre spil. For at spille et af dem, skal du bare f\u00f8re din mark\u00f8r over det relevante ikon og klikke p\u00e5 det. Herefter vil der blive etableret en forbindelse med det studie, hvor spillet finder sted.<\/p>\n<h2>Funktioner af Live Casino-spil<\/h2>\n<p>I <a href=\"https:\/\/rocketplay-slot.com\/da\/live-roulette\/\">Live roulette<\/a> kan du spille et ubegr\u00e6nset antal deltagere. Chips af forskellige v\u00e6rdier er placeret nederst p\u00e5 sk\u00e6rmen. Her er der ogs\u00e5 kontrolknapper og indstillinger. Oplysninger om den aktuelle runde er fast p\u00e5 resultattavlen, for at g\u00f8re det lettere for spillerne. Yderligere funktioner, herunder spilhistorik, vil hj\u00e6lpe spillet med et h\u00f8jt resultat.<\/p>\n<p>Baccarat er kendt som det spil med de enkleste regler. Brugerne vil se et bord foran sig med de relevante markeringer og inskriptioner. Spillereglerne er beskrevet i referenceafsnittet. Med sin adf\u00e6rd vil der ikke v\u00e6re nogen vanskeligheder.<\/p>\n<p>For fans af online lotteri tr\u00e6kker tilbudt Keno og Bet on Numbers. De finder sted traditionelt ved hj\u00e6lp af lotterimaskinen, som er fyldt med kugler med tal. For at sikre, at deltageren ikke g\u00e5r glip af det vindende nummer, annoncerer dealeren det. Desuden afspejles nummeret p\u00e5 en ekstra resultattavle i forst\u00f8rret form.<\/p>\n<p>Ved at v\u00e6lge den mest attraktive version af blackjack kan spilleren RocketPlay live casino <a href=\"https:\/\/rocketplay-slot.com\/da\/bonus\/\">velkomstbonus<\/a> ikke v\u00e6re i tvivl om, at spillet vil ende med et positivt resultat. Reglerne er traditionelle, du b\u00f8r ikke vise un\u00f8dvendige f\u00f8lelser og fokusere p\u00e5 at sammens\u00e6tte pr\u00e6miekombinationen. Du kan bruge RocketPlay live casino app til at spille.<\/p>\n<p><span style=\"font-weight: 400;\">\t<div class=\"alao-sidebar-box alao-sidebar-box-\">\n\t\t<a href=\"\" class=\"alao-sidebar-box__link\">\n\t\t\t<span class=\"alao-sidebar-box__thumb\">\n\t\t\t\t<img decoding=\"async\" src=\"https:\/\/rocketplay-slot.com\/wp-content\/uploads\/2022\/06\/second_bonus_nonlog.png\" alt=\"F\u00f8rste indbetalingsbonus\">\n\t\t\t<\/span>\n\t\t\t<span class=\"alao-sidebar-box__info\">\n\t\t\t\t<span class=\"alao-sidebar-box__info-wrap\">\n\t\t\t\t\t<span class=\"alao-sidebar-box__head\">F\u00f8rste indbetalingsbonus<\/span>\n\t\t\t\t\t<span class=\"alao-sidebar-box__desc\">100% + 100 FS FOR EN PERFEKT START<\/span>\n\t\t\t\t\t<span class=\"alao-sidebar-box__button\">F\u00e5r Nu<\/span>\n\t\t\t\t<\/span>\n\t\t\t<\/span>\n\t\t<\/a>\n\t<\/div>\n\t<\/span><\/p>\n<h2>Fordele ved live-spil<\/h2>\n<p>Den st\u00f8rste fordel ved RocketPlay live casino uden indbetalingsbonus i forhold til slots, spilleautomater eller elektroniske bordspil er, at processen styres af en professionel dealer. Dette har f\u00f8lelsen af et rigtigt casino. Det er skabt af milj\u00f8et og lydfyldningen. Tilstedev\u00e6relsen af en croupier tilf\u00f8jer til spillerens tillid. Dette tjener ogs\u00e5 som en bekr\u00e6ftelse p\u00e5, at spillet vil v\u00e6re fair, og at der ikke vil v\u00e6re nogen forfalskning af resultaterne. Fordelen ved live spil er, at de har velkendte regler, der er velkendte for spillerne, og der er RocketPlay live casino bonus. For at udf\u00f8re spiloperationer er funktionelle knapper. De er placeret p\u00e5 sk\u00e6rmen for ikke at forstyrre brugeren til at f\u00f8lge udviklingen af begivenhederne. De anvender ogs\u00e5 et omfattende udvalg af indsatser. Du kan spille med det mindste bel\u00f8b og med h\u00f8je satser. Menuen med yderligere indstillinger hj\u00e6lper med at skabe et behageligt milj\u00f8. Det er ogs\u00e5 vigtigt, at den aktuelle runde af oplysninger registreres, og spilhistorikken oprettes. Dens unders\u00f8gelse vil tage hensyn til blunders og opbygge en mere vellykket model af spillet. Og muligheden RocketPlay live casino gratis spil perfekt for dem, der pr\u00f8ver denne type spil for f\u00f8rste gang.<\/p>\n<p><span style=\"font-weight: 400;\"><img loading=\"lazy\" decoding=\"async\" class=\"aligncenter wp-image-263\" src=\"https:\/\/rocketplay-slot.com\/wp-content\/uploads\/2022\/06\/casino-coins-300x218.png\" alt=\"\" width=\"600\" height=\"436\" srcset=\"https:\/\/rocketplay-slot.com\/wp-content\/uploads\/2022\/06\/casino-coins-300x218.png 300w, https:\/\/rocketplay-slot.com\/wp-content\/uploads\/2022\/06\/casino-coins.png 358w\" sizes=\"auto, (max-width: 600px) 100vw, 600px\" \/><\/span><\/p>\n<h2>FAQ<\/h2>\n<h3>HVAD ER LIVE CASINO?<\/h3>\n<p>Det er en kombination af fordelene ved at spille online og at bes\u00f8ge et klassisk casino, som er muliggjort af internettet. Det er praktisk &#8211; du kan spille hvor som helst, men samtidig &#8211; med en rigtig croupier, som sender spillet fra en hal eller et studie specielt til online casinoet RocketPlay.<\/p>\n<h3>HVILKEN SLAGS SPIL TILBYDER LIVE CASINO?<\/h3>\n<p>Disse er de klassiske casino bord &#8220;tre&#8221; &#8211; roulette, blackjack og baccarat, mindre almindelige er poker og en r\u00e6kke forskellige \u00f8jeblikkelige tr\u00e6kninger, som lykkehjulet.<\/p>\n<h3>HVAD ER FORDELENE VED LIVE SPIL I FORHOLD TIL ANDRE CASINOSPIL?<\/h3>\n<p>Selvom RocketPlay live casino bonus depositum er ledsaget af spilsoftware (for eksempel for at genkende et faldende nummer i roulette og dets efterf\u00f8lgende visning p\u00e5 resultattavlen), men er ikke baseret p\u00e5 RNG (tilf\u00e6ldig talgenerator) algoritmer, s\u00e5 de er mere velegnede til folk, der kan lide at spille i landbaserede kasinoer og foretr\u00e6kker .kommunikation med dealeren i stedet for en stille rotation af automatisk roulette<\/p>\n","protected":false},"excerpt":{"rendered":"<p>RocketPlay live casino arbejder aktivt p\u00e5 at interessere spillerne og maksimere deres interesser. For ikke s\u00e5 l\u00e6nge siden dukkede siden op med spil med rigtige dealere. Live spil vinder hurtigt popularitet, da faktoren live kommunikation ikke er mindre vigtig for spillerne end gevinstbel\u00f8bet. Desuden er croupieren mere trov\u00e6rdig end det automatiske computerprogram. LIVE SPIL P\u00c5&#8230;<\/p>\n","protected":false},"author":1,"featured_media":0,"parent":0,"menu_order":0,"comment_status":"closed","ping_status":"closed","template":"","meta":{"_acf_changed":false,"_kad_post_transparent":"default","_kad_post_title":"default","_kad_post_layout":"default","_kad_post_sidebar_id":"","_kad_post_content_style":"default","_kad_post_vertical_padding":"default","_kad_post_feature":"","_kad_post_feature_position":"","_kad_post_header":false,"_kad_post_footer":false,"footnotes":""},"class_list":["post-2080","page","type-page","status-publish","hentry"],"acf":[],"rttpg_featured_image_url":null,"rttpg_author":{"display_name":"Elvis","author_link":"https:\/\/rocketplay-slot.com\/da\/author\/pemvas95n89x\/"},"rttpg_comment":0,"rttpg_category":null,"rttpg_excerpt":"RocketPlay live casino arbejder aktivt p\u00e5 at interessere spillerne og maksimere deres interesser. For ikke s\u00e5 l\u00e6nge siden dukkede siden op med spil med rigtige dealere. Live spil vinder hurtigt popularitet, da faktoren live kommunikation ikke er mindre vigtig for spillerne end gevinstbel\u00f8bet. Desuden er croupieren mere trov\u00e6rdig end det automatiske computerprogram. LIVE SPIL P\u00c5...","_links":{"self":[{"href":"https:\/\/rocketplay-slot.com\/da\/wp-json\/wp\/v2\/pages\/2080","targetHints":{"allow":["GET"]}}],"collection":[{"href":"https:\/\/rocketplay-slot.com\/da\/wp-json\/wp\/v2\/pages"}],"about":[{"href":"https:\/\/rocketplay-slot.com\/da\/wp-json\/wp\/v2\/types\/page"}],"author":[{"embeddable":true,"href":"https:\/\/rocketplay-slot.com\/da\/wp-json\/wp\/v2\/users\/1"}],"replies":[{"embeddable":true,"href":"https:\/\/rocketplay-slot.com\/da\/wp-json\/wp\/v2\/comments?post=2080"}],"version-history":[{"count":2,"href":"https:\/\/rocketplay-slot.com\/da\/wp-json\/wp\/v2\/pages\/2080\/revisions"}],"predecessor-version":[{"id":2082,"href":"https:\/\/rocketplay-slot.com\/da\/wp-json\/wp\/v2\/pages\/2080\/revisions\/2082"}],"wp:attachment":[{"href":"https:\/\/rocketplay-slot.com\/da\/wp-json\/wp\/v2\/media?parent=2080"}],"curies":[{"name":"wp","href":"https:\/\/api.w.org\/{rel}","templated":true}]}}