{"id":2086,"date":"2022-08-11T20:22:23","date_gmt":"2022-08-11T17:22:23","guid":{"rendered":"https:\/\/rocketplay-slot.com\/bingo\/"},"modified":"2023-01-17T22:47:00","modified_gmt":"2023-01-17T19:47:00","slug":"bingo","status":"publish","type":"page","link":"https:\/\/rocketplay-slot.com\/da\/bingo\/","title":{"rendered":"RocketPlay Bingo online for rigtige penge"},"content":{"rendered":"<p><img loading=\"lazy\" decoding=\"async\" class=\" wp-image-323 aligncenter\" src=\"https:\/\/rocketplay-slot.com\/wp-content\/uploads\/2022\/08\/apps.3686.13771585125703035.1a4ab674-204b-4aee-bd33-5d3bf50e79d9-1-300x169.jpg\" alt=\"bingo \" width=\"660\" height=\"372\" srcset=\"https:\/\/rocketplay-slot.com\/wp-content\/uploads\/2022\/08\/apps.3686.13771585125703035.1a4ab674-204b-4aee-bd33-5d3bf50e79d9-1-300x169.jpg 300w, https:\/\/rocketplay-slot.com\/wp-content\/uploads\/2022\/08\/apps.3686.13771585125703035.1a4ab674-204b-4aee-bd33-5d3bf50e79d9-1-1024x576.jpg 1024w, https:\/\/rocketplay-slot.com\/wp-content\/uploads\/2022\/08\/apps.3686.13771585125703035.1a4ab674-204b-4aee-bd33-5d3bf50e79d9-1-768x432.jpg 768w, https:\/\/rocketplay-slot.com\/wp-content\/uploads\/2022\/08\/apps.3686.13771585125703035.1a4ab674-204b-4aee-bd33-5d3bf50e79d9-1-1536x864.jpg 1536w, https:\/\/rocketplay-slot.com\/wp-content\/uploads\/2022\/08\/apps.3686.13771585125703035.1a4ab674-204b-4aee-bd33-5d3bf50e79d9-1.jpg 1920w\" sizes=\"auto, (max-width: 660px) 100vw, 660px\" \/><\/p>\n<p>For at s\u00e6tte dine f\u00f8rste rigtige penge i online gambling, er spil online bingo <a href=\"https:\/\/rocketplay-slot.com\/da\/\">RocketPlay<\/a> en god mulighed for at starte din gambling rejse. Nye brugere, der registrerer sig p\u00e5 online <a href=\"https:\/\/rocketplay-slot.com\/da\/casino\/\">casinosiden<\/a>, fylder straks deres spilkonti op for at vinde deres f\u00f8rste ekstra penge.<\/p>\n<p>Hvad skal alle de brugere, der ikke har erfaring med at spille online gambling spil, eller som ikke har meget erfaring med det, huske p\u00e5? Online gambling er bare en anden form for online underholdning, ikke en m\u00e5de at tjene penge online. Derfor anbefales det at starte med en minimumsindsats, uanset hvilket spil brugeren v\u00e6lger, for at forl\u00e6nge forn\u00f8jelsen ved at spille for rigtige penge.<\/p>\n<p>S\u00e5 hvad har du brug for at spille bingo online RocketPlay for rigtige penge? En obligatorisk betingelse for at spille for rigtige penge er registrering. Uden din egen konto og spilkonto kan du v\u00e6re sikker p\u00e5, at brugeren ikke er klar til at b\u00e6re ansvaret for sine egne handlinger og overholde casinoets brugsbetingelser. Hvis brugeren ikke tager ansvar for sine egne handlinger, er det usandsynligt, at casinoet garanterer modtagelsen af denne eller hin gevinst. Derfor skal du bekr\u00e6fte registreringen, g\u00e5 gennem verifikation, hvor du ikke kun skal indtaste personlige data, men ogs\u00e5 give en kopi af dokumentet, som er en garanti for, at brugeren er en rigtig person.<\/p>\n<p>For at spille RocketPlay bingo online Danmark skal du g\u00f8re dig bekendt med casinoets regler, gennemg\u00e5 reglerne for bingospillet og acceptere dem. For at en ny bruger ikke skal t\u00f8ve med at registrere sig p\u00e5 casinosiden eller ej, giver casinoet en velkomstbonus p\u00e5 300%. Dette er en ret god bonus, hvis det er din f\u00f8rste erfaring med online spil.<\/p>\n<h2>INSTRUKTIONER TIL AT SPILLE BINGO<\/h2>\n<p>At spille bingo med rigtige penge online RocketPlay er nemt, og du beh\u00f8ver ikke at bruge tid p\u00e5 at l\u00e6re spillet. Dette er de enkle regler for spillet, som er blevet adlydt af mere end en generation af spillere, j\u00e6gere af sp\u00e6nding og held. S\u00e5 hvad handler bingospillet om?<\/p>\n<p>F\u00f8r spillet starter, modtager brugeren et s\u00e6rligt kort med mange tal. Alle numre er placeret tilf\u00e6ldigt. Spillet begynder i det \u00f8jeblik, hvor kuglernes numre dukker op, som brugeren skal finde p\u00e5 sit kort. Hvis brugeren har et s\u00e5dant nummer, krydser han det ud. Den bruger, der har form\u00e5et at strege alle numrene p\u00e5 kortet ud, modtager sin gevinst. Ret enkle regler. Men du skal v\u00e6re t\u00e5lmodig, for hvert n\u00e6ste nummer bringer dig enten t\u00e6ttere p\u00e5 sejren eller fjerner dig fra den.<\/p>\n<p>Har du nogen tips til at spille bingo? Det er n\u00e6ppe muligt at anbefale noget, for man kan aldrig med sikkerhed sige, hvem der bliver den n\u00e6ste bingovinder.<\/p>\n<h2>TYPER AF BINGOSPIL<\/h2>\n<p>Hvis brugeren ikke kan v\u00e6lge et kort eller numre med kugler, der vises en efter en, kan han v\u00e6lge en spiltype. Der er trods alt mere end \u00e9n version af spillet, og det kan afh\u00e6nge af, hvor heldig brugeren er. S\u00e5 hvad kan du v\u00e6lge mellem?<\/p>\n<p>Et spil gratis online bingo RocketPlay adskiller sig fra et andet ikke kun i antallet af kugler med tal. Den korteste version af spillet best\u00e5r af kun 30 kugler. S\u00e5 brugeren har at g\u00f8re med tre r\u00e6kker og kolonner. Hvis den korteste version ikke inspirerer dig, s\u00e5 kan du stoppe ved versionen med 75 kugler. Denne version af spillet er popul\u00e6r blandt indbyggere i USA. Men den s\u00e5kaldte amerikanske version har en anden funktion &#8211; der vises flere bogstaver. Sammen med tal krydser brugerne ogs\u00e5 bogstaver ud. P\u00e5 denne m\u00e5de lindrer brugeren ogs\u00e5 stress ved at farvel\u00e6gge et bestemt billede. Dette er en ganske interessant tilgang til at spille bingo.<\/p>\n<p>Ud over 30 og 75 kugler kan du ogs\u00e5 v\u00e6lge en version med 80 kugler, som ligner den amerikanske version af bingo i reglerne. Igen er der ikke kun tal, men ogs\u00e5 bogstaver, hvilket betyder en geometrisk figur. Versionen med 90 kugler er den mest popul\u00e6re blandt britiske indbyggere. Den nyeste version adskiller sig i sv\u00e6rhedsgrad, fordi der er tre faser af spillet, og hver af dem skal brugeren gennemf\u00f8re med 100 %. Hvad handler det om? Den f\u00f8rste fase slutter, n\u00e5r brugeren har lukket en r\u00e6kke, mens den anden fase &#8211; to r\u00e6kker, den tredje fase &#8211; alle r\u00e6kker.<\/p>\n<p><img loading=\"lazy\" decoding=\"async\" class=\" wp-image-324 aligncenter\" src=\"https:\/\/rocketplay-slot.com\/wp-content\/uploads\/2022\/08\/is-bingo-a-casino-game-hero-300x150.jpg\" alt=\"bingo online\" width=\"596\" height=\"298\" srcset=\"https:\/\/rocketplay-slot.com\/wp-content\/uploads\/2022\/08\/is-bingo-a-casino-game-hero-300x150.jpg 300w, https:\/\/rocketplay-slot.com\/wp-content\/uploads\/2022\/08\/is-bingo-a-casino-game-hero-1024x512.jpg 1024w, https:\/\/rocketplay-slot.com\/wp-content\/uploads\/2022\/08\/is-bingo-a-casino-game-hero-768x384.jpg 768w, https:\/\/rocketplay-slot.com\/wp-content\/uploads\/2022\/08\/is-bingo-a-casino-game-hero-1536x768.jpg 1536w, https:\/\/rocketplay-slot.com\/wp-content\/uploads\/2022\/08\/is-bingo-a-casino-game-hero-2048x1024.jpg 2048w\" sizes=\"auto, (max-width: 596px) 100vw, 596px\" \/><\/p>\n<h2><span style=\"font-weight: 400;\">FAQ<\/span><\/h2>\n<h3>ROCKETPLAY GRATIS ONLINE BINGO ELLER ET SPIL FOR PENGE?<\/h3>\n<p>En ny casinobruger eller en erfaren spiller kan uafh\u00e6ngigt afg\u00f8re, hvilken spilmulighed der passer til hans \u00f8nsker og \u00f8konomiske muligheder. Men den gratis version af spillet kan spilles af alle brugere, selv uden registrering, mens spillet for rigtige penge kr\u00e6ver forh\u00e5ndsregistrering. Derudover skal spilleren indbetale sine f\u00f8rste penge til spilkontoen og indbetale mindst det mindste bel\u00f8b af indsatser.<\/p>\n<h3>ER DET \u00c6GTE AT VINDE BINGO?<\/h3>\n<p>For at vinde p\u00e5 bingo beh\u00f8ver du ikke at lave matematiske beregninger eller l\u00e6re forskellige spilstrategier. Det er nok at v\u00e6lge en af varianterne af bingospillet og bare spille. Hvis spilleren er heldig, kan han f\u00e5 sine f\u00f8rste penge som en bingo-gevinst.<\/p>\n<h3>ER DER EFFEKTIVE BINGOSTRATEGIER?<\/h3>\n<p>Faktisk kan der ikke v\u00e6re nogen effektiv strategi til bingospillet. N\u00e5r brugeren modtager kortet og begynder at krydse tallene af, skal man v\u00e6re s\u00e5 opm\u00e6rksom som muligt og f\u00f8lge med i spillet. Ikke alle er heldige, det ved alle med sikkerhed.<\/p>\n<h3>HVOR KAN MAN SPILLE BINGO?<\/h3>\n<p>Ikke alle online casinoer tilbyder det spil du er i bingo RocketPlay hjemmesiden har helt sikkert dette spil. F\u00f8r du starter spillet, b\u00f8r du gennemg\u00e5, hvilke spilindstillinger brugeren har valgt for at fokusere korrekt og rettidigt p\u00e5 antallet af r\u00e6kker og kugler med tal.<\/p>\n<h3>KAN JEG SPILLE BINGO FRA EN MOBILAPP?<\/h3>\n<p>Alle RocketPlay-brugere kan downloade mobilapplikationen og spille bingo p\u00e5 en mobilenhed i stedet for p\u00e5 en pc. Det er ganske praktisk og enkelt og giver adgang til spillet d\u00f8gnet rundt.<\/p>\n","protected":false},"excerpt":{"rendered":"<p>For at s\u00e6tte dine f\u00f8rste rigtige penge i online gambling, er spil online bingo RocketPlay en god mulighed for at starte din gambling rejse. Nye brugere, der registrerer sig p\u00e5 online casinosiden, fylder straks deres spilkonti op for at vinde deres f\u00f8rste ekstra penge. Hvad skal alle de brugere, der ikke har erfaring med at&#8230;<\/p>\n","protected":false},"author":1,"featured_media":0,"parent":0,"menu_order":0,"comment_status":"closed","ping_status":"closed","template":"","meta":{"_acf_changed":false,"_kad_post_transparent":"default","_kad_post_title":"default","_kad_post_layout":"default","_kad_post_sidebar_id":"","_kad_post_content_style":"default","_kad_post_vertical_padding":"default","_kad_post_feature":"","_kad_post_feature_position":"","_kad_post_header":false,"_kad_post_footer":false,"footnotes":""},"class_list":["post-2086","page","type-page","status-publish","hentry"],"acf":[],"rttpg_featured_image_url":null,"rttpg_author":{"display_name":"Elvis","author_link":"https:\/\/rocketplay-slot.com\/da\/author\/pemvas95n89x\/"},"rttpg_comment":0,"rttpg_category":null,"rttpg_excerpt":"For at s\u00e6tte dine f\u00f8rste rigtige penge i online gambling, er spil online bingo RocketPlay en god mulighed for at starte din gambling rejse. Nye brugere, der registrerer sig p\u00e5 online casinosiden, fylder straks deres spilkonti op for at vinde deres f\u00f8rste ekstra penge. Hvad skal alle de brugere, der ikke har erfaring med at...","_links":{"self":[{"href":"https:\/\/rocketplay-slot.com\/da\/wp-json\/wp\/v2\/pages\/2086","targetHints":{"allow":["GET"]}}],"collection":[{"href":"https:\/\/rocketplay-slot.com\/da\/wp-json\/wp\/v2\/pages"}],"about":[{"href":"https:\/\/rocketplay-slot.com\/da\/wp-json\/wp\/v2\/types\/page"}],"author":[{"embeddable":true,"href":"https:\/\/rocketplay-slot.com\/da\/wp-json\/wp\/v2\/users\/1"}],"replies":[{"embeddable":true,"href":"https:\/\/rocketplay-slot.com\/da\/wp-json\/wp\/v2\/comments?post=2086"}],"version-history":[{"count":2,"href":"https:\/\/rocketplay-slot.com\/da\/wp-json\/wp\/v2\/pages\/2086\/revisions"}],"predecessor-version":[{"id":2088,"href":"https:\/\/rocketplay-slot.com\/da\/wp-json\/wp\/v2\/pages\/2086\/revisions\/2088"}],"wp:attachment":[{"href":"https:\/\/rocketplay-slot.com\/da\/wp-json\/wp\/v2\/media?parent=2086"}],"curies":[{"name":"wp","href":"https:\/\/api.w.org\/{rel}","templated":true}]}}