{"id":2090,"date":"2022-08-11T19:58:00","date_gmt":"2022-08-11T16:58:00","guid":{"rendered":"https:\/\/rocketplay-slot.com\/app\/"},"modified":"2022-11-02T23:20:26","modified_gmt":"2022-11-02T20:20:26","slug":"app","status":"publish","type":"page","link":"https:\/\/rocketplay-slot.com\/da\/app\/","title":{"rendered":"RocketPlay casino app"},"content":{"rendered":"<p><img loading=\"lazy\" decoding=\"async\" class=\" wp-image-306 aligncenter\" src=\"https:\/\/rocketplay-slot.com\/wp-content\/uploads\/2022\/08\/welcome_1300x640-2-300x148.png\" alt=\"rocketplay\" width=\"594\" height=\"293\" srcset=\"https:\/\/rocketplay-slot.com\/wp-content\/uploads\/2022\/08\/welcome_1300x640-2-300x148.png 300w, https:\/\/rocketplay-slot.com\/wp-content\/uploads\/2022\/08\/welcome_1300x640-2-1024x504.png 1024w, https:\/\/rocketplay-slot.com\/wp-content\/uploads\/2022\/08\/welcome_1300x640-2-768x378.png 768w, https:\/\/rocketplay-slot.com\/wp-content\/uploads\/2022\/08\/welcome_1300x640-2.png 1300w\" sizes=\"auto, (max-width: 594px) 100vw, 594px\" \/><\/p>\n<p><a href=\"https:\/\/rocketplay-slot.com\/da\/\">RocketPlay<\/a> casino app er en god m\u00e5de at spille dine yndlingsslots p\u00e5 uden at v\u00e6re afh\u00e6ngig af en station\u00e6r computer. Is\u00e6r for spillere med b\u00e6rbare gadgets skaber casinoer <a href=\"https:\/\/rocketplay-slot.com\/da\/mobile-version\/\">mobile versioner<\/a> af websteder eller s\u00e6rlige applikationer, som giver dig mulighed for at spille p\u00e5 det \u00f8nskede sted til enhver tid. For at spilleautomater i din smartphone kan bringe fordele og forn\u00f8jelse til spillere, b\u00f8r du g\u00e5 til den officielle hjemmeside og downloade RocketPlay rigtige penge casino app Danmark.<\/p>\n<p>Applikationen skal downloades direkte fra casinoets websted, hvor linket til filen er placeret i et separat afsnit eller fra tredjepartsplatforme (Google Play Store). F\u00f8r du installerer applikationen, er der visse krav, s\u00e5som OS-version eller hukommelseskapacitet, som skal tages i betragtning, f\u00f8r du starter downloadet.<\/p>\n<p>App-butikkerne tilbyder hovedsageligt software fra licenserede casinoer. Hvis spilleren \u00f8nsker at bruge klubbens applikation med en international licens, er det bedre at bede supporttjenesten om installationsfilen. Applikationen installeres uafh\u00e6ngigt eller manuelt i henhold til instruktionerne p\u00e5 institutionens hjemmeside.<\/p>\n<p>Du kan finde installationspakken p\u00e5 klubbens officielle hjemmeside. Spilleren skal \u00e5bne siden med tekniske oplysninger. Der er filer, som du skal downloade til din smartphone eller tablet. Udf\u00f8r proceduren bedst fra den enhed, som du planl\u00e6gger at spille spillet p\u00e5. N\u00e5r RocketPlay casino app download, vil operativsystemet automatisk blive registreret.<\/p>\n<p>Installationen af programmet er standard: spilleren starter processen, efterlader en bekr\u00e6ftelse i dialogboksene. Hvis du bliver bedt om at installere yderligere komponenter, skal du acceptere, for at casinoapplikationen kan fungere korrekt. Efter installationen vil spilklubikonet vises p\u00e5 enheden. Det kan flyttes til skrivebordet for at fremskynde adgangen til maskinerne. For at teste programmets funktion kan du k\u00f8re en hvilken som helst spilleautomat i demo-tilstand.<\/p>\n<h2>FORDELE VED AT BRUGE CASINO APP<\/h2>\n<p>Brugeren kan f\u00e5 adgang til den virtuelle klubs hjemmeside via en browser eller downloade RocketPlay casino Danmark appen. I det f\u00f8rste tilf\u00e6lde er webstedet fuldt tilpasset til de popul\u00e6re st\u00f8rrelser af b\u00e6rbare gadgets, men har en lidt \u00e6ndret sidestruktur. At spille p\u00e5 en mobil enhed har visse fordele for spilleren:<\/p>\n<ul>\n<li style=\"font-weight: 400;\" aria-level=\"1\">h\u00f8jere grad af anonymitet i netv\u00e6rket;<\/li>\n<li style=\"font-weight: 400;\" aria-level=\"1\">mulighed for at spille overalt i verden, hvor der er internet;<\/li>\n<li style=\"font-weight: 400;\" aria-level=\"1\">at deltage i visse kampagner;<\/li>\n<li style=\"font-weight: 400;\" aria-level=\"1\">at modtage yderligere muligheder for at udbetale gevinster.<\/li>\n<\/ul>\n<p><img loading=\"lazy\" decoding=\"async\" class=\" wp-image-307 alignright\" src=\"https:\/\/rocketplay-slot.com\/wp-content\/uploads\/2022\/08\/rocketplay-casino-app-150x300.png\" alt=\"rocketplay app\" width=\"191\" height=\"382\" srcset=\"https:\/\/rocketplay-slot.com\/wp-content\/uploads\/2022\/08\/rocketplay-casino-app-150x300.png 150w, https:\/\/rocketplay-slot.com\/wp-content\/uploads\/2022\/08\/rocketplay-casino-app.png 250w\" sizes=\"auto, (max-width: 191px) 100vw, 191px\" \/><\/p>\n<p>Alle virtuelle klubber har en tilpasset version til telefoner, og en separat applikation tilbydes kunderne prim\u00e6rt af de store casinoer. Oftest er applikationer oprettet til Android-enheder, i sj\u00e6ldne tilf\u00e6lde &#8211; til Windows. Ejere af gadgets p\u00e5 andre styresystemer vil kun kunne dreje hjulene i den tilpassede version af webstedet. Rocket Play casino app Android er tilg\u00e6ngelig for dig.<\/p>\n<h2>SPILLE GAMBLING APP FOR RIGTIGE PENGE<\/h2>\n<p>Du kan registrere dig i den mobile version af casinoet p\u00e5 de samme m\u00e5der som fra en computer. Hvis du har en konto p\u00e5 din telefon, skal du logge ind med dit brugernavn og din adgangskode. En bes\u00f8gende fra en smartphone kan bruge alle funktionaliteterne i en webressource og motiverende applikationer uden begr\u00e6nsninger. Spillere fra telefonen har adgang til al underholdning i klubben:<\/p>\n<ul>\n<li>spilleautomater;<\/li>\n<li>v\u00e6ddem\u00e5l p\u00e5 virtuelle sportsgrene;<\/li>\n<li>lotterier;<\/li>\n<li>roulette, poker, baccarat, blackjack;<\/li>\n<li>live casino.<\/li>\n<\/ul>\n<p>Den eneste undtagelse er nogle f\u00e5 gamle enheder, som ikke underst\u00f8ttes af moderne operativsystemer. Enhederne starter hurtigt op og fungerer uden tekniske problemer. Spil med dealere g\u00e5r uden tidsforsinkelse.<\/p>\n<p>Hvis du downloader RocketPlay casino app, s\u00e5 vil spilleautomaterne fra din telefon ogs\u00e5 v\u00e6re tilg\u00e6ngelige i demoversionen. Derfor vil bekendtskab med nye produkter ikke v\u00e6re ledsaget af risikoen for at miste penge. Rigtige gevinster, der er tilg\u00e6ngelige for udbetaling, kan kun modtages i spil med rigtige penge.<\/p>\n<h2>FAQ<\/h2>\n<h3>MOBILVERSION ELLER APP?<\/h3>\n<p>I den virtuelle klub er mobilversionen repr\u00e6senteret af et tilpasset websted og en s\u00e6rlig applikation. Hvis spilleren allerede har en konto p\u00e5 casinoet, kan han logge ind p\u00e5 sin personlige konto p\u00e5 gadget&#8217;en ved hj\u00e6lp af disse data. Ligesom p\u00e5 hjemmesiden kan spillerne spille i applikationen mod betaling med udbetaling af penge. Desuden kan spilleren f\u00e5 adgang til casinoets webressource i enhver browser. Der kr\u00e6ves ingen yderligere softwareinstallation p\u00e5 telefonen. Den mobile version af webstedet adskiller sig fra desktop-versionen af den grafiske skal. P\u00e5 en webressource kan placeringen og st\u00f8rrelsen af knapper, formularer, ikoner \u00e6ndres.<\/p>\n<h3>HVAD ER FORDELENE VED CASINO-APPEN?<\/h3>\n<p>Mobilspilere bem\u00e6rker f\u00f8lgende styrker:<\/p>\n<ul>\n<li style=\"font-weight: 400;\" aria-level=\"1\">spillet er tilg\u00e6ngeligt overalt fra en mobilenhed;<\/li>\n<li style=\"font-weight: 400;\" aria-level=\"1\">applikationen kan downloades og installeres gratis;<\/li>\n<li style=\"font-weight: 400;\" aria-level=\"1\">platformen tilpasser sig til forskellige sk\u00e6rmparametre;<\/li>\n<li style=\"font-weight: 400;\" aria-level=\"1\">adgangen til spil er hurtigere;<\/li>\n<li style=\"font-weight: 400;\" aria-level=\"1\">du kan til enhver tid vende tilbage til spillet p\u00e5 skrivebordet.<\/li>\n<li style=\"font-weight: 400;\" aria-level=\"1\">Den mobile enhed bruges udelukkende, s\u00e5 spilleren kan gemme login og adgangskode for at komme ind p\u00e5 klubbens personlige konto uden at kompromittere datasikkerheden.<\/li>\n<\/ul>\n<h3>HVORDAN DOWNLOADER DU ET CASINO P\u00c5 DIN TELEFON?<\/h3>\n<p>For at spille for at v\u00e6re p\u00e5 gadget i programmet, skal du downloade programfilerne en gang og installere. Hvis udviklerne frigiver en forbedret version af programmet, vil opdateringen v\u00e6re automatisk. Der er ingen s\u00e6rlige tekniske krav til enheden. F\u00f8r installationen skal afspilleren tildele en lille m\u00e6ngde ledig diskplads. Yderligere komponenter installeres ogs\u00e5 gratis.<\/p>\n","protected":false},"excerpt":{"rendered":"<p>RocketPlay casino app er en god m\u00e5de at spille dine yndlingsslots p\u00e5 uden at v\u00e6re afh\u00e6ngig af en station\u00e6r computer. Is\u00e6r for spillere med b\u00e6rbare gadgets skaber casinoer mobile versioner af websteder eller s\u00e6rlige applikationer, som giver dig mulighed for at spille p\u00e5 det \u00f8nskede sted til enhver tid. For at spilleautomater i din smartphone&#8230;<\/p>\n","protected":false},"author":1,"featured_media":0,"parent":0,"menu_order":0,"comment_status":"closed","ping_status":"closed","template":"","meta":{"_acf_changed":false,"_kad_post_transparent":"default","_kad_post_title":"default","_kad_post_layout":"default","_kad_post_sidebar_id":"","_kad_post_content_style":"default","_kad_post_vertical_padding":"default","_kad_post_feature":"","_kad_post_feature_position":"","_kad_post_header":false,"_kad_post_footer":false,"footnotes":""},"class_list":["post-2090","page","type-page","status-publish","hentry"],"acf":[],"rttpg_featured_image_url":null,"rttpg_author":{"display_name":"Elvis","author_link":"https:\/\/rocketplay-slot.com\/da\/author\/pemvas95n89x\/"},"rttpg_comment":0,"rttpg_category":null,"rttpg_excerpt":"RocketPlay casino app er en god m\u00e5de at spille dine yndlingsslots p\u00e5 uden at v\u00e6re afh\u00e6ngig af en station\u00e6r computer. Is\u00e6r for spillere med b\u00e6rbare gadgets skaber casinoer mobile versioner af websteder eller s\u00e6rlige applikationer, som giver dig mulighed for at spille p\u00e5 det \u00f8nskede sted til enhver tid. For at spilleautomater i din smartphone...","_links":{"self":[{"href":"https:\/\/rocketplay-slot.com\/da\/wp-json\/wp\/v2\/pages\/2090","targetHints":{"allow":["GET"]}}],"collection":[{"href":"https:\/\/rocketplay-slot.com\/da\/wp-json\/wp\/v2\/pages"}],"about":[{"href":"https:\/\/rocketplay-slot.com\/da\/wp-json\/wp\/v2\/types\/page"}],"author":[{"embeddable":true,"href":"https:\/\/rocketplay-slot.com\/da\/wp-json\/wp\/v2\/users\/1"}],"replies":[{"embeddable":true,"href":"https:\/\/rocketplay-slot.com\/da\/wp-json\/wp\/v2\/comments?post=2090"}],"version-history":[{"count":2,"href":"https:\/\/rocketplay-slot.com\/da\/wp-json\/wp\/v2\/pages\/2090\/revisions"}],"predecessor-version":[{"id":2092,"href":"https:\/\/rocketplay-slot.com\/da\/wp-json\/wp\/v2\/pages\/2090\/revisions\/2092"}],"wp:attachment":[{"href":"https:\/\/rocketplay-slot.com\/da\/wp-json\/wp\/v2\/media?parent=2090"}],"curies":[{"name":"wp","href":"https:\/\/api.w.org\/{rel}","templated":true}]}}