{"id":2097,"date":"2022-05-16T10:44:31","date_gmt":"2022-05-16T07:44:31","guid":{"rendered":"https:\/\/rocketplay-slot.com\/roulette\/"},"modified":"2022-11-02T23:33:33","modified_gmt":"2022-11-02T20:33:33","slug":"roulette","status":"publish","type":"page","link":"https:\/\/rocketplay-slot.com\/da\/roulette\/","title":{"rendered":"Roulette"},"content":{"rendered":"<div id=\"wppb-builder-container\" class=\"wppb-builder-container\">                <div  class=\"wppb-row-parent  wppb-row-1651149714946 \"  >\n\t\t\t\t\t\n\t\t\t\t\t\t\t\t\t\t\n\t\t\t\t\t\t\t\t\t\t\n\t\t\t\t\t<div class=\"wppb-container \">\n\t\t\t\t\t\t\t\t\t\t\t\t\t\n                        <div class=\"wppb-row\">\n\t\t\t\t\t\t\t                                    <div  class=\"wppb-column-parent wppb-column-parent-view wppb-col-1651149714949  \"  >\n                                        <div class=\"wppb-column\">\n\t\t\t\t\t\n\t\t\t\t\t\t\t\t\t\t\t\n                                            <div class=\"wppb-builder-addons\">\n\t\t\t\t\t\t\t\t\t\t\t\t<div class='wppb-builder-addon wppb-addon-1651150162258'  data-addon-id='1651150162258'><div class='wppb-addon'><div class=\"wppb-headline-addon\"><div class=\"wppb-headline-content\"><h1 class=\"wppb-addon-title\">Roulette p\u00e5 RocketPlay online casino<\/h1><\/div><\/div><\/div><\/div><div class='wppb-builder-addon wppb-addon-1651150171497'  data-addon-id='1651150171497'><div class='wppb-addon'><div class=\"wppb-text-block-addon\"><div class=\"wppb-text-block-content 0\"><p>Roulette <a href=\"https:\/\/rocketplay-slot.com\/da\/\">RocketPlay online<\/a> er tilg\u00e6ngelig til <a href=\"https:\/\/rocketplay-slot.com\/da\/mobile-version\/\">mobil<\/a> og din pc alle registrerede bes\u00f8gende for penge. Det vil sige, at brugerne ikke beh\u00f8ver at bruge ekstra penge p\u00e5 konverteringsgebyrer. Hvis du husker at spille p\u00e5 det officielle websted, bliver det helt klart, hvorfor spillere har valgt denne ressource til rekreation og vinde.<\/p><\/div><\/div><\/div><\/div><div class='wppb-builder-addon wppb-addon-1651149715158'  data-addon-id='1651149715158'><div class='wppb-addon'><div class=\"wppb-addon wppb-button-addon\"><div class=\"wppb-button-addon-content\"><a  href=\"\/go-casino\/\" target=_blank class=\"wppb-btn-addons  wppb-btn-custom wppb-btn-round wppb-btn-large wppb-btn-no\">SPIL NU<\/a><\/div><\/div><\/div><\/div>                                            <\/div>\n                                        <\/div>\n                                    <\/div>\n\t\t\t\t\t\t\t\t\t                                    <div  class=\"wppb-column-parent wppb-column-parent-view wppb-col-1651149714947  \"  >\n                                        <div class=\"wppb-column\">\n\t\t\t\t\t\n\t\t\t\t\t\t\t\t\t\t\t\n                                            <div class=\"wppb-builder-addons\">\n\t\t\t\t\t\t\t\t\t\t\t\t<div class='wppb-builder-addon wppb-addon-1707396819562'  data-addon-id='1707396819562'><div class='wppb-addon'><div class=\"wppb-image-addon\"><figure class=\"wppb-image-addon-content-wrap\"><div class=\"wppb-image-addon-content wppb-imginlineblock\"><img decoding=\"async\" class=\"wppb-image-addon-img\" src=\"https:\/\/rocketplay-slot.com\/wp-content\/uploads\/2024\/02\/roulette-at-rocketplay-online-casino.jpg\" alt=\"OULETTE P\u00c5 ROCKETPLAY ONLINE CASINO\"><\/div><\/figure><\/div><\/div><\/div>                                            <\/div>\n                                        <\/div>\n                                    <\/div>\n\t\t\t\t\t\t\t\t\t                        <\/div>\n\n                    <\/div>\n                <\/div>\n\t\t\t\t                <div  class=\"wppb-row-parent  wppb-row-1651149715118 \"  >\n\t\t\t\t\t\n\t\t\t\t\t\t\t\t\t\t\n\t\t\t\t\t\t\t\t\t\t\n\t\t\t\t\t<div class=\"wppb-container \">\n\t\t\t\t\t\t\t\t\t\t\t\t\t\n                        <div class=\"wppb-row\">\n\t\t\t\t\t\t\t                                    <div  class=\"wppb-column-parent wppb-column-parent-view wppb-col-1651149715122  \"  >\n                                        <div class=\"wppb-column\">\n\t\t\t\t\t\n\t\t\t\t\t\t\t\t\t\t\t\n                                            <div class=\"wppb-builder-addons\">\n\t\t\t\t\t\t\t\t\t\t\t\t<div class='wppb-builder-addon wppb-addon-1707397236186'  data-addon-id='1707397236186'><div class='wppb-addon'><div class=\"wppb-image-addon\"><figure class=\"wppb-image-addon-content-wrap\"><div class=\"wppb-image-addon-content wppb-imginlineblock\"><img decoding=\"async\" class=\"wppb-image-addon-img\" src=\"https:\/\/rocketplay-slot.com\/wp-content\/uploads\/2024\/02\/roulette-at-rocketplay-online-casino-2.jpg\" alt=\"OULETTE P\u00c5 ROCKETPLAY ONLINE CASINO 2\"><\/div><\/figure><\/div><\/div><\/div>                                            <\/div>\n                                        <\/div>\n                                    <\/div>\n\t\t\t\t\t\t\t\t\t                                    <div  class=\"wppb-column-parent wppb-column-parent-view wppb-col-1651149715119  \"  >\n                                        <div class=\"wppb-column\">\n\t\t\t\t\t\n\t\t\t\t\t\t\t\t\t\t\t\n                                            <div class=\"wppb-builder-addons\">\n\t\t\t\t\t\t\t\t\t\t\t\t<div class='wppb-builder-addon wppb-addon-1651149715120'  data-addon-id='1651149715120'><div class='wppb-addon'><div class=\"wppb-headline-addon\"><div class=\"wppb-headline-content\"><h2 class=\"wppb-addon-title\">Roulette: interessant og sp\u00e6ndende slot<\/h2><\/div><\/div><\/div><\/div><div class='wppb-builder-addon wppb-addon-1651149715121'  data-addon-id='1651149715121'><div class='wppb-addon'><div class=\"wppb-text-block-addon\"><div class=\"wppb-text-block-content 0\"><p>Enhver spiller fors\u00f8ger at spille med maksimal effektivitet. Hvis en spiller foretr\u00e6kker en bestemt type applikation, betyder det ikke, at han kun foretr\u00e6kker en enkelt klassisk spilleautomat. Roulette for rigtige penge er repr\u00e6senteret i denne sektion af portalen flere typer (tilg\u00e6ngelig omkring 20 sorter). Naturligvis var den mest popul\u00e6re europ\u00e6iske roulette med den laveste fordel for klubejere - 2,7%. Online kan du bruge bonuskoder fra administrationen som en del af forskellige kampagner og f\u00e5 ekstra bonusser til spillet.<\/p><p>Ud over europ\u00e6isk roulette er der andre varianter: Amerikansk, fransk osv. For en fuldst\u00e6ndig fordybelse i spil kan du spille med live dealere, hvilket er meget vellidt af mange brugere. P\u00e5 trods af at der ikke er nogen freespins i s\u00e5danne applikationer, er det stadig reelt at f\u00e5 en hurtig gevinst. Forresten anbefaler erfarne spillere at k\u00f8re fransk roulette og aktivt bruge \"f\u00e6ngselsreglen\". Den reducerer casinofordelen til 1,35%.<\/p><\/div><\/div><\/div><\/div>                                            <\/div>\n                                        <\/div>\n                                    <\/div>\n\t\t\t\t\t\t\t\t\t                        <\/div>\n\n                    <\/div>\n                <\/div>\n\t\t\t\t                <div  class=\"wppb-row-parent  wppb-row-1652183192609 \"  >\n\t\t\t\t\t\n\t\t\t\t\t\t\t\t\t\t\n\t\t\t\t\t\t\t\t\t\t\n\t\t\t\t\t<div class=\"wppb-container \">\n\t\t\t\t\t\t\t\t\t\t\t\t\t\n                        <div class=\"wppb-row\">\n\t\t\t\t\t\t\t                                    <div  class=\"wppb-column-parent wppb-column-parent-view wppb-col-1652183192610  \"  >\n                                        <div class=\"wppb-column\">\n\t\t\t\t\t\n\t\t\t\t\t\t\t\t\t\t\t\n                                            <div class=\"wppb-builder-addons\">\n\t\t\t\t\t\t\t\t\t\t\t\t<div class='wppb-builder-addon wppb-addon-1652183192623'  data-addon-id='1652183192623'><div class='wppb-addon'><div class=\"wppb-headline-addon\"><div class=\"wppb-headline-content\"><h2 class=\"wppb-addon-title\">Hvordan man vinder p\u00e5 roulette<\/h2><\/div><\/div><\/div><\/div><div class='wppb-builder-addon wppb-addon-1652183192612'  data-addon-id='1652183192612'><div class='wppb-addon'><div class=\"wppb-text-block-addon\"><div class=\"wppb-text-block-content 0\"><p>M\u00e5let med ethvert spil er at vinde med en minimal investering. Efter at v\u00e6re begyndt at spille Roulette RocketPlay for penge, har hver spiller til form\u00e5l at bryde pengene. Ved hj\u00e6lp af forskellige strategier kan alle opn\u00e5 held og lykke. Men glem ikke, at spil afh\u00e6nger af held og evnen til at stoppe i tide, s\u00e5 resultatet af runden kan v\u00e6re anderledes. Indsatser b\u00f8r v\u00e6re rimelige og g\u00e5 ikke all-in, hvis det ikke er berettiget.<\/p><p>Den mest enkle og popul\u00e6re strategi anses for at v\u00e6re Martingale. Spillerne skal satse p\u00e5 lige odds (mere\/mindre, r\u00f8d\/sort, lige\/uligt). If\u00f8lge sandsynlighedsteorien kan kuglen ikke falde hele tiden i visse celler, s\u00e5 det er n\u00f8dvendigt at satse hele tiden p\u00e5 \u00e9n mulighed. Det er n\u00f8dvendigt at starte med den mindste indsats. I tilf\u00e6lde af fiasko fordobles antallet af jetoner i n\u00e6ste runde. S\u00e5 g\u00f8r det, indtil du vinder.<\/p><p>I princippet kunne dette system v\u00e6re en total win-win, hvis det ikke var for en lille nuance. I ethvert casino (og ogs\u00e5 i RocketPlay) er der gr\u00e6nser for indsatser. Sandsynligheden for at vinde er dog meget h\u00f8j, da det er meget sj\u00e6ldent, at det samme resultat af en runde mere end 3-5 gange i tr\u00e6k er meget sj\u00e6ldent.<\/p><\/div><\/div><\/div><\/div>                                            <\/div>\n                                        <\/div>\n                                    <\/div>\n\t\t\t\t\t\t\t\t\t                                    <div  class=\"wppb-column-parent wppb-column-parent-view wppb-col-1652183192613  \"  >\n                                        <div class=\"wppb-column\">\n\t\t\t\t\t\n\t\t\t\t\t\t\t\t\t\t\t\n                                            <div class=\"wppb-builder-addons\">\n\t\t\t\t\t\t\t\t\t\t\t\t<div class='wppb-builder-addon wppb-addon-1707396819570'  data-addon-id='1707396819570'><div class='wppb-addon'><div class=\"wppb-image-addon\"><figure class=\"wppb-image-addon-content-wrap\"><div class=\"wppb-image-addon-content wppb-imginlineblock\"><img decoding=\"async\" class=\"wppb-image-addon-img\" src=\"https:\/\/rocketplay-slot.com\/wp-content\/uploads\/2024\/02\/roulette-at-rocketplay-online-casino-3.jpg\" alt=\"OULETTE P\u00c5 ROCKETPLAY ONLINE CASINO 3\"><\/div><\/figure><\/div><\/div><\/div>                                            <\/div>\n                                        <\/div>\n                                    <\/div>\n\t\t\t\t\t\t\t\t\t                        <\/div>\n\n                    <\/div>\n                <\/div>\n\t\t\t\t                <div  class=\"wppb-row-parent  wppb-row-1652183192667 \"  >\n\t\t\t\t\t\n\t\t\t\t\t\t\t\t\t\t\n\t\t\t\t\t\t\t\t\t\t\n\t\t\t\t\t<div class=\"wppb-container \">\n\t\t\t\t\t\t\t\t\t\t\t\t\t\n                        <div class=\"wppb-row\">\n\t\t\t\t\t\t\t                                    <div  class=\"wppb-column-parent wppb-column-parent-view wppb-col-1652183192668  \"  >\n                                        <div class=\"wppb-column\">\n\t\t\t\t\t\n\t\t\t\t\t\t\t\t\t\t\t\n                                            <div class=\"wppb-builder-addons\">\n\t\t\t\t\t\t\t\t\t\t\t\t<div class='wppb-builder-addon wppb-addon-1652183192669'  data-addon-id='1652183192669'><div class='wppb-addon'><div class=\"wppb-headline-addon\"><div class=\"wppb-headline-content\"><h2 class=\"wppb-addon-title\">Spil gratis roulette<\/h2><\/div><\/div><\/div><\/div><div class='wppb-builder-addon wppb-addon-1652183192670'  data-addon-id='1652183192670'><div class='wppb-addon'><div class=\"wppb-text-block-addon\"><div class=\"wppb-text-block-content 0\"><p>I klubben tilbydes alle varianter af klassisk roulette i to varianter: betalt og gratis. Demospillet har en fordel: det er tilg\u00e6ngeligt for de spillere, der ikke har registreret sig i spillehallen. Du kan bare g\u00e5 ind p\u00e5 casinoets hjemmeside og begynde at spille uden indbetaling og uden registrering.<\/p><p>Funktionaliteten af den gratis version adskiller sig fra den betalte version af det vigtigste punkt: der er ingen m\u00e5de at vinde rigtige penge p\u00e5. Ellers er disse spilleautomater RocketPlay ikke ringere betalt version. I demo-emulator kan du satse, gameplayet udvikler sig p\u00e5 standard m\u00e5de. Dette er en god mulighed for begyndere spillere, der \u00f8nsker at forst\u00e5 reglerne, ikke at fejle, at g\u00f8re indsatser for penge.<\/p><p>Selv mange spillere med erfaring spiller ofte muligheden uden at betale. Det er i demospillet, at du altid kan kontrollere, om en af de popul\u00e6re ordninger virker eller komme med din egen vindende algoritme. Hvis du bare \u00f8nsker at bruge tid i casinoet og spare dine penge, s\u00e5 spil Roulette RocketPlay gratis. At d\u00f8mme ud fra spillernes anmeldelser bringer demospillet i klubben den samme forn\u00f8jelse som den betalte version.<\/p><\/div><\/div><\/div><\/div>                                            <\/div>\n                                        <\/div>\n                                    <\/div>\n\t\t\t\t\t\t\t\t\t                                    <div  class=\"wppb-column-parent wppb-column-parent-view wppb-col-1652183192671  \"  >\n                                        <div class=\"wppb-column\">\n\t\t\t\t\t\n\t\t\t\t\t\t\t\t\t\t\t\n                                            <div class=\"wppb-builder-addons\">\n\t\t\t\t\t\t\t\t\t\t\t\t<div class='wppb-builder-addon wppb-addon-1707396819577'  data-addon-id='1707396819577'><div class='wppb-addon'><div class=\"wppb-image-addon\"><figure class=\"wppb-image-addon-content-wrap\"><div class=\"wppb-image-addon-content wppb-imginlineblock\"><img decoding=\"async\" class=\"wppb-image-addon-img\" src=\"https:\/\/rocketplay-slot.com\/wp-content\/uploads\/2024\/02\/roulette-at-rocketplay-online-casino-4.jpg\" alt=\"OULETTE P\u00c5 ROCKETPLAY ONLINE CASINO 4\"><\/div><\/figure><\/div><\/div><\/div>                                            <\/div>\n                                        <\/div>\n                                    <\/div>\n\t\t\t\t\t\t\t\t\t                        <\/div>\n\n                    <\/div>\n                <\/div>\n\t\t\t\t                <div  class=\"wppb-row-parent  wppb-row-1651158175344 \"  >\n\t\t\t\t\t\n\t\t\t\t\t\t\t\t\t\t\n\t\t\t\t\t\t\t\t\t\t\n\t\t\t\t\t<div class=\"wppb-container \">\n\t\t\t\t\t\t\t\t\t\t\t\t\t\n                        <div class=\"wppb-row\">\n\t\t\t\t\t\t\t                                    <div  class=\"wppb-column-parent wppb-column-parent-view wppb-col-1651158175345  \"  >\n                                        <div class=\"wppb-column\">\n\t\t\t\t\t\n\t\t\t\t\t\t\t\t\t\t\t\n                                            <div class=\"wppb-builder-addons\">\n\t\t\t\t\t\t\t\t\t\t\t\t<div class='wppb-builder-addon wppb-addon-1707396819582'  data-addon-id='1707396819582'><div class='wppb-addon'><div class=\"wppb-image-addon\"><figure class=\"wppb-image-addon-content-wrap\"><div class=\"wppb-image-addon-content wppb-imginlineblock\"><img decoding=\"async\" class=\"wppb-image-addon-img\" src=\"https:\/\/rocketplay-slot.com\/wp-content\/uploads\/2024\/02\/roulette-at-rocketplay-online-casino-5.jpg\" alt=\"OULETTE P\u00c5 ROCKETPLAY ONLINE CASINO 5\"><\/div><\/figure><\/div><\/div><\/div>                                            <\/div>\n                                        <\/div>\n                                    <\/div>\n\t\t\t\t\t\t\t\t\t                                    <div  class=\"wppb-column-parent wppb-column-parent-view wppb-col-1651158175347  \"  >\n                                        <div class=\"wppb-column\">\n\t\t\t\t\t\n\t\t\t\t\t\t\t\t\t\t\t\n                                            <div class=\"wppb-builder-addons\">\n\t\t\t\t\t\t\t\t\t\t\t\t<div class='wppb-builder-addon wppb-addon-1651158175348'  data-addon-id='1651158175348'><div class='wppb-addon'><div class=\"wppb-headline-addon\"><div class=\"wppb-headline-content\"><h2 class=\"wppb-addon-title\">S\u00e5dan spiller du for penge<\/h2><\/div><\/div><\/div><\/div><div class='wppb-builder-addon wppb-addon-1651158175349'  data-addon-id='1651158175349'><div class='wppb-addon'><div class=\"wppb-text-block-addon\"><div class=\"wppb-text-block-content 0\"><p>Stamg\u00e6ster i spillelokalet foretr\u00e6kker at spille Roulette RocketPlay med rigtige penge. Hvis du beslutter dig for at risikere dine penge, skal du forh\u00e5ndsregistrere dig.<\/p><p>Registreringsproceduren best\u00e5r af flere trin. F\u00f8rst skal du logge ind p\u00e5 casinoets hjemmeside, klikke p\u00e5 knappen \"Registrer\", og derefter - angiv i \u00e5bningsmenuen din e-mailadresse og adgangskode, som du senere skal bruge til at f\u00e5 adgang til siden.<\/p><p>Herefter skal du bekr\u00e6fte postkassen. Kontoopfyldning udf\u00f8res i det personlige kontor. For at indtaste det skal du bruge de data, der er angivet under registreringen. For at foretage et v\u00e6ddem\u00e5l vil det v\u00e6re nok at foretage et indskud selv for et lille bel\u00f8b.<\/p><p>Der er et par metoder til at indbetale din konto: enten via et kort eller via en e-wallet. I begge tilf\u00e6lde kommer pengene hurtigt til indskuddet, du beh\u00f8ver ikke at vente. I fremtiden sker udbetalingen af gevinster p\u00e5 den samme konto, hvorfra du oprindeligt indbetalte.<\/p><p>V\u00e6lg hvilken version af spillet der passer bedst til dig - betalt eller gratis. Der findes forskellige variationer af topspillet Roulette RocketPlay Danmark p\u00e5 klubbens hjemmeside.<\/p><\/div><\/div><\/div><\/div>                                            <\/div>\n                                        <\/div>\n                                    <\/div>\n\t\t\t\t\t\t\t\t\t                        <\/div>\n\n                    <\/div>\n                <\/div>\n\t\t\t\t                <div  class=\"wppb-row-parent  wppb-row-1652456671409 \"  >\n\t\t\t\t\t\n\t\t\t\t\t\t\t\t\t\t\n\t\t\t\t\t\t\t\t\t\t\n\t\t\t\t\t<div class=\"wppb-container \">\n\t\t\t\t\t\t\t\t\t\t\t\t\t\n                        <div class=\"wppb-row\">\n\t\t\t\t\t\t\t                                    <div  class=\"wppb-column-parent wppb-column-parent-view wppb-col-1652456671410  \"  >\n                                        <div class=\"wppb-column\">\n\t\t\t\t\t\n\t\t\t\t\t\t\t\t\t\t\t\n                                            <div class=\"wppb-builder-addons\">\n\t\t\t\t\t\t\t\t\t\t\t\t<div class='wppb-builder-addon wppb-addon-1652456671411'  data-addon-id='1652456671411'><div class='wppb-addon'><div class=\"wppb-headline-addon\"><div class=\"wppb-headline-content\"><h2 class=\"wppb-addon-title\">Hvorfor v\u00e6lge RocketPlay online casino<\/h2><\/div><\/div><\/div><\/div><div class='wppb-builder-addon wppb-addon-1652456671412'  data-addon-id='1652456671412'><div class='wppb-addon'><div class=\"wppb-text-block-addon\"><div class=\"wppb-text-block-content 0\"><p>Bes\u00f8gende kan spille online ikke kun roulette i casinoet, men ogs\u00e5 i andre spilleautomater RocketPlay. Udvalget af Roulette RocketPlay app vil gl\u00e6de alle fans af at tilbringe tid med sp\u00e6nding. Fordelene ved portalen er indlysende:<\/p><ul><li>Klubben arbejder under en officiel licens.<\/li><li>En r\u00e6kke spilleautomater giver enhver bruger mulighed for at tr\u00e6ffe et hurtigt valg.<\/li><li>Du kan spille p\u00e5 siden gratis uden registrering eller for rigtige penge.<\/li><li>Det samlede afkast af maskinerne (RTP) er p\u00e5 et h\u00f8jt niveau.<\/li><li>Administrationen uddeler gener\u00f8st bonusser og tilbyder at deltage i et fordelagtigt loyalitetsprogram.<\/li><li><a href=\"https:\/\/rocketplay-slot.com\/da\/live-roulette\/\">Live roulette<\/a> og andre spil, der k\u00f8rer i et s\u00e6rligt studie, giver dig mulighed for at f\u00f8le dig som en bes\u00f8gende p\u00e5 et rigtigt casino.<\/li><li>Turneringer og kampagner afholdt af administrationen er med til at sprede gameplayet.<\/li><li>Privatlivet er garanteret af sikkerhedstjenesten.<\/li><li>Genopladning af et indskud og udbetaling af gevinster sker p\u00e5 forskellige bekvemme m\u00e5der (alle transaktioner er beskyttet af 128-bit kryptering).<\/li><\/ul><p>Dette er ikke alle fordelene ved online casinoer RocketPlay, men denne liste beviser, at det er rigtigt at tilbringe tid med sjov og sikker.<\/p><\/div><\/div><\/div><\/div>                                            <\/div>\n                                        <\/div>\n                                    <\/div>\n\t\t\t\t\t\t\t\t\t                                    <div  class=\"wppb-column-parent wppb-column-parent-view wppb-col-1652456671413  \"  >\n                                        <div class=\"wppb-column\">\n\t\t\t\t\t\n\t\t\t\t\t\t\t\t\t\t\t\n                                            <div class=\"wppb-builder-addons\">\n\t\t\t\t\t\t\t\t\t\t\t\t<div class='wppb-builder-addon wppb-addon-1707396819587'  data-addon-id='1707396819587'><div class='wppb-addon'><div class=\"wppb-image-addon\"><figure class=\"wppb-image-addon-content-wrap\"><div class=\"wppb-image-addon-content wppb-imginlineblock\"><img decoding=\"async\" class=\"wppb-image-addon-img\" src=\"https:\/\/rocketplay-slot.com\/wp-content\/uploads\/2024\/02\/roulette-at-rocketplay-online-casino-6.jpg\" alt=\"OULETTE P\u00c5 ROCKETPLAY ONLINE CASINO 6\"><\/div><\/figure><\/div><\/div><\/div>                                            <\/div>\n                                        <\/div>\n                                    <\/div>\n\t\t\t\t\t\t\t\t\t                        <\/div>\n\n                    <\/div>\n                <\/div>\n\t\t\t\t<\/div>","protected":false},"excerpt":{"rendered":"<p>Roulette p\u00e5 RocketPlay online casinoRoulette RocketPlay online er tilg\u00e6ngelig til mobil og din pc alle registrerede bes\u00f8gende for penge. Det vil sige, at brugerne ikke beh\u00f8ver at bruge ekstra penge p\u00e5 konverteringsgebyrer. Hvis du husker at spille p\u00e5 det officielle websted, bliver det helt klart, hvorfor spillere har valgt denne ressource til rekreation og vinde.SPIL&#8230;<\/p>\n","protected":false},"author":1,"featured_media":0,"parent":0,"menu_order":0,"comment_status":"closed","ping_status":"closed","template":"wppb_theme_template","meta":{"_acf_changed":false,"_kad_post_transparent":"default","_kad_post_title":"default","_kad_post_layout":"default","_kad_post_sidebar_id":"","_kad_post_content_style":"default","_kad_post_vertical_padding":"default","_kad_post_feature":"","_kad_post_feature_position":"","_kad_post_header":false,"_kad_post_footer":false,"footnotes":""},"class_list":["post-2097","page","type-page","status-publish","hentry"],"acf":[],"rttpg_featured_image_url":null,"rttpg_author":{"display_name":"Elvis","author_link":"https:\/\/rocketplay-slot.com\/da\/author\/pemvas95n89x\/"},"rttpg_comment":0,"rttpg_category":null,"rttpg_excerpt":"Roulette p\u00e5 RocketPlay online casinoRoulette RocketPlay online er tilg\u00e6ngelig til mobil og din pc alle registrerede bes\u00f8gende for penge. Det vil sige, at brugerne ikke beh\u00f8ver at bruge ekstra penge p\u00e5 konverteringsgebyrer. Hvis du husker at spille p\u00e5 det officielle websted, bliver det helt klart, hvorfor spillere har valgt denne ressource til rekreation og vinde.SPIL...","_links":{"self":[{"href":"https:\/\/rocketplay-slot.com\/da\/wp-json\/wp\/v2\/pages\/2097","targetHints":{"allow":["GET"]}}],"collection":[{"href":"https:\/\/rocketplay-slot.com\/da\/wp-json\/wp\/v2\/pages"}],"about":[{"href":"https:\/\/rocketplay-slot.com\/da\/wp-json\/wp\/v2\/types\/page"}],"author":[{"embeddable":true,"href":"https:\/\/rocketplay-slot.com\/da\/wp-json\/wp\/v2\/users\/1"}],"replies":[{"embeddable":true,"href":"https:\/\/rocketplay-slot.com\/da\/wp-json\/wp\/v2\/comments?post=2097"}],"version-history":[{"count":1,"href":"https:\/\/rocketplay-slot.com\/da\/wp-json\/wp\/v2\/pages\/2097\/revisions"}],"predecessor-version":[{"id":2098,"href":"https:\/\/rocketplay-slot.com\/da\/wp-json\/wp\/v2\/pages\/2097\/revisions\/2098"}],"wp:attachment":[{"href":"https:\/\/rocketplay-slot.com\/da\/wp-json\/wp\/v2\/media?parent=2097"}],"curies":[{"name":"wp","href":"https:\/\/api.w.org\/{rel}","templated":true}]}}