{"id":2100,"date":"2022-06-15T08:28:32","date_gmt":"2022-06-15T05:28:32","guid":{"rendered":"https:\/\/rocketplay-slot.com\/live-roulette\/"},"modified":"2026-03-01T18:35:39","modified_gmt":"2026-03-01T15:35:39","slug":"live-roulette","status":"publish","type":"page","link":"https:\/\/rocketplay-slot.com\/da\/live-roulette\/","title":{"rendered":"Live Roulette online casino Rocket Play anmeldelse"},"content":{"rendered":"<p>Roulette er et af de mest gambling-spil, som mennesket har opfundet. En halo af mystik af dette spil bevarer flere historier om dets oprindelse. En legende fort\u00e6ller, at kardinal Mazarin i Frankrig i det 14. \u00e5rhundrede for at fylde statskassen beordrede at uddele roulette i alle spillehuse for at fylde statskassen. P\u00e5 det tidspunkt var det et spil med 40 nummererede kn\u00e6gte og tre nuller, som blev kaldt &#8220;Hoca&#8221;. Det er rigtigt, at efter Ludvig den 14.&#8217;s d\u00f8d skulle enhver, der organiserede &#8220;Hoca&#8221;, henrettes.<\/p>\n<p>If\u00f8lge en anden version var matematikeren Blaise Pascal med til at skabe spillet. Men ogs\u00e5 den er delt op i to historier: if\u00f8lge den ene fors\u00f8gte Blaise at skabe en evighedsmaskine med et hjul og en kugle; if\u00f8lge den anden lukkede han sig inde i et kloster for at l\u00f8se problemet med sandsynligheden for et lotteri med 36 lodder.<\/p>\n<p>Uanset hvad, s\u00e5 har spillet sine franske r\u00f8dder, og i dag er det umuligt at forestille sig et kasino uden roulette. Lige siden fremkomsten af <a href=\"https:\/\/rocketplay-slot.com\/da\/casino\/\">online casinoer<\/a> er roulette, eller som det kan kaldes &#8220;pariserhjulet&#8221;, ogs\u00e5 blevet en integreret del af casinoet.<\/p>\n<h2>PRINCIPPET I ROULETTE-SPILLET<\/h2>\n<p>Spillet af live online roulette RocketPlay, en af de enkleste. Foran spillerne er et hjul, som er nummereret fra 1 til 36 og plus nul. Numrene er arrangeret i tilf\u00e6ldig r\u00e6kkef\u00f8lge, men i en streng rotation af farver &#8211; sort og r\u00f8d. Ved siden af hjulet er der et spillebord. Her kan spillerne satse p\u00e5 et bestemt tal, farve (sort-r\u00f8d), lige eller ulige tal, dusin (et af 12 tal), mere, mindre og nul.<\/p>\n<p><span style=\"font-family: var(--global-body-font-family); letter-spacing: 0em;\">\t<div class=\"alao-sidebar-box alao-sidebar-box-light-blue\">\n\t\t<a href=\"\" class=\"alao-sidebar-box__link\">\n\t\t\t<span class=\"alao-sidebar-box__thumb\">\n\t\t\t\t<img decoding=\"async\" src=\"https:\/\/rocketplay-slot.com\/wp-content\/uploads\/2022\/06\/second_bonus_nonlog.png\" alt=\"Anden indbetalingsbonus\">\n\t\t\t<\/span>\n\t\t\t<span class=\"alao-sidebar-box__info\">\n\t\t\t\t<span class=\"alao-sidebar-box__info-wrap\">\n\t\t\t\t\t<span class=\"alao-sidebar-box__head\">Anden indbetalingsbonus<\/span>\n\t\t\t\t\t<span class=\"alao-sidebar-box__desc\">200% BONUS FOR DEN ANDEN INDBETALING<\/span>\n\t\t\t\t\t<span class=\"alao-sidebar-box__button\">F\u00e5r Nu<\/span>\n\t\t\t\t<\/span>\n\t\t\t<\/span>\n\t\t<\/a>\n\t<\/div>\n\t<\/span><\/p>\n<h2>Live Roulette online casino Rocket Play<\/h2>\n<p>F\u00f8r du placerer dine indsatser, siger croupieren den kronende indsats: &#8220;Placer dine indsatser, mine herrer!&#8221; N\u00e5r indsatserne er placeret, lyder en lige s\u00e5 popul\u00e6r s\u00e6tning: &#8220;Indsatser er placeret, ikke flere indsatser&#8221;. Roulettehjulet k\u00f8rer den ene vej, og kuglen er n\u00f8dvendigvis i den modsatte retning. N\u00e5r kuglen stopper i en celle, annoncerer live dealer roulette RocketPlay det vindende nummer, fastg\u00f8r det p\u00e5 spillepladen, og de vindende spillere f\u00e5r udbetalt gevinster, og tabende indsatser g\u00e5r til casino roulette live RocketPlay.<\/p>\n<p>Live roulette appen RocketPlay har alle de ovenst\u00e5ende regler, bortset fra at alt foreg\u00e5r p\u00e5 din sk\u00e6rm. Selvf\u00f8lgelig kan nogle m\u00e5ske savne disse krone s\u00e6tninger, men sp\u00e6ndingen er fuldt ud bevaret. Og for de spillere, der stadig \u00f8nsker at r\u00f8re live roulette uden at forlade hjemmet, er der ogs\u00e5 et par muligheder.<\/p>\n<h2>VIRTUEL ROULETTE ONLINE<\/h2>\n<p>At spille live roulette Danmark RocketPlay er meget nemmere, end du m\u00e5ske forestiller dig. I live-versionen best\u00e5r selve hjulet af over 300 komponenter og er sat op med juvelagtig pr\u00e6cision, da blot 1 millimeter bev\u00e6gelse vil g\u00f8re det muligt for opm\u00e6rksomme spillere at bem\u00e6rke, hvilke sektorer kuglen sandsynligvis vil falde i. I RocketPlay roulette live live rigtige penge styres alt af en tilf\u00e6ldig talgenerator, som sikrer retf\u00e6rdigheden af lodtr\u00e6kningen. Ligesom i originalen kan du v\u00e6re sikker p\u00e5, at kuglen faldt p\u00e5 denne figur er helt tilf\u00e6ldig.<\/p>\n<p>En anden funktion ved pariserhjulet online er, at du kan spille gratis live roulette RocketPlay live roulette. Roulette har forskellige variationer i hvert casino, s\u00e5 du kan nemt \u00e5bne et af dem og spille gratis med virtuelle jetoner. Dette vil ikke kun hj\u00e6lpe dig med at forst\u00e5 princippet i spillet, men ogs\u00e5 teste popul\u00e6re roulette strategier.<\/p>\n<h2>HVORFOR VIRTUEL ROULETTE I CASINOER?<\/h2>\n<p>Hjertet i spillet virtuel roulette er en tilf\u00e6ldig talgenerator, som garanteret giver tilf\u00e6ldige resultater. De bedste online casinoer gennemg\u00e5r regelm\u00e6ssigt uafh\u00e6ngige revisioner af deres soliditet og har de relevante licenser.<\/p>\n<p>Oddsene for at vinde ved virtuel og \u00e6gte roulette er de samme. Du kan bruge alle de kendte strategier og tips, der findes til almindelig roulette. Selv om deres effektivitet er reduceret.<\/p>\n<p>Det lave niveau af virtuelle rouletteindsatser sammenlignet med spillet i et rigtigt casino.<\/p>\n<p>Du kan v\u00e6lge mellem forskellige variationer af roulette, hvilket reducerer fordelen ved etablissementet.<\/p>\n<p><span style=\"font-weight: 400;\"><img loading=\"lazy\" decoding=\"async\" class=\"aligncenter wp-image-4027\" src=\"https:\/\/rocketplay-slot.com\/wp-content\/uploads\/2024\/02\/close-up-casino-roulette-1.jpg\" alt=\"Live Roulette online casino Rocket Play anmeldelse\" width=\"800\" height=\"534\" srcset=\"https:\/\/rocketplay-slot.com\/wp-content\/uploads\/2024\/02\/close-up-casino-roulette-1.jpg 1000w, https:\/\/rocketplay-slot.com\/wp-content\/uploads\/2024\/02\/close-up-casino-roulette-1-300x200.jpg 300w, https:\/\/rocketplay-slot.com\/wp-content\/uploads\/2024\/02\/close-up-casino-roulette-1-768x512.jpg 768w\" sizes=\"auto, (max-width: 800px) 100vw, 800px\" \/><\/span><\/p>\n<h2>TYPER AF ROULETTE<\/h2>\n<p>I dag findes der mange varianter af roulette. Nogle er popul\u00e6re, mens andre tiltr\u00e6kker rekreative spillere. P\u00e5 nuv\u00e6rende tidspunkt er der fire hovedvarianter, som har v\u00e6ret etableret i spilverdenen i \u00e5rtier.<\/p>\n<p>Europ\u00e6isk eller klassisk roulette: har 37 sektorer, fra 1 til 36 og et &#8220;nul&#8221;. Det er nullet, der giver casinoet den st\u00f8rste fordel. Sats p\u00e5 den ofte, fordi udbetalingen er 1 til 36, men den bliver sj\u00e6ldent ramt. Casinofordelen i denne variant af online roulette (og ogs\u00e5 offline) er 2,7%.<\/p>\n<p>Amerikansk Roulette: Dens forskel fra europ\u00e6isk roulette er \u00e9n ting &#8211; hjulet har 38 sektorer. Fra 1 til 36, nul og dobbelt nul. Det \u00f8ger casinoets fordel til 5,26%, men sammen med det er der for mange spillere, som tror, at to nuller er en stor chance for store gevinster.<\/p>\n<p>Fransk Roulette: Det er den mest popul\u00e6re mulighed hos spillerne og den mest upopul\u00e6re hos operat\u00f8rerne. Sagen er, at det spilles som europ\u00e6isk roulette, men i tilf\u00e6lde af nuller f\u00e5r alle spillere 50% af indsatsen. Alle, der satser p\u00e5 et tal, ulige, r\u00f8dt eller dusin, f\u00e5r en refusion.<\/p>\n<p>Mini Roulette: Denne mulighed er is\u00e6r popul\u00e6r blandt high rollers. Dens s\u00e6rpr\u00e6g er, at feltet best\u00e5r af 13 sektorer &#8211; fra 1 til 12, et nul og en tom sektor. Selvf\u00f8lgelig tredobler dette mindst casinoets fordel, men det, der tiltr\u00e6kker spillerne, er frav\u00e6ret af en maksimal indsatsgr\u00e6nse.<\/p>\n<p>Alle disse typer roulette er tilg\u00e6ngelige p\u00e5 RocketPlay Casino. For at spille live roulette RocketPlay gratis, skal du bare tage en hurtig registrering og pr\u00f8ve lykken.<\/p>\n<p><span style=\"font-weight: 400;\"><img loading=\"lazy\" decoding=\"async\" class=\"aligncenter wp-image-4037\" src=\"https:\/\/rocketplay-slot.com\/wp-content\/uploads\/2024\/02\/collage-casino-images-with-roulette-table-smiling-man-showing-thumbs-up.jpg\" alt=\"Live Roulette online casino Rocket Play anmeldelse 2\" width=\"800\" height=\"548\" srcset=\"https:\/\/rocketplay-slot.com\/wp-content\/uploads\/2024\/02\/collage-casino-images-with-roulette-table-smiling-man-showing-thumbs-up.jpg 1000w, https:\/\/rocketplay-slot.com\/wp-content\/uploads\/2024\/02\/collage-casino-images-with-roulette-table-smiling-man-showing-thumbs-up-300x206.jpg 300w, https:\/\/rocketplay-slot.com\/wp-content\/uploads\/2024\/02\/collage-casino-images-with-roulette-table-smiling-man-showing-thumbs-up-768x526.jpg 768w\" sizes=\"auto, (max-width: 800px) 100vw, 800px\" \/><\/span><\/p>\n<h2>LIVE ROULETTE<\/h2>\n<p>Kasinoet <a href=\"https:\/\/rocketplay-slot.com\/da\/\">RocketPlay<\/a> pr\u00e6senterer live roulette (live roulette). Det er en variant af roulette, hvor indsatser tages af en rigtig croupier &#8211; ved et rigtigt bord og et rigtigt hjul, der har best\u00e5et syv certificeringsrunder. Generelt er forskellen p\u00e5 \u00e6gte roulette, at live er placeret i et s\u00e6rligt udstyret rum, og at fokus er p\u00e5 spillerne, der foretager indsatser via sk\u00e6rmen p\u00e5 sk\u00e6rmen.<\/p>\n<p>Men nogle operat\u00f8rer er g\u00e5et meget l\u00e6ngere. RocketPlay Casino har en s\u00e6rlig form for live roulette. P\u00e5 et af de rigtige rouletteborde, som er placeret i de st\u00f8rste casinoer i Las Vegas, er der installeret s\u00e6rligt udstyr til online spillere. S\u00e5 du kan lave indsatser p\u00e5 din sk\u00e6rm sammen med casinobes\u00f8gende p\u00e5 din sk\u00e6rm og se alt, hvad der foreg\u00e5r.<\/p>\n<h2>STRATEGI<\/h2>\n<p>Lad os komme direkte til den ubehagelige nyhed &#8211; der findes ikke et enkelt system, der giver en umiskendelig stabil indkomst p\u00e5 roulette.<\/p>\n<p>Der findes masser af strategier p\u00e5 internettet for et vellykket spil. De mest kendte er systemerne D&#8217;Alamber, Whitecracker og selvf\u00f8lgelig Martingale. Ud over dem er der modeller baseret p\u00e5 &#8220;Chaos Theory&#8221;, &#8220;Big Number Theory&#8221; og andre.<\/p>\n<p>Og hvis de kan give et resultat i en offline institution, opererer online casinoet p\u00e5 basis af en tilf\u00e6ldig talgenerator, som annullerer alle snedige strategier.<\/p>\n","protected":false},"excerpt":{"rendered":"<p>Roulette er et af de mest gambling-spil, som mennesket har opfundet. En halo af mystik af dette spil bevarer flere historier om dets oprindelse. En legende fort\u00e6ller, at kardinal Mazarin i Frankrig i det 14. \u00e5rhundrede for at fylde statskassen beordrede at uddele roulette i alle spillehuse for at fylde statskassen. P\u00e5 det tidspunkt var&#8230;<\/p>\n","protected":false},"author":1,"featured_media":0,"parent":0,"menu_order":0,"comment_status":"closed","ping_status":"closed","template":"","meta":{"_acf_changed":false,"_kad_post_transparent":"default","_kad_post_title":"default","_kad_post_layout":"default","_kad_post_sidebar_id":"","_kad_post_content_style":"default","_kad_post_vertical_padding":"default","_kad_post_feature":"","_kad_post_feature_position":"","_kad_post_header":false,"_kad_post_footer":false,"footnotes":""},"class_list":["post-2100","page","type-page","status-publish","hentry"],"acf":[],"rttpg_featured_image_url":null,"rttpg_author":{"display_name":"Elvis","author_link":"https:\/\/rocketplay-slot.com\/da\/author\/pemvas95n89x\/"},"rttpg_comment":0,"rttpg_category":null,"rttpg_excerpt":"Roulette er et af de mest gambling-spil, som mennesket har opfundet. En halo af mystik af dette spil bevarer flere historier om dets oprindelse. En legende fort\u00e6ller, at kardinal Mazarin i Frankrig i det 14. \u00e5rhundrede for at fylde statskassen beordrede at uddele roulette i alle spillehuse for at fylde statskassen. P\u00e5 det tidspunkt var...","_links":{"self":[{"href":"https:\/\/rocketplay-slot.com\/da\/wp-json\/wp\/v2\/pages\/2100","targetHints":{"allow":["GET"]}}],"collection":[{"href":"https:\/\/rocketplay-slot.com\/da\/wp-json\/wp\/v2\/pages"}],"about":[{"href":"https:\/\/rocketplay-slot.com\/da\/wp-json\/wp\/v2\/types\/page"}],"author":[{"embeddable":true,"href":"https:\/\/rocketplay-slot.com\/da\/wp-json\/wp\/v2\/users\/1"}],"replies":[{"embeddable":true,"href":"https:\/\/rocketplay-slot.com\/da\/wp-json\/wp\/v2\/comments?post=2100"}],"version-history":[{"count":5,"href":"https:\/\/rocketplay-slot.com\/da\/wp-json\/wp\/v2\/pages\/2100\/revisions"}],"predecessor-version":[{"id":7897,"href":"https:\/\/rocketplay-slot.com\/da\/wp-json\/wp\/v2\/pages\/2100\/revisions\/7897"}],"wp:attachment":[{"href":"https:\/\/rocketplay-slot.com\/da\/wp-json\/wp\/v2\/media?parent=2100"}],"curies":[{"name":"wp","href":"https:\/\/api.w.org\/{rel}","templated":true}]}}