{"id":2474,"date":"2023-01-10T12:41:48","date_gmt":"2023-01-10T09:41:48","guid":{"rendered":"https:\/\/rocketplay-slot.com\/live-casino\/real-money\/"},"modified":"2024-02-08T16:49:45","modified_gmt":"2024-02-08T13:49:45","slug":"live-dealer","status":"publish","type":"page","link":"https:\/\/rocketplay-slot.com\/da\/live-dealer\/","title":{"rendered":"Hvad er Live Dealer?"},"content":{"rendered":"<p>Blandt kasinoer vinder brugerne popularitet i casino Live Dealer. Men mange mennesker forst\u00e5r ikke, hvad det er, hvorfor det er popul\u00e6rt, og hvordan man spiller spil med Live Dealeren. Det er derfor, vi hj\u00e6lper dig med at finde ud af det, forst\u00e5, hvordan det virker, og hvorfor du b\u00f8r spille med casino Live Dealer. Kan du l\u00e6se om det i artiklen nedenfor.<\/p>\n<p><img loading=\"lazy\" decoding=\"async\" class=\"aligncenter wp-image-4076\" src=\"https:\/\/rocketplay-slot.com\/wp-content\/uploads\/2024\/02\/hands-unknown-man-holding-two-aces-against-roulette-excited-guy-women-rejoicing-their-win-while-standing-playing-table-colorful-background-stacks-chips-poker-casino-close-up.jpg\" alt=\"Hvad er Live Dealer?\" width=\"800\" height=\"379\" srcset=\"https:\/\/rocketplay-slot.com\/wp-content\/uploads\/2024\/02\/hands-unknown-man-holding-two-aces-against-roulette-excited-guy-women-rejoicing-their-win-while-standing-playing-table-colorful-background-stacks-chips-poker-casino-close-up.jpg 1000w, https:\/\/rocketplay-slot.com\/wp-content\/uploads\/2024\/02\/hands-unknown-man-holding-two-aces-against-roulette-excited-guy-women-rejoicing-their-win-while-standing-playing-table-colorful-background-stacks-chips-poker-casino-close-up-300x142.jpg 300w, https:\/\/rocketplay-slot.com\/wp-content\/uploads\/2024\/02\/hands-unknown-man-holding-two-aces-against-roulette-excited-guy-women-rejoicing-their-win-while-standing-playing-table-colorful-background-stacks-chips-poker-casino-close-up-768x364.jpg 768w\" sizes=\"auto, (max-width: 800px) 100vw, 800px\" \/><\/p>\n<p>FORDELE OG ULEMPER VED LIVE DEALER<\/p>\n<p>Oftere og oftere v\u00e6lger online casino-brugere Live Dealer-spil. Vi besluttede at finde ud af, hvad de vigtigste fordele og ulemper er. Lad os besk\u00e6ftige os med de ulemper, som brugerne har bem\u00e6rket:<\/p>\n<ul>\n<li>begr\u00e6nset udvalg af spil &#8211; ikke alle spil kan tilf\u00f8je en dealer. For eksempel er der ingen dealer i slots, men i poker i dag er der en dealer n\u00e6sten overalt;<\/li>\n<li>muligvis tekniske fejl &#8211; du kan have det, at n\u00e5r du spiller poker, n\u00e5r du n\u00e6sten vinder, pludselig ser du en sort sk\u00e6rm foran dig, og du er tvunget til at afslutte spillet. Ofte er hoved\u00e5rsagen til denne fejl brugerens elendige internetforbindelse, men alligevel er det ikke s\u00e6rlig behageligt;<\/li>\n<li>det g\u00f8r spillet l\u00e6ngere og mere kompliceret &#8211; du skal altid vente p\u00e5, at dealeren siger med sin stemme, at det er betting-tid, n\u00e5r der uden den altid er gr\u00e6nsefladeknapper foran dig.<\/li>\n<\/ul>\n<p>Men disse mangler virker ikke alvorlige eller noget, der ikke kan t\u00e5le, men plusserne her er meget mere interessante:<\/p>\n<ul>\n<li>tilliden til at du bliver behandlet \u00e6rligt &#8211; du ser altid hvilke kort dealeren tr\u00e6kker ud, du ser altid at du ikke bliver snydt, det er meget v\u00e6rd;<\/li>\n<li>en uforglemmelig tid &#8211; hver session med et Live Dealer online casino er ikke en live samtale, en live interaktion. Det er altid sjovt;<\/li>\n<li>bekvemmelighed &#8211; det, der er meget sv\u00e6rt at ben\u00e6gte, er, at det er utrolig bekvemt at spille med en dealer. Det bringer dig helt ind i casinoatmosf\u00e6ren. Du beh\u00f8ver ikke l\u00e6ngere at forlade huset for at komme til kasinoet eller st\u00e5 i trafikpropper.<\/li>\n<\/ul>\n<p>Sammenfattende fordele og ulemper ved at spille med dealeren, har spillet med dealeren stadig flere betydelige fordele.<\/p>\n<h2>SPILTYPER HOS LIVE DEALER<\/h2>\n<p>Spil med en dealer ligner ofte deres modstykker i landbaserede kasinoer, men hovedsageligt kan de opdeles i typer:<\/p>\n<ul>\n<li>Poker er en af de mest popul\u00e6re former for underholdning i ethvert casino, s\u00e5 dens variant med en dealer er ogs\u00e5 udbredt;<\/li>\n<li>Blackjack er et fascinerende kortspil, som alle har spillet. I et spil med en dealer tilf\u00f8jer det mere interesse og atmosf\u00e6re af gambling;<\/li>\n<li>Roulette er et klassisk casinospil, der er flere hundrede \u00e5r gammelt. Alle ved, hvordan det fungerer i landbaserede casinoer, men du kan ogs\u00e5 pr\u00f8ve det online med en dealer.<\/li>\n<\/ul>\n<p>Du kan finde disse tre vigtigste online casino spil i det bedste Live Dealer casino.<\/p>\n<h2>SOFTWARELEVERAND\u00d8RER<\/h2>\n<p>Et af hovedomr\u00e5derne for udvikling, som enhver softwareudvikler i de senere \u00e5r uden tvivl vil kalde dig, er udviklingen af live casinoer med dealere. Og det er ikke kun fordi, der er en massiv eftersp\u00f8rgsel efter det blandt brugerne. Det hele er fascinerende. Og eftersp\u00f8rgslen efter denne type spil stiger hver dag, fordi et godt internet bliver mere tilg\u00e6ngeligt. Kunstig intelligens udvikler sig i stigende grad, s\u00e5 nye spil med Live Dealers sl\u00e5r allerede deres udseende, hastighed og atmosf\u00e6ren af, hvad der sker.<\/p>\n<h2>BONUS OG KAMPAGNE<\/h2>\n<p>Kasinoer har altid givet bonusser, der hj\u00e6lper deres brugere med at tjene mere. Du kan bruge dine penge mere rentabelt, og casinoet f\u00e5r nye brugere og betydelige betalinger. Udnyt venligst Live Dealer casino bonus, fordi den vil give dig mulighed for at tjene mere.<\/p>\n<p><img loading=\"lazy\" decoding=\"async\" class=\"aligncenter wp-image-4067\" src=\"https:\/\/rocketplay-slot.com\/wp-content\/uploads\/2024\/02\/man-is-playing-poker-emotional-fail-game-game-card-player-man-very-angry-with-foolish-choices-losing-all-chips-bank-concept-victory-loosing.jpg\" alt=\"Hvad er Live Dealer? 2\" width=\"800\" height=\"534\" srcset=\"https:\/\/rocketplay-slot.com\/wp-content\/uploads\/2024\/02\/man-is-playing-poker-emotional-fail-game-game-card-player-man-very-angry-with-foolish-choices-losing-all-chips-bank-concept-victory-loosing.jpg 1000w, https:\/\/rocketplay-slot.com\/wp-content\/uploads\/2024\/02\/man-is-playing-poker-emotional-fail-game-game-card-player-man-very-angry-with-foolish-choices-losing-all-chips-bank-concept-victory-loosing-300x200.jpg 300w, https:\/\/rocketplay-slot.com\/wp-content\/uploads\/2024\/02\/man-is-playing-poker-emotional-fail-game-game-card-player-man-very-angry-with-foolish-choices-losing-all-chips-bank-concept-victory-loosing-768x512.jpg 768w\" sizes=\"auto, (max-width: 800px) 100vw, 800px\" \/><\/p>\n<h2>BETALING OG TILBAGETR\u00c6KNING<\/h2>\n<p>Du kan indbetale din saldo p\u00e5 onlinekasinoet p\u00e5 en r\u00e6kke forskellige m\u00e5der, der passer til dine metoder. Det kan v\u00e6re bankbetalingssystemer som Visa, MasterCard og American Express, online betalingssystemer som PayPal eller dine cryptocurrency tegneb\u00f8ger.<\/p>\n<p>Desv\u00e6rre er der f\u00e6rre metoder til at h\u00e6ve dine penge, men der er stadig mange. Du kan stadig h\u00e6ve din saldo til din cryptocurrency-pung eller bruge PayPal.<\/p>\n","protected":false},"excerpt":{"rendered":"<p>Blandt kasinoer vinder brugerne popularitet i casino Live Dealer. Men mange mennesker forst\u00e5r ikke, hvad det er, hvorfor det er popul\u00e6rt, og hvordan man spiller spil med Live Dealeren. Det er derfor, vi hj\u00e6lper dig med at finde ud af det, forst\u00e5, hvordan det virker, og hvorfor du b\u00f8r spille med casino Live Dealer. Kan&#8230;<\/p>\n","protected":false},"author":1,"featured_media":0,"parent":0,"menu_order":0,"comment_status":"closed","ping_status":"closed","template":"","meta":{"_acf_changed":false,"_kad_post_transparent":"default","_kad_post_title":"default","_kad_post_layout":"default","_kad_post_sidebar_id":"","_kad_post_content_style":"default","_kad_post_vertical_padding":"default","_kad_post_feature":"","_kad_post_feature_position":"","_kad_post_header":false,"_kad_post_footer":false,"footnotes":""},"class_list":["post-2474","page","type-page","status-publish","hentry"],"acf":[],"rttpg_featured_image_url":null,"rttpg_author":{"display_name":"Elvis","author_link":"https:\/\/rocketplay-slot.com\/da\/author\/pemvas95n89x\/"},"rttpg_comment":0,"rttpg_category":null,"rttpg_excerpt":"Blandt kasinoer vinder brugerne popularitet i casino Live Dealer. Men mange mennesker forst\u00e5r ikke, hvad det er, hvorfor det er popul\u00e6rt, og hvordan man spiller spil med Live Dealeren. Det er derfor, vi hj\u00e6lper dig med at finde ud af det, forst\u00e5, hvordan det virker, og hvorfor du b\u00f8r spille med casino Live Dealer. Kan...","_links":{"self":[{"href":"https:\/\/rocketplay-slot.com\/da\/wp-json\/wp\/v2\/pages\/2474","targetHints":{"allow":["GET"]}}],"collection":[{"href":"https:\/\/rocketplay-slot.com\/da\/wp-json\/wp\/v2\/pages"}],"about":[{"href":"https:\/\/rocketplay-slot.com\/da\/wp-json\/wp\/v2\/types\/page"}],"author":[{"embeddable":true,"href":"https:\/\/rocketplay-slot.com\/da\/wp-json\/wp\/v2\/users\/1"}],"replies":[{"embeddable":true,"href":"https:\/\/rocketplay-slot.com\/da\/wp-json\/wp\/v2\/comments?post=2474"}],"version-history":[{"count":3,"href":"https:\/\/rocketplay-slot.com\/da\/wp-json\/wp\/v2\/pages\/2474\/revisions"}],"predecessor-version":[{"id":4591,"href":"https:\/\/rocketplay-slot.com\/da\/wp-json\/wp\/v2\/pages\/2474\/revisions\/4591"}],"wp:attachment":[{"href":"https:\/\/rocketplay-slot.com\/da\/wp-json\/wp\/v2\/media?parent=2474"}],"curies":[{"name":"wp","href":"https:\/\/api.w.org\/{rel}","templated":true}]}}