{"id":2526,"date":"2023-01-10T15:56:28","date_gmt":"2023-01-10T12:56:28","guid":{"rendered":"https:\/\/rocketplay-slot.com\/live-casino\/free\/"},"modified":"2024-02-08T17:03:05","modified_gmt":"2024-02-08T14:03:05","slug":"free","status":"publish","type":"page","link":"https:\/\/rocketplay-slot.com\/da\/live-casino\/free\/","title":{"rendered":"Alt om Gratis Live Casino hos Rocket Play"},"content":{"rendered":"<p>Mange f\u00f8rstegangsbrugere er bange for at spille kasinoer for rigtige penge. Nogen er bange for at spille for rigtige penge af frygt for at miste alt, nogen at de kan blive snydt. For s\u00e5danne mennesker er der et kasino Live Free til fuldt ud at pr\u00f8ve casinoet, udvikle deres spilstrategi og tjene rigtige penge.<\/p>\n<p><img loading=\"lazy\" decoding=\"async\" class=\"aligncenter wp-image-4106\" src=\"https:\/\/rocketplay-slot.com\/wp-content\/uploads\/2024\/02\/male-croupier-casino-table-hands-close-up-casino-concept-gambling-poker-chips-green-casino-table.jpg\" alt=\"Alt om Gratis Live Casino hos Rocket Play\" width=\"800\" height=\"534\" srcset=\"https:\/\/rocketplay-slot.com\/wp-content\/uploads\/2024\/02\/male-croupier-casino-table-hands-close-up-casino-concept-gambling-poker-chips-green-casino-table.jpg 1000w, https:\/\/rocketplay-slot.com\/wp-content\/uploads\/2024\/02\/male-croupier-casino-table-hands-close-up-casino-concept-gambling-poker-chips-green-casino-table-300x200.jpg 300w, https:\/\/rocketplay-slot.com\/wp-content\/uploads\/2024\/02\/male-croupier-casino-table-hands-close-up-casino-concept-gambling-poker-chips-green-casino-table-768x512.jpg 768w\" sizes=\"auto, (max-width: 800px) 100vw, 800px\" \/><\/p>\n<h2>HVORDAN SPILLER MAN?<\/h2>\n<p>Hvis du begynder at stifte bekendtskab med online gambling, har du muligvis et sp\u00f8rgsm\u00e5l om, hvordan du spiller online casinoer gratis. For at begynde at spille live casino online gratis, skal du bruge:<\/p>\n<ol>\n<li>G\u00e5 til onlinekasinoets officielle hjemmeside.<\/li>\n<li>Til h\u00f8jre i \u00f8verste hj\u00f8rne vil v\u00e6re en knap til registrering\/autorisation. Klik her og udfyld de p\u00e5kr\u00e6vede felter. Hvis du er en ny casinobruger, skal du omhyggeligt gennemg\u00e5 stadiet for registrering af din konto og angive dine gyldige data, s\u00e5som dit fornavn, efternavn, e-mail og telefonnummer.<\/li>\n<li>Derefter kan du samle de tilg\u00e6ngelige bonusser, g\u00e5 til sk\u00e6rmen med tilg\u00e6ngelige spil, og v\u00e6lg muligheden &#8220;Demospil&#8221; p\u00e5 det slot, du kan lide.<\/li>\n<\/ol>\n<p>Hvis du f\u00f8lger disse korte instruktioner, skulle du ikke have nogen problemer med at starte spillet i casino Live Free.<\/p>\n<h2>DE MEST POPUL\u00c6RE SPIL<\/h2>\n<p>Hvis du begynder din rejse som gambler, har du endnu ikke besluttet, hvilke spil du foretr\u00e6kker. Der er over hundrede spil i casinoet, s\u00e5 det bliver sv\u00e6rt at v\u00e6lge. Det er derfor, vi har besluttet at hj\u00e6lpe dig med dit valg og lavet et udvalg af, hvad vi synes er de mest sp\u00e6ndende casinospil Live Online Gratis:<\/p>\n<ul>\n<li>Live Baccarat &#8211; Hvis du er fan af dette spil, s\u00e5 nyd det fuldt ud i et live-format. Dette spil kan forbl\u00f8ffe dig endnu mere;<\/li>\n<li>Live Roulette \u2013 Mange foretr\u00e6kker klassisk roulette p\u00e5 grund af reglernes enkle regler og interessen for spillet. Derfor anbefaler vi dig at komme ind og pr\u00f8ve, hvad det er med en live dealer, hvilket selvf\u00f8lgelig forst\u00e6rker oplevelsen;<\/li>\n<li>Live Blackjack &#8211; Dette spil er fantastisk til fans af korte kortspil, og live dealeren vil ikke lade dig tvivle p\u00e5 \u00e6rligheden af dine resultater.<\/li>\n<\/ul>\n<p>Vi anbefaler, at du pr\u00f8ver dig frem i hvert spil for at f\u00e5 den bedste f\u00f8lelse af casinoet.<\/p>\n<h2>FORDELE VED GRATIS LIVE CASINO<\/h2>\n<p>Erfarne spillere, der spiller for rigtige penge, forst\u00e5r ofte ikke, hvorfor der er live casino Free Play, men m\u00e5ske har mange af dem glemt, hvordan de startede som gambler. N\u00e6sten alle online casinospillere er bange for at lave deres f\u00f8rste indbetaling p\u00e5 grund af fordomme, der kan sige, at kasinoer kan snyde, eller at de vil miste alle deres opsparinger.<\/p>\n<p>Det er pr\u00e6cis, hvad du skal bruge for at g\u00f8re det bedste live casino gratis. De giver dig mulighed for at f\u00e5 en smagspr\u00f8ve p\u00e5 sejren, og du vil f\u00e5 tillid til casinoets \u00e6rlighed, fordi du vil se, hvordan det fungerer med dine egne \u00f8jne. Hver bruger kan ogs\u00e5 f\u00e5 en gratis live casino bonus og begynde at tjene uden at foretage investeringer og spille p\u00e5 bekostning af online casinoer.<\/p>\n<h2>KONKLUSION<\/h2>\n<p>Gratis spil p\u00e5 online casinoer er en glimrende mulighed for begyndere til at stifte bekendtskab med arbejdet p\u00e5 online casinoer, med arbejdet i mange slots. Du kan udvikle deres strategier for at vinde og g\u00f8re din f\u00f8rste indbetaling mere sikkert. Derfor anbefaler vi p\u00e5 det kraftigste, at alle nybegyndere til online gambling verdenen stifter bekendtskab med gratis-spil online casinoer.<\/p>\n<p><img loading=\"lazy\" decoding=\"async\" class=\"aligncenter wp-image-4116\" src=\"https:\/\/rocketplay-slot.com\/wp-content\/uploads\/2024\/02\/different-poker-chips-casino-table.jpg\" alt=\"Alt om Gratis Live Casino hos Rocket Play 2\" width=\"800\" height=\"534\" srcset=\"https:\/\/rocketplay-slot.com\/wp-content\/uploads\/2024\/02\/different-poker-chips-casino-table.jpg 1000w, https:\/\/rocketplay-slot.com\/wp-content\/uploads\/2024\/02\/different-poker-chips-casino-table-300x200.jpg 300w, https:\/\/rocketplay-slot.com\/wp-content\/uploads\/2024\/02\/different-poker-chips-casino-table-768x512.jpg 768w\" sizes=\"auto, (max-width: 800px) 100vw, 800px\" \/><\/p>\n<h2>FAQ<\/h2>\n<p>Vi h\u00f8rer ogs\u00e5 ofte forskellige sp\u00f8rgsm\u00e5l om, hvordan casinoer fungerer. Vi har samlet tre ret popul\u00e6re og givet dig et svar, der m\u00e5ske kan hj\u00e6lpe dig.<\/p>\n<h3>KAN JEG SPILLE FRA MIN MOBIL?<\/h3>\n<p>Ja, online casinoet har en mobilversion af siden. For at komme til det skal du g\u00e5 til kasinoets officielle hjemmeside, og det vil omdirigere dig til webstedet, der er optimeret til din smartphone.<\/p>\n<h3>KAN JEG FORETAGE MIT F\u00d8RSTE INDL\u00c6G FRA EN CRYPTOCURRENCY WALLET?<\/h3>\n<p>Ja, onlinekasinoet giver alle brugere mulighed for at indbetale deres konto ved den metode, som du vil mest bekvemt.<\/p>\n<h3>HVAD ER EN VELKOMSTBONUS?<\/h3>\n<p>En velkomstbonus gives til alle nye brugere, der har registreret sig p\u00e5 vores casino. Denne bonus inkluderer normalt en bonus til det f\u00f8rste indskud og gratis spil. S\u00f8rg for at tjekke det ud p\u00e5 hjemmesiden med det p\u00e5 den officielle casino hjemmeside.<\/p>\n","protected":false},"excerpt":{"rendered":"<p>Mange f\u00f8rstegangsbrugere er bange for at spille kasinoer for rigtige penge. Nogen er bange for at spille for rigtige penge af frygt for at miste alt, nogen at de kan blive snydt. For s\u00e5danne mennesker er der et kasino Live Free til fuldt ud at pr\u00f8ve casinoet, udvikle deres spilstrategi og tjene rigtige penge. HVORDAN&#8230;<\/p>\n","protected":false},"author":1,"featured_media":0,"parent":2080,"menu_order":0,"comment_status":"closed","ping_status":"closed","template":"","meta":{"_acf_changed":false,"_kad_post_transparent":"default","_kad_post_title":"default","_kad_post_layout":"default","_kad_post_sidebar_id":"","_kad_post_content_style":"default","_kad_post_vertical_padding":"default","_kad_post_feature":"","_kad_post_feature_position":"","_kad_post_header":false,"_kad_post_footer":false,"footnotes":""},"class_list":["post-2526","page","type-page","status-publish","hentry"],"acf":[],"rttpg_featured_image_url":null,"rttpg_author":{"display_name":"Elvis","author_link":"https:\/\/rocketplay-slot.com\/da\/author\/pemvas95n89x\/"},"rttpg_comment":0,"rttpg_category":null,"rttpg_excerpt":"Mange f\u00f8rstegangsbrugere er bange for at spille kasinoer for rigtige penge. Nogen er bange for at spille for rigtige penge af frygt for at miste alt, nogen at de kan blive snydt. For s\u00e5danne mennesker er der et kasino Live Free til fuldt ud at pr\u00f8ve casinoet, udvikle deres spilstrategi og tjene rigtige penge. HVORDAN...","_links":{"self":[{"href":"https:\/\/rocketplay-slot.com\/da\/wp-json\/wp\/v2\/pages\/2526","targetHints":{"allow":["GET"]}}],"collection":[{"href":"https:\/\/rocketplay-slot.com\/da\/wp-json\/wp\/v2\/pages"}],"about":[{"href":"https:\/\/rocketplay-slot.com\/da\/wp-json\/wp\/v2\/types\/page"}],"author":[{"embeddable":true,"href":"https:\/\/rocketplay-slot.com\/da\/wp-json\/wp\/v2\/users\/1"}],"replies":[{"embeddable":true,"href":"https:\/\/rocketplay-slot.com\/da\/wp-json\/wp\/v2\/comments?post=2526"}],"version-history":[{"count":3,"href":"https:\/\/rocketplay-slot.com\/da\/wp-json\/wp\/v2\/pages\/2526\/revisions"}],"predecessor-version":[{"id":4607,"href":"https:\/\/rocketplay-slot.com\/da\/wp-json\/wp\/v2\/pages\/2526\/revisions\/4607"}],"up":[{"embeddable":true,"href":"https:\/\/rocketplay-slot.com\/da\/wp-json\/wp\/v2\/pages\/2080"}],"wp:attachment":[{"href":"https:\/\/rocketplay-slot.com\/da\/wp-json\/wp\/v2\/media?parent=2526"}],"curies":[{"name":"wp","href":"https:\/\/api.w.org\/{rel}","templated":true}]}}