{"id":2578,"date":"2023-01-10T17:52:28","date_gmt":"2023-01-10T14:52:28","guid":{"rendered":"https:\/\/rocketplay-slot.com\/live-dealer-poker-at-rocket-play-review\/"},"modified":"2024-02-08T17:09:07","modified_gmt":"2024-02-08T14:09:07","slug":"app","status":"publish","type":"page","link":"https:\/\/rocketplay-slot.com\/da\/live-casino\/app\/","title":{"rendered":"Live casino app hos Rocket Play"},"content":{"rendered":"<p>En tur til et landbaseret kasino efterlader en uforglemmelig oplevelse for hele livet. Selvf\u00f8lgelig, for her er alt gennemsyret af gambling, en mystisk og eftertragtet atmosf\u00e6re. Men det hele kan klares uden at forlade dit eget hjem. Alt du skal g\u00f8re er at g\u00e5 til Live Casino-appen. Dette har allerede vundet popularitet, s\u00e5 vi besluttede at fort\u00e6lle dig mere om det.<\/p>\n<p><img loading=\"lazy\" decoding=\"async\" class=\"aligncenter wp-image-4126\" src=\"https:\/\/rocketplay-slot.com\/wp-content\/uploads\/2024\/02\/composite-image-online-roulette-game.jpg\" alt=\"Live casino app hos Rocket Play\" width=\"800\" height=\"394\" srcset=\"https:\/\/rocketplay-slot.com\/wp-content\/uploads\/2024\/02\/composite-image-online-roulette-game.jpg 1000w, https:\/\/rocketplay-slot.com\/wp-content\/uploads\/2024\/02\/composite-image-online-roulette-game-300x148.jpg 300w, https:\/\/rocketplay-slot.com\/wp-content\/uploads\/2024\/02\/composite-image-online-roulette-game-768x378.jpg 768w\" sizes=\"auto, (max-width: 800px) 100vw, 800px\" \/><\/p>\n<h2>SPIL P\u00c5 ANDROID OG IPHONE<\/h2>\n<p>For at begynde at spille Live Casino-appen android, skal du bruge:<\/p>\n<ol>\n<li>G\u00e5 til onlinekasinoets officielle hjemmeside fra din mobiltelefon.<\/li>\n<li>Helt \u00f8verst vil der v\u00e6re en knap, der giver dig mulighed for at downloade en mobilapplikation til din smartphone. Klik p\u00e5 den, og s\u00e5 skulle den begynde at downloade automatisk.<\/li>\n<li>N\u00e5r applikationen er downloadet til din smartphone, skal du klikke p\u00e5 downloadlinjen p\u00e5 applikationen og klikke p\u00e5 &#8220;Installer&#8221;.<\/li>\n<li>Appen skal installeres ret hurtigt, s\u00e5 det burde ikke v\u00e6re et problem.<\/li>\n<li>N\u00e5r appen er installeret, b\u00f8r Live Casino app-ikonet vises p\u00e5 dit skrivebord. Klik p\u00e5 den, og du kommer ind i appen.<\/li>\n<li>N\u00e5r du har logget ind p\u00e5 appen, bliver du straks bedt om at logge ind, hvis du allerede har en casinokonto, eller at registrere dig, hvis du endnu ikke har en konto.<br \/>\nHvis du tilmelder dig, skal du huske at udfylde alle felterne korrekt, uden fejl, og angive de n\u00f8jagtige data. Du skal inkludere dit for- og efternavn, mail, dit telefonnummer. Du modtager en mail med en bekr\u00e6ftelse p\u00e5 tilmelding, og vil fremover modtage bonustilbud, hold godt \u00f8je med det.<\/li>\n<\/ol>\n<p>Ved at f\u00f8lge disse instruktioner kan du nemt installere online casino mobilappen. Desv\u00e6rre, hvis du har en iPhone, vil du ikke v\u00e6re i stand til at installere appen. Men vores softwareingeni\u00f8rer har udviklet en praktisk mobilversion af webstedet, der giver dig de samme funktioner som appen.<\/p>\n<h2>LIVE CASINO APP SPILVALG<\/h2>\n<p>Nogle spillere kan stille sp\u00f8rgsm\u00e5lstegn ved, hvilke spil der er tilg\u00e6ngelige p\u00e5 den bedste Live Casino-app. Og vi har behandlet dette problem. De mest popul\u00e6re spil i desktopversionen er p\u00e5 mobile enheder. Selvf\u00f8lgelig er ikke alle spil tilg\u00e6ngelige i \u00f8jeblikket, men allerede nu er mere end 80% af spillene tilg\u00e6ngelige p\u00e5 dine mobiltelefoner. Men separat kan vi tildele s\u00e5danne af dem:<\/p>\n<ul>\n<li>Aloha Kong Elvis;<\/li>\n<li>Magic Spin;<\/li>\n<li>Hold 3 point og vind.<\/li>\n<\/ul>\n<p>Du kan tjene rigtige penge p\u00e5 din mobiltelefon i alle disse slots.<\/p>\n<h2>FORDELE OG ULEMPER VED LIVE CASINO APP<\/h2>\n<p>Overalt kan du finde dens plusser og minusser, s\u00e5vel som her, det vigtigste er forholdet mellem minusser og plusser. Og her kan dette forhold g\u00f8re brugerne glade. De eneste ulemper ved mobilspil er, at ikke alle spil er tilg\u00e6ngelige, selvom de fleste af dem er det, men m\u00e5ske er nogens yndlingsspil ikke blevet optimeret endnu.<\/p>\n<p>Og plusserne ved mobilspil er mere end nok, og de kan v\u00e6re forskellige for alle. Nogle vil bem\u00e6rke, at mobilapplikationen altid er lige ved h\u00e5nden, og du kan spille selv v\u00e6k fra hjemmet. Nogle kan lide, at man kan lege uden at rejse sig fra sofaen. Nogen kan bare lide, hvordan det ser ud p\u00e5 telefonen. Og nogle mennesker har ikke en pc. Og alle disse mennesker kan lide mobilspil.<\/p>\n<h2>KONKLUSION<\/h2>\n<p>Som konklusion vinder Live Casino online-appen stadig popularitet, men allerede nu ser dette marked attraktivt ud. De fremtr\u00e6dende spillere p\u00e5 softwaremarkedet g\u00f8r allerede deres spil mobilvenlige i f\u00f8rste omgang. S\u00e5 s\u00f8rg for at pr\u00f8ve at spille online casinospil fra din mobil.<\/p>\n<p><img loading=\"lazy\" decoding=\"async\" class=\"aligncenter wp-image-4135\" src=\"https:\/\/rocketplay-slot.com\/wp-content\/uploads\/2024\/02\/online-gambling-mobile.jpg\" alt=\"Live casino app hos Rocket Play 2\" width=\"800\" height=\"533\" srcset=\"https:\/\/rocketplay-slot.com\/wp-content\/uploads\/2024\/02\/online-gambling-mobile.jpg 1000w, https:\/\/rocketplay-slot.com\/wp-content\/uploads\/2024\/02\/online-gambling-mobile-300x200.jpg 300w, https:\/\/rocketplay-slot.com\/wp-content\/uploads\/2024\/02\/online-gambling-mobile-768x511.jpg 768w\" sizes=\"auto, (max-width: 800px) 100vw, 800px\" \/><\/p>\n<h2>FAQ<\/h2>\n<p>Vi hj\u00e6lper altid en masse mennesker, hvis de har sp\u00f8rgsm\u00e5l. Derfor har vi samlet et par popul\u00e6re sp\u00f8rgsm\u00e5l fra vores l\u00e6sere og givet dem vores korte svar.<\/p>\n<h3>KAN JEG SPILLE GRATIS FRA MOBILAPPEN?<\/h3>\n<p>Ja, i mobilappen kan du spille de samme spil gratis som fra den officielle side p\u00e5 din pc.<\/p>\n<h3>HVILKE METODER KAN JEG BRUGE TIL AT F\u00c6LDE MIN SALDO FRA MOBILAPPEN?<\/h3>\n<p>Du kan fylde din saldo op ved at bruge en hvilken som helst metode, der passer dig. Du kan bruge b\u00e5de dit bankkort og din cryptocurrency-pung.<\/p>\n<h3>KAN JEG SPILLE GENNEM MOBILAPPEN, HVIS JEG ER UNDER 18?<\/h3>\n<p>Nej, if\u00f8lge loven kan vi ikke give dig adgang til spil, f\u00f8r du er fyldt 18 \u00e5r.<\/p>\n","protected":false},"excerpt":{"rendered":"<p>En tur til et landbaseret kasino efterlader en uforglemmelig oplevelse for hele livet. Selvf\u00f8lgelig, for her er alt gennemsyret af gambling, en mystisk og eftertragtet atmosf\u00e6re. Men det hele kan klares uden at forlade dit eget hjem. Alt du skal g\u00f8re er at g\u00e5 til Live Casino-appen. Dette har allerede vundet popularitet, s\u00e5 vi besluttede&#8230;<\/p>\n","protected":false},"author":1,"featured_media":0,"parent":2080,"menu_order":0,"comment_status":"closed","ping_status":"closed","template":"","meta":{"_acf_changed":false,"_kad_post_transparent":"default","_kad_post_title":"default","_kad_post_layout":"default","_kad_post_sidebar_id":"","_kad_post_content_style":"default","_kad_post_vertical_padding":"default","_kad_post_feature":"","_kad_post_feature_position":"","_kad_post_header":false,"_kad_post_footer":false,"footnotes":""},"class_list":["post-2578","page","type-page","status-publish","hentry"],"acf":[],"rttpg_featured_image_url":null,"rttpg_author":{"display_name":"Elvis","author_link":"https:\/\/rocketplay-slot.com\/da\/author\/pemvas95n89x\/"},"rttpg_comment":0,"rttpg_category":null,"rttpg_excerpt":"En tur til et landbaseret kasino efterlader en uforglemmelig oplevelse for hele livet. Selvf\u00f8lgelig, for her er alt gennemsyret af gambling, en mystisk og eftertragtet atmosf\u00e6re. Men det hele kan klares uden at forlade dit eget hjem. Alt du skal g\u00f8re er at g\u00e5 til Live Casino-appen. Dette har allerede vundet popularitet, s\u00e5 vi besluttede...","_links":{"self":[{"href":"https:\/\/rocketplay-slot.com\/da\/wp-json\/wp\/v2\/pages\/2578","targetHints":{"allow":["GET"]}}],"collection":[{"href":"https:\/\/rocketplay-slot.com\/da\/wp-json\/wp\/v2\/pages"}],"about":[{"href":"https:\/\/rocketplay-slot.com\/da\/wp-json\/wp\/v2\/types\/page"}],"author":[{"embeddable":true,"href":"https:\/\/rocketplay-slot.com\/da\/wp-json\/wp\/v2\/users\/1"}],"replies":[{"embeddable":true,"href":"https:\/\/rocketplay-slot.com\/da\/wp-json\/wp\/v2\/comments?post=2578"}],"version-history":[{"count":5,"href":"https:\/\/rocketplay-slot.com\/da\/wp-json\/wp\/v2\/pages\/2578\/revisions"}],"predecessor-version":[{"id":4615,"href":"https:\/\/rocketplay-slot.com\/da\/wp-json\/wp\/v2\/pages\/2578\/revisions\/4615"}],"up":[{"embeddable":true,"href":"https:\/\/rocketplay-slot.com\/da\/wp-json\/wp\/v2\/pages\/2080"}],"wp:attachment":[{"href":"https:\/\/rocketplay-slot.com\/da\/wp-json\/wp\/v2\/media?parent=2578"}],"curies":[{"name":"wp","href":"https:\/\/api.w.org\/{rel}","templated":true}]}}