{"id":2668,"date":"2023-01-10T21:33:59","date_gmt":"2023-01-10T18:33:59","guid":{"rendered":"https:\/\/rocketplay-slot.com\/live-casino\/real-money\/"},"modified":"2025-11-24T20:18:11","modified_gmt":"2025-11-24T17:18:11","slug":"real-money","status":"publish","type":"page","link":"https:\/\/rocketplay-slot.com\/da\/live-casino\/real-money\/","title":{"rendered":"Alt om Live casino rigtige penge p\u00e5 Rocket Play Casino"},"content":{"rendered":"<p>Mange mennesker kan lide at spille. Nogle kan lide at satse penge p\u00e5 sport, og nogle kan lide at spille poker med venner. Og nogle kan lide at spille for rigtige penge p\u00e5 online casinoer. Det giver en unik f\u00f8lelse af sp\u00e6nding. Det giver den ekstra f\u00f8lelse af en casino-atmosf\u00e6re, hvor du ikke engang beh\u00f8ver at forlade hjemmet. Du kan spille p\u00e5 et online casino n\u00e5r som helst, et stort plus for mange mennesker. S\u00e5 for dig har vi lavet vores anmeldelse, hvor vi vil fort\u00e6lle dig alt om live online casino Rigtige Penge.<\/p>\n<p><img loading=\"lazy\" decoding=\"async\" class=\"aligncenter wp-image-4086\" src=\"https:\/\/rocketplay-slot.com\/wp-content\/uploads\/2024\/02\/cards-chips-poker-green-table.jpg\" alt=\"Alt om Live casino rigtige penge p\u00e5 Rocket Play Casino\" width=\"800\" height=\"534\" srcset=\"https:\/\/rocketplay-slot.com\/wp-content\/uploads\/2024\/02\/cards-chips-poker-green-table.jpg 1000w, https:\/\/rocketplay-slot.com\/wp-content\/uploads\/2024\/02\/cards-chips-poker-green-table-300x200.jpg 300w, https:\/\/rocketplay-slot.com\/wp-content\/uploads\/2024\/02\/cards-chips-poker-green-table-768x512.jpg 768w\" sizes=\"auto, (max-width: 800px) 100vw, 800px\" \/><\/p>\n<h2>DE MEST POPUL\u00c6RE RIGTIGE PENGE LIVE CASINO-SPIL<\/h2>\n<p>I live online casino rigtige penge kan du finde hundredvis af spil. Og mange kan v\u00e6re forvirrede over, hvad de vil spille. S\u00e5 vi har lavet dig vores lille liste over spil, som du skal v\u00e6re opm\u00e6rksom p\u00e5:<\/p>\n<ul>\n<li>Live Blackjack er en af de mest popul\u00e6re typer p\u00e5 online casinoer. Spillets regler adskiller sig ikke fra almindelig blackjack, bortset fra at her ser du dealeren p\u00e5 hans sk\u00e6rm, og spillet kan v\u00e6re fra 1 til 7 deltagere;<\/li>\n<li>Live Roulette er et klassisk spil, du kan finde p\u00e5 ethvert landbaseret casino. Kun alt dette er p\u00e5 din sk\u00e6rm;<\/li>\n<li>Live Bingo &#8211; alle elsker bingo. Mange har spillet bingo med deres familie og mange med venner. Men ikke alle har spillet bingo for rigtige penge. Her kan du rette op p\u00e5 det.<\/li>\n<\/ul>\n<p>S\u00f8rg for at g\u00e5 og pr\u00f8ve at spille alle disse spil. Det vil bringe dig en masse f\u00f8lelser og give dig en fremragende mulighed for at tjene rigtige penge.<\/p>\n<h2>RIGTIGE PENGE LIVE CASINO BANKMETODER<\/h2>\n<p>I dagens verden har mange mennesker ikke kun opsparing p\u00e5 \u00e9t bankkort. Mange mennesker kan have dem p\u00e5 betalingssystemer eller cryptocurrency-konti. Og det er godt, n\u00e5r casinoet giver mulighed for at indbetale fra forskellige systemer. Lad os se p\u00e5, hvilke metoder til indbetaling af din saldo er tilg\u00e6ngelige p\u00e5 Rocket Play Casino:<\/p>\n<ul>\n<li>du kan fylde din saldo op med dit bankkort, hvis det underst\u00f8tter Visa, MasterCard eller American Express;<\/li>\n<li>hvis du er en aktiv bruger af internetbetalingssystemer, s\u00e5 kan du fylde din saldo op med din PayPal eller Payoneer;<\/li>\n<li>du kan ogs\u00e5 fylde din saldo p\u00e5 onlinekasinoets side fra din kryptovalutakonto. Dette g\u00f8res for din maksimale bekvemmelighed.<\/li>\n<\/ul>\n<p>Efter du har fyldt din saldo op i Real Money live casino, kan du tjene penge med forn\u00f8jelse ved at spille spil.<\/p>\n<h2>HVORFOR SKAL DU SPILLE LIVE CASINO RIGTIGE PENGE<\/h2>\n<p>Nogle brugere er forsigtige med at spille live casino rigtige penge, men du kan altid starte med et minimumsindskud. I spil skal du ikke lave de st\u00f8rste indsatser. Det vil spare dig for hurtigt at miste hele bel\u00f8bet. Du kan tjene mere, end du har investeret. Mange brugere \u00f8nsker at f\u00e5 deres jackpot, men du kan kun f\u00e5 den ved at spille rigtige penge.<\/p>\n<p>N\u00e5r du spiller med rigtige penge, er det vigtigt at huske nogle tips for aldrig at ende med 0 p\u00e5 din saldo. For at g\u00f8re dette skal du aldrig satse all-in. Sats meget p\u00e5 sm\u00e5 indsatser. V\u00e6r altid \u00e6dru omkring situationen, og bliv ikke ved med at spille, hvis du begynder at blive ramt af tab alene.<\/p>\n<h2>KONKLUSION<\/h2>\n<p>Spil det bedste live casino Rigtige penge er altid risikoen for at miste alt. Men det giver dig en glimrende mulighed for at vinde rigtige penge, hvis du griber det fornuftigt an. Du vil helt sikkert vinde din jackpot, hvis du er forsigtig med dine indsatser.<\/p>\n<p><img loading=\"lazy\" decoding=\"async\" class=\"aligncenter wp-image-4096\" src=\"https:\/\/rocketplay-slot.com\/wp-content\/uploads\/2024\/02\/man-dealer-croupier-shuffles-poker-cards-casino-background-tableasain-man-holding-two-playing-cards-casino-poker-poker-game-concept.jpg\" alt=\"Alt om Live casino rigtige penge p\u00e5 Rocket Play Casino 2\" width=\"800\" height=\"534\" srcset=\"https:\/\/rocketplay-slot.com\/wp-content\/uploads\/2024\/02\/man-dealer-croupier-shuffles-poker-cards-casino-background-tableasain-man-holding-two-playing-cards-casino-poker-poker-game-concept.jpg 1000w, https:\/\/rocketplay-slot.com\/wp-content\/uploads\/2024\/02\/man-dealer-croupier-shuffles-poker-cards-casino-background-tableasain-man-holding-two-playing-cards-casino-poker-poker-game-concept-300x200.jpg 300w, https:\/\/rocketplay-slot.com\/wp-content\/uploads\/2024\/02\/man-dealer-croupier-shuffles-poker-cards-casino-background-tableasain-man-holding-two-playing-cards-casino-poker-poker-game-concept-768x512.jpg 768w\" sizes=\"auto, (max-width: 800px) 100vw, 800px\" \/><\/p>\n<h2>FAQ<\/h2>\n<p>Mange nybegyndere stiller os sp\u00f8rgsm\u00e5l, som kan interessere dem. Ofte er det simple sp\u00f8rgsm\u00e5l, s\u00e5 vi har samlet nogle af dem og besvaret dem i denne artikel.c<\/p>\n<h3>KAN JEG SPILLE GRATIS?<\/h3>\n<p>Ja, online casinoet har sit bonussystem, der giver dig mulighed for at pr\u00f8ve at lave dit f\u00f8rste v\u00e6ddem\u00e5l uden at bruge dine rigtige penge. Der er ogs\u00e5 en demo-tilstand for hver slot. Pr\u00f8v din h\u00e5nd der og tjen rigtige penge efter din f\u00f8rste indbetaling.<\/p>\n<h3>KAN JEG SPILLE, HVIS JEG IKKE HAR EN PC?<\/h3>\n<p>Du beh\u00f8ver ikke en pc for at spille online casinoer. Du kan begynde at spille fra din telefon. Dette online casino er blevet optimeret til mobile enheders officielle hjemmesider. Du kan downloade vores applikation fra den officielle hjemmeside.<\/p>\n<h3>I HVILKEN ALDER KAN JEG BEGYNDE AT SPILLE I CASINO?<\/h3>\n<p>Du kan begynde at spille p\u00e5 casinoet fra du er 18. Denne regel er lavet under de love, som online casinoet overholder.<\/p>\n","protected":false},"excerpt":{"rendered":"<p>Mange mennesker kan lide at spille. Nogle kan lide at satse penge p\u00e5 sport, og nogle kan lide at spille poker med venner. Og nogle kan lide at spille for rigtige penge p\u00e5 online casinoer. Det giver en unik f\u00f8lelse af sp\u00e6nding. Det giver den ekstra f\u00f8lelse af en casino-atmosf\u00e6re, hvor du ikke engang beh\u00f8ver&#8230;<\/p>\n","protected":false},"author":1,"featured_media":0,"parent":2080,"menu_order":0,"comment_status":"closed","ping_status":"closed","template":"","meta":{"_acf_changed":false,"_kad_post_transparent":"default","_kad_post_title":"default","_kad_post_layout":"default","_kad_post_sidebar_id":"","_kad_post_content_style":"default","_kad_post_vertical_padding":"default","_kad_post_feature":"","_kad_post_feature_position":"","_kad_post_header":false,"_kad_post_footer":false,"footnotes":""},"class_list":["post-2668","page","type-page","status-publish","hentry"],"acf":[],"rttpg_featured_image_url":null,"rttpg_author":{"display_name":"Elvis","author_link":"https:\/\/rocketplay-slot.com\/da\/author\/pemvas95n89x\/"},"rttpg_comment":0,"rttpg_category":null,"rttpg_excerpt":"Mange mennesker kan lide at spille. Nogle kan lide at satse penge p\u00e5 sport, og nogle kan lide at spille poker med venner. Og nogle kan lide at spille for rigtige penge p\u00e5 online casinoer. Det giver en unik f\u00f8lelse af sp\u00e6nding. Det giver den ekstra f\u00f8lelse af en casino-atmosf\u00e6re, hvor du ikke engang beh\u00f8ver...","_links":{"self":[{"href":"https:\/\/rocketplay-slot.com\/da\/wp-json\/wp\/v2\/pages\/2668","targetHints":{"allow":["GET"]}}],"collection":[{"href":"https:\/\/rocketplay-slot.com\/da\/wp-json\/wp\/v2\/pages"}],"about":[{"href":"https:\/\/rocketplay-slot.com\/da\/wp-json\/wp\/v2\/types\/page"}],"author":[{"embeddable":true,"href":"https:\/\/rocketplay-slot.com\/da\/wp-json\/wp\/v2\/users\/1"}],"replies":[{"embeddable":true,"href":"https:\/\/rocketplay-slot.com\/da\/wp-json\/wp\/v2\/comments?post=2668"}],"version-history":[{"count":3,"href":"https:\/\/rocketplay-slot.com\/da\/wp-json\/wp\/v2\/pages\/2668\/revisions"}],"predecessor-version":[{"id":4599,"href":"https:\/\/rocketplay-slot.com\/da\/wp-json\/wp\/v2\/pages\/2668\/revisions\/4599"}],"up":[{"embeddable":true,"href":"https:\/\/rocketplay-slot.com\/da\/wp-json\/wp\/v2\/pages\/2080"}],"wp:attachment":[{"href":"https:\/\/rocketplay-slot.com\/da\/wp-json\/wp\/v2\/media?parent=2668"}],"curies":[{"name":"wp","href":"https:\/\/api.w.org\/{rel}","templated":true}]}}