{"id":2722,"date":"2023-01-10T22:05:04","date_gmt":"2023-01-10T19:05:04","guid":{"rendered":"https:\/\/rocketplay-slot.com\/live-poker\/"},"modified":"2024-02-08T16:42:54","modified_gmt":"2024-02-08T13:42:54","slug":"live-poker","status":"publish","type":"page","link":"https:\/\/rocketplay-slot.com\/da\/live-poker\/","title":{"rendered":"Rocket Play Casino Live Poker anmeldelse"},"content":{"rendered":"<p>Tilbage i det tidlige 20. \u00e5rhundrede blev poker et af de mest popul\u00e6re spil. Poker blev spillet overalt i barer, p\u00e5 gaden og derhjemme. Derfor er det ikke overraskende, at poker er blandt de mest popul\u00e6re casinoer. Og en af disse muligheder er Live Poker, et spil mange brugere elsker, hvor mange brugere kan tilbringe hele aftener. Det er derfor, vi skrev denne artikel for at fort\u00e6lle dig alt om Live online poker.<\/p>\n<p><img loading=\"lazy\" decoding=\"async\" class=\"aligncenter wp-image-4047\" src=\"https:\/\/rocketplay-slot.com\/wp-content\/uploads\/2024\/02\/young-models-stylish-dresses-are-smiling-showing-two-green-chips-aces-posing-standing-back-back-colorful-background-with-sparkles-roulette-flying-chips-poker-casino-close-up.jpg\" alt=\"Rocket Play Casino Live Poker anmeldelse\" width=\"800\" height=\"479\" srcset=\"https:\/\/rocketplay-slot.com\/wp-content\/uploads\/2024\/02\/young-models-stylish-dresses-are-smiling-showing-two-green-chips-aces-posing-standing-back-back-colorful-background-with-sparkles-roulette-flying-chips-poker-casino-close-up.jpg 1000w, https:\/\/rocketplay-slot.com\/wp-content\/uploads\/2024\/02\/young-models-stylish-dresses-are-smiling-showing-two-green-chips-aces-posing-standing-back-back-colorful-background-with-sparkles-roulette-flying-chips-poker-casino-close-up-300x180.jpg 300w, https:\/\/rocketplay-slot.com\/wp-content\/uploads\/2024\/02\/young-models-stylish-dresses-are-smiling-showing-two-green-chips-aces-posing-standing-back-back-colorful-background-with-sparkles-roulette-flying-chips-poker-casino-close-up-768x460.jpg 768w\" sizes=\"auto, (max-width: 800px) 100vw, 800px\" \/><\/p>\n<h2>HVAD ER LIVE CASINO POKER?<\/h2>\n<p>Live Poker er en type poker, som mange spillere elsker. Forskellen i Live Poker Australia er, at en dealer er til stede hos dig for at h\u00e5ndtere kortene. Du kan altid v\u00e6re sikker p\u00e5, at det er et fair spil, fordi dealeren er foran dig og viser kortene til dig. Mange mennesker kan lide Live Poker, fordi det ligner poker i et landbaseret casino.<\/p>\n<h2>S\u00c5DAN SPILLER MAN LIVE CASINO POKER-SPIL<\/h2>\n<p>Hvis du stadig er ny i verden af online casinoer, s\u00e5 l\u00e6s hvordan du begynder at spille den bedste Live Poker. S\u00e5 lad os finde ud af, hvordan det hele sker:<\/p>\n<ol>\n<li>Umiddelbart foran dig p\u00e5 sk\u00e6rmen vil forhandleren v\u00e6re. N\u00e5r bordet samler tilstr\u00e6kkelige deltagere, vil han starte spillet.<\/li>\n<li>Efter spillets start vil du se kontrollerne, hvor du kan administrere dine indsatser, se p\u00e5 de aktuelle kort p\u00e5 bordet og p\u00e5 din h\u00e5nd, se alle mulige vinderkombinationer og sammenligne, hvilke du matcher.<\/li>\n<li>N\u00e5r spillet er startet, giver dealeren to kort til hver spiller ved bordet og placerer tre p\u00e5 bordet. Se hvilke kort du har, hvilke kort der er p\u00e5 bordet, og hvilke vinderkombinationer der er i spillet. Sammenlign dine kort og vinderkombinationer, og g\u00e6t, hvad dine bedste og v\u00e6rste kombinationer kan v\u00e6re i de n\u00e6ste to h\u00e6nder.<\/li>\n<li>Placer din indsats og vent, indtil alle andre g\u00f8r det. Se dine modstandere og deres reaktioner.<\/li>\n<li>N\u00e5r alle har placeret deres indsatser, vil dealeren sige: &#8220;V\u00e6ddem\u00e5l er placeret, ikke flere indsatser.&#8221; og del endnu et kort til alle spillere. S\u00e5 kan du h\u00e6ve dine indsatser eller forlade bordet.<\/li>\n<li>Hvis du stadig er med i spillet, f\u00e5r du det sidste kort. Sammenlign omhyggeligt, hvilke kort du har, og hvad dine modstandere kan have. F\u00f8lg n\u00f8je deres bev\u00e6gelser. Foretag derefter et sidste raise eller forlad bordet.<\/li>\n<li>N\u00e5r alle har foretaget den endelige indsats, \u00e5bner spillerne deres kort, og du kan finde vinderen med den h\u00f8jeste kombination. Hvis dette er dig &#8211; tillykke, du har vundet alle v\u00e6ddem\u00e5l i dette spil.<\/li>\n<\/ol>\n<p>Ved at f\u00f8lge disse instruktioner kan du altid vinde dit spil med det rigtige held.<\/p>\n<h2>TYPER LIVE CASINO POKER<\/h2>\n<p>Der er mange varianter af poker i verden, hovedsageligt afh\u00e6ngigt af den region, hvor de stammer fra. Og disse typer poker kan du m\u00f8de p\u00e5 online casinoer:<\/p>\n<ul>\n<li>Texas Hold&#8217;em;<\/li>\n<li>Omaha;<\/li>\n<li>Syv-kort stud;<\/li>\n<li>Fem kort tr\u00e6k;<\/li>\n<li>H\u00f8j Lav Chicago.<\/li>\n<\/ul>\n<p>De v\u00e6sentligste forskelle er, hvor mange kort der spilles pr. spil. De bedste Live Poker-spil er Texas Hold&#8217;em.<\/p>\n<h2>FORDELE VED LIVE POKER<\/h2>\n<p>Live Poker har bestemt mange fordele. Selvf\u00f8lgelig vil alle finde deres fordele. Vi kan fremh\u00e6ve et par af de almindelige &#8211; retf\u00e6rdigheden over for spillerne, den fantastiske atmosf\u00e6re, der bringer dig direkte ind i kasinohallerne, og live-interaktionen, der bidrager til sp\u00e6ndingen ved handlingen.<\/p>\n<h2>KONKLUSION<\/h2>\n<p>Afslutningsvis er poker et af de mest sp\u00e6ndende spil p\u00e5 online casinoer. F\u00f8lg Live Poker-tips, professionelle spillere. Og s\u00f8rg for at spille poker!<\/p>\n<p><img loading=\"lazy\" decoding=\"async\" class=\"aligncenter wp-image-4057\" src=\"https:\/\/rocketplay-slot.com\/wp-content\/uploads\/2024\/02\/casino-tokens-green-background-with-deck-cards.jpg\" alt=\"Rocket Play Casino Live Poker anmeldelse 2\" width=\"800\" height=\"534\" srcset=\"https:\/\/rocketplay-slot.com\/wp-content\/uploads\/2024\/02\/casino-tokens-green-background-with-deck-cards.jpg 1000w, https:\/\/rocketplay-slot.com\/wp-content\/uploads\/2024\/02\/casino-tokens-green-background-with-deck-cards-300x200.jpg 300w, https:\/\/rocketplay-slot.com\/wp-content\/uploads\/2024\/02\/casino-tokens-green-background-with-deck-cards-768x512.jpg 768w\" sizes=\"auto, (max-width: 800px) 100vw, 800px\" \/><\/p>\n<h2>FAQ<\/h2>\n<p>Begyndere skriver os ofte lignende sp\u00f8rgsm\u00e5l, hvilket forventes, fordi alle bekymrer sig om, hvordan de vil spille. S\u00e5 vi har samlet nogle af dem i denne artikel og besvaret dem.<\/p>\n<h3>KAN JEG SPILLE GRATIS?<\/h3>\n<p>Ja, online casinoer har demoversioner af live poker, hvor du ikke kan risikere din balance og til at begynde med l\u00e6re at spille.<\/p>\n<h3>KAN JEG SPILLE POKER P\u00c5 MIN MOBIL?<\/h3>\n<p>Du kan downloade online casino-appen p\u00e5 din mobiltelefon, hvis du har Android. Du kan spille fra den officielle online casino hjemmeside, hvis du har en iPhone. Den er perfekt optimeret til mobile enheder.<\/p>\n<h3>I HVILKEN ALDER KAN JEG SPILLE POKER?<\/h3>\n<p>If\u00f8lge loven m\u00e5 du f\u00f8rst begynde at spille, n\u00e5r du fylder 18 \u00e5r.<\/p>\n","protected":false},"excerpt":{"rendered":"<p>Tilbage i det tidlige 20. \u00e5rhundrede blev poker et af de mest popul\u00e6re spil. Poker blev spillet overalt i barer, p\u00e5 gaden og derhjemme. Derfor er det ikke overraskende, at poker er blandt de mest popul\u00e6re casinoer. Og en af disse muligheder er Live Poker, et spil mange brugere elsker, hvor mange brugere kan tilbringe&#8230;<\/p>\n","protected":false},"author":1,"featured_media":0,"parent":0,"menu_order":0,"comment_status":"closed","ping_status":"closed","template":"","meta":{"_acf_changed":false,"_kad_post_transparent":"default","_kad_post_title":"default","_kad_post_layout":"default","_kad_post_sidebar_id":"","_kad_post_content_style":"default","_kad_post_vertical_padding":"default","_kad_post_feature":"","_kad_post_feature_position":"","_kad_post_header":false,"_kad_post_footer":false,"footnotes":""},"class_list":["post-2722","page","type-page","status-publish","hentry"],"acf":[],"rttpg_featured_image_url":null,"rttpg_author":{"display_name":"Elvis","author_link":"https:\/\/rocketplay-slot.com\/da\/author\/pemvas95n89x\/"},"rttpg_comment":0,"rttpg_category":null,"rttpg_excerpt":"Tilbage i det tidlige 20. \u00e5rhundrede blev poker et af de mest popul\u00e6re spil. Poker blev spillet overalt i barer, p\u00e5 gaden og derhjemme. Derfor er det ikke overraskende, at poker er blandt de mest popul\u00e6re casinoer. Og en af disse muligheder er Live Poker, et spil mange brugere elsker, hvor mange brugere kan tilbringe...","_links":{"self":[{"href":"https:\/\/rocketplay-slot.com\/da\/wp-json\/wp\/v2\/pages\/2722","targetHints":{"allow":["GET"]}}],"collection":[{"href":"https:\/\/rocketplay-slot.com\/da\/wp-json\/wp\/v2\/pages"}],"about":[{"href":"https:\/\/rocketplay-slot.com\/da\/wp-json\/wp\/v2\/types\/page"}],"author":[{"embeddable":true,"href":"https:\/\/rocketplay-slot.com\/da\/wp-json\/wp\/v2\/users\/1"}],"replies":[{"embeddable":true,"href":"https:\/\/rocketplay-slot.com\/da\/wp-json\/wp\/v2\/comments?post=2722"}],"version-history":[{"count":3,"href":"https:\/\/rocketplay-slot.com\/da\/wp-json\/wp\/v2\/pages\/2722\/revisions"}],"predecessor-version":[{"id":4583,"href":"https:\/\/rocketplay-slot.com\/da\/wp-json\/wp\/v2\/pages\/2722\/revisions\/4583"}],"wp:attachment":[{"href":"https:\/\/rocketplay-slot.com\/da\/wp-json\/wp\/v2\/media?parent=2722"}],"curies":[{"name":"wp","href":"https:\/\/api.w.org\/{rel}","templated":true}]}}