{"id":2774,"date":"2023-01-11T00:48:32","date_gmt":"2023-01-10T21:48:32","guid":{"rendered":"https:\/\/rocketplay-slot.com\/sports-betting\/"},"modified":"2024-02-08T15:44:27","modified_gmt":"2024-02-08T12:44:27","slug":"sports-betting","status":"publish","type":"page","link":"https:\/\/rocketplay-slot.com\/da\/sports-betting\/","title":{"rendered":"En begynderguide til sportsv\u00e6ddem\u00e5l"},"content":{"rendered":"<p>Mange af os kan lide at se forskellige sportsbegivenheder. Nogle mennesker br\u00e6nder for en bestemt sport, s\u00e5 de kan lide at se de professionelle g\u00f8re det. De kan lide at se os andre. Nogle elsker den sportslige sp\u00e6nding ved at se en sportskamp, mens de venter p\u00e5 vinderen. Dette bliver mere interessant, hvis du laver sportsv\u00e6ddem\u00e5l p\u00e5 dit yndlingshold p\u00e5 en bookmakers kontor.<\/p>\n<p><img loading=\"lazy\" decoding=\"async\" class=\"aligncenter wp-image-4008\" src=\"https:\/\/rocketplay-slot.com\/wp-content\/uploads\/2024\/02\/5581939_3644-2.jpg\" alt=\"En begynderguide til sportsv\u00e6ddem\u00e5l\" width=\"800\" height=\"496\" srcset=\"https:\/\/rocketplay-slot.com\/wp-content\/uploads\/2024\/02\/5581939_3644-2.jpg 2500w, https:\/\/rocketplay-slot.com\/wp-content\/uploads\/2024\/02\/5581939_3644-2-300x186.jpg 300w, https:\/\/rocketplay-slot.com\/wp-content\/uploads\/2024\/02\/5581939_3644-2-1024x634.jpg 1024w, https:\/\/rocketplay-slot.com\/wp-content\/uploads\/2024\/02\/5581939_3644-2-768x476.jpg 768w, https:\/\/rocketplay-slot.com\/wp-content\/uploads\/2024\/02\/5581939_3644-2-1536x952.jpg 1536w, https:\/\/rocketplay-slot.com\/wp-content\/uploads\/2024\/02\/5581939_3644-2-2048x1269.jpg 2048w\" sizes=\"auto, (max-width: 800px) 100vw, 800px\" \/><\/p>\n<h2>HVORDAN VIRKER SPORTSBETTING?<\/h2>\n<p>Sportsv\u00e6ddem\u00e5l er i henhold til visse principper i den matematiske formel baseret p\u00e5 sportsv\u00e6ddem\u00e5lsappen. Disse principper ser nogenlunde s\u00e5dan ud:<\/p>\n<ul>\n<li>hvor mange brugere satser p\u00e5 specifikke resultater. Dette er enkelt, jo oftere brugere satser p\u00e5 et bestemt resultat, jo flere kan se ud til, at dette resultat er mere sandsynligt, hvilket betyder, at kasinoet er tvunget til at reducere oddsene, fordi den prim\u00e6re modtager i v\u00e6ddem\u00e5lsverdenen er bookmakerens kontor.<\/li>\n<li>matematiske odds for et bestemt resultat. Bestemmer startodds for forskellige udfald af kampen. Jo mere sandsynligt udfaldet er, jo lavere er oddsene for denne begivenhed. Matematiske odds kan ogs\u00e5 opdateres efter starten af v\u00e6ddem\u00e5l baseret p\u00e5 nye data modtaget. For eksempel kan en skade p\u00e5 en af spillerne i en holdsport p\u00e5virke udfaldet, s\u00e5 oddsene b\u00f8r \u00e6ndres.<\/li>\n<li>v\u00e6ddem\u00e5lskommission. Fra v\u00e6ddem\u00e5l p\u00e5 enhver sportsbegivenhed, vil bookmakerens kontor altid tjene flest penge; ellers ville dets arbejde v\u00e6re urentabelt. Nej, de snyder ikke deres brugere, men deres odds presser dig altid til at satse p\u00e5 et mindre indlysende resultat. Det betyder, at du har en bedre chance for at tabe dit v\u00e6ddem\u00e5l, mens bookmakerens kontor f\u00e5r det.<\/li>\n<\/ul>\n<p>N\u00e5r du kender disse grundl\u00e6ggende principper for casinoet, vil du have f\u00e6rre sp\u00f8rgsm\u00e5l om det.<\/p>\n<h2>FORSKELLIGE TYPER INDSATS<\/h2>\n<p>P\u00e5 sportsv\u00e6ddem\u00e5lssiden er der mange forskellige typer v\u00e6ddem\u00e5l. Mange uerfarne brugere kan hurtigt blive forvirrede, forst\u00e5 noget forkert eller bruge bookmakerens kontor, ikke med det maksimale udbytte for dem selv. S\u00e5 vi besluttede at hj\u00e6lpe dig med at forst\u00e5 dette problem. Og her er de vigtigste typer v\u00e6ddem\u00e5l p\u00e5 en sportskamp:<\/p>\n<ul>\n<li>et v\u00e6ddem\u00e5l p\u00e5 et bestemt udfald af kampen. Det er enkelt, du satser p\u00e5, at hold &#8220;A&#8221; vinder, taber eller uafgjort mod hold &#8220;B&#8221;. Eller du satser p\u00e5, at hold &#8220;A&#8221; vil spille mod hold &#8220;B&#8221; med en specifik score, for eksempel vil hold &#8220;A&#8221; vinde kampen med en score p\u00e5 1:0. Disse v\u00e6ddem\u00e5l er ikke de mest profitable, men de er de nemmeste, s\u00e5 du har mindre risiko for at tabe dit v\u00e6ddem\u00e5l.<br \/>\nv\u00e6ddem\u00e5l p\u00e5 en begivenhed i kampen. Dette er mere kompliceret end at satse p\u00e5 et bestemt resultat, men der er ogs\u00e5 muligheder, hvor du har mindre risiko for at tabe. For eksempel kan du v\u00e6dde p\u00e5, at hold &#8220;A&#8221; ikke taber, eller det bliver ikke uafgjort. Du kan ogs\u00e5 v\u00e6dde p\u00e5, at et bestemt hold eller en bestemt spiller f\u00e5r en straf i denne kamp eller scorer et m\u00e5l. Og et dusin forskellige muligheder for, hvad der kunne ske.<\/li>\n<li>mere mindre. I denne type v\u00e6ddem\u00e5l satser du p\u00e5 en begivenhed, der vil ske flere eller f\u00e6rre gange. For eksempel vil hold &#8220;A&#8221; score mere end tre m\u00e5l eller misse mindre end 2. Dette er en af de mest popul\u00e6re typer v\u00e6ddem\u00e5l, fordi denne type v\u00e6ddem\u00e5l har n\u00e6sten det bedste forhold mellem risiko og bel\u00f8nning.<\/li>\n<li>linje v\u00e6ddem\u00e5l. Dette er den mest komplicerede type v\u00e6ddem\u00e5l og inkluderer de andre v\u00e6ddem\u00e5lstyper. I dette tilf\u00e6lde satser du p\u00e5 tre eller flere sportsdueller og f\u00e5r din bel\u00f8nning, hvis de er korrekte. Dette er en af de mest risikable typer v\u00e6ddem\u00e5l, fordi alt kan ske i sport, is\u00e6r i holdsport. Men det er fordelagtigt, fordi dine odds stiger med flere kampe, du satser.<\/li>\n<\/ul>\n<p>Ved at kende disse grundl\u00e6ggende typer v\u00e6ddem\u00e5l, kan du nemt lave mange rigtige v\u00e6ddem\u00e5l og tjene gode penge med minimal risiko.<\/p>\n<h2>SPORTSPILLINGSSTRATEGIER<\/h2>\n<p>Som med alle andre steder i livet, er betting i den bedste sport v\u00e6rd at f\u00f8lge en specifik strategi for at f\u00e5 mest muligt ud af betting. Det kan v\u00e6re unikt for alle. Men s\u00f8rg for at finde din egen.<\/p>\n<p>For nogen kan strategien v\u00e6re at satse sm\u00e5 bel\u00f8b, i forventning om at p\u00e5 denne m\u00e5de er risikoen for at tabe alt mange gange mindre, men muligheden for at vinde er ogs\u00e5 mindre. For nogen kan strategien v\u00e6re at studere s\u00e5 meget som muligt de forskellige resultater og satse p\u00e5 de mest rentable og sandsynlige af dem. Alligevel vil du sj\u00e6ldent satse i dette tilf\u00e6lde, s\u00e5 din effektivitet falder.<\/p>\n<p>S\u00f8rg for at studere dette sp\u00f8rgsm\u00e5l og finde noget for dig selv.<\/p>\n<h2>SPORTSPILLETIPS<\/h2>\n<p>Vi kan ikke undg\u00e5 at give dig vores sportsv\u00e6ddem\u00e5lstips for at minimere risici og maksimere din fordel. S\u00e5 her er en lille liste med tips til at komme i gang:<\/p>\n<ul>\n<li>sats ikke, hvis du har f\u00e5et lidt at drikke. Alkohol er d\u00e5rligt for dit overskud. Du f\u00f8ler mindre risiko, dine sanser er sl\u00f8ve, og du kan bruge mere end forventet. Dette vil bringe dig negative f\u00f8lelser.<\/li>\n<li>sats ikke alle dine penge p\u00e5 \u00e9n mulighed. Husk, at alt kan ske i sport, og ingen er immune over for at tabe, s\u00e5 det vil v\u00e6re meget ubehageligt at miste det hele p\u00e5 \u00e9n gang. Glem ikke at differentiere dine investeringer.<\/li>\n<li>Brug ikke topsportsv\u00e6ddem\u00e5l som en m\u00e5de at tjene penge p\u00e5. Brug det som en m\u00e5de at have det sjovt p\u00e5 eller for at \u00f8ge dine f\u00f8lelser fra at se kampen.<\/li>\n<\/ul>\n<p>Ved at f\u00f8lge disse simple begivenheder vil du f\u00e5 flere positive f\u00f8lelser og flere fordele ved forudsigelser af sportsv\u00e6ddem\u00e5l.<\/p>\n<p><img loading=\"lazy\" decoding=\"async\" class=\"aligncenter wp-image-4017\" src=\"https:\/\/rocketplay-slot.com\/wp-content\/uploads\/2024\/02\/sports-betting-american-football-player-appearing-from-smartphone-field-money-shower.jpg\" alt=\"En begynderguide til sportsv\u00e6ddem\u00e5l 2\" width=\"800\" height=\"534\" srcset=\"https:\/\/rocketplay-slot.com\/wp-content\/uploads\/2024\/02\/sports-betting-american-football-player-appearing-from-smartphone-field-money-shower.jpg 1000w, https:\/\/rocketplay-slot.com\/wp-content\/uploads\/2024\/02\/sports-betting-american-football-player-appearing-from-smartphone-field-money-shower-300x200.jpg 300w, https:\/\/rocketplay-slot.com\/wp-content\/uploads\/2024\/02\/sports-betting-american-football-player-appearing-from-smartphone-field-money-shower-768x512.jpg 768w\" sizes=\"auto, (max-width: 800px) 100vw, 800px\" \/><\/p>\n<h2>FAQ<\/h2>\n<p>Begyndere har altid mange indlysende og ikke-oplagte sp\u00f8rgsm\u00e5l, hvoraf nogle vil vi give nedenfor.<\/p>\n<h3>I HVILKEN ALDER KAN JEG VEDDE P\u00c5 SPORT?<\/h3>\n<p>If\u00f8lge loven kan du kun deltage i australske sportsv\u00e6ddem\u00e5l, n\u00e5r du er 21. Ellers kan din konto blive blokeret.<\/p>\n<h3>HVORDAN KAN JEG OPFYLDE MIN SALDO?<\/h3>\n<p>Du kan indbetale din saldo fra n\u00e6sten alle eksisterende betalingssystemer. Dette kan v\u00e6re Visa, MasterCard, American Express, Payoneer eller din cryptocurrency-pung.<\/p>\n<h3>KAN JEG VEDDE VIA MIN MOBIL?<\/h3>\n<p>Ja, du kan foretage v\u00e6ddem\u00e5l selv fra din mobilenhed. Til dette beh\u00f8ver du kun at g\u00e5 til bookmakerens officielle hjemmeside og logge ind der. Du kan ogs\u00e5 downloade applikationen til din Android-smartphone og lave v\u00e6ddem\u00e5l.<\/p>\n","protected":false},"excerpt":{"rendered":"<p>Mange af os kan lide at se forskellige sportsbegivenheder. Nogle mennesker br\u00e6nder for en bestemt sport, s\u00e5 de kan lide at se de professionelle g\u00f8re det. De kan lide at se os andre. Nogle elsker den sportslige sp\u00e6nding ved at se en sportskamp, mens de venter p\u00e5 vinderen. Dette bliver mere interessant, hvis du laver&#8230;<\/p>\n","protected":false},"author":1,"featured_media":0,"parent":0,"menu_order":0,"comment_status":"closed","ping_status":"closed","template":"","meta":{"_acf_changed":false,"_kad_post_transparent":"default","_kad_post_title":"default","_kad_post_layout":"default","_kad_post_sidebar_id":"","_kad_post_content_style":"default","_kad_post_vertical_padding":"default","_kad_post_feature":"","_kad_post_feature_position":"","_kad_post_header":false,"_kad_post_footer":false,"footnotes":""},"class_list":["post-2774","page","type-page","status-publish","hentry"],"acf":[],"rttpg_featured_image_url":null,"rttpg_author":{"display_name":"Elvis","author_link":"https:\/\/rocketplay-slot.com\/da\/author\/pemvas95n89x\/"},"rttpg_comment":0,"rttpg_category":null,"rttpg_excerpt":"Mange af os kan lide at se forskellige sportsbegivenheder. Nogle mennesker br\u00e6nder for en bestemt sport, s\u00e5 de kan lide at se de professionelle g\u00f8re det. De kan lide at se os andre. Nogle elsker den sportslige sp\u00e6nding ved at se en sportskamp, mens de venter p\u00e5 vinderen. Dette bliver mere interessant, hvis du laver...","_links":{"self":[{"href":"https:\/\/rocketplay-slot.com\/da\/wp-json\/wp\/v2\/pages\/2774","targetHints":{"allow":["GET"]}}],"collection":[{"href":"https:\/\/rocketplay-slot.com\/da\/wp-json\/wp\/v2\/pages"}],"about":[{"href":"https:\/\/rocketplay-slot.com\/da\/wp-json\/wp\/v2\/types\/page"}],"author":[{"embeddable":true,"href":"https:\/\/rocketplay-slot.com\/da\/wp-json\/wp\/v2\/users\/1"}],"replies":[{"embeddable":true,"href":"https:\/\/rocketplay-slot.com\/da\/wp-json\/wp\/v2\/comments?post=2774"}],"version-history":[{"count":3,"href":"https:\/\/rocketplay-slot.com\/da\/wp-json\/wp\/v2\/pages\/2774\/revisions"}],"predecessor-version":[{"id":4567,"href":"https:\/\/rocketplay-slot.com\/da\/wp-json\/wp\/v2\/pages\/2774\/revisions\/4567"}],"wp:attachment":[{"href":"https:\/\/rocketplay-slot.com\/da\/wp-json\/wp\/v2\/media?parent=2774"}],"curies":[{"name":"wp","href":"https:\/\/api.w.org\/{rel}","templated":true}]}}