{"id":2826,"date":"2023-01-11T19:13:11","date_gmt":"2023-01-11T16:13:11","guid":{"rendered":"https:\/\/rocketplay-slot.com\/sports-betting\/free\/"},"modified":"2024-02-08T15:04:23","modified_gmt":"2024-02-08T12:04:23","slug":"free","status":"publish","type":"page","link":"https:\/\/rocketplay-slot.com\/da\/sports-betting\/free\/","title":{"rendered":"Gratis gennemgang af sportsv\u00e6ddem\u00e5l"},"content":{"rendered":"<p>Mange brugere, der lige har stiftet bekendtskab med online-v\u00e6ddem\u00e5l, er stadig bange for at placere deres v\u00e6ddem\u00e5l. Det er op til s\u00e5danne bookmakerselskaber at tillade at lave gratis v\u00e6ddem\u00e5l. Ogs\u00e5, gratis v\u00e6ddem\u00e5l kan g\u00f8re, og erfarne spillere for dem p\u00e5 websteder af bookmaker virksomheder er ofte afholdt forskellige kampagner og giveaways. Blandt disse kampagner og tr\u00e6kninger kan v\u00e6re gratis v\u00e6ddem\u00e5l. Ofte skal du opfylde flere betingelser for at f\u00e5 dem. Disse kan v\u00e6re forhold relateret til dine indsatser eller din spilsaldo.<\/p>\n<p>Det er derfor, vi besluttede at samle vores gratis v\u00e6ddem\u00e5lstips Australien for at g\u00f8re det s\u00e5 nemt som muligt for dig at realisere dine bonusser.<\/p>\n<p><img loading=\"lazy\" decoding=\"async\" class=\"aligncenter wp-image-3928\" src=\"https:\/\/rocketplay-slot.com\/wp-content\/uploads\/2024\/02\/side-view-man-holding-tablet.jpg\" alt=\"Gratis gennemgang af sportsv\u00e6ddem\u00e5l\" width=\"800\" height=\"534\" srcset=\"https:\/\/rocketplay-slot.com\/wp-content\/uploads\/2024\/02\/side-view-man-holding-tablet.jpg 1000w, https:\/\/rocketplay-slot.com\/wp-content\/uploads\/2024\/02\/side-view-man-holding-tablet-300x200.jpg 300w, https:\/\/rocketplay-slot.com\/wp-content\/uploads\/2024\/02\/side-view-man-holding-tablet-768x513.jpg 768w\" sizes=\"auto, (max-width: 800px) 100vw, 800px\" \/><\/p>\n<h2>HVAD ER ET GRATIS V\u00c6DDE?<\/h2>\n<p>Gratis v\u00e6ddem\u00e5l online er tilg\u00e6ngeligt i n\u00e6sten alle v\u00e6ddem\u00e5lsselskaber. Dette er et loyalitetsprogram. Enten gratis v\u00e6ddem\u00e5l kan v\u00e6re en del af registreringsbonusserne for at g\u00f8re det nemmere for dig at placere dine f\u00f8rste v\u00e6ddem\u00e5l p\u00e5 virksomhedens regning. S\u00e5 kan du satse mere sikkert med dine egne penge eller fra den saldo, du vandt med gratis v\u00e6ddem\u00e5l.<\/p>\n<p>Ofte, for at f\u00e5 gratis v\u00e6ddem\u00e5l, skal en gammel spiller i et v\u00e6ddem\u00e5lsfirma stille mange betingelser. Det kan v\u00e6re at fylde din saldo op for et bestemt bel\u00f8b. Samt at beg\u00e5 et v\u00e6ddem\u00e5l, nogle gange mislykket. For eksempel lavede du et v\u00e6ddem\u00e5l i l\u00f8bene, men din favorit kom p\u00e5 andenpladsen. Nogle gange kan dette v\u00e6re en betingelse for, at du f\u00e5r et gratis v\u00e6ddem\u00e5l.<\/p>\n<h2>BEDSTE GRATIS V\u00c6DDETILBUD<\/h2>\n<p>Forskellige v\u00e6ddem\u00e5lsselskaber inkluderer forskellige bedste gratis v\u00e6ddem\u00e5lstilbud. Nogle af dem foresl\u00e5r jeg at overveje i detaljer:<\/p>\n<ul>\n<li>det mest almindelige tilbud om gratis v\u00e6ddem\u00e5l er, n\u00e5r v\u00e6ddem\u00e5lsfirmaet d\u00e6kker en del af dit v\u00e6ddem\u00e5l, men ikke g\u00f8r det helt. De er ofte begr\u00e6nset af den maksimale d\u00e6kning af dit v\u00e6ddem\u00e5l og den % af dit v\u00e6ddem\u00e5l, som v\u00e6ddem\u00e5lsfirmaet kan d\u00e6kke;<\/li>\n<li>en fast gratis indsats. Nybegyndere kan ofte f\u00e5 et fast gratis v\u00e6ddem\u00e5l som en velkomstbonus. Dette vil v\u00e6re et n\u00f8je defineret bel\u00f8b af dit v\u00e6ddem\u00e5l, som v\u00e6ddem\u00e5lsfirmaet vil d\u00e6kke fuldt ud;<\/li>\n<li>en cashback p\u00e5 et v\u00e6ddem\u00e5l. Dette er en slags tr\u00f8stepr\u00e6mie, hvis din indsats ikke retf\u00e6rdiggjorde sig selv og ikke viste sig at v\u00e6re en vinder;<\/li>\n<li>udvidet odds bonus. Gratis betting sider tilbyder ofte dette til begyndere, og bonussen er, at casinoet giver mere fordelagtige odds p\u00e5 sportsbegivenheder. Det vil g\u00f8re din gevinst endnu sjovere;<\/li>\n<li>indbetalingsbonus. Bookmaker-selskaber giver ofte en bonus for din f\u00f8rste indbetaling i form af antallet af gratis v\u00e6ddem\u00e5l, du kan placere.<\/li>\n<\/ul>\n<p>Det er alle mulige tilbud fra forskellige bettingfirmaer. S\u00f8rg for at se gratis v\u00e6ddem\u00e5l forudsigelser for at g\u00f8re det mest profitable v\u00e6ddem\u00e5l.<\/p>\n<h2>HVORDAN VIRKER GRATIS V\u00c6DDE?<\/h2>\n<p>Sportsv\u00e6ddem\u00e5l gratis fungerer efter samme princip som konventionelt v\u00e6ddem\u00e5l. Dine odds er ikke anderledes. Du kan kun satse et bestemt bel\u00f8b angivet i dit gratis v\u00e6ddem\u00e5l. Bel\u00f8bet for dette v\u00e6ddem\u00e5l vil ikke blive trukket fra din saldo, men hvis du vinder, f\u00e5r du dine gevinster, eksklusive bel\u00f8bet for dit gratis v\u00e6ddem\u00e5l.<\/p>\n<p>Det er, hvis du lavede et gratis sportsv\u00e6ddem\u00e5l p\u00e5 $10 p\u00e5 en begivenhed med odds p\u00e5 2,58 og vandt. Normalt ville du f\u00e5 $25,8, men her satsede du ikke dine penge, men bookmakerens penge. Du ville f\u00e5 $25,8 til $10, hvilket betyder, at dine gevinster er $15,8. Det er ikke d\u00e5rligt, i betragtning af at du ikke risikerede dine egne penge.<\/p>\n<h2>FORDELE VED GRATIS V\u00c6DDETILBUD<\/h2>\n<p>Ved at lave gratis v\u00e6ddem\u00e5l p\u00e5 sport f\u00e5r du en masse fordele for dig selv. S\u00e5som den minimale risiko for at miste din investering, den mest profitable realisering og behagelig indtjening, n\u00e5r du satser p\u00e5 sportsbegivenheder. Men for at maksimere dine fordele, b\u00f8r du f\u00f8lge vores tips:<\/p>\n<ul>\n<li>lav de mest n\u00f8jagtige v\u00e6ddem\u00e5l, s\u00e5 du kan f\u00e5 mest muligt ud af dine gratis v\u00e6ddem\u00e5l;<\/li>\n<li>find altid ud af prognosen for sportsbegivenheden fra de tilsvarende eksperter, l\u00e6r om nyhederne, der kan p\u00e5virke resultatet;<\/li>\n<li>v\u00e6ddem\u00e5l direkte f\u00f8r sportsbegivenheden, for ingen nye begivenheder havde allerede tid til at p\u00e5virke udfaldet af begivenheden, og du har foretaget et v\u00e6ddem\u00e5l korrekt;<\/li>\n<li>f\u00f8lg altid nyhederne fra bookmakerfirmaet for at vide pr\u00e6cis, hvor du kan satse med maksimal fordel for dig selv;<\/li>\n<li>f\u00f8lg de nye kampagner og lodtr\u00e6kninger for at f\u00e5 s\u00e5 mange bonusser som muligt, og fra disse bonusser for at f\u00e5 s\u00e5 meget gevinst som muligt;<\/li>\n<li>sats aldrig, hvis du har drukket alkohol. Det kan forv\u00e6rre din f\u00f8lelse af risiko. Du kan tr\u00e6ffe mere forhastede beslutninger;<\/li>\n<li>husk, at alt kan ske i sport, og enhver forudsigelse er ikke 100 %, s\u00e5 placer dine v\u00e6ddem\u00e5l med forsigtighed.<\/li>\n<\/ul>\n<p>Ved at f\u00f8lge disse gratis v\u00e6ddem\u00e5lstips kan du ikke kun f\u00e5 mest muligt ud af dine bonusser, men ogs\u00e5 nyde v\u00e6ddem\u00e5l p\u00e5 sport.<\/p>\n<p><img loading=\"lazy\" decoding=\"async\" class=\"aligncenter wp-image-3938\" src=\"https:\/\/rocketplay-slot.com\/wp-content\/uploads\/2024\/02\/give-money-united-states-dollar-usd.jpg\" alt=\"Gratis gennemgang af sportsv\u00e6ddem\u00e5l 2\" width=\"800\" height=\"534\" srcset=\"https:\/\/rocketplay-slot.com\/wp-content\/uploads\/2024\/02\/give-money-united-states-dollar-usd.jpg 1000w, https:\/\/rocketplay-slot.com\/wp-content\/uploads\/2024\/02\/give-money-united-states-dollar-usd-300x200.jpg 300w, https:\/\/rocketplay-slot.com\/wp-content\/uploads\/2024\/02\/give-money-united-states-dollar-usd-768x512.jpg 768w\" sizes=\"auto, (max-width: 800px) 100vw, 800px\" \/><\/p>\n<h2>KONKLUSION<\/h2>\n<p>Gratis v\u00e6ddem\u00e5l er et fantastisk v\u00e6rkt\u00f8j, ikke kun for bookmakeren, men ogs\u00e5 for de spillere, der bruger dem. Og det er ikke kun fordi bookmakeren p\u00e5 denne m\u00e5de f\u00e5r nye brugere, og brugerne f\u00e5r minimal risiko, n\u00e5r de laver de f\u00f8rste v\u00e6ddem\u00e5l. Pr\u00f8v dig selv i v\u00e6ddem\u00e5lsverdenen lige nu!<\/p>\n","protected":false},"excerpt":{"rendered":"<p>Mange brugere, der lige har stiftet bekendtskab med online-v\u00e6ddem\u00e5l, er stadig bange for at placere deres v\u00e6ddem\u00e5l. Det er op til s\u00e5danne bookmakerselskaber at tillade at lave gratis v\u00e6ddem\u00e5l. Ogs\u00e5, gratis v\u00e6ddem\u00e5l kan g\u00f8re, og erfarne spillere for dem p\u00e5 websteder af bookmaker virksomheder er ofte afholdt forskellige kampagner og giveaways. Blandt disse kampagner og&#8230;<\/p>\n","protected":false},"author":1,"featured_media":0,"parent":2774,"menu_order":0,"comment_status":"closed","ping_status":"closed","template":"","meta":{"_acf_changed":false,"_kad_post_transparent":"default","_kad_post_title":"default","_kad_post_layout":"default","_kad_post_sidebar_id":"","_kad_post_content_style":"default","_kad_post_vertical_padding":"default","_kad_post_feature":"","_kad_post_feature_position":"","_kad_post_header":false,"_kad_post_footer":false,"footnotes":""},"class_list":["post-2826","page","type-page","status-publish","hentry"],"acf":[],"rttpg_featured_image_url":null,"rttpg_author":{"display_name":"Elvis","author_link":"https:\/\/rocketplay-slot.com\/da\/author\/pemvas95n89x\/"},"rttpg_comment":0,"rttpg_category":null,"rttpg_excerpt":"Mange brugere, der lige har stiftet bekendtskab med online-v\u00e6ddem\u00e5l, er stadig bange for at placere deres v\u00e6ddem\u00e5l. Det er op til s\u00e5danne bookmakerselskaber at tillade at lave gratis v\u00e6ddem\u00e5l. Ogs\u00e5, gratis v\u00e6ddem\u00e5l kan g\u00f8re, og erfarne spillere for dem p\u00e5 websteder af bookmaker virksomheder er ofte afholdt forskellige kampagner og giveaways. Blandt disse kampagner og...","_links":{"self":[{"href":"https:\/\/rocketplay-slot.com\/da\/wp-json\/wp\/v2\/pages\/2826","targetHints":{"allow":["GET"]}}],"collection":[{"href":"https:\/\/rocketplay-slot.com\/da\/wp-json\/wp\/v2\/pages"}],"about":[{"href":"https:\/\/rocketplay-slot.com\/da\/wp-json\/wp\/v2\/types\/page"}],"author":[{"embeddable":true,"href":"https:\/\/rocketplay-slot.com\/da\/wp-json\/wp\/v2\/users\/1"}],"replies":[{"embeddable":true,"href":"https:\/\/rocketplay-slot.com\/da\/wp-json\/wp\/v2\/comments?post=2826"}],"version-history":[{"count":3,"href":"https:\/\/rocketplay-slot.com\/da\/wp-json\/wp\/v2\/pages\/2826\/revisions"}],"predecessor-version":[{"id":4535,"href":"https:\/\/rocketplay-slot.com\/da\/wp-json\/wp\/v2\/pages\/2826\/revisions\/4535"}],"up":[{"embeddable":true,"href":"https:\/\/rocketplay-slot.com\/da\/wp-json\/wp\/v2\/pages\/2774"}],"wp:attachment":[{"href":"https:\/\/rocketplay-slot.com\/da\/wp-json\/wp\/v2\/media?parent=2826"}],"curies":[{"name":"wp","href":"https:\/\/api.w.org\/{rel}","templated":true}]}}