{"id":2880,"date":"2023-01-11T19:42:14","date_gmt":"2023-01-11T16:42:14","guid":{"rendered":"https:\/\/rocketplay-slot.com\/sports-betting\/app\/"},"modified":"2024-02-08T15:30:38","modified_gmt":"2024-02-08T12:30:38","slug":"app","status":"publish","type":"page","link":"https:\/\/rocketplay-slot.com\/da\/sports-betting\/app\/","title":{"rendered":"Gennemgang af sportsv\u00e6ddem\u00e5lsapp"},"content":{"rendered":"<p>F\u00f8r eller siden t\u00e6nker enhver aktiv fan af at se sportsbegivenheder p\u00e5 at forbedre oplevelsen af at se sportskampe ved at bette. Og det er ikke nogen d\u00e5rlig id\u00e9. P\u00e5 denne m\u00e5de kan du trods alt ikke kun se, men ogs\u00e5 tjene penge eller st\u00f8tte dit yndlingshold. For at g\u00f8re dette kan du altid finde en betting-app p\u00e5 internettet. Og hvilken af dem der er bedst at v\u00e6lge, hj\u00e6lper vi dig med at forst\u00e5.<\/p>\n<p><img loading=\"lazy\" decoding=\"async\" class=\"aligncenter wp-image-3988\" src=\"https:\/\/rocketplay-slot.com\/wp-content\/uploads\/2024\/02\/5581939_3644-1.jpg\" alt=\"Gennemgang af sportsv\u00e6ddem\u00e5lsapp\" width=\"800\" height=\"496\" srcset=\"https:\/\/rocketplay-slot.com\/wp-content\/uploads\/2024\/02\/5581939_3644-1.jpg 2500w, https:\/\/rocketplay-slot.com\/wp-content\/uploads\/2024\/02\/5581939_3644-1-300x186.jpg 300w, https:\/\/rocketplay-slot.com\/wp-content\/uploads\/2024\/02\/5581939_3644-1-1024x634.jpg 1024w, https:\/\/rocketplay-slot.com\/wp-content\/uploads\/2024\/02\/5581939_3644-1-768x476.jpg 768w, https:\/\/rocketplay-slot.com\/wp-content\/uploads\/2024\/02\/5581939_3644-1-1536x952.jpg 1536w, https:\/\/rocketplay-slot.com\/wp-content\/uploads\/2024\/02\/5581939_3644-1-2048x1269.jpg 2048w\" sizes=\"auto, (max-width: 800px) 100vw, 800px\" \/><\/p>\n<h2>BEDSTE BETYDEDE APPS<\/h2>\n<p>Du kan finde mange spilselskabers toppe og vurderinger p\u00e5 internettet. Mange af dem er sv\u00e6re at stole p\u00e5, fordi virksomhederne ofte er blevet set s\u00e6lge deres meninger og pladser i vurderingerne for penge, hvilket f\u00e5r dig til at tvivle p\u00e5 deres objektivitet. Men der er mange \u00e6rlige vurderinger, men desv\u00e6rre er de nogle gange sv\u00e6re at finde og skelne fra l\u00f8gnere. S\u00e5 vi besluttede at lave vores lille liste over bedste betting-app med objektive kriterier:<\/p>\n<ul>\n<li>BetWinner er en af de mest fremtr\u00e6dende sportsbetting-apps. Du vil finde fremragende bonusser til nye brugere til registrering og en f\u00f8rste indbetaling. De er bed\u00e5rende odds og et stort udvalg af v\u00e6ddem\u00e5l. Pr\u00f8v deres service;<\/li>\n<li>WinBet &#8211; dette v\u00e6ddem\u00e5lsfirma tilbyder en af de mest omfattende linjer af v\u00e6ddem\u00e5l p\u00e5 en lang r\u00e6kke sportsgrene og gode odds p\u00e5 dem. Her er de bedste sportsbetting-app-kampagner, der ideelt set bel\u00f8nner sine mest loyale spillere med fantastiske bonusser og kampagner;<\/li>\n<li>BetWin er et bookmakerkontor med et af de mest ligetil og kortfattede designs. Og nogle vil m\u00e5ske sige, at det ikke er det vigtigste, men det er stadig en af de v\u00e6sentlige dele. Et godt design hj\u00e6lper altid brugeren, og en nybegynder kan altid g\u00f8re, hvad han har brug for med f\u00e5 klik. Nogle af de mest fordelagtige odds og fremragende teknisk support vil ogs\u00e5 besvare alle sp\u00f8rgsm\u00e5l, du m\u00e5tte have 24\/7.<\/li>\n<\/ul>\n<p>Du kan altid stole p\u00e5 vores lille liste for at finde en p\u00e5lidelig partner i verdens bedste betting-app.<\/p>\n<h2>DE BEDSTE LIVE BETTING-APPS<\/h2>\n<p>Ogs\u00e5 mange mennesker kan lide at satse i realtid, og mange v\u00e6ddem\u00e5lsselskaber giver en s\u00e5dan mulighed. Derfor foresl\u00e5r vi, at du overvejer de vigtigste:<\/p>\n<ul>\n<li>SkyBet \u2013 tilbyder mange forskellige v\u00e6ddem\u00e5lsmuligheder i et live-format.<\/li>\n<li>BetBoom &#8211; den mest popul\u00e6re betting-app, kendt for sine gener\u00f8se bonusser og gode odds.<\/li>\n<li>FonBet er et v\u00e6ddem\u00e5lsselskab med n\u00e6sten ingen fejl. De er gode til alt. Nogle anser det endda for den bedste betting-app i Australien.<\/li>\n<\/ul>\n<p>Tjek disse lister, s\u00e5 du kan v\u00e6lge, hvad der passer til dig.<\/p>\n<h2>S\u00c5DAN DOWNLODER DU<\/h2>\n<p>For at downloade sportsv\u00e6ddem\u00e5lsappen skal du f\u00f8lge vores sm\u00e5 instruktioner:<\/p>\n<ol>\n<li>G\u00e5 til den officielle hjemmeside for det spilfirma, du er interesseret i.<\/li>\n<li>\u00d8verst p\u00e5 sk\u00e6rmen vil du blive tilbudt at downloade applikationen til din mobiltelefon. Klik her, og download starter automatisk.<\/li>\n<li>N\u00e5r overf\u00f8rslen er f\u00e6rdig, skal du installere den.<\/li>\n<li>N\u00e5r appen er installeret, skal du \u00e5bne den.<\/li>\n<li>For at placere v\u00e6ddem\u00e5l skal du logge ind eller registrere dig. Hvis du registrerer en ny konto, skal du s\u00f8rge for at indtaste dine nuv\u00e6rende data og din gyldige e-mail. Husk ogs\u00e5 at inkludere din invitationskode, s\u00e5 du kan f\u00e5 flere bonusser i starten, og s\u00e5 den, der inviterede dig, f\u00e5r sine bonusser til dig.<\/li>\n<li>N\u00e5r du er logget ind, kan du indbetale din saldo og foretage dine f\u00f8rste sportsv\u00e6ddem\u00e5l.<\/li>\n<\/ol>\n<p>Hvis du f\u00f8lger disse instruktioner, kan du begynde at spille s\u00e5 hurtigt som muligt. Disse instruktioner er relevante for smartphones baseret p\u00e5 Android. Hvis du har en iPhone, kan du foretage v\u00e6ddem\u00e5l fra spilleselskabernes mobilside. De er ofte perfekt optimeret til din smartphone.<\/p>\n<h2>FORDELE VED SPORTSPILL P\u00c5 MOBILENHEDER<\/h2>\n<p>At satse p\u00e5 sportsbegivenheder fra dine mobile enheder har mange positive aspekter. De kan v\u00e6re forskellige for alle, men der er mange f\u00e6lles fordele. Jeg foresl\u00e5r, at du overvejer nogle af f\u00f8lgende:<\/p>\n<ul>\n<li>du kan altid lave v\u00e6ddem\u00e5l p\u00e5 de mest aktuelle begivenheder, selvom du ikke er hjemme, og det vil tage et minimum af din tid;<\/li>\n<li>bekvemmeligheden ved at bruge mobilapplikationen er meget mere end lignende handlinger fra din pc;<\/li>\n<li>du kan altid foretage v\u00e6ddem\u00e5l i realtid, selv mens du ser kampen, og du beh\u00f8ver ikke pause fra at se kampen p\u00e5 dit tv.<\/li>\n<\/ul>\n<p>Og det er ikke alle fordelene ved at spille fra din mobiltelefon, s\u00e5 du har en chance for at finde ud af, hvilke fordele der passer til dig.<\/p>\n<p><img loading=\"lazy\" decoding=\"async\" class=\"aligncenter wp-image-3997\" src=\"https:\/\/rocketplay-slot.com\/wp-content\/uploads\/2024\/02\/watch-live-sports-event-your-mobile-device-betting-football-matches.jpg\" alt=\"Gennemgang af sportsv\u00e6ddem\u00e5lsapp 2\" width=\"800\" height=\"448\" srcset=\"https:\/\/rocketplay-slot.com\/wp-content\/uploads\/2024\/02\/watch-live-sports-event-your-mobile-device-betting-football-matches.jpg 1000w, https:\/\/rocketplay-slot.com\/wp-content\/uploads\/2024\/02\/watch-live-sports-event-your-mobile-device-betting-football-matches-300x168.jpg 300w, https:\/\/rocketplay-slot.com\/wp-content\/uploads\/2024\/02\/watch-live-sports-event-your-mobile-device-betting-football-matches-768x430.jpg 768w\" sizes=\"auto, (max-width: 800px) 100vw, 800px\" \/><\/p>\n<h2>FAQ<\/h2>\n<p>Nye brugere har altid mange forskellige sp\u00f8rgsm\u00e5l, hvilket forventes, s\u00e5 vi besluttede at samle de mest popul\u00e6re og give svar p\u00e5 dem.<\/p>\n<h3>HVIS JEG KUN ER 17, KAN JEG STARTE AT VEDDE?<\/h3>\n<p>Nej, if\u00f8lge loven kan du strengt taget deltage i gambling fra 18. Det sker, fordi mange mindre\u00e5rige m\u00e5ske ikke er klar til at modst\u00e5 f\u00f8lelsen af gambling og taber en masse penge, ofte ikke deres egne, men deres for\u00e6ldres penge.<\/p>\n<h3>KAN JEG T\u00c6NKE MIN GEVINSTER TIL MIN CRYPTOCURRENCY WALLET?<\/h3>\n<p>Mange spilfirmaer tilbyder nu denne mulighed, men der er dem, for hvem denne funktion ikke er tilg\u00e6ngelig. S\u00e5 du b\u00f8r omhyggeligt l\u00e6se anmeldelser af spilapps. Der bliver skrevet om det.<\/p>\n<h3>HVAD ER EN VELKOMSTBONUS?<\/h3>\n<p>Dette er den bonus, du f\u00e5r, n\u00e5r du registrerer din konto. Dette g\u00f8res for at flere nye brugere bliver hos bettingselskaberne.<\/p>\n","protected":false},"excerpt":{"rendered":"<p>F\u00f8r eller siden t\u00e6nker enhver aktiv fan af at se sportsbegivenheder p\u00e5 at forbedre oplevelsen af at se sportskampe ved at bette. Og det er ikke nogen d\u00e5rlig id\u00e9. P\u00e5 denne m\u00e5de kan du trods alt ikke kun se, men ogs\u00e5 tjene penge eller st\u00f8tte dit yndlingshold. For at g\u00f8re dette kan du altid finde&#8230;<\/p>\n","protected":false},"author":1,"featured_media":0,"parent":2774,"menu_order":0,"comment_status":"closed","ping_status":"closed","template":"","meta":{"_acf_changed":false,"_kad_post_transparent":"default","_kad_post_title":"default","_kad_post_layout":"default","_kad_post_sidebar_id":"","_kad_post_content_style":"default","_kad_post_vertical_padding":"default","_kad_post_feature":"","_kad_post_feature_position":"","_kad_post_header":false,"_kad_post_footer":false,"footnotes":""},"class_list":["post-2880","page","type-page","status-publish","hentry"],"acf":[],"rttpg_featured_image_url":null,"rttpg_author":{"display_name":"Elvis","author_link":"https:\/\/rocketplay-slot.com\/da\/author\/pemvas95n89x\/"},"rttpg_comment":0,"rttpg_category":null,"rttpg_excerpt":"F\u00f8r eller siden t\u00e6nker enhver aktiv fan af at se sportsbegivenheder p\u00e5 at forbedre oplevelsen af at se sportskampe ved at bette. Og det er ikke nogen d\u00e5rlig id\u00e9. P\u00e5 denne m\u00e5de kan du trods alt ikke kun se, men ogs\u00e5 tjene penge eller st\u00f8tte dit yndlingshold. For at g\u00f8re dette kan du altid finde...","_links":{"self":[{"href":"https:\/\/rocketplay-slot.com\/da\/wp-json\/wp\/v2\/pages\/2880","targetHints":{"allow":["GET"]}}],"collection":[{"href":"https:\/\/rocketplay-slot.com\/da\/wp-json\/wp\/v2\/pages"}],"about":[{"href":"https:\/\/rocketplay-slot.com\/da\/wp-json\/wp\/v2\/types\/page"}],"author":[{"embeddable":true,"href":"https:\/\/rocketplay-slot.com\/da\/wp-json\/wp\/v2\/users\/1"}],"replies":[{"embeddable":true,"href":"https:\/\/rocketplay-slot.com\/da\/wp-json\/wp\/v2\/comments?post=2880"}],"version-history":[{"count":5,"href":"https:\/\/rocketplay-slot.com\/da\/wp-json\/wp\/v2\/pages\/2880\/revisions"}],"predecessor-version":[{"id":4559,"href":"https:\/\/rocketplay-slot.com\/da\/wp-json\/wp\/v2\/pages\/2880\/revisions\/4559"}],"up":[{"embeddable":true,"href":"https:\/\/rocketplay-slot.com\/da\/wp-json\/wp\/v2\/pages\/2774"}],"wp:attachment":[{"href":"https:\/\/rocketplay-slot.com\/da\/wp-json\/wp\/v2\/media?parent=2880"}],"curies":[{"name":"wp","href":"https:\/\/api.w.org\/{rel}","templated":true}]}}