{"id":2934,"date":"2023-01-11T23:08:32","date_gmt":"2023-01-11T20:08:32","guid":{"rendered":"https:\/\/rocketplay-slot.com\/sports-betting\/handball\/"},"modified":"2024-02-08T14:50:29","modified_gmt":"2024-02-08T11:50:29","slug":"handball","status":"publish","type":"page","link":"https:\/\/rocketplay-slot.com\/da\/sports-betting\/handball\/","title":{"rendered":"H\u00e5ndbold Betting Guide"},"content":{"rendered":"<div id=\"wppb-builder-container\" class=\"wppb-builder-container\"><p>H\u00e5ndbold er ikke en s\u00e6rlig popul\u00e6r sport, s\u00e5 der er ikke mange h\u00e5ndboldbettingfans. Men det er fantastisk, fordi jo flere der satser p\u00e5 en specifik begivenhed, jo lavere er oddsene p\u00e5 den, og da der ikke er mange, der satser p\u00e5 H\u00e5ndbold, er oddsene st\u00f8rre, og dine potentielle gevinster er ogs\u00e5 mere omfattende.<\/p>\n<p>Hver bruger kan ogs\u00e5 f\u00e5 deres velkomstbonus, og de \u00f8gede odds p\u00e5 h\u00e5ndboldkampe er gode til at hj\u00e6lpe dig med at tjene flere penge p\u00e5 h\u00e5ndboldbegivenheder. S\u00f8rg for at pr\u00f8ve at spille p\u00e5 en h\u00e5ndboldkamp efter at have l\u00e6st vores artikel.<\/p>\n<p><img loading=\"lazy\" decoding=\"async\" class=\"aligncenter wp-image-3908\" src=\"https:\/\/rocketplay-slot.com\/wp-content\/uploads\/2024\/02\/soccer-player-stadium-action-mixed-media.jpg\" alt=\"H\u00e5ndbold Betting Guide \" width=\"800\" height=\"466\" srcset=\"https:\/\/rocketplay-slot.com\/wp-content\/uploads\/2024\/02\/soccer-player-stadium-action-mixed-media.jpg 1000w, https:\/\/rocketplay-slot.com\/wp-content\/uploads\/2024\/02\/soccer-player-stadium-action-mixed-media-300x175.jpg 300w, https:\/\/rocketplay-slot.com\/wp-content\/uploads\/2024\/02\/soccer-player-stadium-action-mixed-media-768x448.jpg 768w\" sizes=\"auto, (max-width: 800px) 100vw, 800px\" \/><\/p>\n<p>DE GRUNDL\u00c6GGENDE PRINCIPPER FOR H\u00c5NDBOLD<\/p>\n<p>H\u00e5ndbold minder meget om fodbold i fitnesscenteret. Og der er s\u00e5 sandelig mange ligheder, og den st\u00f8rste forskel er, at man i h\u00e5ndbold ikke kan spille med f\u00f8dderne og i fodbold med h\u00e6nderne.<\/p>\n<p>Men der er mange flere forskelle. Lad os komme til bunds i det. I en h\u00e5ndboldkamp deltager to hold p\u00e5 hver 7 spillere. Holdene kan foretage spillerudskiftninger, hvis nogen er skadet eller tr\u00e6t. En h\u00e5ndboldkamp varer kun to halvlege p\u00e5 30 minutter hver, hvilket er fantastisk, fordi du kan placere flere indsatser, og det vil tage kortere tid. I h\u00e5ndbold kan man ikke holde bolden l\u00e6nge. \u00c9n deltager en gang hvert 3. sekund eller trin. Der skal v\u00e6re en aflevering eller en dribling. Dette g\u00f8r sporten meget dynamisk og spektakul\u00e6r. S\u00f8rg for at se dette.<\/p>\n<p>HVORFOR VEDDE ONLINE P\u00c5 H\u00c5NDBOLD?<\/p>\n<p>Du kan spille offline til kampen eller online, mens du ser kampen hjemme fra din mobil eller tv. Mange foretr\u00e6kker stadig at satse offline, men det medf\u00f8rer mange gener. Derfor anbefaler vi alle, at du satser online.<\/p>\n<p>N\u00e5r du placerer et v\u00e6ddem\u00e5l hos en online bookmaker, beh\u00f8ver du ikke at st\u00e5 i en k\u00f8 og vente p\u00e5, at du placerer dit v\u00e6ddem\u00e5l eller p\u00e5, at du henter dine gevinster. Ogs\u00e5 i online-formatet har du et meget mere fremragende udvalg af variationer af din indsats, s\u00f8rg for at drage fordel af dette. Du beh\u00f8ver ikke have kontanter. Du kan altid betale med dit bankkort eller cryptocurrency og tage dine gevinster bekvemt. Udnyt ogs\u00e5 h\u00e5ndbold-v\u00e6ddem\u00e5lskampagner for at f\u00e5 s\u00e5 meget overskud som muligt.<\/p>\n<p>TYPER AF INDSATS<\/p>\n<p>Alle h\u00e5ndbold betting sider har mange mulige v\u00e6ddem\u00e5l, som kan forvirre den uerfarne bruger. S\u00e5 vi besluttede at hj\u00e6lpe dig med at forst\u00e5 nogle af dem:<\/p>\n<p>satse p\u00e5 den vindende linje. Dette er en af de nemmeste v\u00e6ddem\u00e5lsmetoder. Du spiller p\u00e5 det endelige resultat af kampen. Du satser p\u00e5, at hold &#8220;A&#8221; vinder, taber eller spiller uafgjort mod hold &#8220;B&#8221;.<br \/>\nsatse p\u00e5 et bestemt resultat. Du kan spille p\u00e5 kampens n\u00f8jagtige resultat. Men du b\u00f8r forst\u00e5, at hvis dit hold vandt, men resultatet viste sig at v\u00e6re anderledes &#8211; vil du stadig tabe.<br \/>\nmere\/mindre \u2013 du kan satse p\u00e5, om denne eller hin begivenhed vil ske flere eller f\u00e6rre gange. For eksempel kan du v\u00e6dde p\u00e5, at dit hold scorer mere end tre m\u00e5l eller lukker f\u00e6rre end to m\u00e5l ind.<br \/>\nsatse p\u00e5 en specifik begivenhed &#8211; du kan satse p\u00e5, hvorvidt en specifik begivenhed vil finde sted. For eksempel, hvis en spiller fra hold &#8220;A&#8221; scorer eller m\u00e5ske i denne kamp, vil en spiller blive fjernet.<br \/>\ndu kan ogs\u00e5 spille p\u00e5 flere kampe \u2013 du kan spille p\u00e5 tre eller flere h\u00e5ndboldkampe samtidigt inden for et spil, og oddsene vil kun vokse for hvert spil. Du skal bruge alle indsatser for at vinde. Hvis du satser p\u00e5 fem kampe, og kun \u00e9n var falsk, f\u00e5r du stadig ikke dine gevinster. S\u00e5 v\u00e6r forsigtig med denne form for v\u00e6ddem\u00e5l.<\/p>\n<p>Hos forskellige bettingselskaber kan du finde andre muligheder for betting, men det er disse, vi anbefaler til begyndere, fordi de er s\u00e5 enkle som muligt og giver dig gode odds.<\/p>\n<p>TIPS<\/p>\n<p>Hver erfaren bruger er sikker p\u00e5 at have sin H\u00e5ndbold-v\u00e6ddem\u00e5lsstrategi. Fordi det er en gennemt\u00e6nkt strategi, der giver dig mulighed for at administrere din saldo s\u00e5 effektivt som muligt, er det derfor, vi har udarbejdet nogle vigtige h\u00e5ndboldbettingtips til dig:<\/p>\n<p>ikke lege, mens du er beruset. Dette kan skade dine resultater, fordi du kan have en sl\u00f8vet f\u00f8lelse af proportioner og fare;<br \/>\ns\u00f8rg for at se forudsigelser om h\u00e5ndboldspil. Dette vil hj\u00e6lpe dig med at lave den mest pr\u00e6cise indsats som muligt;<br \/>\nbrug de bedste odds p\u00e5 h\u00e5ndbold for at g\u00f8re dine gevinster s\u00e5 store som muligt;<br \/>\nBrug ikke h\u00e5ndboldspil til at tjene penge, fordi h\u00e5ndbold er et holdspil, og resultatet afh\u00e6nger af mange fakta, som du ikke kan forudsige.<\/p>\n<p>F\u00f8lg vores h\u00e5ndboldspilguide for at g\u00f8re din investering s\u00e5 rentabel som muligt, mens du har den lille risiko for at miste din investering.<\/p>\n<p><img loading=\"lazy\" decoding=\"async\" class=\"aligncenter wp-image-3918\" src=\"https:\/\/rocketplay-slot.com\/wp-content\/uploads\/2024\/02\/soccer-player-ready-play-with-soccerball-stadium.jpg\" alt=\"H\u00e5ndbold Betting Guide 2\" width=\"800\" height=\"534\" srcset=\"https:\/\/rocketplay-slot.com\/wp-content\/uploads\/2024\/02\/soccer-player-ready-play-with-soccerball-stadium.jpg 1000w, https:\/\/rocketplay-slot.com\/wp-content\/uploads\/2024\/02\/soccer-player-ready-play-with-soccerball-stadium-300x200.jpg 300w, https:\/\/rocketplay-slot.com\/wp-content\/uploads\/2024\/02\/soccer-player-ready-play-with-soccerball-stadium-768x512.jpg 768w\" sizes=\"auto, (max-width: 800px) 100vw, 800px\" \/><\/p>\n<h2>FAQ<\/h2>\n<p>No matter how experienced a user you are, you may always have questions about how a betting company works. That&#8217;s why we&#8217;ve collected some popular ones and given you the answers.<\/p>\n<h3>How do I know who to bet on?<\/h3>\n<p>You cannot 100% know the winner until the final whistle. But you can add up all the objective and subjective factors and try to determine the winner of the upcoming match on your own. From time to time, even the outsiders win the leaders.<\/p>\n<h3>What events should I bet on?<\/h3>\n<p>Some tournaments are not available at some bookmakers. Mostly less professional matches are not available. It is also worth betting on a victory for one of the teams.<\/p>\n<h3>At what age can I bet?<\/h3>\n<p>You can only start gambling when you reach the age of 18. Law strictly defines this, and betting companies do not violate it.<\/p>\n<\/div>","protected":false},"excerpt":{"rendered":"<p>H\u00e5ndbold er ikke en s\u00e6rlig popul\u00e6r sport, s\u00e5 der er ikke mange h\u00e5ndboldbettingfans. Men det er fantastisk, fordi jo flere der satser p\u00e5 en specifik begivenhed, jo lavere er oddsene p\u00e5 den, og da der ikke er mange, der satser p\u00e5 H\u00e5ndbold, er oddsene st\u00f8rre, og dine potentielle gevinster er ogs\u00e5 mere omfattende. Hver bruger&#8230;<\/p>\n","protected":false},"author":1,"featured_media":0,"parent":2774,"menu_order":0,"comment_status":"closed","ping_status":"closed","template":"","meta":{"_acf_changed":false,"_kad_post_transparent":"default","_kad_post_title":"default","_kad_post_layout":"default","_kad_post_sidebar_id":"","_kad_post_content_style":"default","_kad_post_vertical_padding":"default","_kad_post_feature":"","_kad_post_feature_position":"","_kad_post_header":false,"_kad_post_footer":false,"footnotes":""},"class_list":["post-2934","page","type-page","status-publish","hentry"],"acf":[],"rttpg_featured_image_url":null,"rttpg_author":{"display_name":"Elvis","author_link":"https:\/\/rocketplay-slot.com\/da\/author\/pemvas95n89x\/"},"rttpg_comment":0,"rttpg_category":null,"rttpg_excerpt":"H\u00e5ndbold er ikke en s\u00e6rlig popul\u00e6r sport, s\u00e5 der er ikke mange h\u00e5ndboldbettingfans. Men det er fantastisk, fordi jo flere der satser p\u00e5 en specifik begivenhed, jo lavere er oddsene p\u00e5 den, og da der ikke er mange, der satser p\u00e5 H\u00e5ndbold, er oddsene st\u00f8rre, og dine potentielle gevinster er ogs\u00e5 mere omfattende. Hver bruger...","_links":{"self":[{"href":"https:\/\/rocketplay-slot.com\/da\/wp-json\/wp\/v2\/pages\/2934","targetHints":{"allow":["GET"]}}],"collection":[{"href":"https:\/\/rocketplay-slot.com\/da\/wp-json\/wp\/v2\/pages"}],"about":[{"href":"https:\/\/rocketplay-slot.com\/da\/wp-json\/wp\/v2\/types\/page"}],"author":[{"embeddable":true,"href":"https:\/\/rocketplay-slot.com\/da\/wp-json\/wp\/v2\/users\/1"}],"replies":[{"embeddable":true,"href":"https:\/\/rocketplay-slot.com\/da\/wp-json\/wp\/v2\/comments?post=2934"}],"version-history":[{"count":5,"href":"https:\/\/rocketplay-slot.com\/da\/wp-json\/wp\/v2\/pages\/2934\/revisions"}],"predecessor-version":[{"id":4527,"href":"https:\/\/rocketplay-slot.com\/da\/wp-json\/wp\/v2\/pages\/2934\/revisions\/4527"}],"up":[{"embeddable":true,"href":"https:\/\/rocketplay-slot.com\/da\/wp-json\/wp\/v2\/pages\/2774"}],"wp:attachment":[{"href":"https:\/\/rocketplay-slot.com\/da\/wp-json\/wp\/v2\/media?parent=2934"}],"curies":[{"name":"wp","href":"https:\/\/api.w.org\/{rel}","templated":true}]}}