{"id":3038,"date":"2023-01-12T00:10:18","date_gmt":"2023-01-11T21:10:18","guid":{"rendered":"https:\/\/rocketplay-slot.com\/sports-betting\/cricket\/"},"modified":"2024-02-08T15:23:09","modified_gmt":"2024-02-08T12:23:09","slug":"cricket","status":"publish","type":"page","link":"https:\/\/rocketplay-slot.com\/da\/sports-betting\/cricket\/","title":{"rendered":"Alt om online cricket v\u00e6ddem\u00e5l"},"content":{"rendered":"<p>Cricket er det mest popul\u00e6re spil i verden, men det har stadig sin fanskare. Men fordi cricket ikke v\u00e6ddem\u00e5l s\u00e5 ofte som fodbold og andre popul\u00e6re spil, er cricket v\u00e6ddem\u00e5l meget rentabelt. Det ville v\u00e6re nyttigt for dig at kende nogle tip til cricket-v\u00e6ddem\u00e5l og skrive denne artikel til det.<\/p>\n<p><img loading=\"lazy\" decoding=\"async\" class=\"aligncenter wp-image-3968\" src=\"https:\/\/rocketplay-slot.com\/wp-content\/uploads\/2024\/02\/cricketer-field-action.jpg\" alt=\"Alt om online cricket v\u00e6ddem\u00e5l\" width=\"800\" height=\"534\" srcset=\"https:\/\/rocketplay-slot.com\/wp-content\/uploads\/2024\/02\/cricketer-field-action.jpg 1000w, https:\/\/rocketplay-slot.com\/wp-content\/uploads\/2024\/02\/cricketer-field-action-300x200.jpg 300w, https:\/\/rocketplay-slot.com\/wp-content\/uploads\/2024\/02\/cricketer-field-action-768x512.jpg 768w\" sizes=\"auto, (max-width: 800px) 100vw, 800px\" \/><\/p>\n<h2>FORSKELLIGE TYPER INDSATS I CRICKET<\/h2>\n<p>Hver bookmaker har forskellige v\u00e6ddem\u00e5lsmuligheder. Mange af dem kan forvirre brugeren, og han vil lave en falsk indsats. Det betyder, at bookmakerselskabet vil vinde pengene. Der er ogs\u00e5 simple v\u00e6ddem\u00e5l, men du skal analysere dataene. Selvf\u00f8lgelig vil der v\u00e6re de mest betydningsfulde vindende odds p\u00e5 cricket.<\/p>\n<p>For at hj\u00e6lpe dig med at foretage de rigtige v\u00e6ddem\u00e5l har vi lavet gratis cricket-bettingtips til dig:<\/p>\n<ul>\n<li>et v\u00e6ddem\u00e5l p\u00e5 vinderen. Du kan spille p\u00e5 det hold, der efter din mening skal vinde denne kamp;<\/li>\n<li>flere\/f\u00e6rre. Du kan spille p\u00e5 begivenheden, som efter din mening vil ske flere eller f\u00e6rre gange. For eksempel kan du sige, at hold &#8220;A&#8221; vil score mere end 5 point;<\/li>\n<li>f\u00f8rste bold\/f\u00f8rste modtagelse &#8211; Dette v\u00e6ddem\u00e5l er fremragende for dem, der \u00f8nsker at opn\u00e5 et resultat s\u00e5 hurtigt som muligt;<\/li>\n<li>innings k\u00f8res. Dette er et ligetil v\u00e6ddem\u00e5l og best\u00e5r i, at du skal g\u00e6tte, om holdet vil have det n\u00f8dvendige antal runs. Du beh\u00f8ver<\/li>\n<li>ikke engang at g\u00e6tte det n\u00f8jagtige antal. Det skal bare v\u00e6re nok;<\/li>\n<li>spillerv\u00e6ddem\u00e5l. Du kan ikke satse p\u00e5 holdet, men p\u00e5 en bestemt spiller. Hvis han bliver spilleren i kampen, vinder du.<\/li>\n<\/ul>\n<p>Ved at f\u00f8lge denne cricket-bettingguide kan du altid foretage dit v\u00e6ddem\u00e5l.<\/p>\n<h2>CRICKET V\u00c6DDEMIDDELSTRATEGI<\/h2>\n<p>Hver professionel spiller ved sportsbegivenheder har deres strategi. Derfor anbefaler vi dig ogs\u00e5 at komme med din egen, men til dig har vi l\u00e6rt generelle tips fra erfarne brugere:<\/p>\n<ul>\n<li>unders\u00f8g altid n\u00f8je, hvad du satser p\u00e5. God analyse kan fort\u00e6lle dig uoplagte og meget rentable v\u00e6ddem\u00e5l.<\/li>\n<li>se de kampe, du spiller p\u00e5. Dette vil give dig mulighed for at indsamle flere data til yderligere analyse, hvilket betyder, at der vil v\u00e6re f\u00e6rre fejl i v\u00e6ddem\u00e5l.<\/li>\n<li>drik aldrig alkohol, mens du satser. Dette kan forhindre dig i at se tingene objektivt og retf\u00e6rdigt. Du kan lave flere fejl.<\/li>\n<li>brug ikke v\u00e6ddem\u00e5l som en m\u00e5de at tjene penge p\u00e5. Ja, du kan vinde meget her, men hvis heldet l\u00f8ber ud, risikerer du at miste alt.<\/li>\n<li>lav ikke store indsatser. Lav en masse sm\u00e5. Det giver dig mulighed for at differentiere dine investeringer og miste dem alle p\u00e5 \u00e9n gang. Du har meget mindre chance.<\/li>\n<li>brug en gennempr\u00f8vet cricket-betting-app, som garanterer fair udbetalinger, gode odds og fremragende bonusser<\/li>\n<\/ul>\n<p>Ved at f\u00f8lge disse enkle tips kan du altid have det sjovt med live cricket-v\u00e6ddem\u00e5l.<\/p>\n<h2>DE MEST POPUL\u00c6RE CRICKET-INDSATS<\/h2>\n<p>I cricket-v\u00e6ddem\u00e5l er der mange variationer af, hvordan du kan bette. Men du skal huske, at jo mere popul\u00e6rt et specifikt v\u00e6ddem\u00e5l er, jo mindre gunstige er oddsene. Det betyder, at du har en meget lavere chance for at f\u00e5 en anst\u00e6ndig bel\u00f8nning.<\/p>\n<p>Det er derfor, mange bruger v\u00e6ddem\u00e5l, der ikke er de mest popul\u00e6re. Men for at g\u00f8re det, er det v\u00e6rd at studere hvilke v\u00e6ddem\u00e5l der er og analysere de hold og spillere, du kan satse p\u00e5. P\u00e5 denne m\u00e5de kan du opdage mange ting, som ikke umiddelbart var indlysende.<\/p>\n<p>Glem heller ikke, at i cricketv\u00e6ddem\u00e5l vinder Australien popularitet i langtidsv\u00e6ddem\u00e5l. De best\u00e5r af, at du ikke kan spille p\u00e5 \u00e9n kamp, men p\u00e5 hele turneringen. Dette eliminerer heldet eller uheldet for specifikke hold, og holdets systematiske pr\u00e6station kommer i forgrunden, hvilket g\u00f8r disse v\u00e6ddem\u00e5l meget attraktive.<\/p>\n<h2>KONKLUSION<\/h2>\n<p>Som konklusion er v\u00e6ddem\u00e5l en fremragende tilf\u00f8jelse til at se din yndlingssport, som kan give dig lejlighedsvise gevinster og regelm\u00e6ssigt. For at vinde regelm\u00e6ssigt skal du selvf\u00f8lgelig analysere de kommende kampe i detaljer. Det er ogs\u00e5 vigtigt at l\u00e6gge alle den gennemsnitlige fans fordomme til side, fordi en professionel er rationel, selv n\u00e5r det kommer til dit yndlingshold.<\/p>\n<p><img loading=\"lazy\" decoding=\"async\" class=\"aligncenter wp-image-3977\" src=\"https:\/\/rocketplay-slot.com\/wp-content\/uploads\/2024\/02\/man-watching-football-sports-game-digital-tablet.jpg\" alt=\"Alt om online cricket v\u00e6ddem\u00e5l 2\" width=\"800\" height=\"534\" srcset=\"https:\/\/rocketplay-slot.com\/wp-content\/uploads\/2024\/02\/man-watching-football-sports-game-digital-tablet.jpg 1000w, https:\/\/rocketplay-slot.com\/wp-content\/uploads\/2024\/02\/man-watching-football-sports-game-digital-tablet-300x200.jpg 300w, https:\/\/rocketplay-slot.com\/wp-content\/uploads\/2024\/02\/man-watching-football-sports-game-digital-tablet-768x512.jpg 768w\" sizes=\"auto, (max-width: 800px) 100vw, 800px\" \/><\/p>\n<h2>FAQ<\/h2>\n<p>Mange nybegyndere har sv\u00e6rt ved at f\u00e5 styr p\u00e5 spilapplikationer hurtigt. Det er derfor, vi laver denne sektion, hvor vi samler popul\u00e6re sp\u00f8rgsm\u00e5l, s\u00e5 du kan l\u00e6re deres svar.<\/p>\n<h3>HVORDAN VED JEG HVILKEN KAMP JEG VEDDE P\u00c5?<\/h3>\n<p>Du v\u00e6lger altid selv, hvilken kamp du vil spille p\u00e5. Vi anbefaler dig at spille p\u00e5 kampe med gode odds eller minimumsmargin hos bettingselskabet. De tilbydes ofte til nybegyndere.<\/p>\n<h3>HVORDAN V\u00c6LGER JEG HVILKE HOLD AT V\u00c6LDE P\u00c5?<\/h3>\n<p>V\u00e6lg det hold, du gerne vil spille p\u00e5. Du skal indsamle en r\u00e6kke data for at hj\u00e6lpe dig med at analysere. Disse m\u00e5 n\u00f8dvendigvis v\u00e6re forskellige eksperters meninger om den kommende begivenhed. Resultaterne af tidligere m\u00f8der mellem disse hold og kampe i tidligere runder for at se holdenes dynamik. Du b\u00f8r indsamle oplysninger om skader p\u00e5 de f\u00f8rende spillere, og om nogen kan erstatte dem. S\u00f8rg for at studere disse sp\u00f8rgsm\u00e5l omhyggeligt og g\u00f8r din indsats.<\/p>\n<h3>HVAD SKAL V\u00c6RE BEL\u00d8BET AF MIN V\u00c6DDE?<\/h3>\n<p>Indsatsbel\u00f8bet er hovedsageligt kun begr\u00e6nset af din saldo. Selvf\u00f8lgelig er der nogle gange lofter fra bettingselskaber, men hovedsageligt er det ikke p\u00e5kr\u00e6vet, fordi st\u00f8rstedelen af spillerne satser p\u00e5 ikke de v\u00e6sentligste bel\u00f8b. Normalt er det fra $10 til $20. Hvis du er bange for at miste disse penge, s\u00e5 g\u00f8r dit indsatsbel\u00f8b mindre.<\/p>\n","protected":false},"excerpt":{"rendered":"<p>Cricket er det mest popul\u00e6re spil i verden, men det har stadig sin fanskare. Men fordi cricket ikke v\u00e6ddem\u00e5l s\u00e5 ofte som fodbold og andre popul\u00e6re spil, er cricket v\u00e6ddem\u00e5l meget rentabelt. Det ville v\u00e6re nyttigt for dig at kende nogle tip til cricket-v\u00e6ddem\u00e5l og skrive denne artikel til det. FORSKELLIGE TYPER INDSATS I CRICKET&#8230;<\/p>\n","protected":false},"author":1,"featured_media":0,"parent":2774,"menu_order":0,"comment_status":"closed","ping_status":"closed","template":"","meta":{"_acf_changed":false,"_kad_post_transparent":"default","_kad_post_title":"default","_kad_post_layout":"default","_kad_post_sidebar_id":"","_kad_post_content_style":"default","_kad_post_vertical_padding":"default","_kad_post_feature":"","_kad_post_feature_position":"","_kad_post_header":false,"_kad_post_footer":false,"footnotes":""},"class_list":["post-3038","page","type-page","status-publish","hentry"],"acf":[],"rttpg_featured_image_url":null,"rttpg_author":{"display_name":"Elvis","author_link":"https:\/\/rocketplay-slot.com\/da\/author\/pemvas95n89x\/"},"rttpg_comment":0,"rttpg_category":null,"rttpg_excerpt":"Cricket er det mest popul\u00e6re spil i verden, men det har stadig sin fanskare. Men fordi cricket ikke v\u00e6ddem\u00e5l s\u00e5 ofte som fodbold og andre popul\u00e6re spil, er cricket v\u00e6ddem\u00e5l meget rentabelt. Det ville v\u00e6re nyttigt for dig at kende nogle tip til cricket-v\u00e6ddem\u00e5l og skrive denne artikel til det. FORSKELLIGE TYPER INDSATS I CRICKET...","_links":{"self":[{"href":"https:\/\/rocketplay-slot.com\/da\/wp-json\/wp\/v2\/pages\/3038","targetHints":{"allow":["GET"]}}],"collection":[{"href":"https:\/\/rocketplay-slot.com\/da\/wp-json\/wp\/v2\/pages"}],"about":[{"href":"https:\/\/rocketplay-slot.com\/da\/wp-json\/wp\/v2\/types\/page"}],"author":[{"embeddable":true,"href":"https:\/\/rocketplay-slot.com\/da\/wp-json\/wp\/v2\/users\/1"}],"replies":[{"embeddable":true,"href":"https:\/\/rocketplay-slot.com\/da\/wp-json\/wp\/v2\/comments?post=3038"}],"version-history":[{"count":3,"href":"https:\/\/rocketplay-slot.com\/da\/wp-json\/wp\/v2\/pages\/3038\/revisions"}],"predecessor-version":[{"id":4551,"href":"https:\/\/rocketplay-slot.com\/da\/wp-json\/wp\/v2\/pages\/3038\/revisions\/4551"}],"up":[{"embeddable":true,"href":"https:\/\/rocketplay-slot.com\/da\/wp-json\/wp\/v2\/pages\/2774"}],"wp:attachment":[{"href":"https:\/\/rocketplay-slot.com\/da\/wp-json\/wp\/v2\/media?parent=3038"}],"curies":[{"name":"wp","href":"https:\/\/api.w.org\/{rel}","templated":true}]}}