{"id":3328,"date":"2023-08-17T12:12:34","date_gmt":"2023-08-17T09:12:34","guid":{"rendered":"https:\/\/rocketplay-slot.com\/wolf-treasure\/"},"modified":"2023-10-07T18:34:11","modified_gmt":"2023-10-07T15:34:11","slug":"wolf-treasure","status":"publish","type":"page","link":"https:\/\/rocketplay-slot.com\/da\/wolf-treasure\/","title":{"rendered":"Wolf Treasure spillemaskine anmeldelse"},"content":{"rendered":"<p>Wolf Treasure pokies er en sp\u00e6ndende online spillemaskine fra den ber\u00f8mte spiludvikler Pragmatic Play. Det vil tage dig til Nordamerikas vilde natur, hvor du vil m\u00f8de ulve, skattej\u00e6gere og masser af pr\u00e6miemuligheder. I denne anmeldelse vil vi se p\u00e5 hovedfunktionerne i Wolf Treasure spilleautomaten, muligheden for at spille gratis med freespins, samt chancerne for at vinde Wolf Treasure rigtige penge p\u00e5 de bedste online casinoer i Australien.<\/p>\n<p><img loading=\"lazy\" decoding=\"async\" class=\"aligncenter wp-image-3215 \" src=\"https:\/\/rocketplay-slot.com\/wp-content\/uploads\/2023\/08\/65.png\" alt=\"Wolf Treasure slot machine review 2\" width=\"805\" height=\"449\" srcset=\"https:\/\/rocketplay-slot.com\/wp-content\/uploads\/2023\/08\/65.png 1031w, https:\/\/rocketplay-slot.com\/wp-content\/uploads\/2023\/08\/65-300x167.png 300w, https:\/\/rocketplay-slot.com\/wp-content\/uploads\/2023\/08\/65-1024x571.png 1024w, https:\/\/rocketplay-slot.com\/wp-content\/uploads\/2023\/08\/65-768x428.png 768w\" sizes=\"auto, (max-width: 805px) 100vw, 805px\" \/><\/p>\n<h2>BESKRIVELSE AF WOLF TREASURE SLOT<\/h2>\n<p>Wolf Treasure casino Australia er en fem-hjuls og tredive-linjers online slot med et farverigt og attraktivt tema. Symboler omfatter ulve, \u00f8rne, vilde heste og billeder med tal og bogstaver. Ulvesymbolet fungerer som Wild-symbolet og erstatter andre symboler udover Scatter og Money for at hj\u00e6lpe dig med at lave vindende kombinationer. Online spilleautomaterne Wolf Treasure har smukt detaljeret grafik, kvalitetslydeffekter og sp\u00e6ndende animationer, der skaber en atmosf\u00e6re af \u00e6gte eventyr.<\/p>\n<h2>FREESPINS I SPILLET WOLF TREASURE<\/h2>\n<p>Wolf Treasure spillemaskine tilbyder en interessant freespins-funktion, som giver dig mulighed for at f\u00e5 yderligere chancer for at vinde. For at aktivere Wolf Treasure gratis spins skal du samle tre Scatter-symboler (m\u00e5ne) p\u00e5 hjulene. N\u00e5r du g\u00f8r dette f\u00e5r du 5 gratis spins, og du vil have mulighed for at \u00f8ge antallet af freespins, hvis du samler Scatter-symboler igen under bonusrunden.<\/p>\n<h2>RIGTIGE PENGE OG GRATIS SPIL<\/h2>\n<p>Wolf Treasure tilbyder spillere muligheden for at pr\u00f8ve lykken b\u00e5de for rigtige penge og i Wolf Treasures gratis spiltilstand. Hvis du er nybegynder eller bare vil nyde spillet uden risiko, kan du v\u00e6lge den gratis tilstand og spille med virtuelle kreditter. Dog vil de rigtige gambling f\u00f8lelser og chancer for store gevinster blive afsl\u00f8ret for dig, n\u00e5r du spiller for rigtige penge.<\/p>\n<h2>HVOR MAN LEGER WOLF TREASURE<\/h2>\n<p>Wolf Treasure online spilleautomater er tilg\u00e6ngelig p\u00e5 mange online casinoer, og du kan v\u00e6lge den, der passer dig bedst med hensyn til tilbud og bonusser. Hvis du er australsk bosiddende, s\u00e5 hold \u00f8je med kasinoer, der tilbyder Wolf Treasure gratis spins Australien og indbetalingsbonusser til nye spillere. Nogle casinoer tilbyder ogs\u00e5 eksklusive kampagner for at spille denne popul\u00e6re spillemaskine.<\/p>\n<p><img loading=\"lazy\" decoding=\"async\" class=\"aligncenter wp-image-3197\" src=\"https:\/\/rocketplay-slot.com\/wp-content\/uploads\/2023\/08\/22.png\" alt=\"Wolf Treasure slot machine review 2\" width=\"798\" height=\"386\" srcset=\"https:\/\/rocketplay-slot.com\/wp-content\/uploads\/2023\/08\/22.png 1026w, https:\/\/rocketplay-slot.com\/wp-content\/uploads\/2023\/08\/22-300x145.png 300w, https:\/\/rocketplay-slot.com\/wp-content\/uploads\/2023\/08\/22-1024x495.png 1024w, https:\/\/rocketplay-slot.com\/wp-content\/uploads\/2023\/08\/22-768x371.png 768w\" sizes=\"auto, (max-width: 798px) 100vw, 798px\" \/><\/p>\n<h2>WOLF TREASURE ONLINE SLOT &#8211; DIN REJSE TIL SKATTE<\/h2>\n<p>Wolf Treasure er en sp\u00e6ndende online spillemaskine med et sp\u00e6ndende tema og masser af muligheder for at vinde. Spillet med freespins giver dig mulighed for at opleve yderligere f\u00f8lelser, og muligheden for at spille gratis vil hj\u00e6lpe dig med at forst\u00e5 reglerne og strategierne uden at risikere din balance. Wolf Treasure pokie er tilg\u00e6ngelig p\u00e5 de bedste online casinoer i Australien, og du har en unik mulighed for at tage p\u00e5 en sp\u00e6ndende rejse til skatten sammen med ulvene.<\/p>\n","protected":false},"excerpt":{"rendered":"<p>Wolf Treasure pokies er en sp\u00e6ndende online spillemaskine fra den ber\u00f8mte spiludvikler Pragmatic Play. Det vil tage dig til Nordamerikas vilde natur, hvor du vil m\u00f8de ulve, skattej\u00e6gere og masser af pr\u00e6miemuligheder. I denne anmeldelse vil vi se p\u00e5 hovedfunktionerne i Wolf Treasure spilleautomaten, muligheden for at spille gratis med freespins, samt chancerne for at&#8230;<\/p>\n","protected":false},"author":1,"featured_media":0,"parent":0,"menu_order":0,"comment_status":"closed","ping_status":"closed","template":"","meta":{"_acf_changed":false,"_kad_post_transparent":"default","_kad_post_title":"default","_kad_post_layout":"default","_kad_post_sidebar_id":"","_kad_post_content_style":"default","_kad_post_vertical_padding":"default","_kad_post_feature":"","_kad_post_feature_position":"","_kad_post_header":false,"_kad_post_footer":false,"footnotes":""},"class_list":["post-3328","page","type-page","status-publish","hentry"],"acf":[],"rttpg_featured_image_url":null,"rttpg_author":{"display_name":"Elvis","author_link":"https:\/\/rocketplay-slot.com\/da\/author\/pemvas95n89x\/"},"rttpg_comment":0,"rttpg_category":null,"rttpg_excerpt":"Wolf Treasure pokies er en sp\u00e6ndende online spillemaskine fra den ber\u00f8mte spiludvikler Pragmatic Play. Det vil tage dig til Nordamerikas vilde natur, hvor du vil m\u00f8de ulve, skattej\u00e6gere og masser af pr\u00e6miemuligheder. I denne anmeldelse vil vi se p\u00e5 hovedfunktionerne i Wolf Treasure spilleautomaten, muligheden for at spille gratis med freespins, samt chancerne for at...","_links":{"self":[{"href":"https:\/\/rocketplay-slot.com\/da\/wp-json\/wp\/v2\/pages\/3328","targetHints":{"allow":["GET"]}}],"collection":[{"href":"https:\/\/rocketplay-slot.com\/da\/wp-json\/wp\/v2\/pages"}],"about":[{"href":"https:\/\/rocketplay-slot.com\/da\/wp-json\/wp\/v2\/types\/page"}],"author":[{"embeddable":true,"href":"https:\/\/rocketplay-slot.com\/da\/wp-json\/wp\/v2\/users\/1"}],"replies":[{"embeddable":true,"href":"https:\/\/rocketplay-slot.com\/da\/wp-json\/wp\/v2\/comments?post=3328"}],"version-history":[{"count":2,"href":"https:\/\/rocketplay-slot.com\/da\/wp-json\/wp\/v2\/pages\/3328\/revisions"}],"predecessor-version":[{"id":3330,"href":"https:\/\/rocketplay-slot.com\/da\/wp-json\/wp\/v2\/pages\/3328\/revisions\/3330"}],"wp:attachment":[{"href":"https:\/\/rocketplay-slot.com\/da\/wp-json\/wp\/v2\/media?parent=3328"}],"curies":[{"name":"wp","href":"https:\/\/api.w.org\/{rel}","templated":true}]}}