{"id":3360,"date":"2023-08-17T12:14:12","date_gmt":"2023-08-17T09:14:12","guid":{"rendered":"https:\/\/rocketplay-slot.com\/9-coins\/"},"modified":"2023-10-07T19:41:23","modified_gmt":"2023-10-07T16:41:23","slug":"9-coins","status":"publish","type":"page","link":"https:\/\/rocketplay-slot.com\/da\/9-coins\/","title":{"rendered":"Gennemg\u00e5 9 Coins slot"},"content":{"rendered":"<p>9 Coins spilleautomat er en sp\u00e6ndende spillemaskine, der tiltr\u00e6kker spillere med sit unikke tema og muligheder for store gevinster. I denne anmeldelse vil vi se p\u00e5 hovedfunktionerne i 9 Coins-spilleautomaten, give et overblik over demoversionen af spillet, samt tale om muligheden for at f\u00e5 freespins i Australien til denne sp\u00e6ndende spillemaskine for rigtige penge.<\/p>\n<p><img loading=\"lazy\" decoding=\"async\" class=\"aligncenter wp-image-3226\" src=\"https:\/\/rocketplay-slot.com\/wp-content\/uploads\/2023\/08\/9-coins-ss.jpg\" alt=\"Review 9 Coins slot 1\" width=\"816\" height=\"445\" srcset=\"https:\/\/rocketplay-slot.com\/wp-content\/uploads\/2023\/08\/9-coins-ss.jpg 850w, https:\/\/rocketplay-slot.com\/wp-content\/uploads\/2023\/08\/9-coins-ss-300x164.jpg 300w, https:\/\/rocketplay-slot.com\/wp-content\/uploads\/2023\/08\/9-coins-ss-768x419.jpg 768w\" sizes=\"auto, (max-width: 816px) 100vw, 816px\" \/><\/p>\n<h2>BESKRIVELSE AF 9 M\u00d8NTERSLOT<\/h2>\n<p>9 coins slot anmeldelse er en lys og farverig online spillemaskine med et interessant gambling tema. Den har fem hjul og ni betalingslinjer, hvilket skaber masser af gevinstmuligheder. Slotssymbolerne inkluderer guldm\u00f8nter, barer, dollarsymboler og andre held og lykke-attributter. Derudover har 9 Coins-spillet smukt detaljeret grafik, animationer og sp\u00e6ndende soundtrack, som skaber atmosf\u00e6ren af et rigtigt gambling-eventyr.<\/p>\n<h2>ANMELD DEMO SLOT 9 M\u00d8NTER<\/h2>\n<p>For begyndere og dem, der \u00f8nsker at pr\u00f8ve spilleautomaten uden at risikere deres balance, er demoversionen af 9 Coins-spillet tilg\u00e6ngelig. Demoen med 9 m\u00f8nter slot giver dig mulighed for at spille med virtuelle kreditter, og alle de funktioner og funktioner, der er tilg\u00e6ngelige i det rigtige spil, bevares. Dette er en fantastisk mulighed for at s\u00e6tte dig ind i spilleautomatens regler, udforske udbetalinger og bonusfunktioner og udvikle din egen spilstrategi.<\/p>\n<h2>FREESPINS I 9 M\u00d8NTER I AUSTRALIEN<\/h2>\n<p>Spillere fra Australien kan nyde sp\u00e6ndende freespins i 9 Coins slot. Freespins er gratis spins, der gives til spilleren som en del af en kampagne eller bonus. For at aktivere freespins i 9 Coins slot, skal spillere normalt samle et vist antal Scatter-symboler (ofte m\u00f8ntsymboler) p\u00e5 hjulene. Antallet af freespins og eventuelle ekstra bonusser kan variere fra casino til casino.<\/p>\n<h2>SPIL FOR RIGTIGE PENGE I SLOT 9 M\u00d8NTER<\/h2>\n<p>N\u00e5r du er klar til at opleve \u00e6gte gambling-sensationer og rigtige gevinster, kan du skifte til at spille for 9 m\u00f8nter med rigtige penge. For at g\u00f8re det skal du oprette en konto p\u00e5 et af de licenserede online casinoer, foretage en indbetaling og begynde at satse rigtige penge p\u00e5 linjerne. Med unikke bonusfunktioner og gevinstmuligheder tilbyder 9 Coins spilleautomaten store chancer for spillere.<\/p>\n<p><img loading=\"lazy\" decoding=\"async\" class=\"aligncenter wp-image-3235\" src=\"https:\/\/rocketplay-slot.com\/wp-content\/uploads\/2023\/08\/9coins1000editionslot.png\" alt=\"Review 9 Coins slot 2\" width=\"811\" height=\"356\" srcset=\"https:\/\/rocketplay-slot.com\/wp-content\/uploads\/2023\/08\/9coins1000editionslot.png 1898w, https:\/\/rocketplay-slot.com\/wp-content\/uploads\/2023\/08\/9coins1000editionslot-300x132.png 300w, https:\/\/rocketplay-slot.com\/wp-content\/uploads\/2023\/08\/9coins1000editionslot-1024x449.png 1024w, https:\/\/rocketplay-slot.com\/wp-content\/uploads\/2023\/08\/9coins1000editionslot-768x337.png 768w, https:\/\/rocketplay-slot.com\/wp-content\/uploads\/2023\/08\/9coins1000editionslot-1536x674.png 1536w\" sizes=\"auto, (max-width: 811px) 100vw, 811px\" \/><\/p>\n<h2>HVOR MAN SPILLER 9 M\u00d8NTER FOR RIGTIGE PENGE<\/h2>\n<p>For at spille 9 Coins slot for rigtige penge i Australien, skal du v\u00e6lge et p\u00e5lideligt og licenseret online casino. Tjek kasinoets omd\u00f8mme, tilg\u00e6ngeligheden af bonusser og 9 m\u00f8nter gratis spins Australien og bekvemmeligheden ved spilleplatformen. N\u00e5r du har valgt det rigtige casino, vil du v\u00e6re i stand til at nyde et sp\u00e6ndende gambling eventyr i 9 Coins slot og have chancer for at vinde stort.<\/p>\n<h2>KONKLUSION<\/h2>\n<p>De 9 m\u00f8nter pokies er en sp\u00e6ndende slot med et interessant tema og masser af gevinstmuligheder. Du kan pr\u00f8ve demoversionen af spillet for at forst\u00e5 reglerne, eller g\u00e5 direkte ind i et gambling-eventyr for rigtige penge p\u00e5 online casinoer i Australien. Freespins og unikke bonusser g\u00f8r 9 Coins-spillet endnu mere attraktivt for spillere, og du har en unik mulighed for at m\u00e6rke hele spillets gambling-atmosf\u00e6re i denne sp\u00e6ndende slot.<\/p>\n","protected":false},"excerpt":{"rendered":"<p>9 Coins spilleautomat er en sp\u00e6ndende spillemaskine, der tiltr\u00e6kker spillere med sit unikke tema og muligheder for store gevinster. I denne anmeldelse vil vi se p\u00e5 hovedfunktionerne i 9 Coins-spilleautomaten, give et overblik over demoversionen af spillet, samt tale om muligheden for at f\u00e5 freespins i Australien til denne sp\u00e6ndende spillemaskine for rigtige penge. BESKRIVELSE&#8230;<\/p>\n","protected":false},"author":1,"featured_media":0,"parent":0,"menu_order":0,"comment_status":"closed","ping_status":"closed","template":"","meta":{"_acf_changed":false,"_kad_post_transparent":"default","_kad_post_title":"default","_kad_post_layout":"default","_kad_post_sidebar_id":"","_kad_post_content_style":"default","_kad_post_vertical_padding":"default","_kad_post_feature":"","_kad_post_feature_position":"","_kad_post_header":false,"_kad_post_footer":false,"footnotes":""},"class_list":["post-3360","page","type-page","status-publish","hentry"],"acf":[],"rttpg_featured_image_url":null,"rttpg_author":{"display_name":"Elvis","author_link":"https:\/\/rocketplay-slot.com\/da\/author\/pemvas95n89x\/"},"rttpg_comment":0,"rttpg_category":null,"rttpg_excerpt":"9 Coins spilleautomat er en sp\u00e6ndende spillemaskine, der tiltr\u00e6kker spillere med sit unikke tema og muligheder for store gevinster. I denne anmeldelse vil vi se p\u00e5 hovedfunktionerne i 9 Coins-spilleautomaten, give et overblik over demoversionen af spillet, samt tale om muligheden for at f\u00e5 freespins i Australien til denne sp\u00e6ndende spillemaskine for rigtige penge. BESKRIVELSE...","_links":{"self":[{"href":"https:\/\/rocketplay-slot.com\/da\/wp-json\/wp\/v2\/pages\/3360","targetHints":{"allow":["GET"]}}],"collection":[{"href":"https:\/\/rocketplay-slot.com\/da\/wp-json\/wp\/v2\/pages"}],"about":[{"href":"https:\/\/rocketplay-slot.com\/da\/wp-json\/wp\/v2\/types\/page"}],"author":[{"embeddable":true,"href":"https:\/\/rocketplay-slot.com\/da\/wp-json\/wp\/v2\/users\/1"}],"replies":[{"embeddable":true,"href":"https:\/\/rocketplay-slot.com\/da\/wp-json\/wp\/v2\/comments?post=3360"}],"version-history":[{"count":2,"href":"https:\/\/rocketplay-slot.com\/da\/wp-json\/wp\/v2\/pages\/3360\/revisions"}],"predecessor-version":[{"id":3362,"href":"https:\/\/rocketplay-slot.com\/da\/wp-json\/wp\/v2\/pages\/3360\/revisions\/3362"}],"wp:attachment":[{"href":"https:\/\/rocketplay-slot.com\/da\/wp-json\/wp\/v2\/media?parent=3360"}],"curies":[{"name":"wp","href":"https:\/\/api.w.org\/{rel}","templated":true}]}}