{"id":3391,"date":"2023-08-17T12:16:08","date_gmt":"2023-08-17T09:16:08","guid":{"rendered":"https:\/\/rocketplay-slot.com\/gold-express\/"},"modified":"2023-10-08T10:06:15","modified_gmt":"2023-10-08T07:06:15","slug":"gold-express","status":"publish","type":"page","link":"https:\/\/rocketplay-slot.com\/da\/gold-express\/","title":{"rendered":"Gold Express spillemaskine anmeldelse"},"content":{"rendered":"<p>Spil Gold Express slot er en sp\u00e6ndende oplevelse for gambling entusiaster. Denne lyse og sp\u00e6ndende spillemaskine giver mange muligheder for at vinde og nyde spillet. I denne artikel vil vi se p\u00e5 n\u00f8glefunktionerne i Gold Express og fort\u00e6lle dig, hvordan du f\u00e5r gratis adgang til spillet og bruger bonusser.<\/p>\n<p><img loading=\"lazy\" decoding=\"async\" class=\"aligncenter size-full wp-image-3246\" src=\"https:\/\/rocketplay-slot.com\/wp-content\/uploads\/2023\/08\/maxresdefault-1.jpg\" alt=\"Gold Express slot machine review 1\" width=\"951\" height=\"705\" srcset=\"https:\/\/rocketplay-slot.com\/wp-content\/uploads\/2023\/08\/maxresdefault-1.jpg 951w, https:\/\/rocketplay-slot.com\/wp-content\/uploads\/2023\/08\/maxresdefault-1-300x222.jpg 300w, https:\/\/rocketplay-slot.com\/wp-content\/uploads\/2023\/08\/maxresdefault-1-768x569.jpg 768w\" sizes=\"auto, (max-width: 951px) 100vw, 951px\" \/><\/p>\n<h2>FORTROLIGT MED SLOTMASKINEN GOLD EXPRESS<\/h2>\n<p>Gold Express er en fem-hjuls slot med 25 betalingslinjer, udviklet af et f\u00f8rende gambling software firma. Temaet for Gold Express Hold slot-anmeldelsen er baseret p\u00e5 guldfeberen og tiderne med guldprospektering. Farverig grafik, lydeffekter og animationer fordyber spilleren i en fascinerende verden af eventyr og mulige gevinster.<\/p>\n<h2>BONUS OG PR\u00c6MNING<\/h2>\n<p>Spil Gold Express slot er ikke kun interessant, men ogs\u00e5 rentabelt. I l\u00f8bet af spillet kan du m\u00f8de forskellige bonussymboler, s\u00e5som &#8220;Wild&#8221; og &#8220;Scatter&#8221; symboler. &#8220;Wild&#8221;-symbolet er i stand til at erstatte andre symboler p\u00e5 hjulene, hvilket hj\u00e6lper med at indsamle vindende kombinationer. Og &#8220;Scatter&#8221;-symbolet aktiverer gratis spins-tilstanden, som giver dig yderligere chancer for at vinde.<\/p>\n<h2>GRATIS ADGANG TIL SPILLET<\/h2>\n<p>For dem, der vil pr\u00f8ve Gold Express gratis, er der mulighed for at spille i demo-tilstand. Gratis Gold Express giver dig mulighed for at s\u00e6tte dig ind i spillets regler, udforske funktionerne og bonusserne p\u00e5 spilleautomaten uden at risikere dine penge. Dette er en fantastisk m\u00e5de at afg\u00f8re, om denne maskine passer til dig og er en rigtig indsats v\u00e6rd.<\/p>\n<h2>PREDE FUNKTIONER AF GOLD EXPRESS<\/h2>\n<p>En af de vigtigste funktioner i Gold Express er Hold-slot-tilstanden. N\u00e5r vindende kombinationer falder p\u00e5 hjulene, fryses de p\u00e5 plads, mens resten af hjulene tager re-spin. Dette giver dig ekstra chancer for at f\u00e5 st\u00f8rre gevinster.<\/p>\n<p><img loading=\"lazy\" decoding=\"async\" class=\"aligncenter size-full wp-image-3255\" src=\"https:\/\/rocketplay-slot.com\/wp-content\/uploads\/2023\/08\/ss_671c8d840032a5051c396f539388da4cb8eacd97.1920x1080.jpg\" alt=\"Gold Express slot machine review 2\" width=\"1280\" height=\"720\" srcset=\"https:\/\/rocketplay-slot.com\/wp-content\/uploads\/2023\/08\/ss_671c8d840032a5051c396f539388da4cb8eacd97.1920x1080.jpg 1280w, https:\/\/rocketplay-slot.com\/wp-content\/uploads\/2023\/08\/ss_671c8d840032a5051c396f539388da4cb8eacd97.1920x1080-300x169.jpg 300w, https:\/\/rocketplay-slot.com\/wp-content\/uploads\/2023\/08\/ss_671c8d840032a5051c396f539388da4cb8eacd97.1920x1080-1024x576.jpg 1024w, https:\/\/rocketplay-slot.com\/wp-content\/uploads\/2023\/08\/ss_671c8d840032a5051c396f539388da4cb8eacd97.1920x1080-768x432.jpg 768w\" sizes=\"auto, (max-width: 1280px) 100vw, 1280px\" \/><\/p>\n<h2>SPILTIPS OG STRATEGIER<\/h2>\n<p>For at \u00f8ge dine chancer for at vinde i gratis Gold Express-slot, anbefales det at s\u00e6tte rimelige indsatser, is\u00e6r n\u00e5r du spiller for rigtige penge. Administrer din bankroll, s\u00e5 spillet er langt og tilfredsstillende. Det er ogs\u00e5 v\u00e6rd at bruge Gold Express-bonussen og kampagner fra casinoet til at \u00f8ge dine gevinster.<\/p>\n<h2>KONKLUSION<\/h2>\n<p>S\u00e5dan vinder du p\u00e5 Gold Express slot, der giver spillere masser af muligheder for at vinde. Med gratis adgang til spillet i demo-tilstand kan du uden risiko s\u00e6tte dig ind i spillet og beslutte, om det er det rigtige for dig. Brug bonusserne og Hold slot-funktionen til at \u00f8ge dine chancer for at vinde stort. Glem ikke at administrere din bankroll og v\u00e6lge p\u00e5lidelige online casinoer at spille p\u00e5.<\/p>\n<p>S\u00e5 hvis du er klar til at tage p\u00e5 en sp\u00e6ndende rejse tilbage i guldfeberens dage, s\u00e5 er det at spille Gold Express slot et godt valg for dig!<\/p>\n","protected":false},"excerpt":{"rendered":"<p>Spil Gold Express slot er en sp\u00e6ndende oplevelse for gambling entusiaster. Denne lyse og sp\u00e6ndende spillemaskine giver mange muligheder for at vinde og nyde spillet. I denne artikel vil vi se p\u00e5 n\u00f8glefunktionerne i Gold Express og fort\u00e6lle dig, hvordan du f\u00e5r gratis adgang til spillet og bruger bonusser. FORTROLIGT MED SLOTMASKINEN GOLD EXPRESS Gold&#8230;<\/p>\n","protected":false},"author":1,"featured_media":0,"parent":0,"menu_order":0,"comment_status":"closed","ping_status":"closed","template":"","meta":{"_acf_changed":false,"_kad_post_transparent":"default","_kad_post_title":"default","_kad_post_layout":"default","_kad_post_sidebar_id":"","_kad_post_content_style":"default","_kad_post_vertical_padding":"default","_kad_post_feature":"","_kad_post_feature_position":"","_kad_post_header":false,"_kad_post_footer":false,"footnotes":""},"class_list":["post-3391","page","type-page","status-publish","hentry"],"acf":[],"rttpg_featured_image_url":null,"rttpg_author":{"display_name":"Elvis","author_link":"https:\/\/rocketplay-slot.com\/da\/author\/pemvas95n89x\/"},"rttpg_comment":0,"rttpg_category":null,"rttpg_excerpt":"Spil Gold Express slot er en sp\u00e6ndende oplevelse for gambling entusiaster. Denne lyse og sp\u00e6ndende spillemaskine giver mange muligheder for at vinde og nyde spillet. I denne artikel vil vi se p\u00e5 n\u00f8glefunktionerne i Gold Express og fort\u00e6lle dig, hvordan du f\u00e5r gratis adgang til spillet og bruger bonusser. FORTROLIGT MED SLOTMASKINEN GOLD EXPRESS Gold...","_links":{"self":[{"href":"https:\/\/rocketplay-slot.com\/da\/wp-json\/wp\/v2\/pages\/3391","targetHints":{"allow":["GET"]}}],"collection":[{"href":"https:\/\/rocketplay-slot.com\/da\/wp-json\/wp\/v2\/pages"}],"about":[{"href":"https:\/\/rocketplay-slot.com\/da\/wp-json\/wp\/v2\/types\/page"}],"author":[{"embeddable":true,"href":"https:\/\/rocketplay-slot.com\/da\/wp-json\/wp\/v2\/users\/1"}],"replies":[{"embeddable":true,"href":"https:\/\/rocketplay-slot.com\/da\/wp-json\/wp\/v2\/comments?post=3391"}],"version-history":[{"count":2,"href":"https:\/\/rocketplay-slot.com\/da\/wp-json\/wp\/v2\/pages\/3391\/revisions"}],"predecessor-version":[{"id":3393,"href":"https:\/\/rocketplay-slot.com\/da\/wp-json\/wp\/v2\/pages\/3391\/revisions\/3393"}],"wp:attachment":[{"href":"https:\/\/rocketplay-slot.com\/da\/wp-json\/wp\/v2\/media?parent=3391"}],"curies":[{"name":"wp","href":"https:\/\/api.w.org\/{rel}","templated":true}]}}