{"id":3450,"date":"2023-08-17T12:18:14","date_gmt":"2023-08-17T09:18:14","guid":{"rendered":"https:\/\/rocketplay-slot.com\/monkey-king\/"},"modified":"2023-10-08T11:42:53","modified_gmt":"2023-10-08T08:42:53","slug":"monkey-king","status":"publish","type":"page","link":"https:\/\/rocketplay-slot.com\/da\/monkey-king\/","title":{"rendered":"Legendarisk Monkey King slot"},"content":{"rendered":"<p>Monkey King slot er en sp\u00e6ndende spillemaskine baseret p\u00e5 kinesisk mytologi og legenden om abekongen. Denne sp\u00e6ndende slot tiltr\u00e6kker opm\u00e6rksomhed fra mange spillere med sin farverige grafik, unikke funktioner og interessante spilmekanik. I denne artikel vil vi se p\u00e5 n\u00f8glefunktionerne i Monkey King spilleautomaten og give nyttige tips til et vellykket spil.<\/p>\n<p><img loading=\"lazy\" decoding=\"async\" class=\"aligncenter size-full wp-image-3265\" src=\"https:\/\/rocketplay-slot.com\/wp-content\/uploads\/2023\/08\/monkey-king.png\" alt=\"Legendary Monkey King slot 1\" width=\"995\" height=\"555\" srcset=\"https:\/\/rocketplay-slot.com\/wp-content\/uploads\/2023\/08\/monkey-king.png 995w, https:\/\/rocketplay-slot.com\/wp-content\/uploads\/2023\/08\/monkey-king-300x167.png 300w, https:\/\/rocketplay-slot.com\/wp-content\/uploads\/2023\/08\/monkey-king-768x428.png 768w\" sizes=\"auto, (max-width: 995px) 100vw, 995px\" \/><\/p>\n<h2>FORTROLIGT MED MONKEY KING SLOT MACHINE<\/h2>\n<p>Monkey King spilleautomat er en femhjuls spilleautomat med tre r\u00e6kker af symboler og 25 betalingslinjer. Skabt af f\u00f8rende gambling softwareudviklere, vil dette slot tage dig til en verden af kinesisk mytologi, hvor du vil m\u00f8de den legendariske Monkey King slot og hans ledsagere p\u00e5 vejen til rigdom og eventyr.<\/p>\n<h2>FANTASTISK GRAFIK OG SOUNDTRACK<\/h2>\n<p>En af hovedattraktionerne ved Monkey King spilleautomaten er grafik af h\u00f8j kvalitet og fantastiske billeder. Hvert symbol p\u00e5 hjulene gengives med k\u00e6rlig opm\u00e6rksomhed p\u00e5 detaljer, og animationerne bringer de maleriske karakterer til live. Soundtracket matcher ogs\u00e5 spillets atmosf\u00e6re, hvilket skaber den mest fordybende oplevelse for spillere.<\/p>\n<h2>UNIKE FUNKTIONER OG BONUSSER<\/h2>\n<p>Monkey King spilleautomaten har unikke funktioner og bonusser, der g\u00f8r spillet endnu mere interessant. En s\u00e5dan funktion er Monkey King-funktionen, som aktiveres, n\u00e5r Monkey King-symboler vises p\u00e5 hjulene. I denne tilstand kan abekongen forvandle andre symboler til &#8220;Wild&#8221;, hvilket \u00f8ger chancerne for at vinde kombinationer.<\/p>\n<h2>SPILHEMMELIGHEDER OG TIPS TIL SPILLERE<\/h2>\n<p>For at spille Monkey King-spilleautomaten med succes, er der et par vigtige tips at overveje. F\u00f8rst skal du g\u00f8re dig bekendt med udbetalingstabellen og funktionerne ved hvert symbol. Dette vil hj\u00e6lpe dig med at forst\u00e5, hvilke kombinationer der giver de st\u00f8rste gevinster. For det andet skal du indstille rimelige indsatser i henhold til din bankroll, s\u00e5 Monkey King spilleautomaten bliver lang og intens. For det tredje skal du udnytte casinoets gratis spins og bonustilbud til at \u00f8ge dine chancer for succes.<\/p>\n<p><img loading=\"lazy\" decoding=\"async\" class=\"aligncenter size-full wp-image-3274\" src=\"https:\/\/rocketplay-slot.com\/wp-content\/uploads\/2023\/08\/monkey-king-1.jpg\" alt=\"Legendary Monkey King slot 2\" width=\"838\" height=\"509\" srcset=\"https:\/\/rocketplay-slot.com\/wp-content\/uploads\/2023\/08\/monkey-king-1.jpg 838w, https:\/\/rocketplay-slot.com\/wp-content\/uploads\/2023\/08\/monkey-king-1-300x182.jpg 300w, https:\/\/rocketplay-slot.com\/wp-content\/uploads\/2023\/08\/monkey-king-1-768x466.jpg 768w\" sizes=\"auto, (max-width: 838px) 100vw, 838px\" \/><\/p>\n<h2>TILG\u00c6NGELIGHED OG LETT AT SPILLE<\/h2>\n<p>Monkey King spilleautomat er tilg\u00e6ngelig p\u00e5 mange online casinoer, hvilket g\u00f8r det tilg\u00e6ngeligt at spille p\u00e5 ethvert passende tidspunkt. Takket v\u00e6re HTML5-teknologien er Monkey King ogs\u00e5 tilg\u00e6ngelig p\u00e5 mobile enheder, s\u00e5 du kan nyde sp\u00e6ndingen hvor som helst og n\u00e5r som helst.<\/p>\n<h2>KONKLUSION<\/h2>\n<p>Monkey King slot er et sp\u00e6ndende eventyr i den kinesiske mytologis verden med Monkey King i hovedrollen. Fantastisk grafik, unikke funktioner og h\u00f8je vinderchancer g\u00f8r denne spillemaskine popul\u00e6r blandt spillere. Ved at anvende Monkey King slot tips og strategier kan du \u00f8ge dine chancer for at vinde stort og nyde hvert spin i Monkey King slot. S\u00e5 tag p\u00e5 et sp\u00e6ndende eventyr og f\u00e5 din skat sammen med den legendariske Monkey King!<\/p>\n","protected":false},"excerpt":{"rendered":"<p>Monkey King slot er en sp\u00e6ndende spillemaskine baseret p\u00e5 kinesisk mytologi og legenden om abekongen. Denne sp\u00e6ndende slot tiltr\u00e6kker opm\u00e6rksomhed fra mange spillere med sin farverige grafik, unikke funktioner og interessante spilmekanik. I denne artikel vil vi se p\u00e5 n\u00f8glefunktionerne i Monkey King spilleautomaten og give nyttige tips til et vellykket spil. FORTROLIGT MED MONKEY&#8230;<\/p>\n","protected":false},"author":1,"featured_media":0,"parent":0,"menu_order":0,"comment_status":"closed","ping_status":"closed","template":"","meta":{"_acf_changed":false,"_kad_post_transparent":"default","_kad_post_title":"default","_kad_post_layout":"default","_kad_post_sidebar_id":"","_kad_post_content_style":"default","_kad_post_vertical_padding":"default","_kad_post_feature":"","_kad_post_feature_position":"","_kad_post_header":false,"_kad_post_footer":false,"footnotes":""},"class_list":["post-3450","page","type-page","status-publish","hentry"],"acf":[],"rttpg_featured_image_url":null,"rttpg_author":{"display_name":"Elvis","author_link":"https:\/\/rocketplay-slot.com\/da\/author\/pemvas95n89x\/"},"rttpg_comment":0,"rttpg_category":null,"rttpg_excerpt":"Monkey King slot er en sp\u00e6ndende spillemaskine baseret p\u00e5 kinesisk mytologi og legenden om abekongen. Denne sp\u00e6ndende slot tiltr\u00e6kker opm\u00e6rksomhed fra mange spillere med sin farverige grafik, unikke funktioner og interessante spilmekanik. I denne artikel vil vi se p\u00e5 n\u00f8glefunktionerne i Monkey King spilleautomaten og give nyttige tips til et vellykket spil. FORTROLIGT MED MONKEY...","_links":{"self":[{"href":"https:\/\/rocketplay-slot.com\/da\/wp-json\/wp\/v2\/pages\/3450","targetHints":{"allow":["GET"]}}],"collection":[{"href":"https:\/\/rocketplay-slot.com\/da\/wp-json\/wp\/v2\/pages"}],"about":[{"href":"https:\/\/rocketplay-slot.com\/da\/wp-json\/wp\/v2\/types\/page"}],"author":[{"embeddable":true,"href":"https:\/\/rocketplay-slot.com\/da\/wp-json\/wp\/v2\/users\/1"}],"replies":[{"embeddable":true,"href":"https:\/\/rocketplay-slot.com\/da\/wp-json\/wp\/v2\/comments?post=3450"}],"version-history":[{"count":1,"href":"https:\/\/rocketplay-slot.com\/da\/wp-json\/wp\/v2\/pages\/3450\/revisions"}],"predecessor-version":[{"id":3451,"href":"https:\/\/rocketplay-slot.com\/da\/wp-json\/wp\/v2\/pages\/3450\/revisions\/3451"}],"wp:attachment":[{"href":"https:\/\/rocketplay-slot.com\/da\/wp-json\/wp\/v2\/media?parent=3450"}],"curies":[{"name":"wp","href":"https:\/\/api.w.org\/{rel}","templated":true}]}}