{"id":3453,"date":"2023-08-17T12:20:18","date_gmt":"2023-08-17T09:20:18","guid":{"rendered":"https:\/\/rocketplay-slot.com\/lion-gems-hold-and-win\/"},"modified":"2023-10-08T13:26:45","modified_gmt":"2023-10-08T10:26:45","slug":"lion-gems-hold-and-win","status":"publish","type":"page","link":"https:\/\/rocketplay-slot.com\/da\/lion-gems-hold-and-win\/","title":{"rendered":"Lion Gems: Hold and Win anmeldelse af spilleautomater"},"content":{"rendered":"<p>Spilleautomat Lion Gems: Hold and Win &#8211; en sp\u00e6ndende spillemaskine, der giver spillerne en unik mulighed for at kaste sig ud i atmosf\u00e6ren p\u00e5 den afrikanske pr\u00e6rie og f\u00f8le lysten til at spille for rigtige penge Lion Gems Hold.<\/p>\n<p><img loading=\"lazy\" decoding=\"async\" class=\"aligncenter size-full wp-image-3294\" src=\"https:\/\/rocketplay-slot.com\/wp-content\/uploads\/2023\/08\/lion_gems__post_984x552.png\" alt=\"Lion Gems 1\" width=\"984\" height=\"552\" srcset=\"https:\/\/rocketplay-slot.com\/wp-content\/uploads\/2023\/08\/lion_gems__post_984x552.png 984w, https:\/\/rocketplay-slot.com\/wp-content\/uploads\/2023\/08\/lion_gems__post_984x552-300x168.png 300w, https:\/\/rocketplay-slot.com\/wp-content\/uploads\/2023\/08\/lion_gems__post_984x552-768x431.png 768w\" sizes=\"auto, (max-width: 984px) 100vw, 984px\" \/><\/p>\n<h2>SP\u00c6NDENDE GAMEPLAY L\u00d8VE PERLE: HOLD OG VIND<\/h2>\n<p>Lion Gems Hold and Win &#8211; en lys og farverig spillemaskine med fem hjul og 25 betalingslinjer. Spilleautomatens tema er dedikeret til livet i de afrikanske landes vildmark, og symbolerne omfatter l\u00f8ver, elefanter, giraffer og andre indbyggere p\u00e5 savannen. Kvalitetsgrafik og atmosf\u00e6risk lyd fordyber spillere i den vidunderlige verden af afrikansk natur.<\/p>\n<h2>FUNKTIONER OG BONUSSER P\u00c5 L\u00d8VE PERLE: HOLD OG VIND<\/h2>\n<p>Lion Gems: Hold and Win anmeldelse har forskellige interessante funktioner og bonusser:<\/p>\n<ul>\n<li>Hold og vind bonus &#8211; n\u00e5r et antal \u00e6delstenssymboler falder p\u00e5 hjulene, aktiveres Hold og vind-tilstanden. Spillere f\u00e5r mulighed for at f\u00e5 store gevinster og ogs\u00e5 vinde en af de tre jackpots.<\/li>\n<li>Gratis spins \u2013 n\u00e5r tre eller flere scatter-symboler falder, tildeles spillere gratis spins med \u00f8gede chancer for at vinde.<\/li>\n<\/ul>\n<h2>S\u00c5DAN SPILLER DU LION GEMS: HOLD OG VIND SLOT FOR RIGTIGE PENGE<\/h2>\n<p>For at spille Lion Gems: Hold and Win slot for rigtige penge skal du v\u00e6lge et p\u00e5lideligt online casino, der tilbyder denne maskine. S\u00e5 skal du registrere dig p\u00e5 casinosiden, genopfylde din spillekonto og v\u00e6lge Lion Gems: Hold and Win i slots-sektionen.<\/p>\n<h2 style=\"font-family: Rubik, sans-serif;\"><img loading=\"lazy\" decoding=\"async\" class=\"aligncenter size-full wp-image-3285\" src=\"https:\/\/rocketplay-slot.com\/wp-content\/uploads\/2023\/08\/lion-gems-hold-and-win-ss.jpg\" alt=\"Lion Gems 2\" width=\"850\" height=\"483\" srcset=\"https:\/\/rocketplay-slot.com\/wp-content\/uploads\/2023\/08\/lion-gems-hold-and-win-ss.jpg 850w, https:\/\/rocketplay-slot.com\/wp-content\/uploads\/2023\/08\/lion-gems-hold-and-win-ss-300x170.jpg 300w, https:\/\/rocketplay-slot.com\/wp-content\/uploads\/2023\/08\/lion-gems-hold-and-win-ss-768x436.jpg 768w\" sizes=\"auto, (max-width: 850px) 100vw, 850px\" \/><\/h2>\n<h2>TIP TIL AT FORH\u00d8GE DINE GEVINSTER<\/h2>\n<p>For at \u00f8ge dine chancer for at vinde p\u00e5 Lion Gems: Hold and Win slot, anbefales det at f\u00f8lge f\u00f8lgende tips:<\/p>\n<ul>\n<li>Indstil optimale indsatser \u2013 v\u00e6lg indsatser, der passer til dit budget og giver dig mulighed for at nyde spillet i lange perioder.<\/li>\n<li>Brug Hold og vind bonussen \u2013 deltag aktivt i Hold og vind-tilstanden for at \u00f8ge dine chancer for at f\u00e5 store gevinster.<\/li>\n<li>Spil ansvarligt \u2013 husk at gambling kan v\u00e6re vanedannende, s\u00e5 spil ansvarligt og s\u00e6t indsatsgr\u00e6nser.<\/li>\n<\/ul>\n<h2>KONKLUSION<\/h2>\n<p>Lion Gems: Hold and Win er en sp\u00e6ndende spillemaskine med lys grafik og sp\u00e6ndende gameplay. Bonusser og funktioner i spilleautomaten giver spillere mulighed for at vinde store gevinster og nyde sp\u00e6ndingen fuldt ud. Hvis du leder efter et kvalitetsspil med mulighed for at vinde rigtige penge, er Lion Gems: Hold and Win din opm\u00e6rksomhed v\u00e6rd. Spil Lion Gems: Hold og vind ansvarligt og held og lykke p\u00e5 din spilrejse!<\/p>\n","protected":false},"excerpt":{"rendered":"<p>Spilleautomat Lion Gems: Hold and Win &#8211; en sp\u00e6ndende spillemaskine, der giver spillerne en unik mulighed for at kaste sig ud i atmosf\u00e6ren p\u00e5 den afrikanske pr\u00e6rie og f\u00f8le lysten til at spille for rigtige penge Lion Gems Hold. SP\u00c6NDENDE GAMEPLAY L\u00d8VE PERLE: HOLD OG VIND Lion Gems Hold and Win &#8211; en lys og&#8230;<\/p>\n","protected":false},"author":1,"featured_media":0,"parent":0,"menu_order":0,"comment_status":"closed","ping_status":"closed","template":"","meta":{"_acf_changed":false,"_kad_post_transparent":"default","_kad_post_title":"default","_kad_post_layout":"default","_kad_post_sidebar_id":"","_kad_post_content_style":"default","_kad_post_vertical_padding":"default","_kad_post_feature":"","_kad_post_feature_position":"","_kad_post_header":false,"_kad_post_footer":false,"footnotes":""},"class_list":["post-3453","page","type-page","status-publish","hentry"],"acf":[],"rttpg_featured_image_url":null,"rttpg_author":{"display_name":"Elvis","author_link":"https:\/\/rocketplay-slot.com\/da\/author\/pemvas95n89x\/"},"rttpg_comment":0,"rttpg_category":null,"rttpg_excerpt":"Spilleautomat Lion Gems: Hold and Win &#8211; en sp\u00e6ndende spillemaskine, der giver spillerne en unik mulighed for at kaste sig ud i atmosf\u00e6ren p\u00e5 den afrikanske pr\u00e6rie og f\u00f8le lysten til at spille for rigtige penge Lion Gems Hold. SP\u00c6NDENDE GAMEPLAY L\u00d8VE PERLE: HOLD OG VIND Lion Gems Hold and Win &#8211; en lys og...","_links":{"self":[{"href":"https:\/\/rocketplay-slot.com\/da\/wp-json\/wp\/v2\/pages\/3453","targetHints":{"allow":["GET"]}}],"collection":[{"href":"https:\/\/rocketplay-slot.com\/da\/wp-json\/wp\/v2\/pages"}],"about":[{"href":"https:\/\/rocketplay-slot.com\/da\/wp-json\/wp\/v2\/types\/page"}],"author":[{"embeddable":true,"href":"https:\/\/rocketplay-slot.com\/da\/wp-json\/wp\/v2\/users\/1"}],"replies":[{"embeddable":true,"href":"https:\/\/rocketplay-slot.com\/da\/wp-json\/wp\/v2\/comments?post=3453"}],"version-history":[{"count":3,"href":"https:\/\/rocketplay-slot.com\/da\/wp-json\/wp\/v2\/pages\/3453\/revisions"}],"predecessor-version":[{"id":3460,"href":"https:\/\/rocketplay-slot.com\/da\/wp-json\/wp\/v2\/pages\/3453\/revisions\/3460"}],"wp:attachment":[{"href":"https:\/\/rocketplay-slot.com\/da\/wp-json\/wp\/v2\/media?parent=3453"}],"curies":[{"name":"wp","href":"https:\/\/api.w.org\/{rel}","templated":true}]}}