{"id":3510,"date":"2023-08-17T12:27:24","date_gmt":"2023-08-17T09:27:24","guid":{"rendered":"https:\/\/rocketplay-slot.com\/cash-pig\/"},"modified":"2023-10-15T13:52:16","modified_gmt":"2023-10-15T10:52:16","slug":"cash-pig","status":"publish","type":"page","link":"https:\/\/rocketplay-slot.com\/da\/cash-pig\/","title":{"rendered":"Cash Pig spillemaskine anmeldelse"},"content":{"rendered":"<p>Cash Pig er en sp\u00e6ndende online spillemaskine, der giver spillerne mulighed for at kaste sig ud i en verden af eventyr og sp\u00e6ndende spil. I denne artikel vil vi fort\u00e6lle dig, hvordan du spiller Cash Pig, gennemg\u00e5 funktionerne i denne spilleautomat, give et overblik over de vigtigste funktioner og dele tips til, hvordan du \u00f8ger dine gevinster. S\u00e5 lad os komme i gang!<\/p>\n<p><img loading=\"lazy\" decoding=\"async\" class=\"aligncenter size-full wp-image-3315\" src=\"https:\/\/rocketplay-slot.com\/wp-content\/uploads\/2023\/08\/maxresdefault-2.jpg\" alt=\"Cash Pig slot machine review 1\" width=\"1273\" height=\"487\" srcset=\"https:\/\/rocketplay-slot.com\/wp-content\/uploads\/2023\/08\/maxresdefault-2.jpg 1273w, https:\/\/rocketplay-slot.com\/wp-content\/uploads\/2023\/08\/maxresdefault-2-300x115.jpg 300w, https:\/\/rocketplay-slot.com\/wp-content\/uploads\/2023\/08\/maxresdefault-2-1024x392.jpg 1024w, https:\/\/rocketplay-slot.com\/wp-content\/uploads\/2023\/08\/maxresdefault-2-768x294.jpg 768w\" sizes=\"auto, (max-width: 1273px) 100vw, 1273px\" \/><\/p>\n<h2>FORTROLIGT MED KONTANT PIG SLOT MACHINE<\/h2>\n<p>Cash Pig er en lys og farverig spillemaskine med fem hjul og 20 betalingslinjer. Spilleautomatens tema er viet til eventyr inden for landbrug, og symbolerne inkluderer forskellige dyr, skattekister og andre egenskaber ved g\u00e5rdlivet. Grafik af h\u00f8j kvalitet og et behageligt soundtrack g\u00f8r det s\u00e6rligt sp\u00e6ndende at spille Cash Pig.<\/p>\n<h2>S\u00c5DAN SPILLER MAN KONTANT PIG<\/h2>\n<p>At spille Cash Pig online slot er ret simpelt. F\u00f8rst skal du v\u00e6lge et p\u00e5lideligt online casino, der tilbyder denne spillemaskine. S\u00e5 skal du registrere dig p\u00e5 casinoets hjemmeside, finansiere din spillekonto og v\u00e6lge Cash Pig i slots-sektionen. Du kan ogs\u00e5 pr\u00f8ve at spille Cash Pig gratis i demo-tilstand for at blive fortrolig med spillets regler og funktioner.<\/p>\n<h2>CASH PIG FUNKTIONER OG BONUS<\/h2>\n<p>Cash Pig Online slot anmeldelse har forskellige interessante funktioner og bonusser:<\/p>\n<ul>\n<li>Bonussymboler \u2013 s\u00e6rlige symboler falder p\u00e5 hjulene, der aktiverer bonusrunder og gratis spins.<\/li>\n<li>Wild-symboler &#8211; symboler med en pygm\u00e6 gris er vilde og kan erstatte andre symboler for at skabe vindende kombinationer.<\/li>\n<li>Gratis spins &#8211; N\u00e5r tre eller flere kistesymboler vises, f\u00e5r spillere gratis spins med \u00f8gede chancer for at vinde.<\/li>\n<\/ul>\n<p><img loading=\"lazy\" decoding=\"async\" class=\"aligncenter size-full wp-image-3306\" src=\"https:\/\/rocketplay-slot.com\/wp-content\/uploads\/2023\/08\/cash-pig.jpg\" alt=\"Cash Pig slot machine review 2\" width=\"838\" height=\"449\" srcset=\"https:\/\/rocketplay-slot.com\/wp-content\/uploads\/2023\/08\/cash-pig.jpg 838w, https:\/\/rocketplay-slot.com\/wp-content\/uploads\/2023\/08\/cash-pig-300x161.jpg 300w, https:\/\/rocketplay-slot.com\/wp-content\/uploads\/2023\/08\/cash-pig-768x411.jpg 768w\" sizes=\"auto, (max-width: 838px) 100vw, 838px\" \/><\/p>\n<h2>TIP TIL AT FORH\u00d8GE DINE GEVINSTER<\/h2>\n<p>For at \u00f8ge dine chancer for at vinde hos Cash Pig, anbefales det at holde sig til f\u00f8lgende tips:<\/p>\n<ul>\n<li>Spil med maksimale indsatser \u2013 v\u00e6lg indsatser, der passer til dit budget og giver dig mulighed for at maksimere dine gevinster.<\/li>\n<li>Brug bonusrunder \u2013 deltag aktivt i bonusrunder og gratis spins for at \u00f8ge dine chancer for at f\u00e5 store gevinster.<\/li>\n<li>Administrer din bankroll \u2013 hold \u00f8je med din spillekonto og s\u00e6t indsatsgr\u00e6nser for at undg\u00e5 store tab.<\/li>\n<\/ul>\n<h2>KONKLUSION<\/h2>\n<p>Det er en sp\u00e6ndende og vanedannende Cash Pig spillemaskine, der giver spillerne mulighed for at opleve sp\u00e6nding og \u00f8ge deres gevinster. Hvis du leder efter et interessant spil med gode chancer for at vinde, er Cash Pig et godt valg. Spil Cash Pig slots spil og nyd de lyse f\u00f8lelser og imponerende gevinster!<\/p>\n","protected":false},"excerpt":{"rendered":"<p>Cash Pig er en sp\u00e6ndende online spillemaskine, der giver spillerne mulighed for at kaste sig ud i en verden af eventyr og sp\u00e6ndende spil. I denne artikel vil vi fort\u00e6lle dig, hvordan du spiller Cash Pig, gennemg\u00e5 funktionerne i denne spilleautomat, give et overblik over de vigtigste funktioner og dele tips til, hvordan du \u00f8ger&#8230;<\/p>\n","protected":false},"author":1,"featured_media":0,"parent":0,"menu_order":0,"comment_status":"closed","ping_status":"closed","template":"","meta":{"_acf_changed":false,"_kad_post_transparent":"default","_kad_post_title":"default","_kad_post_layout":"default","_kad_post_sidebar_id":"","_kad_post_content_style":"default","_kad_post_vertical_padding":"default","_kad_post_feature":"","_kad_post_feature_position":"","_kad_post_header":false,"_kad_post_footer":false,"footnotes":""},"class_list":["post-3510","page","type-page","status-publish","hentry"],"acf":[],"rttpg_featured_image_url":null,"rttpg_author":{"display_name":"Elvis","author_link":"https:\/\/rocketplay-slot.com\/da\/author\/pemvas95n89x\/"},"rttpg_comment":0,"rttpg_category":null,"rttpg_excerpt":"Cash Pig er en sp\u00e6ndende online spillemaskine, der giver spillerne mulighed for at kaste sig ud i en verden af eventyr og sp\u00e6ndende spil. I denne artikel vil vi fort\u00e6lle dig, hvordan du spiller Cash Pig, gennemg\u00e5 funktionerne i denne spilleautomat, give et overblik over de vigtigste funktioner og dele tips til, hvordan du \u00f8ger...","_links":{"self":[{"href":"https:\/\/rocketplay-slot.com\/da\/wp-json\/wp\/v2\/pages\/3510","targetHints":{"allow":["GET"]}}],"collection":[{"href":"https:\/\/rocketplay-slot.com\/da\/wp-json\/wp\/v2\/pages"}],"about":[{"href":"https:\/\/rocketplay-slot.com\/da\/wp-json\/wp\/v2\/types\/page"}],"author":[{"embeddable":true,"href":"https:\/\/rocketplay-slot.com\/da\/wp-json\/wp\/v2\/users\/1"}],"replies":[{"embeddable":true,"href":"https:\/\/rocketplay-slot.com\/da\/wp-json\/wp\/v2\/comments?post=3510"}],"version-history":[{"count":4,"href":"https:\/\/rocketplay-slot.com\/da\/wp-json\/wp\/v2\/pages\/3510\/revisions"}],"predecessor-version":[{"id":3524,"href":"https:\/\/rocketplay-slot.com\/da\/wp-json\/wp\/v2\/pages\/3510\/revisions\/3524"}],"wp:attachment":[{"href":"https:\/\/rocketplay-slot.com\/da\/wp-json\/wp\/v2\/media?parent=3510"}],"curies":[{"name":"wp","href":"https:\/\/api.w.org\/{rel}","templated":true}]}}