{"id":3557,"date":"2024-01-22T20:04:42","date_gmt":"2024-01-22T17:04:42","guid":{"rendered":"https:\/\/rocketplay-slot.com\/about-us\/"},"modified":"2025-11-17T11:30:34","modified_gmt":"2025-11-17T08:30:34","slug":"about-us","status":"publish","type":"page","link":"https:\/\/rocketplay-slot.com\/da\/about-us\/","title":{"rendered":"Om os"},"content":{"rendered":"<p>Velkommen til RocketPlay Casino, hvor sp\u00e6ndingen n\u00e5r nye h\u00f8jder, og sp\u00e6ndingen ved spil tager fart! Udforsk et univers af underholdning som aldrig f\u00f8r, hvor banebrydende teknologi m\u00f8der enest\u00e5ende spiloplevelser. Lad os tage dig med p\u00e5 en rejse gennem RocketPlay Casinos kosmos, hvor innovation, sikkerhed og en galakse af spil m\u00f8des.<\/p>\n<h2>Vores mission: L\u00f8ft underholdning<\/h2>\n<p>Hos RocketPlay Casino er vores mission at l\u00f8fte verden af onlinespil ved at tilbyde en platform, der g\u00e5r ud over det s\u00e6dvanlige. Vi str\u00e6ber efter at skabe et fordybende og elektrificerende milj\u00f8, hvor spillere kan flygte ind i en verden af muligheder. Vores forpligtelse til ekspertise afspejles i alle aspekter af RocketPlay Casino, fra designet af vores platform til udvalget af spil, der tilgodeser vores spilleres forskellige smag.<\/p>\n<h2>Innovativ teknologi: Hvor videnskab m\u00f8der leg<\/h2>\n<p>RocketPlay Casino er p\u00e5 forkant med teknologisk innovation og udnytter avancerede fremskridt til at levere en uovertruffen spiloplevelse. Vores platform er drevet af avanceret software, der sikrer problemfri navigation, responsivt gameplay og fantastisk grafik. Uanset om du er en erfaren spiller eller en nybegynder, g\u00f8r vores brugervenlige gr\u00e6nseflade udforskning ubesv\u00e6ret, hvilket bringer gl\u00e6den ved at spille til alle.<\/p>\n<h2>Spilvalg: En galakse af valg<\/h2>\n<p>Dyk ned i en stor galakse af spilmuligheder p\u00e5 RocketPlay Casino. Vi forst\u00e5r, at variation er livets krydderi, og vores omfattende udvalg af spil afspejler denne filosofi. Fra klassiske bordspil til de nyeste videoslots, vores samling er sammensat til at im\u00f8dekomme forskellige pr\u00e6ferencer og f\u00e6rdighedsniveauer. Oplev adrenalinsuset fra high-stakes poker, den strategiske dybde af blackjack eller sp\u00e6ndingen ved at dreje hjulene p\u00e5 vores mangfoldige udvalg af spilleautomater.<\/p>\n<h2>Sikkerhed: Din sikkerhed er vores prioritet<\/h2>\n<p>RocketPlay Casino l\u00e6gger den st\u00f8rste v\u00e6gt p\u00e5 sikkerheden og privatlivets fred for vores spillere. Vores platform er forst\u00e6rket med avanceret krypteringsteknologi, der sikrer, at dine personlige oplysninger forbliver fortrolige. Vi arbejder med gennemsigtighed og integritet og overholder strenge industristandarder for at skabe et sikkert spilmilj\u00f8. Nyd sp\u00e6ndingen ved at spille med ro i sindet, velvidende at RocketPlay Casino har din sikkerhed p\u00e5 forkant med alt, hvad vi g\u00f8r.<\/p>\n<h2>Fair Play: En forpligtelse til integritet<\/h2>\n<p>Hos RocketPlay Casino tror vi p\u00e5 fair play og gennemsigtighed. Vores spil gennemg\u00e5r strenge tests af uafh\u00e6ngige revisorer for at sikre, at resultaterne er virkelig tilf\u00e6ldige og upartiske. Vi s\u00e6tter en \u00e6re i at tilbyde lige vilk\u00e5r for alle vores spillere og skabe et milj\u00f8, hvor dygtighed og held m\u00f8des i en harmonisk dans. Stol p\u00e5 RocketPlay Casino for at levere spiloplevelser, der ikke kun er sp\u00e6ndende, men ogs\u00e5 fair og trov\u00e6rdige.<\/p>\n<h2>Bonusser og kampagner: Boost sp\u00e6ndingen<\/h2>\n<p>RocketPlay Casino elsker at bel\u00f8nne sine spillere! Forbered dig p\u00e5 start med vores sp\u00e6ndende bonusser og kampagner for at forbedre din spilrejse. Fra velkomstbonusser, der skyder dit indledende indskud i vejret til regelm\u00e6ssige kampagner, der holder sp\u00e6ndingen i live, tror vi p\u00e5 at tilf\u00f8je ekstra v\u00e6rdi til hver spillesession. Hold dig opdateret for eksklusive tilbud, der l\u00f8fter din RocketPlay-oplevelse til nye h\u00f8jder.<\/p>\n<h2>Kundesupport: Lancering af Excellence<\/h2>\n<p>RocketPlay Casino s\u00e6tter en \u00e6re i sit engagement i kundetilfredshed. Vores dedikerede supportteam st\u00e5r til r\u00e5dighed 24\/7 for at hj\u00e6lpe dig p\u00e5 din spillerejse. Uanset om du har sp\u00f8rgsm\u00e5l om et spil, har brug for hj\u00e6lp til din konto eller vil dele din feedback, er vores kundesupport her. Hos RocketPlay tror vi p\u00e5 at opbygge varige relationer med vores spillere og sikre, at hver interaktion f\u00e5r dig til at smile.<\/p>\n<h2>Mobilspil: Spil n\u00e5r som helst, hvor som helst<\/h2>\n<p>Sp\u00e6ndingen ved RocketPlay Casino er ikke begr\u00e6nset til dit skrivebord. Oplev sp\u00e6ndingen p\u00e5 farten med vores mobile spilplatform. Uanset om du pendler, venter p\u00e5 en ven eller bare slapper af derhjemme, er RocketPlay Casino kun et tryk v\u00e6k. Nyd det samme problemfri gameplay, livlige grafik og sp\u00e6ndende atmosf\u00e6re p\u00e5 din mobilenhed, hvilket bringer casinooplevelsen lige ved h\u00e5nden, uanset hvor du er.<\/p>\n<h2>Ansvarligt spil: Naviger sikkert<\/h2>\n<p>RocketPlay Casino er forpligtet til at fremme ansvarlig spilpraksis. Vi opfordrer vores spillere til at nyde sp\u00e6ndingen ved at spille ansvarligt og inden for deres evner. Vores platform indeholder funktioner, der giver spillere mulighed for at s\u00e6tte gr\u00e6nser for deres indskud, tab og spilletid, hvilket giver dig mulighed for at bevare kontrollen. Hvis du nogensinde har brug for support eller vejledning om ansvarligt spil, er vores team her for at hj\u00e6lpe dig.<\/p>\n<h2>Start p\u00e5 en uforglemmelig rejse<\/h2>\n<p>RocketPlay Casino skiller sig ud som et fyrt\u00e5rn af innovation, sikkerhed og uovertruffen underholdning i det enorme kosmos af onlinespil. Tag med os p\u00e5 denne sp\u00e6ndende rejse, hvor sp\u00e6ndingen ved spil ingen gr\u00e6nser kender. Fra vores banebrydende teknologi til vores galakse af spil, RocketPlay Casino er stedet, hvor sp\u00e6ndingen flyver. Forbered dig p\u00e5 opstigning \u2013 dit eventyr begynder her!<\/p>\n","protected":false},"excerpt":{"rendered":"<p>Velkommen til RocketPlay Casino, hvor sp\u00e6ndingen n\u00e5r nye h\u00f8jder, og sp\u00e6ndingen ved spil tager fart! Udforsk et univers af underholdning som aldrig f\u00f8r, hvor banebrydende teknologi m\u00f8der enest\u00e5ende spiloplevelser. Lad os tage dig med p\u00e5 en rejse gennem RocketPlay Casinos kosmos, hvor innovation, sikkerhed og en galakse af spil m\u00f8des. Vores mission: L\u00f8ft underholdning Hos&#8230;<\/p>\n","protected":false},"author":1,"featured_media":0,"parent":0,"menu_order":0,"comment_status":"closed","ping_status":"closed","template":"","meta":{"_acf_changed":false,"_kad_post_transparent":"default","_kad_post_title":"default","_kad_post_layout":"default","_kad_post_sidebar_id":"","_kad_post_content_style":"default","_kad_post_vertical_padding":"default","_kad_post_feature":"","_kad_post_feature_position":"","_kad_post_header":false,"_kad_post_footer":false,"footnotes":""},"class_list":["post-3557","page","type-page","status-publish","hentry"],"acf":[],"rttpg_featured_image_url":null,"rttpg_author":{"display_name":"Elvis","author_link":"https:\/\/rocketplay-slot.com\/da\/author\/pemvas95n89x\/"},"rttpg_comment":0,"rttpg_category":null,"rttpg_excerpt":"Velkommen til RocketPlay Casino, hvor sp\u00e6ndingen n\u00e5r nye h\u00f8jder, og sp\u00e6ndingen ved spil tager fart! Udforsk et univers af underholdning som aldrig f\u00f8r, hvor banebrydende teknologi m\u00f8der enest\u00e5ende spiloplevelser. Lad os tage dig med p\u00e5 en rejse gennem RocketPlay Casinos kosmos, hvor innovation, sikkerhed og en galakse af spil m\u00f8des. Vores mission: L\u00f8ft underholdning Hos...","_links":{"self":[{"href":"https:\/\/rocketplay-slot.com\/da\/wp-json\/wp\/v2\/pages\/3557","targetHints":{"allow":["GET"]}}],"collection":[{"href":"https:\/\/rocketplay-slot.com\/da\/wp-json\/wp\/v2\/pages"}],"about":[{"href":"https:\/\/rocketplay-slot.com\/da\/wp-json\/wp\/v2\/types\/page"}],"author":[{"embeddable":true,"href":"https:\/\/rocketplay-slot.com\/da\/wp-json\/wp\/v2\/users\/1"}],"replies":[{"embeddable":true,"href":"https:\/\/rocketplay-slot.com\/da\/wp-json\/wp\/v2\/comments?post=3557"}],"version-history":[{"count":1,"href":"https:\/\/rocketplay-slot.com\/da\/wp-json\/wp\/v2\/pages\/3557\/revisions"}],"predecessor-version":[{"id":3559,"href":"https:\/\/rocketplay-slot.com\/da\/wp-json\/wp\/v2\/pages\/3557\/revisions\/3559"}],"wp:attachment":[{"href":"https:\/\/rocketplay-slot.com\/da\/wp-json\/wp\/v2\/media?parent=3557"}],"curies":[{"name":"wp","href":"https:\/\/api.w.org\/{rel}","templated":true}]}}