{"id":3585,"date":"2024-01-22T21:35:23","date_gmt":"2024-01-22T18:35:23","guid":{"rendered":"https:\/\/rocketplay-slot.com\/aml-policy\/"},"modified":"2024-01-22T21:56:17","modified_gmt":"2024-01-22T18:56:17","slug":"aml-policy","status":"publish","type":"page","link":"https:\/\/rocketplay-slot.com\/da\/aml-policy\/","title":{"rendered":"AML politik"},"content":{"rendered":"<p>RocketPlay Casino anerkender vigtigheden af at skabe et milj\u00f8 fri for \u00f8konomisk kriminalitet, der sikrer beskyttelsen af b\u00e5de spillerne og platformen. AML-politikken er en omfattende vejledning, der beskriver foranstaltningerne til at identificere og afb\u00f8de potentielle risici forbundet med hvidvaskning af penge og andre ulovlige aktiviteter.<\/p>\n<h2>Kend din kundes (KYC)-procedurer<\/h2>\n<p>En af hj\u00f8rnestenene i RocketPlay Casinos AML-politik er implementeringen af strenge Know Your Customer (KYC) procedurer. Spillere skal gennemg\u00e5 en grundig identitetsbekr\u00e6ftelsesproces, f\u00f8r de tillader \u00f8konomiske transaktioner p\u00e5 platformen. Dette indeb\u00e6rer freml\u00e6ggelse af gyldige identifikationsdokumenter, bevis for adresse og i nogle tilf\u00e6lde pengekilden. Disse foranstaltninger hj\u00e6lper ikke kun med at forhindre hvidvaskning af penge, men bidrager ogs\u00e5 til den overordnede sikkerhed for spilsamfundet.<\/p>\n<h2>Transaktionsoverv\u00e5gning og -rapportering<\/h2>\n<p>RocketPlay Casino anvender avancerede teknologiske l\u00f8sninger til transaktionsoverv\u00e5gning i realtid. Denne proaktive tilgang g\u00f8r det muligt hurtigt at identificere mist\u00e6nkelige aktiviteter. Alle transaktioner, der afviger fra etablerede m\u00f8nstre eller udl\u00f8ser foruddefinerede r\u00f8de flag, gennemg\u00e5r yderligere unders\u00f8gelse. RocketPlay Casino overholder en streng rapporteringsprotokol til at opdage potentielt ulovlige transaktioner, og underretter de relevante myndigheder i henhold til lovkrav.<\/p>\n<h2>Risikovurdering og afb\u00f8dningsstrategier<\/h2>\n<p>AML-politikken hos RocketPlay Casino involverer l\u00f8bende risikovurdering for at v\u00e6re p\u00e5 forkant med nye trusler. Ved at evaluere risikoen forbundet med hver spiller og transaktion, kan kasinoet allokere ressourcer effektivt for at afb\u00f8de potentielle s\u00e5rbarheder. Denne proaktive holdning sikrer, at AML-foranstaltningerne er robuste og tilpasses det udviklende landskab af \u00f8konomisk kriminalitet.<\/p>\n<h2>Medarbejderuddannelse og -bevidsthed<\/h2>\n<p>RocketPlay Casino forst\u00e5r, at et velinformeret team er afg\u00f8rende for succesfuld implementering af enhver AML-politik. Derfor gennemg\u00e5r alle medarbejdere en omfattende uddannelse for at \u00f8ge deres bevidsthed om risici for hvidvaskning af penge og opdagelsesteknikker. Dette sikrer, at hver medarbejder, fra kundesupport til ledelse, spiller en rolle i at opretholde kasinoets forpligtelse til at overholde AML.<\/p>\n<h2>Samarbejde med regulerende myndigheder<\/h2>\n<p>RocketPlay Casino samarbejder aktivt med regulerende myndigheder for at styrke sine AML-foranstaltninger. Kasinoet bidrager til den kollektive indsats for at bek\u00e6mpe hvidvaskning af penge i online spilindustrien ved at dele information og indsigt med relevante instanser. Denne samarbejdstilgang \u00f8ger effektiviteten af RocketPlay Casinos AML-politik og fremmer branchestandarder og bedste praksis.<\/p>\n<h2>Forbedret due diligence for h\u00f8jrisikospillere<\/h2>\n<p>I erkendelse af, at visse spillere kan udg\u00f8re en h\u00f8jere risiko for at deltage i hvidvaskaktiviteter, har RocketPlay Casino implementeret forbedrede due diligence-foranstaltninger for s\u00e5danne personer. Dette kan omfatte yderligere dokumentation, kontrol af transaktioner og t\u00e6ttere overv\u00e5gning af spillem\u00f8nstre. Ved at skr\u00e6ddersy AML-foranstaltninger til forskellige risikoprofiler, sikrer RocketPlay Casino en m\u00e5lrettet og praktisk tilgang.<\/p>\n<h2>Teknologi og innovation i AML-overholdelse<\/h2>\n<p>RocketPlay Casino udnytter banebrydende teknologi og innovationer til at forbedre sine AML-overholdelsesbestr\u00e6belser. Maskinl\u00e6ringsalgoritmer, dataanalyse og kunstig intelligens er afg\u00f8rende for at identificere og forudsige potentielle risici. Ved at forblive p\u00e5 forkant med teknologiske fremskridt sikrer RocketPlay Casino, at dets AML-politik forbliver smidig og effektiv i forhold til trusler, der udvikler sig.<\/p>\n<h2>Fortalervirksomhed for spilleruddannelse og ansvarligt spil<\/h2>\n<p>Ud over dets interne AML-foranstaltninger, uddanner RocketPlay Casino proaktivt spillere om vigtigheden af ansvarligt spil. Informationsressourcer, guider og v\u00e6rkt\u00f8jer er tilvejebragt for at hj\u00e6lpe spillere med at genkende potentielle risici og anvende ansvarlige spilpraksisser. RocketPlay Casino bidrager til et sikrere onlinespil\u00f8kosystem ved at fremme et f\u00e6llesskab, der v\u00e6rds\u00e6tter ansvarligt spil.<\/p>\n<h2>Kontinuerlig forbedring og tilpasningsevne<\/h2>\n<p>RocketPlay Casino betragter sin AML-politik som en dynamisk ramme, der udvikler sig i takt med industrien og det lovgivningsm\u00e6ssige landskab. Regelm\u00e6ssige anmeldelser, opdateringer og forbedringer sikrer, at politikken forbliver effektiv og i overensstemmelse med de nyeste standarder. Ved at fremme en kultur med l\u00f8bende forbedringer er RocketPlay Casino forpligtet til at v\u00e6re p\u00e5 forkant med potentielle risici og udfordringer.<\/p>\n<p>Som konklusion er RocketPlay Casinos AML-politik et vidnesbyrd om dets urokkelige engagement i at levere et sikkert og ansvarligt spilmilj\u00f8. Gennem omfattende tiltag, samarbejde med regulerende myndigheder og en dedikation til l\u00f8bende forbedringer s\u00e6tter RocketPlay Casino et benchmark for AML-overholdelse i online spilindustrien. N\u00e5r spillere begiver sig ud p\u00e5 en sp\u00e6ndende spilrejse, kan de g\u00f8re det med tillid til, at deres sikkerhed og sikkerhed er altafg\u00f8rende hos RocketPlay Casino.<\/p>\n","protected":false},"excerpt":{"rendered":"<p>RocketPlay Casino anerkender vigtigheden af at skabe et milj\u00f8 fri for \u00f8konomisk kriminalitet, der sikrer beskyttelsen af b\u00e5de spillerne og platformen. AML-politikken er en omfattende vejledning, der beskriver foranstaltningerne til at identificere og afb\u00f8de potentielle risici forbundet med hvidvaskning af penge og andre ulovlige aktiviteter. Kend din kundes (KYC)-procedurer En af hj\u00f8rnestenene i RocketPlay Casinos&#8230;<\/p>\n","protected":false},"author":1,"featured_media":0,"parent":0,"menu_order":0,"comment_status":"closed","ping_status":"closed","template":"","meta":{"_acf_changed":false,"_kad_post_transparent":"default","_kad_post_title":"default","_kad_post_layout":"default","_kad_post_sidebar_id":"","_kad_post_content_style":"default","_kad_post_vertical_padding":"default","_kad_post_feature":"","_kad_post_feature_position":"","_kad_post_header":false,"_kad_post_footer":false,"footnotes":""},"class_list":["post-3585","page","type-page","status-publish","hentry"],"acf":[],"rttpg_featured_image_url":null,"rttpg_author":{"display_name":"Elvis","author_link":"https:\/\/rocketplay-slot.com\/da\/author\/pemvas95n89x\/"},"rttpg_comment":0,"rttpg_category":null,"rttpg_excerpt":"RocketPlay Casino anerkender vigtigheden af at skabe et milj\u00f8 fri for \u00f8konomisk kriminalitet, der sikrer beskyttelsen af b\u00e5de spillerne og platformen. AML-politikken er en omfattende vejledning, der beskriver foranstaltningerne til at identificere og afb\u00f8de potentielle risici forbundet med hvidvaskning af penge og andre ulovlige aktiviteter. Kend din kundes (KYC)-procedurer En af hj\u00f8rnestenene i RocketPlay Casinos...","_links":{"self":[{"href":"https:\/\/rocketplay-slot.com\/da\/wp-json\/wp\/v2\/pages\/3585","targetHints":{"allow":["GET"]}}],"collection":[{"href":"https:\/\/rocketplay-slot.com\/da\/wp-json\/wp\/v2\/pages"}],"about":[{"href":"https:\/\/rocketplay-slot.com\/da\/wp-json\/wp\/v2\/types\/page"}],"author":[{"embeddable":true,"href":"https:\/\/rocketplay-slot.com\/da\/wp-json\/wp\/v2\/users\/1"}],"replies":[{"embeddable":true,"href":"https:\/\/rocketplay-slot.com\/da\/wp-json\/wp\/v2\/comments?post=3585"}],"version-history":[{"count":1,"href":"https:\/\/rocketplay-slot.com\/da\/wp-json\/wp\/v2\/pages\/3585\/revisions"}],"predecessor-version":[{"id":3586,"href":"https:\/\/rocketplay-slot.com\/da\/wp-json\/wp\/v2\/pages\/3585\/revisions\/3586"}],"wp:attachment":[{"href":"https:\/\/rocketplay-slot.com\/da\/wp-json\/wp\/v2\/media?parent=3585"}],"curies":[{"name":"wp","href":"https:\/\/api.w.org\/{rel}","templated":true}]}}