{"id":3610,"date":"2024-01-22T21:39:33","date_gmt":"2024-01-22T18:39:33","guid":{"rendered":"https:\/\/rocketplay-slot.com\/bonus-policy\/"},"modified":"2024-01-22T22:07:01","modified_gmt":"2024-01-22T19:07:01","slug":"bonus-policy","status":"publish","type":"page","link":"https:\/\/rocketplay-slot.com\/da\/bonus-policy\/","title":{"rendered":"Bonuspolitik"},"content":{"rendered":"<p>I den dynamiske verden af online casinoer s\u00f8ger spillere konstant platforme, der tilbyder en bred vifte af spil og giver lukrative incitamenter til at forbedre deres spilrejse. RocketPlay Casino skiller sig ud som et fyrt\u00e5rn i dette landskab, ikke kun for dets forskellige spilmuligheder, men ogs\u00e5 for dets gennemsigtige og spillercentrerede bonuspolitik. Lad os dykke ned i forviklingerne i RocketPlay Casinos bonuspolitik for at forst\u00e5, hvordan det tilf\u00f8jer et ekstra lag af sp\u00e6nding til spilleoplevelsen.<\/p>\n<h2>Velkomstbonusser: Lancering af dit eventyr<\/h2>\n<p>RocketPlay Casino byder nye spillere velkommen med \u00e5bne arme ved at tilbyde lokkende velkomstbonusser. Disse bonusser er designet til at kickstarte dit spilleeventyr med ekstra midler. Uanset om du er en erfaren spiller eller nybegynder, fungerer velkomstbonussen som en katalysator, der giver yderligere ressourcer til at udforske det store udvalg af spil, der er tilg\u00e6ngelige p\u00e5 platformen.<\/p>\n<p>Velkomstbonusstrukturen hos RocketPlay Casino er gener\u00f8s og let at forst\u00e5. Spillere kan forvente en kombination af indskudskampe og gratis spins, hvilket skaber en perfekt balance for spilleautomatentusiaster og bordspilfans. Disse bonusser gennemsigtige vilk\u00e5r og betingelser sikrer, at spillere begiver sig ud p\u00e5 deres spilrejse med klarhed og tillid.<\/p>\n<h2>Genindl\u00e6s bonusser: Opretholdelse af sp\u00e6ndingen<\/h2>\n<p>RocketPlay Casino g\u00e5r ud over den indledende velkomst og sikrer, at sp\u00e6ndingen forbliver st\u00e6rk over tid. G\u00e5 ind i reload-bonusernes rige, hvor spillere bel\u00f8nnes for deres loyalitet og konsekvente gameplay. Disse bonusser vidner om RocketPlays forpligtelse til at skabe et givende og b\u00e6redygtigt spilmilj\u00f8.<\/p>\n<p>Reload bonusser kommer typisk i spil, n\u00e5r spillere foretager efterf\u00f8lgende indbetalinger efter den indledende velkomstfase. Disse bonusser er ofte trindelte, hvilket betyder, at jo mere du investerer i din spiloplevelse, desto st\u00f8rre bliver bonussen. RocketPlay Casino v\u00e6rds\u00e6tter spillerloyalitet, og Reload Bonusserne udtrykker taknemmelighed til dem, der v\u00e6lger at g\u00f8re denne platform til deres spillehjem.<\/p>\n<h2>Gratis spin: Drej lykkehjulet<\/h2>\n<p>RocketPlay Casino tilbyder en overflod af gratis spins som en del af sin bonuspolitik for spilleautomatentusiaster, der finder gl\u00e6de ved at dreje hjulene. Disse gratis spins kan knyttes til forskellige kampagner, inklusive velkomstbonusser og genindl\u00e6sningsbonusser, hvilket giver spillere yderligere chancer for at vinde uden at opbruge deres penge.<\/p>\n<p>Sk\u00f8nheden ved gratis spins ligger i deres enkelhed og alsidighed. De kan knyttes til specifikke spilleautomater eller tilbydes som en generel bonus, der giver spillerne mulighed for at udforske nye titler eller nyde deres all-time favoritter. RocketPlay Casino opdaterer ofte sine gratis spins, hvilket sikrer, at spillere altid har noget frisk og sp\u00e6ndende at se frem til.<\/p>\n<h2>Oms\u00e6tningskrav: Opn\u00e5 en balance<\/h2>\n<p>Mens bonusser tilf\u00f8jer et lag af sp\u00e6nding til spilleoplevelsen, opretholder RocketPlay Casino retf\u00e6rdighed og gennemsigtighed gennem sine veldefinerede indsatskrav. Oms\u00e6tningskrav er et almindeligt aspekt af online casino bonusser, og RocketPlay sikrer, at de balancerer bel\u00f8nnende spillere og opretholder platformens integritet.<\/p>\n<p>Kasinoets oms\u00e6tningskrav er tydeligt beskrevet i de vilk\u00e5r og betingelser, der er knyttet til hver bonus. Ved at g\u00f8re det giver RocketPlay Casino spillere den viden, de kan tr\u00e6ffe informerede beslutninger. Kasinoets forpligtelse til fair play er tydeligt i dets rimelige indsatskrav, hvilket sikrer, at spillere kan nyde deres gevinster uden un\u00f8dvendige forhindringer.<\/p>\n<h2>VIP-program: Opl\u00f8ftende bel\u00f8nninger til eliten<\/h2>\n<p>RocketPlay Casino g\u00e5r ud over det ved at tilbyde et VIP-program, der tager spillerbel\u00f8nninger til nye h\u00f8jder. VIP-programmet er designet til casinoets mest dedikerede og h\u00f8jtrullende spillere og giver eksklusive frynsegoder og bonusser skr\u00e6ddersyet til individuelle pr\u00e6ferencer.<\/p>\n<p>VIP-medlemmer p\u00e5 RocketPlay Casino nyder en personlig spilleoplevelse med dedikerede kontoadministratorer, hurtigere udbetalingstider og skr\u00e6ddersyede kampagner. VIP-programmet eksemplificerer RocketPlays forpligtelse til at anerkende og bel\u00f8nne loyaliteten hos sine mest v\u00e6rdsatte spillere, hvilket skaber et h\u00f8jt og elitespilmilj\u00f8.<\/p>\n<p>I det store landskab af online casinoer udm\u00e6rker RocketPlay Casino sig gennem sit omfattende spilbibliotek og sin spillercentrerede bonuspolitik. Fra det \u00f8jeblik, spillere tilmelder sig og g\u00f8r krav p\u00e5 deres velkomstbonus til den l\u00f8bende sp\u00e6nding ved Reload Bonusser og de eksklusive fordele ved VIP-programmet, sikrer RocketPlay Casino, at gener\u00f8se bel\u00f8nninger f\u00f8lger med hver spillerejse.<\/p>\n<p>Den gennemsigtige og fair tilgang til bonusser og rimelige indsatskrav adskiller RocketPlay Casino som en platform, der prioriterer spillerens oplevelse. S\u00e5 sp\u00e6nd op og forbered dig p\u00e5 et sp\u00e6ndende spilleeventyr, der er drevet af RocketPlay Casinos uovertrufne bonuspolitik.<\/p>\n","protected":false},"excerpt":{"rendered":"<p>I den dynamiske verden af online casinoer s\u00f8ger spillere konstant platforme, der tilbyder en bred vifte af spil og giver lukrative incitamenter til at forbedre deres spilrejse. RocketPlay Casino skiller sig ud som et fyrt\u00e5rn i dette landskab, ikke kun for dets forskellige spilmuligheder, men ogs\u00e5 for dets gennemsigtige og spillercentrerede bonuspolitik. Lad os dykke&#8230;<\/p>\n","protected":false},"author":1,"featured_media":0,"parent":0,"menu_order":0,"comment_status":"closed","ping_status":"closed","template":"","meta":{"_acf_changed":false,"_kad_post_transparent":"default","_kad_post_title":"default","_kad_post_layout":"default","_kad_post_sidebar_id":"","_kad_post_content_style":"default","_kad_post_vertical_padding":"default","_kad_post_feature":"","_kad_post_feature_position":"","_kad_post_header":false,"_kad_post_footer":false,"footnotes":""},"class_list":["post-3610","page","type-page","status-publish","hentry"],"acf":[],"rttpg_featured_image_url":null,"rttpg_author":{"display_name":"Elvis","author_link":"https:\/\/rocketplay-slot.com\/da\/author\/pemvas95n89x\/"},"rttpg_comment":0,"rttpg_category":null,"rttpg_excerpt":"I den dynamiske verden af online casinoer s\u00f8ger spillere konstant platforme, der tilbyder en bred vifte af spil og giver lukrative incitamenter til at forbedre deres spilrejse. RocketPlay Casino skiller sig ud som et fyrt\u00e5rn i dette landskab, ikke kun for dets forskellige spilmuligheder, men ogs\u00e5 for dets gennemsigtige og spillercentrerede bonuspolitik. Lad os dykke...","_links":{"self":[{"href":"https:\/\/rocketplay-slot.com\/da\/wp-json\/wp\/v2\/pages\/3610","targetHints":{"allow":["GET"]}}],"collection":[{"href":"https:\/\/rocketplay-slot.com\/da\/wp-json\/wp\/v2\/pages"}],"about":[{"href":"https:\/\/rocketplay-slot.com\/da\/wp-json\/wp\/v2\/types\/page"}],"author":[{"embeddable":true,"href":"https:\/\/rocketplay-slot.com\/da\/wp-json\/wp\/v2\/users\/1"}],"replies":[{"embeddable":true,"href":"https:\/\/rocketplay-slot.com\/da\/wp-json\/wp\/v2\/comments?post=3610"}],"version-history":[{"count":1,"href":"https:\/\/rocketplay-slot.com\/da\/wp-json\/wp\/v2\/pages\/3610\/revisions"}],"predecessor-version":[{"id":3611,"href":"https:\/\/rocketplay-slot.com\/da\/wp-json\/wp\/v2\/pages\/3610\/revisions\/3611"}],"wp:attachment":[{"href":"https:\/\/rocketplay-slot.com\/da\/wp-json\/wp\/v2\/media?parent=3610"}],"curies":[{"name":"wp","href":"https:\/\/api.w.org\/{rel}","templated":true}]}}