{"id":3634,"date":"2024-01-22T20:16:05","date_gmt":"2024-01-22T17:16:05","guid":{"rendered":"https:\/\/rocketplay-slot.com\/contact-us\/"},"modified":"2024-01-22T22:43:57","modified_gmt":"2024-01-22T19:43:57","slug":"contact-us","status":"publish","type":"page","link":"https:\/\/rocketplay-slot.com\/da\/contact-us\/","title":{"rendered":"Kontakt os"},"content":{"rendered":"<p>Velkommen til RocketPlay Casino, hvor sp\u00e6ndende spiloplevelser m\u00f8der f\u00f8rsteklasses kundesupport. Vores forpligtelse til at sikre din tilfredshed omfatter vores dedikerede Kontakt os-service. Uanset om du har sp\u00f8rgsm\u00e5l eller feedback eller har brug for hj\u00e6lp, er vi her for at g\u00f8re din RocketPlay-oplevelse problemfri og behagelig.<\/p>\n<h2>R\u00e6k ud n\u00e5r som helst og hvor som helst<\/h2>\n<p>Hos RocketPlay Casino forst\u00e5r vi, at sp\u00f8rgsm\u00e5l kan opst\u00e5 n\u00e5r som helst. Det er derfor, vores kontakt os-funktion er tilg\u00e6ngelig 24\/7, hvilket sikrer, at du kan kontakte os, n\u00e5r du har brug for hj\u00e6lp. Uanset om du er en natteravn, der nyder spins sent om natten eller en early bird, der fanger morgenjackpotten, er vores supportteam klar til at hj\u00e6lpe dig d\u00f8gnet rundt.<\/p>\n<h2>Flere kanaler for nemheds skyld<\/h2>\n<p>Vi v\u00e6rds\u00e6tter din tid og forst\u00e5r, at alle har deres foretrukne kommunikationsmiddel. Det er derfor, vi tilbyder flere kanaler for at n\u00e5 ud til os. Uanset om du foretr\u00e6kker umiddelbarheden af live chat, formaliteten ved e-mail eller kendskabet til et telefonopkald, har RocketPlay Casino dig d\u00e6kket. Vores mangfoldige kontaktmuligheder sikrer, at du kan v\u00e6lge den metode, der passer bedst til dine behov og pr\u00e6ferencer.<\/p>\n<h2>\u00d8jeblikkelig hj\u00e6lp med Live Chat<\/h2>\n<p>Vores live chat-funktion er din valgmulighed for hurtig og realtidssupport. F\u00e5 \u00f8jeblikkelig kontakt med vores kyndige supportmedarbejdere, s\u00e5 du kan l\u00f8se eventuelle foresp\u00f8rgsler eller bekymringer uden forsinkelse. Uanset om du har sp\u00f8rgsm\u00e5l om spilleregler, kontoadministration eller kampagner, er vores live chat-support designet til at give \u00f8jeblikkelige l\u00f8sninger lige ved h\u00e5nden.<\/p>\n<h2>E-mail for omfattende support<\/h2>\n<p>Hvis du foretr\u00e6kker en mere detaljeret forklaring eller har brug for at vedh\u00e6fte dokumenter, er vores e-mail-support til din tjeneste. Venligst e-mail os p\u00e5 support@rocketplaycasino.com, og vores dedikerede team vil svare omg\u00e5ende. Uanset om det er kontobekr\u00e6ftelse, betalingsproblemer eller generel feedback, sikrer vores e-mail-support omfattende assistance til alle dine casino-relaterede foresp\u00f8rgsler.<\/p>\n<h2>Tal direkte med vores team<\/h2>\n<p>Vores telefonsupport giver dig mulighed for at tale direkte med vores team af eksperter for at f\u00e5 et mere personligt pr\u00e6g. Ring til vores gratisnummer, og vores venlige supportmedarbejdere vil guide dig gennem eventuelle problemer, du m\u00e5tte st\u00f8de p\u00e5. Fra tekniske fejl til kontoadministration er vores telefonsupport dedikeret til at give dig den hj\u00e6lp, du har brug for, klart og kortfattet.<\/p>\n<p>RocketPlay Casinos Kontakt os er ikke kun en tjeneste; det er en forpligtelse til at levere uovertruffen support og sikre, at din spilrejse med os er enest\u00e5ende. Du er velkommen til at kontakte os \u2013 vi er her for at forbedre din RocketPlay-oplevelse p\u00e5 alle mulige m\u00e5der.<\/p>\n","protected":false},"excerpt":{"rendered":"<p>Velkommen til RocketPlay Casino, hvor sp\u00e6ndende spiloplevelser m\u00f8der f\u00f8rsteklasses kundesupport. Vores forpligtelse til at sikre din tilfredshed omfatter vores dedikerede Kontakt os-service. Uanset om du har sp\u00f8rgsm\u00e5l eller feedback eller har brug for hj\u00e6lp, er vi her for at g\u00f8re din RocketPlay-oplevelse problemfri og behagelig. R\u00e6k ud n\u00e5r som helst og hvor som helst Hos&#8230;<\/p>\n","protected":false},"author":1,"featured_media":0,"parent":0,"menu_order":0,"comment_status":"closed","ping_status":"closed","template":"","meta":{"_acf_changed":false,"_kad_post_transparent":"default","_kad_post_title":"default","_kad_post_layout":"default","_kad_post_sidebar_id":"","_kad_post_content_style":"default","_kad_post_vertical_padding":"default","_kad_post_feature":"","_kad_post_feature_position":"","_kad_post_header":false,"_kad_post_footer":false,"footnotes":""},"class_list":["post-3634","page","type-page","status-publish","hentry"],"acf":[],"rttpg_featured_image_url":null,"rttpg_author":{"display_name":"Elvis","author_link":"https:\/\/rocketplay-slot.com\/da\/author\/pemvas95n89x\/"},"rttpg_comment":0,"rttpg_category":null,"rttpg_excerpt":"Velkommen til RocketPlay Casino, hvor sp\u00e6ndende spiloplevelser m\u00f8der f\u00f8rsteklasses kundesupport. Vores forpligtelse til at sikre din tilfredshed omfatter vores dedikerede Kontakt os-service. Uanset om du har sp\u00f8rgsm\u00e5l eller feedback eller har brug for hj\u00e6lp, er vi her for at g\u00f8re din RocketPlay-oplevelse problemfri og behagelig. R\u00e6k ud n\u00e5r som helst og hvor som helst Hos...","_links":{"self":[{"href":"https:\/\/rocketplay-slot.com\/da\/wp-json\/wp\/v2\/pages\/3634","targetHints":{"allow":["GET"]}}],"collection":[{"href":"https:\/\/rocketplay-slot.com\/da\/wp-json\/wp\/v2\/pages"}],"about":[{"href":"https:\/\/rocketplay-slot.com\/da\/wp-json\/wp\/v2\/types\/page"}],"author":[{"embeddable":true,"href":"https:\/\/rocketplay-slot.com\/da\/wp-json\/wp\/v2\/users\/1"}],"replies":[{"embeddable":true,"href":"https:\/\/rocketplay-slot.com\/da\/wp-json\/wp\/v2\/comments?post=3634"}],"version-history":[{"count":1,"href":"https:\/\/rocketplay-slot.com\/da\/wp-json\/wp\/v2\/pages\/3634\/revisions"}],"predecessor-version":[{"id":3635,"href":"https:\/\/rocketplay-slot.com\/da\/wp-json\/wp\/v2\/pages\/3634\/revisions\/3635"}],"wp:attachment":[{"href":"https:\/\/rocketplay-slot.com\/da\/wp-json\/wp\/v2\/media?parent=3634"}],"curies":[{"name":"wp","href":"https:\/\/api.w.org\/{rel}","templated":true}]}}