{"id":3660,"date":"2024-01-22T21:16:56","date_gmt":"2024-01-22T18:16:56","guid":{"rendered":"https:\/\/rocketplay-slot.com\/gdpr-policy\/"},"modified":"2024-01-22T22:58:08","modified_gmt":"2024-01-22T19:58:08","slug":"gdpr-policy","status":"publish","type":"page","link":"https:\/\/rocketplay-slot.com\/da\/gdpr-policy\/","title":{"rendered":"GDPR politik"},"content":{"rendered":"<p>RocketPlay Casino forst\u00e5r betydningen af GDPR, en omfattende databeskyttelsesforordning implementeret for at styrke enkeltpersoner og forbedre deres kontrol over personlige oplysninger. Vores forpligtelse til overholdelse af GDPR g\u00e5r ud over blot overholdelse af lovkrav; det afspejler vores dedikation til at skabe en sikker og spillercentreret spilplatform.<\/p>\n<h2>Omfang af dataindsamling<\/h2>\n<p>N\u00e5r spillere engagerer sig i RocketPlay Casino, indsamles visse oplysninger for at give en problemfri spilleoplevelse. Disse data inkluderer, men er ikke begr\u00e6nset til, personlige oplysninger, kontaktoplysninger og transaktionsregistreringer. Det er vigtigt at bem\u00e6rke, at RocketPlay Casino kun indsamler de n\u00f8dvendige oplysninger, der kr\u00e6ves til spiloperationer, og der g\u00f8res alt for at sikre en minimalistisk tilgang til dataindsamling.<\/p>\n<h2>Lovligt grundlag for databehandling<\/h2>\n<p>RocketPlay Casino behandler brugerdata baseret p\u00e5 lovlige grunde defineret af GDPR. Disse juridiske grunde omfatter n\u00f8dvendigheden af databehandling til opfyldelse af en kontrakt, overholdelse af juridiske forpligtelser, beskyttelse af vitale interesser, samtykke, udf\u00f8relse af opgaver, der udf\u00f8res i offentlighedens interesse eller ud\u00f8velse af offentlig myndighed, og legitime interesser forfulgt af RocketPlay Casino eller en tredjepart.<\/p>\n<h2>Samtykkemekanisme<\/h2>\n<p>Indhentning af brugersamtykke er en hj\u00f8rnesten i vores GDPR-overholdelsesstrategi. RocketPlay Casino sikrer, at spillere er velinformerede om de data, vi indsamler, hvordan de vil blive brugt, og deres rettigheder til personlige oplysninger. Der s\u00f8ges eksplicit om samtykke, og spillere kan til enhver tid tr\u00e6kke deres samtykke tilbage uden at p\u00e5virke lovligheden af behandlingen baseret p\u00e5 samtykke f\u00f8r dets tilbagetr\u00e6kning.<\/p>\n<h2>Datasikkerhedsforanstaltninger<\/h2>\n<p>RocketPlay Casino anvender state-of-the-art sikkerhedsforanstaltninger for at beskytte spillerdata mod uautoriseret adgang, afsl\u00f8ring, \u00e6ndring og \u00f8del\u00e6ggelse. Vores robuste sikkerhedsprotokoller omfatter kryptering, adgangskontrol, regelm\u00e6ssige sikkerhedsaudits og personaleuddannelse for at sikre det h\u00f8jeste niveau af databeskyttelse.<\/p>\n<h2>Dataminimering og opbevaring<\/h2>\n<p>Vi overholder princippet om dataminimering og sikrer, at vi kun indsamler og opbevarer de oplysninger, der er n\u00f8dvendige til det tilsigtede form\u00e5l. RocketPlay Casino etablerer specifikke opbevaringsperioder for forskellige datakategorier, og data slettes sikkert og irreversibelt, n\u00e5r opbevaringsperioden udl\u00f8ber.<\/p>\n<h2>Spillerrettigheder i henhold til GDPR<\/h2>\n<p>RocketPlay Casino anerkender og respekterer rettighederne til spillere i henhold til GDPR. Disse rettigheder omfatter retten til at f\u00e5 adgang til, berigtige, slette, begr\u00e6nse behandlingen og g\u00f8re indsigelse mod behandlingen af personoplysninger. Vi har implementeret mekanismer til at lette ud\u00f8velsen af disse rettigheder, hvilket giver spillerne mulighed for at have kontrol over deres personlige oplysninger.<\/p>\n<h2>Dataoverf\u00f8rsel og tredjepartsbehandling<\/h2>\n<p>Under visse omst\u00e6ndigheder kan RocketPlay Casino overf\u00f8re spillerdata til tredjeparter eller behandle dem i samarbejde med eksterne tjenesteudbydere. S\u00e5danne overf\u00f8rsler udf\u00f8res med den st\u00f8rste omhu, og tredjeparter er n\u00f8je unders\u00f8gt for at sikre, at de overholder GDPR-standarderne. Der er indg\u00e5et kontrakter og aftaler for at regulere databehandlingsaktiviteter, hvilket understreger vigtigheden af databeskyttelse.<\/p>\n<h2>Reaktion p\u00e5 h\u00e6ndelser og brudmeddelelse<\/h2>\n<p>P\u00e5 trods af vores strenge sikkerhedsforanstaltninger kan der forekomme uforudsete h\u00e6ndelser. I tilf\u00e6lde af et databrud, er RocketPlay Casino forpligtet til hurtig og gennemsigtig kommunikation. Vi overholder GDPR-kravet om at underrette de relevante tilsynsmyndigheder og ber\u00f8rte spillere uden un\u00f8dig forsinkelse, give oplysninger om arten af bruddet, dets potentielle konsekvenser og de foranstaltninger, der er truffet for at l\u00f8se det.<\/p>\n<h2>J\u00e6vnlige revisioner og opdateringer af GDPR-overholdelse<\/h2>\n<p>RocketPlay Casino anerkender den dynamiske natur af det digitale landskab og den udviklende karakter af databeskyttelsesforskrifter. For at v\u00e6re p\u00e5 forkant, udf\u00f8rer vi regelm\u00e6ssige GDPR-overholdelsesaudits, og opdaterer vores politikker og praksis, s\u00e5 de afspejler de seneste juridiske krav og teknologiske fremskridt.<\/p>\n<p>Som konklusion er RocketPlay Casino standhaftig i sin forpligtelse til at overholde GDPR, og sikrer, at spillerdata behandles med den st\u00f8rste omhu og respekt. Vores GDPR-politik afspejler vores dedikation til gennemsigtighed, sikkerhed og beskyttelse af spillernes privatliv i det stadigt skiftende landskab af onlinespil. Mens vi forts\u00e6tter med at forbedre vores spiltilbud, kan vores spillere stole p\u00e5, at deres personlige oplysninger er sikre p\u00e5 RocketPlay Casino.<\/p>\n","protected":false},"excerpt":{"rendered":"<p>RocketPlay Casino forst\u00e5r betydningen af GDPR, en omfattende databeskyttelsesforordning implementeret for at styrke enkeltpersoner og forbedre deres kontrol over personlige oplysninger. Vores forpligtelse til overholdelse af GDPR g\u00e5r ud over blot overholdelse af lovkrav; det afspejler vores dedikation til at skabe en sikker og spillercentreret spilplatform. Omfang af dataindsamling N\u00e5r spillere engagerer sig i RocketPlay&#8230;<\/p>\n","protected":false},"author":1,"featured_media":0,"parent":0,"menu_order":0,"comment_status":"closed","ping_status":"closed","template":"","meta":{"_acf_changed":false,"_kad_post_transparent":"default","_kad_post_title":"default","_kad_post_layout":"default","_kad_post_sidebar_id":"","_kad_post_content_style":"default","_kad_post_vertical_padding":"default","_kad_post_feature":"","_kad_post_feature_position":"","_kad_post_header":false,"_kad_post_footer":false,"footnotes":""},"class_list":["post-3660","page","type-page","status-publish","hentry"],"acf":[],"rttpg_featured_image_url":null,"rttpg_author":{"display_name":"Elvis","author_link":"https:\/\/rocketplay-slot.com\/da\/author\/pemvas95n89x\/"},"rttpg_comment":0,"rttpg_category":null,"rttpg_excerpt":"RocketPlay Casino forst\u00e5r betydningen af GDPR, en omfattende databeskyttelsesforordning implementeret for at styrke enkeltpersoner og forbedre deres kontrol over personlige oplysninger. Vores forpligtelse til overholdelse af GDPR g\u00e5r ud over blot overholdelse af lovkrav; det afspejler vores dedikation til at skabe en sikker og spillercentreret spilplatform. Omfang af dataindsamling N\u00e5r spillere engagerer sig i RocketPlay...","_links":{"self":[{"href":"https:\/\/rocketplay-slot.com\/da\/wp-json\/wp\/v2\/pages\/3660","targetHints":{"allow":["GET"]}}],"collection":[{"href":"https:\/\/rocketplay-slot.com\/da\/wp-json\/wp\/v2\/pages"}],"about":[{"href":"https:\/\/rocketplay-slot.com\/da\/wp-json\/wp\/v2\/types\/page"}],"author":[{"embeddable":true,"href":"https:\/\/rocketplay-slot.com\/da\/wp-json\/wp\/v2\/users\/1"}],"replies":[{"embeddable":true,"href":"https:\/\/rocketplay-slot.com\/da\/wp-json\/wp\/v2\/comments?post=3660"}],"version-history":[{"count":2,"href":"https:\/\/rocketplay-slot.com\/da\/wp-json\/wp\/v2\/pages\/3660\/revisions"}],"predecessor-version":[{"id":3662,"href":"https:\/\/rocketplay-slot.com\/da\/wp-json\/wp\/v2\/pages\/3660\/revisions\/3662"}],"wp:attachment":[{"href":"https:\/\/rocketplay-slot.com\/da\/wp-json\/wp\/v2\/media?parent=3660"}],"curies":[{"name":"wp","href":"https:\/\/api.w.org\/{rel}","templated":true}]}}