{"id":3687,"date":"2024-01-22T21:30:34","date_gmt":"2024-01-22T18:30:34","guid":{"rendered":"https:\/\/rocketplay-slot.com\/kyc-policy\/"},"modified":"2024-01-22T23:12:32","modified_gmt":"2024-01-22T20:12:32","slug":"kyc-policy","status":"publish","type":"page","link":"https:\/\/rocketplay-slot.com\/da\/kyc-policy\/","title":{"rendered":"KYC politik"},"content":{"rendered":"<p>KYC, et grundl\u00e6ggende element i onlinespilindustrien, refererer til processen med at verificere spillernes identitet for at mindske risiciene forbundet med svindel, hvidvaskning af penge og spil for mindre\u00e5rige. RocketPlay Casino betragter KYC ikke blot som en regulatorisk forpligtelse, men som en afg\u00f8rende komponent i dets forpligtelse til at levere en sikker og trov\u00e6rdig platform for spillere.<\/p>\n<h2>RocketPlay Casino KYC-processen: Enkel, men streng<\/h2>\n<p>RocketPlay Casino har designet sin KYC-proces til at v\u00e6re brugervenlig og samtidig opretholde en stringent tilgang til identitetsbekr\u00e6ftelse. Ved registrering skal spillere give grundl\u00e6ggende oplysninger, herunder deres navn, adresse, f\u00f8dselsdato og kontaktoplysninger. For at str\u00f8mline processen anvender kasinoet avanceret teknologi til dokumentverifikation, hvilket sikrer en hurtig og effektiv oplevelse for spillere.<\/p>\n<h2>Datasikkerhed: altafg\u00f8rende i KYC-implementering<\/h2>\n<p>Beskyttelse af spillerinformation er kernen i RocketPlay Casinos KYC-politik. Kasinoet anvender state-of-the-art krypteringsteknologier til at sikre transmission og opbevaring af f\u00f8lsomme data. Spillere kan stole p\u00e5, at deres personlige og \u00f8konomiske detaljer h\u00e5ndteres med den st\u00f8rste fortrolighed og overholder branchef\u00f8rende sikkerhedsstandarder.<\/p>\n<h2>Aldersbekr\u00e6ftelse: Holde spil ansvarligt og lovligt<\/h2>\n<p>Et af de prim\u00e6re m\u00e5l med RocketPlay Casinos KYC-politik er at forhindre mindre\u00e5rige spil. Aldersbekr\u00e6ftelse er et kritisk trin i denne proces, der kr\u00e6ver, at spillere indsender gyldige identifikationsdokumenter, der beviser, at de er i den lovlige spillealder. Dette sikrer overholdelse af lovm\u00e6ssige krav og fremmer ansvarlig spilpraksis.<\/p>\n<h2>Dokument\u00e6re krav: En gennemsigtig tilgang<\/h2>\n<p>RocketPlay Casino opretholder gennemsigtighed i sin KYC-proces ved klart at skitsere de dokumentariske krav til identitetsbekr\u00e6ftelse. Typisk bliver spillere bedt om at indsende offentligt udstedt billed-id, bevis for adresse og i nogle tilf\u00e6lde \u00f8konomisk dokumentation. Ved at give en klar k\u00f8replan, sigter casinoet mod at fremme samarbejdet fra spillere og str\u00f8mline verifikationsprocessen.<\/p>\n<h2>Hurtig verifikation: Minimering af forstyrrelser i spiloplevelsen<\/h2>\n<p>I erkendelse af vigtigheden af en problemfri spiloplevelse, bestr\u00e6ber RocketPlay Casino sig p\u00e5 at fuldf\u00f8re KYC-bekr\u00e6ftelsesprocessen omg\u00e5ende. Avancerede verifikationsv\u00e6rkt\u00f8jer sikrer, at legitime spillere st\u00e5r over for minimale forstyrrelser, hvilket giver dem mulighed for at nyde forskellige spil uden un\u00f8dvendige forsinkelser. Denne forpligtelse til effektivitet er et bevis p\u00e5 RocketPlay Casinos dedikation til spillertilfredshed.<\/p>\n<h2>Forbedret due diligence: \u00e5rv\u00e5genhed mod svigagtige aktiviteter<\/h2>\n<p>RocketPlay Casino tager en proaktiv holdning mod svigagtige aktiviteter ved at implementere forbedrede due diligence-foranstaltninger. Dette involverer l\u00f8bende overv\u00e5gning af spillerkonti og transaktioner for hurtigt at identificere mist\u00e6nkelig adf\u00e6rd. Kasinoets dedikerede sikkerhedsteam arbejder utr\u00e6tteligt for at beskytte platformen og giver spillerne ro i sindet, mens de fork\u00e6ler deres yndlingsspil.<\/p>\n<h2>KYC og ansvarligt spil: Et symbiotisk forhold<\/h2>\n<p>RocketPlay Casino ser KYC som et overholdelseskrav og en integreret del af at fremme ansvarligt spil. Ved at sikre, at spillere er myndige og overholder etisk spilpraksis, bidrager casinoet til et sikrere og sundere spillemilj\u00f8. At forpligte sig til ansvarligt spil stemmer overens med RocketPlay Casinos bredere mission om at prioritere spillernes velv\u00e6re.<\/p>\n<h2>Kontinuerlig overholdelse: Tilpasning til lovgivningsm\u00e6ssige \u00e6ndringer<\/h2>\n<p>I det stadigt udviklende landskab af online spilleregler, er RocketPlay Casino fortsat \u00e5rv\u00e5gen og tilpasningsdygtig. KYC-politikken opdateres regelm\u00e6ssigt for at tilpasse sig de seneste industristandarder og lovm\u00e6ssige krav. Denne forpligtelse til overholdelse understreger kasinoets dedikation til at operere etisk og bevare tilliden til dets spillerbase.<\/p>\n<h2>Uddannelse af spillere: En samarbejdsindsats<\/h2>\n<p>RocketPlay Casino tror p\u00e5 en samarbejdstilgang til KYC-implementering. Kasinoet str\u00e6ber efter at uddanne spillere om vigtigheden af KYC og dets rolle i at skabe et sikkert spillemilj\u00f8. Klare kommunikationskanaler er etableret for at hj\u00e6lpe spillere med at forst\u00e5 KYC-kravene, fremme en f\u00f8lelse af partnerskab og opretholde integriteten af spilplatformen.<\/p>\n<h2>L\u00e6ver spilleoplevelsen med tillid og sikkerhed<\/h2>\n<p>Som konklusion er RocketPlay Casinos KYC-politik et vidnesbyrd om dets urokkelige engagement i fair play, sikkerhed og ansvarligt spil. Ved at implementere en str\u00f8mlinet, men stringent KYC-proces, prioriterer kasinoet at beskytte spilleroplysninger og forhindre svigagtige aktiviteter. RocketPlay Casino inviterer spillere til at deltage i en sp\u00e6ndende spiloplevelse med tillid til, at deres velv\u00e6re og sikkerhed er p\u00e5 forkant med casinoets prioriteter.<\/p>\n","protected":false},"excerpt":{"rendered":"<p>KYC, et grundl\u00e6ggende element i onlinespilindustrien, refererer til processen med at verificere spillernes identitet for at mindske risiciene forbundet med svindel, hvidvaskning af penge og spil for mindre\u00e5rige. RocketPlay Casino betragter KYC ikke blot som en regulatorisk forpligtelse, men som en afg\u00f8rende komponent i dets forpligtelse til at levere en sikker og trov\u00e6rdig platform for&#8230;<\/p>\n","protected":false},"author":1,"featured_media":0,"parent":0,"menu_order":0,"comment_status":"closed","ping_status":"closed","template":"","meta":{"_acf_changed":false,"_kad_post_transparent":"default","_kad_post_title":"default","_kad_post_layout":"default","_kad_post_sidebar_id":"","_kad_post_content_style":"default","_kad_post_vertical_padding":"default","_kad_post_feature":"","_kad_post_feature_position":"","_kad_post_header":false,"_kad_post_footer":false,"footnotes":""},"class_list":["post-3687","page","type-page","status-publish","hentry"],"acf":[],"rttpg_featured_image_url":null,"rttpg_author":{"display_name":"Elvis","author_link":"https:\/\/rocketplay-slot.com\/da\/author\/pemvas95n89x\/"},"rttpg_comment":0,"rttpg_category":null,"rttpg_excerpt":"KYC, et grundl\u00e6ggende element i onlinespilindustrien, refererer til processen med at verificere spillernes identitet for at mindske risiciene forbundet med svindel, hvidvaskning af penge og spil for mindre\u00e5rige. RocketPlay Casino betragter KYC ikke blot som en regulatorisk forpligtelse, men som en afg\u00f8rende komponent i dets forpligtelse til at levere en sikker og trov\u00e6rdig platform for...","_links":{"self":[{"href":"https:\/\/rocketplay-slot.com\/da\/wp-json\/wp\/v2\/pages\/3687","targetHints":{"allow":["GET"]}}],"collection":[{"href":"https:\/\/rocketplay-slot.com\/da\/wp-json\/wp\/v2\/pages"}],"about":[{"href":"https:\/\/rocketplay-slot.com\/da\/wp-json\/wp\/v2\/types\/page"}],"author":[{"embeddable":true,"href":"https:\/\/rocketplay-slot.com\/da\/wp-json\/wp\/v2\/users\/1"}],"replies":[{"embeddable":true,"href":"https:\/\/rocketplay-slot.com\/da\/wp-json\/wp\/v2\/comments?post=3687"}],"version-history":[{"count":1,"href":"https:\/\/rocketplay-slot.com\/da\/wp-json\/wp\/v2\/pages\/3687\/revisions"}],"predecessor-version":[{"id":3688,"href":"https:\/\/rocketplay-slot.com\/da\/wp-json\/wp\/v2\/pages\/3687\/revisions\/3688"}],"wp:attachment":[{"href":"https:\/\/rocketplay-slot.com\/da\/wp-json\/wp\/v2\/media?parent=3687"}],"curies":[{"name":"wp","href":"https:\/\/api.w.org\/{rel}","templated":true}]}}