{"id":3713,"date":"2024-01-22T21:06:39","date_gmt":"2024-01-22T18:06:39","guid":{"rendered":"https:\/\/rocketplay-slot.com\/privacy-policy\/"},"modified":"2024-01-23T11:03:56","modified_gmt":"2024-01-23T08:03:56","slug":"privacy-policy","status":"publish","type":"page","link":"https:\/\/rocketplay-slot.com\/da\/privacy-policy\/","title":{"rendered":"Fortrolighedspolitik"},"content":{"rendered":"<p>Velkommen til RocketPlay Casino, hvor underholdning m\u00f8der ansvarligt spil. RocketPlay er forpligtet til at give brugerne et sikkert og behageligt spilmilj\u00f8. En af vores topprioriteter er at sikre privatlivets fred og sikkerhed for dine personlige oplysninger. Denne privatlivspolitik beskriver, hvordan vi indsamler, bruger og beskytter dine data, hvilket understreger vores dedikation til gennemsigtighed og tillid.<\/p>\n<h2>Oplysninger, vi indsamler<\/h2>\n<h3>Personlige oplysninger<\/h3>\n<p>For at forbedre din spiloplevelse indsamler vi visse personlige oplysninger under registreringsprocessen. Dette kan omfatte dit navn, e-mailadresse, f\u00f8dselsdato og kontaktoplysninger. V\u00e6r sikker p\u00e5, vi anvender avancerede krypteringsteknologier til at sikre disse oplysninger og forhindre uautoriseret adgang.<\/p>\n<h3>Finansielle oplysninger<\/h3>\n<p>Vi kan kr\u00e6ve finansielle oplysninger s\u00e5som kreditkortoplysninger eller andre betalingsmetoder for problemfri transaktioner og udbetalinger. RocketPlay Casino prioriterer sikkerheden af dine \u00f8konomiske data og implementerer industristandardprotokoller for at beskytte mod svigagtige aktiviteter.<\/p>\n<h3>Teknisk information<\/h3>\n<p>Som med mange online platforme indsamler vi automatisk tekniske oplysninger, herunder din IP-adresse, enhedstype, browseroplysninger og operativsystem. Disse oplysninger er afg\u00f8rende for at optimere vores hjemmesides ydeevne, sikre kompatibilitet p\u00e5 tv\u00e6rs af forskellige enheder og forbedre din spiloplevelse.<\/p>\n<h2>S\u00e5dan bruger vi dine oplysninger<\/h2>\n<h3>Tilpasning af din oplevelse<\/h3>\n<p>RocketPlay Casino bruger de indsamlede data til at skr\u00e6ddersy din spilleoplevelse. Ved at analysere dine pr\u00e6ferencer og adf\u00e6rd kan vi foresl\u00e5 personlige spil og kampagner, hvilket skaber et mere behageligt og engagerende milj\u00f8 for dig.<\/p>\n<h3>Transaktionsbehandling<\/h3>\n<p>Finansielle oplysninger bruges udelukkende til at behandle transaktioner relateret til dine spilaktiviteter. Dette inkluderer indskud, udbetalinger og andre pengetransaktioner. Vi samarbejder med velrenommerede betalingsbehandlere for at garantere sikkerheden af dine \u00f8konomiske data.<\/p>\n<h3>Juridisk overholdelse<\/h3>\n<p>Vi kan bruge dine oplysninger til identitetsbekr\u00e6ftelse og aldersbekr\u00e6ftelse for at sikre overholdelse af g\u00e6ldende love og regler. At opretholde et ansvarligt spilmilj\u00f8 og forhindre mindre\u00e5riges adgang til vores tjenester er afg\u00f8rende.<\/p>\n<h2>Tredjepartsdeling<\/h2>\n<p>RocketPlay Casino er forpligtet til at beskytte dit privatliv, og vi s\u00e6lger eller deler ikke dine personlige oplysninger med tredjeparter til markedsf\u00f8ringsform\u00e5l. Visse tredjepartstjenesteudbydere kan dog have adgang til dine data for at hj\u00e6lpe os med at levere en problemfri spiloplevelse. V\u00e6r sikker p\u00e5, vi omhyggeligt unders\u00f8ger disse udbydere og h\u00e5ndh\u00e6ver strenge fortrolighedsaftaler for at beskytte dine oplysninger.<\/p>\n<h2>Sikkerhedsforanstaltninger<\/h2>\n<p>At sikre sikkerheden af dine oplysninger er altafg\u00f8rende for RocketPlay Casino. Vi anvender state-of-the-art sikkerhedsforanstaltninger, herunder krypteringsprotokoller, firewalls og SSL-teknologi (Secure Socket Layer). Disse foranstaltninger opdateres l\u00f8bende for at v\u00e6re p\u00e5 forkant med nye trusler og s\u00e5rbarheder.<\/p>\n<h2>Cookies og sporingsteknologier<\/h2>\n<p>RocketPlay Casino bruger cookies og lignende sporingsteknologier til at forbedre brugeroplevelsen og analysere webstedstrafik. Disse teknologier hj\u00e6lper os med at forst\u00e5 brugerpr\u00e6ferencer, forbedre webstedets funktionalitet og skr\u00e6ddersy kampagner. Du kan administrere cookie-pr\u00e6ferencer gennem dine browserindstillinger, hvilket giver dig kontrol over de oplysninger, du deler.<\/p>\n<h2>Dine rettigheder og valg<\/h2>\n<h3>Adgang og rettelse<\/h3>\n<p>Du har ret til at f\u00e5 adgang til og rette eventuelle un\u00f8jagtigheder i dine personlige oplysninger. RocketPlay Casino tilbyder v\u00e6rkt\u00f8jer og indstillinger p\u00e5 din konto for at opdatere dine oplysninger og sikre n\u00f8jagtigheden af dine data.<\/p>\n<h3>Frav\u00e6lg<\/h3>\n<p>Du kan frav\u00e6lge, hvis du ikke l\u00e6ngere \u00f8nsker at modtage RocketPlay Casinos salgsfremmende kommunikation. Juster dine kommunikationspr\u00e6ferencer i dine kontoindstillinger, og vi respekterer dit valg.<\/p>\n<h3>Kontodeaktivering<\/h3>\n<p>Du kan anmode om kontodeaktivering, hvis du stopper dine spilaktiviteter med RocketPlay Casino. Vi sletter dine personlige oplysninger sikkert og beholder kun de data, der er n\u00f8dvendige for overholdelse af lov og lovgivning.<\/p>\n<h2>\u00c6ndringer af privatlivspolitikken<\/h2>\n<p>RocketPlay Casino forbeholder sig retten til at opdatere og \u00e6ndre denne fortrolighedspolitik for at afspejle \u00e6ndringer i vores forretningspraksis, juridiske krav eller teknologiske fremskridt. Vi opfordrer dig til at gennemg\u00e5 denne politik med j\u00e6vne mellemrum for at holde dig informeret om, hvordan vi beskytter dine oplysninger.<\/p>\n<h2>Kontakt os<\/h2>\n<p>Hvis du har sp\u00f8rgsm\u00e5l eller bekymringer om RocketPlay Casinos privatlivspolitik, s\u00e5 t\u00f8v ikke med at kontakte vores dedikerede supportteam. Vi er her for at hj\u00e6lpe dig og sikre, at din spiloplevelse forbliver sikker, forn\u00f8jelig og fokuseret p\u00e5 privatlivets fred.<\/p>\n<p>Hos RocketPlay Casino er vi ikke kun forpligtet til at levere underholdning i topklasse; vi er dedikerede til at opbygge et f\u00e6llesskab, hvor privatliv og sikkerhed er altafg\u00f8rende. Slut dig til os i den sp\u00e6ndende spilverden, vel vidende at dine oplysninger er sikre.<\/p>\n","protected":false},"excerpt":{"rendered":"<p>Velkommen til RocketPlay Casino, hvor underholdning m\u00f8der ansvarligt spil. RocketPlay er forpligtet til at give brugerne et sikkert og behageligt spilmilj\u00f8. En af vores topprioriteter er at sikre privatlivets fred og sikkerhed for dine personlige oplysninger. Denne privatlivspolitik beskriver, hvordan vi indsamler, bruger og beskytter dine data, hvilket understreger vores dedikation til gennemsigtighed og tillid&#8230;.<\/p>\n","protected":false},"author":1,"featured_media":0,"parent":0,"menu_order":0,"comment_status":"closed","ping_status":"closed","template":"","meta":{"_acf_changed":false,"_kad_post_transparent":"default","_kad_post_title":"default","_kad_post_layout":"default","_kad_post_sidebar_id":"","_kad_post_content_style":"default","_kad_post_vertical_padding":"default","_kad_post_feature":"","_kad_post_feature_position":"","_kad_post_header":false,"_kad_post_footer":false,"footnotes":""},"class_list":["post-3713","page","type-page","status-publish","hentry"],"acf":[],"rttpg_featured_image_url":null,"rttpg_author":{"display_name":"Elvis","author_link":"https:\/\/rocketplay-slot.com\/da\/author\/pemvas95n89x\/"},"rttpg_comment":0,"rttpg_category":null,"rttpg_excerpt":"Velkommen til RocketPlay Casino, hvor underholdning m\u00f8der ansvarligt spil. RocketPlay er forpligtet til at give brugerne et sikkert og behageligt spilmilj\u00f8. En af vores topprioriteter er at sikre privatlivets fred og sikkerhed for dine personlige oplysninger. Denne privatlivspolitik beskriver, hvordan vi indsamler, bruger og beskytter dine data, hvilket understreger vores dedikation til gennemsigtighed og tillid....","_links":{"self":[{"href":"https:\/\/rocketplay-slot.com\/da\/wp-json\/wp\/v2\/pages\/3713","targetHints":{"allow":["GET"]}}],"collection":[{"href":"https:\/\/rocketplay-slot.com\/da\/wp-json\/wp\/v2\/pages"}],"about":[{"href":"https:\/\/rocketplay-slot.com\/da\/wp-json\/wp\/v2\/types\/page"}],"author":[{"embeddable":true,"href":"https:\/\/rocketplay-slot.com\/da\/wp-json\/wp\/v2\/users\/1"}],"replies":[{"embeddable":true,"href":"https:\/\/rocketplay-slot.com\/da\/wp-json\/wp\/v2\/comments?post=3713"}],"version-history":[{"count":2,"href":"https:\/\/rocketplay-slot.com\/da\/wp-json\/wp\/v2\/pages\/3713\/revisions"}],"predecessor-version":[{"id":3715,"href":"https:\/\/rocketplay-slot.com\/da\/wp-json\/wp\/v2\/pages\/3713\/revisions\/3715"}],"wp:attachment":[{"href":"https:\/\/rocketplay-slot.com\/da\/wp-json\/wp\/v2\/media?parent=3713"}],"curies":[{"name":"wp","href":"https:\/\/api.w.org\/{rel}","templated":true}]}}