{"id":3743,"date":"2024-01-22T20:29:31","date_gmt":"2024-01-22T17:29:31","guid":{"rendered":"https:\/\/rocketplay-slot.com\/responsible-gaming\/"},"modified":"2024-01-23T11:44:15","modified_gmt":"2024-01-23T08:44:15","slug":"responsible-gaming","status":"publish","type":"page","link":"https:\/\/rocketplay-slot.com\/da\/responsible-gaming\/","title":{"rendered":"Ansvarligt spil"},"content":{"rendered":"<p>Ansvarligt spil er en kernev\u00e6rdi hos RocketPlay Casino, indlejret i vores mission om at give et sikkert og behageligt milj\u00f8 for vores spillere. Vi anerkender de potentielle risici forbundet med online gambling og er dedikeret til at mindske disse risici gennem proaktive foranstaltninger. Vores initiativ til ansvarligt spil er en omfattende tilgang, der har til form\u00e5l at beskytte vores spillere mod de negative virkninger af overdreven gambling og samtidig fremme en kultur med ansvarlig underholdning.<\/p>\n<h2>Uddannelse og bevidsthed om spillere<\/h2>\n<p>Hos RocketPlay Casino er velinformerede spillere bemyndigede spillere. Til dette form\u00e5l leverer vi omfattende ressourcer og information om ansvarligt spil. Vores hjemmeside indeholder undervisningsmateriale, der d\u00e6kker emner som at s\u00e6tte gr\u00e6nser, genkende tegn p\u00e5 problematisk hasardspil og f\u00e5 adgang til supporttjenester. Vi opfordrer vores spillere til at bruge disse ressourcer til at tr\u00e6ffe informerede beslutninger om deres spilaktiviteter.<\/p>\n<h2>Indstilling af gr\u00e6nser og v\u00e6rkt\u00f8jer til selvudelukkelse<\/h2>\n<p>For at give vores spillere mulighed for at styre deres spilaktiviteter ansvarligt, tilbyder RocketPlay Casino en r\u00e6kke v\u00e6rkt\u00f8jer til selvbegr\u00e6nsning. Spillere kan indstille daglige, ugentlige eller m\u00e5nedlige indbetalingsgr\u00e6nser for at sikre, at de holder sig inden for deres forudbestemte budgetter. Derudover giver vores selvekskluderingsfunktion spillere mulighed for at tage en pause fra spil ved at blokere adgangen til deres konti i en bestemt periode. Disse v\u00e6rkt\u00f8jer er designet til at give spillerne den kontrol, de har brug for til at tr\u00e6ffe ansvarlige valg.<\/p>\n<h2>Aldersbekr\u00e6ftelse og kontosikkerhed<\/h2>\n<p>At sikre, at vores spillere lovligt har lov til at deltage i online gambling er et grundl\u00e6ggende aspekt af ansvarligt spil. RocketPlay Casino anvender avancerede aldersbekr\u00e6ftelsesprocesser for at garantere, at kun personer over lovlig alder kan oprette konti og deltage i spil med rigtige penge. Desuden prioriterer vi kontosikkerhed for at beskytte vores spillere mod uautoriseret adgang. To-faktor autentificering og robuste krypteringsteknologier er p\u00e5 plads for at beskytte spillerinformation og opretholde et sikkert spilmilj\u00f8.<\/p>\n<h2>Samarbejde med supportorganisationer<\/h2>\n<p>RocketPlay Casino samarbejder aktivt med velrenommerede supportorganisationer, der specialiserer sig i at hj\u00e6lpe enkeltpersoner med gambling-relaterede problemer. Vi giver direkte links til disse organisationer p\u00e5 vores hjemmeside, hvilket g\u00f8r det nemt for spillere at f\u00e5 adgang til professionel hj\u00e6lp, hvis det er n\u00f8dvendigt. Ved at fremme partnerskaber med disse entiteter bidrager vi til et netv\u00e6rk af ressourcer, der er dedikeret til at fremme ansvarlig spilpraksis og hj\u00e6lpe dem, der har brug for det.<\/p>\n<h2>J\u00e6vnlig overv\u00e5gning og audits for ansvarligt spil<\/h2>\n<p>RocketPlay Casino udf\u00f8rer regelm\u00e6ssig overv\u00e5gning og interne revisioner for at sikre effektiviteten af vores ansvarlige spilforanstaltninger. Vi analyserer spilleradf\u00e6rdsm\u00f8nstre for at identificere potentielle tegn p\u00e5 problematisk gambling og tr\u00e6ffe passende foranstaltninger. Denne proaktive tilgang giver os mulighed for at gribe ind, n\u00e5r det er n\u00f8dvendigt, og st\u00f8tte spillere, der kan v\u00e6re i fare. Vores forpligtelse til ansvarligt spil er ikke blot en erkl\u00e6ring, men en kontinuerlig indsats for at udvikle og forbedre vores praksis.<\/p>\n<h2>Promovering af en kultur af ansvarlig underholdning<\/h2>\n<p>Ud over de tekniske aspekter af ansvarligt spil, sigter RocketPlay Casino p\u00e5 at fremme en kultur af ansvarlig underholdning inden for online spilf\u00e6llesskabet. Vi opfordrer spillere til at prioritere balance og mindfulness i deres spilaktiviteter gennem salgsfremmende kampagner og community outreach. Ved at understrege vigtigheden af ansvarligt spil h\u00e5ber vi at bidrage til et positivt og b\u00e6redygtigt spilmilj\u00f8 for alle.<\/p>\n<h2>Vores l\u00f8bende forpligtelse til ansvarligt spil<\/h2>\n<p>Som konklusion er RocketPlay Casino mere end blot en online spilleplatform; det er et f\u00e6llesskab, der er forpligtet til at fremme ansvarlig spilpraksis. Vores mangefacetterede tilgang omfatter uddannelse, styrkelse af spillere, samarbejde med st\u00f8tteorganisationer og l\u00f8bende overv\u00e5gning. Efterh\u00e5nden som onlinespillandskabet udvikler sig, udvikler vores forpligtelse til at give vores spillere en sikker, forn\u00f8jelig og ansvarlig spiloplevelse. Hos RocketPlay Casino er ansvarligt spil ikke kun et afkrydsningsfelt; det er et grundl\u00e6ggende aspekt af vores mission at omdefinere online casino oplevelsen. Slut dig til os i at omfavne sp\u00e6ndingen ved ansvarlig underholdning p\u00e5 RocketPlay Casino &#8211; hvor en forpligtelse til dit velv\u00e6re ledsager sp\u00e6ndingen.<\/p>\n","protected":false},"excerpt":{"rendered":"<p>Ansvarligt spil er en kernev\u00e6rdi hos RocketPlay Casino, indlejret i vores mission om at give et sikkert og behageligt milj\u00f8 for vores spillere. Vi anerkender de potentielle risici forbundet med online gambling og er dedikeret til at mindske disse risici gennem proaktive foranstaltninger. Vores initiativ til ansvarligt spil er en omfattende tilgang, der har til&#8230;<\/p>\n","protected":false},"author":1,"featured_media":0,"parent":0,"menu_order":0,"comment_status":"closed","ping_status":"closed","template":"","meta":{"_acf_changed":false,"_kad_post_transparent":"default","_kad_post_title":"default","_kad_post_layout":"default","_kad_post_sidebar_id":"","_kad_post_content_style":"default","_kad_post_vertical_padding":"default","_kad_post_feature":"","_kad_post_feature_position":"","_kad_post_header":false,"_kad_post_footer":false,"footnotes":""},"class_list":["post-3743","page","type-page","status-publish","hentry"],"acf":[],"rttpg_featured_image_url":null,"rttpg_author":{"display_name":"Elvis","author_link":"https:\/\/rocketplay-slot.com\/da\/author\/pemvas95n89x\/"},"rttpg_comment":0,"rttpg_category":null,"rttpg_excerpt":"Ansvarligt spil er en kernev\u00e6rdi hos RocketPlay Casino, indlejret i vores mission om at give et sikkert og behageligt milj\u00f8 for vores spillere. Vi anerkender de potentielle risici forbundet med online gambling og er dedikeret til at mindske disse risici gennem proaktive foranstaltninger. Vores initiativ til ansvarligt spil er en omfattende tilgang, der har til...","_links":{"self":[{"href":"https:\/\/rocketplay-slot.com\/da\/wp-json\/wp\/v2\/pages\/3743","targetHints":{"allow":["GET"]}}],"collection":[{"href":"https:\/\/rocketplay-slot.com\/da\/wp-json\/wp\/v2\/pages"}],"about":[{"href":"https:\/\/rocketplay-slot.com\/da\/wp-json\/wp\/v2\/types\/page"}],"author":[{"embeddable":true,"href":"https:\/\/rocketplay-slot.com\/da\/wp-json\/wp\/v2\/users\/1"}],"replies":[{"embeddable":true,"href":"https:\/\/rocketplay-slot.com\/da\/wp-json\/wp\/v2\/comments?post=3743"}],"version-history":[{"count":1,"href":"https:\/\/rocketplay-slot.com\/da\/wp-json\/wp\/v2\/pages\/3743\/revisions"}],"predecessor-version":[{"id":3744,"href":"https:\/\/rocketplay-slot.com\/da\/wp-json\/wp\/v2\/pages\/3743\/revisions\/3744"}],"wp:attachment":[{"href":"https:\/\/rocketplay-slot.com\/da\/wp-json\/wp\/v2\/media?parent=3743"}],"curies":[{"name":"wp","href":"https:\/\/api.w.org\/{rel}","templated":true}]}}