{"id":3768,"date":"2024-01-22T20:34:58","date_gmt":"2024-01-22T17:34:58","guid":{"rendered":"https:\/\/rocketplay-slot.com\/terms-conditions\/"},"modified":"2024-01-23T11:54:45","modified_gmt":"2024-01-23T08:54:45","slug":"terms-conditions","status":"publish","type":"page","link":"https:\/\/rocketplay-slot.com\/da\/terms-conditions\/","title":{"rendered":"Vilk\u00e5r og Betingelser"},"content":{"rendered":"<p>Velkommen til RocketPlay Casino, din billet til en interstellar spiloplevelse! F\u00f8r du begiver dig ud p\u00e5 denne kosmiske rejse, er det vigtigt at s\u00e6tte dig ind i de vilk\u00e5r og betingelser, der styrer dit spil. Vores forpligtelse er at give dig et problemfrit og behageligt spilmilj\u00f8, der sikrer retf\u00e6rdighed, sikkerhed og ansvarligt spil. L\u00e6s videre for at udforske universet af regler, der former dit RocketPlay Casino-eventyr.<\/p>\n<h2>Accept af vilk\u00e5r<\/h2>\n<p>Ved at tilg\u00e5 og bruge RocketPlay Casino, anerkender du, at du har l\u00e6st, forst\u00e5et og accepteret disse vilk\u00e5r og betingelser. Det er bydende n\u00f8dvendigt at holde sig informeret om eventuelle opdateringer eller \u00e6ndringer, da fortsat platformbrug indeb\u00e6rer din l\u00f8bende accept af vilk\u00e5rene.<\/p>\n<h2>Kontoregistrering og sikkerhed<\/h2>\n<p>At oprette en konto hos RocketPlay Casino er dit pas til stjernerne. S\u00f8rg dog for, at de oplysninger, du giver under registreringen, er n\u00f8jagtige og opdaterede. Du er ansvarlig for at opretholde fortroligheden af dine kontooplysninger. Enhver mist\u00e6nkelig aktivitet skal straks rapporteres til vores supportteam. Vi prioriterer sikkerheden af dine data ved at anvende avancerede krypteringsmetoder til at beskytte dine personlige oplysninger.<\/p>\n<h2>Kvalificering og jurisdiktion<\/h2>\n<p>RocketPlay Casino er en intergalaktisk legeplads, men ikke alle kan deltage i den kosmiske fest. Spillere skal v\u00e6re myndige i deres jurisdiktion for at deltage. Indbyggere i lande, hvor online gambling er forbudt, er begr\u00e6nset fra at bruge vores platform. Det er dit ansvar at sikre overholdelse af lokale love.<\/p>\n<h2>Ind- og udbetalinger<\/h2>\n<p>At give br\u00e6ndstof til din RocketPlay-rejse kr\u00e6ver et \u00f8konomisk l\u00f8ft. N\u00e5r du foretager indbetalinger, skal du sikre dig, at betalingsmetoden tilh\u00f8rer dig. Udbetalingsanmodninger behandles omg\u00e5ende, men visse betingelser, s\u00e5som opfyldelse af indsatskrav, kan v\u00e6re g\u00e6ldende. S\u00e6t dig venligst ind i vores bankpolitikker for at sikre smidige transaktioner.<\/p>\n<h2>Spilregler og fair play<\/h2>\n<p>I det store RocketPlay Casino er retf\u00e6rdighed ledestjernen. Alle spil er designet til at v\u00e6re tilf\u00e6ldige og fair, hvilket sikrer lige muligheder for alle spillere. Snyd og svigagtige aktiviteter vil ikke blive tolereret. Vores sofistikerede systemer registrerer og forhindrer enhver u\u00e6rlig adf\u00e6rd. Nyd spillene ansvarligt og etisk.<\/p>\n<h2>Bonusser og kampagner<\/h2>\n<p>Mens du udforsker galakserne i RocketPlay, skal du v\u00e6re p\u00e5 udkig efter sp\u00e6ndende bonusser og kampagner. Men hver kosmisk gave kommer med sit s\u00e6t af vilk\u00e5r. Oms\u00e6tningskrav, udl\u00f8bsdatoer og spilbegr\u00e6nsninger kan v\u00e6re g\u00e6ldende. L\u00e6s bonusvilk\u00e5rene omhyggeligt for at f\u00e5 mest muligt ud af disse himmelske tilbud.<\/p>\n<h2>Ansvarligt spil<\/h2>\n<p>RocketPlay Casino g\u00e5r ind for ansvarligt spil. Mens underholdningens kosmos er enorm, er det afg\u00f8rende at s\u00e6tte gr\u00e6nser og spille inden for dine midler. Vores platform giver v\u00e6rkt\u00f8jer til selvudelukkelse, indbetalingsgr\u00e6nser og time-outs for at fremme et sundt spilmilj\u00f8. S\u00f8g hj\u00e6lp, hvis du tror, du kan have et spilleproblem.<\/p>\n<h2>Opsigelse af konto<\/h2>\n<p>I det stadigt ekspanderende univers af RocketPlay er der nogle regler, der styrer slutningen af din rejse. Konti kan blive lukket af forskellige \u00e5rsager, herunder overtr\u00e6delse af vilk\u00e5r, svindel eller juridiske krav. RocketPlay forbeholder sig retten til at lukke konti uden forudg\u00e5ende varsel. S\u00f8rg for overholdelse af vores vilk\u00e5r for at nyde uafbrudt adgang til det kosmiske eventyr.<\/p>\n<h2>Privatlivspolitik<\/h2>\n<p>Beskyttelse af dit privatliv er en topprioritet hos RocketPlay Casino. Vores privatlivspolitik beskriver, hvordan dine data indsamles, bruges og gemmes. Du giver samtykke til den praksis, der er beskrevet i fortrolighedspolitikken ved at bruge vores platform. S\u00e6t dig venligst ind i dette dokument for at forst\u00e5 de foranstaltninger, vi tr\u00e6ffer for at sikre fortroligheden af dine oplysninger.<\/p>\n<h2>Immateriell ejendom<\/h2>\n<p>RocketPlay Casinos kosmiske tema og brandidentitet er resultatet af kreative bestr\u00e6belser. Respekter vores intellektuelle ejendomsrettigheder, og afst\u00e5 fra uautoriseret brug af vores varem\u00e6rker, logoer eller andet indhold. Enhver overtr\u00e6delse kan f\u00f8re til juridiske konsekvenser.<\/p>\n<h2>Ansvarsfraskrivelse<\/h2>\n<p>Mens vi str\u00e6ber efter en fejlfri kosmisk rejse, kan RocketPlay Casino ikke garantere uafbrudt, fejlfri drift. Vi er ikke ansvarlige for tekniske problemer, herunder men ikke begr\u00e6nset til servernedetid, softwarefejl eller forbindelsesproblemer. Din brug af platformen er p\u00e5 eget ansvar.<\/p>\n<h2>\u00c6ndringer af vilk\u00e5r og betingelser<\/h2>\n<p>Kosmos er i konstant forandring, og det samme er reglerne, der styrer RocketPlay Casino. Vi forbeholder os retten til at \u00e6ndre eller modificere disse vilk\u00e5r og betingelser til enhver tid. Det er dit ansvar at holde dig orienteret om eventuelle opdateringer. Fortsat brug af platformen indeb\u00e6rer accept af de reviderede vilk\u00e5r.<\/p>\n<h2>Begynd ansvarligt p\u00e5 dit galaktiske eventyr<\/h2>\n<p>RocketPlay Casino inviterer dig til at begive dig ud p\u00e5 et kosmisk eventyr fyldt med sp\u00e6nding og underholdning. At s\u00e6tte dig ind i vores vilk\u00e5r og betingelser sikrer en j\u00e6vn rejse gennem stjernerne. Naviger ansvarligt, spil etisk, og lad lykkens kosmiske vinde guide dig, mens du udforsker galakserne i RocketPlay Casino. M\u00e5 din spiloplevelse v\u00e6re lige s\u00e5 gr\u00e6nsel\u00f8s som universet selv!<\/p>\n","protected":false},"excerpt":{"rendered":"<p>Velkommen til RocketPlay Casino, din billet til en interstellar spiloplevelse! F\u00f8r du begiver dig ud p\u00e5 denne kosmiske rejse, er det vigtigt at s\u00e6tte dig ind i de vilk\u00e5r og betingelser, der styrer dit spil. Vores forpligtelse er at give dig et problemfrit og behageligt spilmilj\u00f8, der sikrer retf\u00e6rdighed, sikkerhed og ansvarligt spil. L\u00e6s videre&#8230;<\/p>\n","protected":false},"author":1,"featured_media":0,"parent":0,"menu_order":0,"comment_status":"closed","ping_status":"closed","template":"","meta":{"_acf_changed":false,"_kad_post_transparent":"default","_kad_post_title":"default","_kad_post_layout":"default","_kad_post_sidebar_id":"","_kad_post_content_style":"default","_kad_post_vertical_padding":"default","_kad_post_feature":"","_kad_post_feature_position":"","_kad_post_header":false,"_kad_post_footer":false,"footnotes":""},"class_list":["post-3768","page","type-page","status-publish","hentry"],"acf":[],"rttpg_featured_image_url":null,"rttpg_author":{"display_name":"Elvis","author_link":"https:\/\/rocketplay-slot.com\/da\/author\/pemvas95n89x\/"},"rttpg_comment":0,"rttpg_category":null,"rttpg_excerpt":"Velkommen til RocketPlay Casino, din billet til en interstellar spiloplevelse! F\u00f8r du begiver dig ud p\u00e5 denne kosmiske rejse, er det vigtigt at s\u00e6tte dig ind i de vilk\u00e5r og betingelser, der styrer dit spil. Vores forpligtelse er at give dig et problemfrit og behageligt spilmilj\u00f8, der sikrer retf\u00e6rdighed, sikkerhed og ansvarligt spil. L\u00e6s videre...","_links":{"self":[{"href":"https:\/\/rocketplay-slot.com\/da\/wp-json\/wp\/v2\/pages\/3768","targetHints":{"allow":["GET"]}}],"collection":[{"href":"https:\/\/rocketplay-slot.com\/da\/wp-json\/wp\/v2\/pages"}],"about":[{"href":"https:\/\/rocketplay-slot.com\/da\/wp-json\/wp\/v2\/types\/page"}],"author":[{"embeddable":true,"href":"https:\/\/rocketplay-slot.com\/da\/wp-json\/wp\/v2\/users\/1"}],"replies":[{"embeddable":true,"href":"https:\/\/rocketplay-slot.com\/da\/wp-json\/wp\/v2\/comments?post=3768"}],"version-history":[{"count":1,"href":"https:\/\/rocketplay-slot.com\/da\/wp-json\/wp\/v2\/pages\/3768\/revisions"}],"predecessor-version":[{"id":3769,"href":"https:\/\/rocketplay-slot.com\/da\/wp-json\/wp\/v2\/pages\/3768\/revisions\/3769"}],"wp:attachment":[{"href":"https:\/\/rocketplay-slot.com\/da\/wp-json\/wp\/v2\/media?parent=3768"}],"curies":[{"name":"wp","href":"https:\/\/api.w.org\/{rel}","templated":true}]}}