{"id":3793,"date":"2024-01-22T21:12:25","date_gmt":"2024-01-22T18:12:25","guid":{"rendered":"https:\/\/rocketplay-slot.com\/underage-gaming-policy\/"},"modified":"2024-01-23T12:20:05","modified_gmt":"2024-01-23T09:20:05","slug":"underage-gaming-policy","status":"publish","type":"page","link":"https:\/\/rocketplay-slot.com\/da\/underage-gaming-policy\/","title":{"rendered":"Spilpolitik for mindre\u00e5rige"},"content":{"rendered":"<p>Ansvarligt spil er et kerneprincip hos RocketPlay Casino, drevet af forst\u00e5elsen af, at gambling skal v\u00e6re en form for underholdning for voksne, der kan tr\u00e6ffe informerede beslutninger. Med denne filosofi i tankerne har RocketPlay udarbejdet omfattende politikker for at forhindre mindre\u00e5rige i at f\u00e5 adgang til og deltage i enhver form for online gambling aktivitet.<\/p>\n<h2>Aldersbekr\u00e6ftelsesprotokoller<\/h2>\n<p>RocketPlay Casino anvender avancerede aldersbekr\u00e6ftelsesprotokoller for at styrke sit engagement i ansvarligt spil. Disse protokoller er designet til at sikre, at kun personer, der har n\u00e5et den lovlige spillealder i deres respektive jurisdiktioner, kan oprette konti og deltage i spilleaktiviteter med rigtige penge. RocketPlay bruger avancerede identitetsbekr\u00e6ftelsesv\u00e6rkt\u00f8jer og krydsreferencer med officielle databaser for at fastsl\u00e5 alderen og identiteten for hver bruger.<\/p>\n<h2>Registreringsproces og dokumentation<\/h2>\n<p>Registreringsprocessen hos RocketPlay Casino involverer en omhyggelig verifikationsprocedure. Potentielle spillere skal indsende gyldige identifikationsdokumenter, s\u00e5som offentligt udstedt id eller pas, under registreringen. Denne dokumentation er afg\u00f8rende for at bekr\u00e6fte spillerens alder og identitet. RocketPlay Casinos overholdelse af disse strenge verifikationsforanstaltninger sikrer beskyttelse mod mindre\u00e5rige spil.<\/p>\n<h2>Streng h\u00e5ndh\u00e6velse af aldersbegr\u00e6nsninger<\/h2>\n<p>RocketPlay Casino fastholder en fast forpligtelse til strengt at h\u00e5ndh\u00e6ve aldersbegr\u00e6nsninger. Kasinoet anvender banebrydende geolokaliseringsteknologi til at fastsl\u00e5 den fysiske placering af sine brugere. Denne teknologi, kombineret med IP-sporing, hj\u00e6lper med at sikre, at spillere f\u00e5r adgang til platformen fra jurisdiktioner, hvor online gambling er lovligt, og at de opfylder alderskravene.<\/p>\n<h2>Uddannelsesinitiativer og bevidsthed<\/h2>\n<p>Ud over strenge h\u00e5ndh\u00e6velsesforanstaltninger uddanner RocketPlay Casino proaktivt sine brugere om ansvarlig spilpraksis. Platformen giver omfattende information om den lovlige spillealder i forskellige jurisdiktioner og opfordrer spillere til at v\u00e6re opm\u00e6rksomme p\u00e5 og overholde lokale love og regler.<\/p>\n<p>Derudover er RocketPlay Casino dedikeret til at \u00f8ge bevidstheden om de potentielle risici forbundet med mindre\u00e5riges spil. Platformen formidler information om vigtigheden af at holde personlige loginoplysninger sikre og de mulige konsekvenser af at give mindre\u00e5rige adgang til spilleplatforme. Dette uddannelsesinitiativ har til form\u00e5l at fremme en ansvarsf\u00f8lelse blandt casinoets spillersamfund.<\/p>\n<h2>For\u00e6ldrekontrol og filtreringsv\u00e6rkt\u00f8jer<\/h2>\n<p>RocketPlay Casino anerkender den rolle, som for\u00e6ldre og v\u00e6rger spiller i at beskytte mindre\u00e5rige mod de potentielle skader ved online gambling. Kasinoet tilbyder robuste for\u00e6ldrekontrol og filtreringsv\u00e6rkt\u00f8jer til at underst\u00f8tte denne indsats. Disse v\u00e6rkt\u00f8jer giver for\u00e6ldre mulighed for at begr\u00e6nse adgangen til kasinoets hjemmeside p\u00e5 enheder, der bruges af mindre\u00e5rige. RocketPlay mener, at ansvarligt spil er et f\u00e6lles ansvar, og disse funktioner g\u00f8r det muligt for for\u00e6ldre at deltage aktivt i at opretholde et sikkert onlinemilj\u00f8 for deres b\u00f8rn.<\/p>\n<h2>Rapporteringsmekanismer og supporttjenester<\/h2>\n<p>RocketPlay Casino er forpligtet til at skabe et \u00e5bent og gennemsigtigt brugermilj\u00f8. Platformen opfordrer f\u00e6llesskabet til at rapportere alle tilf\u00e6lde af mindre\u00e5rige hasardspil. En let tilg\u00e6ngelig rapporteringsmekanisme giver brugerne mulighed for omg\u00e5ende at bringe potentielle overtr\u00e6delser til casinoets supportteams opm\u00e6rksomhed. Kasinoet unders\u00f8ger omg\u00e5ende s\u00e5danne rapporter og tr\u00e6ffer passende foranstaltninger for at sikre overholdelse af dets mindre\u00e5rige spillepolitik.<\/p>\n<p>Derudover tilbyder RocketPlay supporttjenester til dem, der m\u00e5ske k\u00e6mper med gambling-relaterede problemer. Platformen samarbejder med ansvarlige spilorganisationer for at tilbyde ressourcer, hj\u00e6lpelinjer og muligheder for selvudelukkelse for spillere, der s\u00f8ger hj\u00e6lp til at styre deres spillevaner.<\/p>\n<h2>Kontinuerlig forbedring og tilpasning<\/h2>\n<p>RocketPlay Casino er forpligtet til l\u00f8bende at forbedre sin ansvarlige spilpraksis. Platformen gennemg\u00e5r og opdaterer regelm\u00e6ssigt sin spillepolitik for mindre\u00e5rige for at tilpasse sig nye teknologier og bedste praksis i branchen. Ved at v\u00e6re p\u00e5 forkant med kurven sikrer RocketPlay, at dets engagement i ansvarligt spil forbliver p\u00e5 forkant med dets operationer.<\/p>\n<h2>En holistisk tilgang til ansvarligt spil<\/h2>\n<p>Som konklusion er RocketPlay Casinos mindre\u00e5rige spillepolitik et vidnesbyrd om dets dedikation til at fremme et sikkert og ansvarligt spilmilj\u00f8. Gennem stringente aldersbekr\u00e6ftelsesprotokoller, uddannelsesinitiativer, for\u00e6ldrekontrol og supporttjenester former RocketPlay aktivt et spilf\u00e6llesskab, der prioriterer ansvarlig adf\u00e6rd. Efterh\u00e5nden som online gambling-landskabet udvikler sig, forbliver RocketPlay standhaftig i sin forpligtelse til at opretholde de h\u00f8jeste standarder for ansvarligt spil, hvilket sikrer en forn\u00f8jelig og sikker oplevelse for alle spillere.<\/p>\n","protected":false},"excerpt":{"rendered":"<p>Ansvarligt spil er et kerneprincip hos RocketPlay Casino, drevet af forst\u00e5elsen af, at gambling skal v\u00e6re en form for underholdning for voksne, der kan tr\u00e6ffe informerede beslutninger. Med denne filosofi i tankerne har RocketPlay udarbejdet omfattende politikker for at forhindre mindre\u00e5rige i at f\u00e5 adgang til og deltage i enhver form for online gambling aktivitet&#8230;.<\/p>\n","protected":false},"author":1,"featured_media":0,"parent":0,"menu_order":0,"comment_status":"closed","ping_status":"closed","template":"","meta":{"_acf_changed":false,"_kad_post_transparent":"default","_kad_post_title":"default","_kad_post_layout":"default","_kad_post_sidebar_id":"","_kad_post_content_style":"default","_kad_post_vertical_padding":"default","_kad_post_feature":"","_kad_post_feature_position":"","_kad_post_header":false,"_kad_post_footer":false,"footnotes":""},"class_list":["post-3793","page","type-page","status-publish","hentry"],"acf":[],"rttpg_featured_image_url":null,"rttpg_author":{"display_name":"Elvis","author_link":"https:\/\/rocketplay-slot.com\/da\/author\/pemvas95n89x\/"},"rttpg_comment":0,"rttpg_category":null,"rttpg_excerpt":"Ansvarligt spil er et kerneprincip hos RocketPlay Casino, drevet af forst\u00e5elsen af, at gambling skal v\u00e6re en form for underholdning for voksne, der kan tr\u00e6ffe informerede beslutninger. Med denne filosofi i tankerne har RocketPlay udarbejdet omfattende politikker for at forhindre mindre\u00e5rige i at f\u00e5 adgang til og deltage i enhver form for online gambling aktivitet....","_links":{"self":[{"href":"https:\/\/rocketplay-slot.com\/da\/wp-json\/wp\/v2\/pages\/3793","targetHints":{"allow":["GET"]}}],"collection":[{"href":"https:\/\/rocketplay-slot.com\/da\/wp-json\/wp\/v2\/pages"}],"about":[{"href":"https:\/\/rocketplay-slot.com\/da\/wp-json\/wp\/v2\/types\/page"}],"author":[{"embeddable":true,"href":"https:\/\/rocketplay-slot.com\/da\/wp-json\/wp\/v2\/users\/1"}],"replies":[{"embeddable":true,"href":"https:\/\/rocketplay-slot.com\/da\/wp-json\/wp\/v2\/comments?post=3793"}],"version-history":[{"count":1,"href":"https:\/\/rocketplay-slot.com\/da\/wp-json\/wp\/v2\/pages\/3793\/revisions"}],"predecessor-version":[{"id":3794,"href":"https:\/\/rocketplay-slot.com\/da\/wp-json\/wp\/v2\/pages\/3793\/revisions\/3794"}],"wp:attachment":[{"href":"https:\/\/rocketplay-slot.com\/da\/wp-json\/wp\/v2\/media?parent=3793"}],"curies":[{"name":"wp","href":"https:\/\/api.w.org\/{rel}","templated":true}]}}