{"id":1381,"date":"2022-09-30T14:50:51","date_gmt":"2022-09-30T11:50:51","guid":{"rendered":"https:\/\/rocketplay-slot.com\/3-coins\/"},"modified":"2022-10-31T20:50:55","modified_gmt":"2022-10-31T17:50:55","slug":"3-coins","status":"publish","type":"page","link":"https:\/\/rocketplay-slot.com\/de\/3-coins\/","title":{"rendered":"3 Coins Halten und gewinnen"},"content":{"rendered":"<p><img loading=\"lazy\" decoding=\"async\" class=\"size-medium wp-image-411 alignleft\" src=\"https:\/\/rocketplay-slot.com\/wp-content\/uploads\/2022\/09\/3-coins-hold-and-win-300x300.png\" alt=\"3 Coins Hold And Win\" width=\"300\" height=\"300\" srcset=\"https:\/\/rocketplay-slot.com\/wp-content\/uploads\/2022\/09\/3-coins-hold-and-win-300x300.png 300w, https:\/\/rocketplay-slot.com\/wp-content\/uploads\/2022\/09\/3-coins-hold-and-win-150x150.png 150w, https:\/\/rocketplay-slot.com\/wp-content\/uploads\/2022\/09\/3-coins-hold-and-win.png 425w\" sizes=\"auto, (max-width: 300px) 100vw, 300px\" \/>Eine enorme Erweiterung von Booongo, einem der weltweit f\u00fchrenden Entwickler von Gl\u00fccksspielinhalten, ist im Spielesortiment des Portals zu finden. Der Rocket Play3 Coins Hold And Win Slot ist definitiv Ihre Aufmerksamkeit und Zeit wert. Ein Jahr nach der ersten Ver\u00f6ffentlichung wurde das Spiel von Tausenden von Kunden sehr geliebt. Und jeden Tag w\u00e4chst die Armee der Fans des Slots nur noch. Werden Sie zum Kenner dieser Unterhaltung und starten Sie gleich ins Abenteuer.<\/p>\n<h2>3 Coins Hold and Win SLOT-\u00dcBERPR\u00dcFUNG<\/h2>\n<p>Wir pr\u00e4sentieren Ihnen die \u00dcberpr\u00fcfung des Rocket Play 3 Coins Hold And Win Slots. Unsere Kurzbeschreibung enth\u00e4lt alle interessanten Informationen zum Programm und wichtige Fakten, die Ihnen dabei helfen werden. F\u00fcr eine bessere Darstellung und ein besseres Verst\u00e4ndnis aller Einflussfaktoren lesen Sie die Tabelle.<\/p>\n<table border=\"0\" cellspacing=\"0\" cellpadding=\"0\">\n<tbody>\n<tr>\n<td><strong>Entwickler<\/strong><\/td>\n<td><b>Booongo<\/b><\/td>\n<\/tr>\n<tr>\n<td>Erscheinungsdatum<\/td>\n<td>2021<\/td>\n<\/tr>\n<tr>\n<td>Linien<\/td>\n<td>5<\/td>\n<\/tr>\n<tr>\n<td>R\u00e4der<\/td>\n<td>3<\/td>\n<\/tr>\n<tr>\n<td>Reihen<\/td>\n<td>3<\/td>\n<\/tr>\n<tr>\n<td>Boni<\/td>\n<td>abgelehnt;<\/p>\n<p>Bonusfunktion<\/td>\n<\/tr>\n<tr>\n<td>RTP<\/td>\n<td>95,82%<\/td>\n<\/tr>\n<tr>\n<td>Wettdiapason<\/td>\n<td>0.01-80 EUR<\/td>\n<\/tr>\n<\/tbody>\n<\/table>\n<p>&nbsp;<\/p>\n<p>Nachdem Sie das Spiel studiert haben, k\u00f6nnen Sie viele positive Punkte feststellen, die es bei den Benutzern so erfolgreich machen. Hier ist ein \u00e4u\u00dferst bequemes und schnelles Gameplay. Alles ist intuitiv. Auch ein Anf\u00e4nger, der sich zum ersten Mal mit Slots besch\u00e4ftigt, ben\u00f6tigt nur wenige Minuten, um sich mit den Funktionen des Hauptmen\u00fcs vertraut zu machen und diese zu erlernen. Wenn Sie Fragen haben, k\u00f6nnen Sie sich au\u00dferdem jederzeit die Hinweise ansehen, die alle notwendigen Funktionen, Symbole und Symbole des Spiels ausf\u00fchrlich beschreiben.<\/p>\n<p>Hier gibt es eine ziemlich solide Bonusserie. Vier Antworten und eine zus\u00e4tzliche Runde werden Sie sicherlich nicht ohne Eindr\u00fccke hinterlassen. Super M\u00f6glichkeiten f\u00fcr unglaubliche Gewinne! Selbst mit einem Mindesteinsatz von nur 10 Cent k\u00f6nnen Sie einen ziemlich guten Preis erzielen.<\/p>\n<h2>Spielanleitung the 3 Coins \u00c4gypten-Slot-Spiel<\/h2>\n<p>Es gibt zwei M\u00f6glichkeiten, auf dem Portal zu spielen:<\/p>\n<ul>\n<li>Rocket Play 3-M\u00fcnzen-Slot kostenlos;<\/li>\n<li>Rocket Play 3-M\u00fcnzen-Spielautomat mit echtem Geld.<\/li>\n<\/ul>\n<p>Die erste Option steht allen Portalbesuchern ohne Registrierung oder Einzahlung zur Verf\u00fcgung. Die zweite Option erfordert beides. Es er\u00f6ffnet jedoch den Weg zu unglaublichen Gewinnen. Registrieren Sie sich, zahlen Sie auf Ihr Konto ein, w\u00e4hlen Sie diesen Slot aus und starten Sie ihn. F\u00fcr eine erfolgreiche Rotation lohnt es sich:<\/p>\n<ol>\n<li>legen Sie die H\u00f6he der Wette fest;<\/li>\n<li>w\u00e4hlen Sie die Anzahl der Zeilen;<\/li>\n<li>dr\u00fccke Start;<\/li>\n<li>Warten Sie, bis die Drehung abgeschlossen ist.<\/li>\n<\/ol>\n<p>Alle Gewinnkombinationen werden automatisch berechnet und das Geld wird sofort auf Ihr Konto \u00fcberwiesen.<\/p>\n<p style=\"text-align: center;\"><img loading=\"lazy\" decoding=\"async\" class=\"aligncenter wp-image-413 size-full\" src=\"https:\/\/rocketplay-slot.com\/wp-content\/uploads\/2022\/09\/3-coins--e1664538849251.jpeg\" alt=\"3 coins RocketPlay\" width=\"680\" height=\"406\" srcset=\"https:\/\/rocketplay-slot.com\/wp-content\/uploads\/2022\/09\/3-coins--e1664538849251.jpeg 680w, https:\/\/rocketplay-slot.com\/wp-content\/uploads\/2022\/09\/3-coins--e1664538849251-300x179.jpeg 300w\" sizes=\"auto, (max-width: 680px) 100vw, 680px\" \/><\/p>\n<h2>3 Coins \u00c4GYPTEN SPIELAUTOMATEN EIGENSCHAFTEN<\/h2>\n<p>Rocket Play 3 Coins Online Slot ist klassische und vertraute Unterhaltung f\u00fcr erfahrene Spieler. Wenn wir speziell \u00fcber die Funktionen des Spielautomaten sprechen, f\u00e4llt mir als erstes das Vorhandensein von 4 Antworten ein. Sie helfen, zu einzigartigen Runden mit nur speziellen, teuren Symbolen vorzudringen. Dies wird Ihnen helfen, einen unglaublichen Gewinn zu erzielen. Die h\u00f6chste Auszahlung kann bis zum 500-fachen des urspr\u00fcnglichen Einsatzes betragen.<\/p>\n<p>Eine weitere interessante Tatsache \u00fcber den Spielautomaten ist die M\u00f6glichkeit, einen zuf\u00e4lligen Multiplikator zu erhalten. Sein Wert kann von 1 bis 20 variieren. Dies hilft wiederum dabei, mit minimalem Kapitaleinsatz einen riesigen Gewinn zu erzielen.<\/p>\n<h2>FAQ<\/h2>\n<h3>K\u00d6NNEN SIE KOSTENLOS SPIELEN?<\/h3>\n<p>Ja, wenn Sie sich f\u00fcr die Demoversion des Spielautomaten entscheiden, k\u00f6nnen Sie kostenlos, ohne Einzahlung und sogar ohne Registrierung spielen. Dies ist eine gro\u00dfartige Gelegenheit, wenn Sie noch nicht bereit sind, echtes Geld in Gl\u00fccksspiele zu investieren.<\/p>\n<h3>WAS IST DAS BESONDERE AN DEM SLOT?<\/h3>\n<p>Ein Merkmal von Spielautomaten ist die M\u00f6glichkeit, 4 Antworten darin zu verwenden, was den Zugang zu Bonusrunden er\u00f6ffnet. Es gibt auch einen zuf\u00e4lligen Multiplikator, der zuf\u00e4llig f\u00e4llt und die Anzahl der Gewinne um das 1- bis 20-fache erh\u00f6ht.<\/p>\n<h3>WAS IST DER GR\u00d6SSTE NACHTEIL DES SLOTS?<\/h3>\n<p>Nach der \u00dcberpr\u00fcfung des Spiels sind uns solche M\u00e4ngel nicht aufgefallen. Das einzige, was nicht einmal als Manko, sondern als kleine Nuance anzumerken ist, ist, dass der Basisversion des Spiels gewisse Funktionen fehlen.<\/p>\n<p><strong>Lesen Sie auch \u00fcber:<\/strong><\/p>\n<ul>\n<li><a href=\"https:\/\/rocketplay-slot.com\/de\/aloha-king-elvis\/\">Aloha King Elvis<\/a><\/li>\n<li><a href=\"https:\/\/rocketplay-slot.com\/de\/black-wolf\/\">Black Wolf<\/a><\/li>\n<\/ul>\n","protected":false},"excerpt":{"rendered":"<p>Eine enorme Erweiterung von Booongo, einem der weltweit f\u00fchrenden Entwickler von Gl\u00fccksspielinhalten, ist im Spielesortiment des Portals zu finden. Der Rocket Play3 Coins Hold And Win Slot ist definitiv Ihre Aufmerksamkeit und Zeit wert. Ein Jahr nach der ersten Ver\u00f6ffentlichung wurde das Spiel von Tausenden von Kunden sehr geliebt. Und jeden Tag w\u00e4chst die Armee&#8230;<\/p>\n","protected":false},"author":1,"featured_media":0,"parent":0,"menu_order":0,"comment_status":"closed","ping_status":"closed","template":"","meta":{"_acf_changed":false,"_kad_post_transparent":"default","_kad_post_title":"default","_kad_post_layout":"default","_kad_post_sidebar_id":"","_kad_post_content_style":"default","_kad_post_vertical_padding":"default","_kad_post_feature":"","_kad_post_feature_position":"","_kad_post_header":false,"_kad_post_footer":false,"footnotes":""},"class_list":["post-1381","page","type-page","status-publish","hentry"],"acf":[],"rttpg_featured_image_url":null,"rttpg_author":{"display_name":"Elvis","author_link":"https:\/\/rocketplay-slot.com\/de\/author\/pemvas95n89x\/"},"rttpg_comment":0,"rttpg_category":null,"rttpg_excerpt":"Eine enorme Erweiterung von Booongo, einem der weltweit f\u00fchrenden Entwickler von Gl\u00fccksspielinhalten, ist im Spielesortiment des Portals zu finden. Der Rocket Play3 Coins Hold And Win Slot ist definitiv Ihre Aufmerksamkeit und Zeit wert. Ein Jahr nach der ersten Ver\u00f6ffentlichung wurde das Spiel von Tausenden von Kunden sehr geliebt. Und jeden Tag w\u00e4chst die Armee...","_links":{"self":[{"href":"https:\/\/rocketplay-slot.com\/de\/wp-json\/wp\/v2\/pages\/1381","targetHints":{"allow":["GET"]}}],"collection":[{"href":"https:\/\/rocketplay-slot.com\/de\/wp-json\/wp\/v2\/pages"}],"about":[{"href":"https:\/\/rocketplay-slot.com\/de\/wp-json\/wp\/v2\/types\/page"}],"author":[{"embeddable":true,"href":"https:\/\/rocketplay-slot.com\/de\/wp-json\/wp\/v2\/users\/1"}],"replies":[{"embeddable":true,"href":"https:\/\/rocketplay-slot.com\/de\/wp-json\/wp\/v2\/comments?post=1381"}],"version-history":[{"count":3,"href":"https:\/\/rocketplay-slot.com\/de\/wp-json\/wp\/v2\/pages\/1381\/revisions"}],"predecessor-version":[{"id":1542,"href":"https:\/\/rocketplay-slot.com\/de\/wp-json\/wp\/v2\/pages\/1381\/revisions\/1542"}],"wp:attachment":[{"href":"https:\/\/rocketplay-slot.com\/de\/wp-json\/wp\/v2\/media?parent=1381"}],"curies":[{"name":"wp","href":"https:\/\/api.w.org\/{rel}","templated":true}]}}