{"id":1389,"date":"2022-09-30T15:52:03","date_gmt":"2022-09-30T12:52:03","guid":{"rendered":"https:\/\/rocketplay-slot.com\/aloha-king-elvis\/"},"modified":"2022-12-24T01:13:54","modified_gmt":"2022-12-23T22:13:54","slug":"aloha-king-elvis","status":"publish","type":"page","link":"https:\/\/rocketplay-slot.com\/de\/aloha-king-elvis\/","title":{"rendered":"Aloha King Elvis Rezension"},"content":{"rendered":"<p><img loading=\"lazy\" decoding=\"async\" class=\"aligncenter wp-image-425 size-full\" src=\"https:\/\/rocketplay-slot.com\/wp-content\/uploads\/2022\/09\/aloha-king-elvis.jpeg\" alt=\"Aloha King Elvis\" width=\"720\" height=\"240\" srcset=\"https:\/\/rocketplay-slot.com\/wp-content\/uploads\/2022\/09\/aloha-king-elvis.jpeg 720w, https:\/\/rocketplay-slot.com\/wp-content\/uploads\/2022\/09\/aloha-king-elvis-300x100.jpeg 300w\" sizes=\"auto, (max-width: 720px) 100vw, 720px\" \/><\/p>\n<p>Wenn Sie Ihrer Routine leuchtende Farben hinzuf\u00fcgen m\u00f6chten, dann ist der Online-Slot Rocket Play Aloha King Elvis genau das, was Sie brauchen. Ein fr\u00f6hlicher Frosch l\u00e4sst keine Langeweile aufkommen. Themen einer hawaiianischen Party mit verr\u00fcckten T\u00e4nzen und Spa\u00df sowie unglaublichen Gewinnen werden Sie definitiv nicht gleichg\u00fcltig lassen.<\/p>\n<p>Das Spiel ist vor relativ kurzer Zeit erschienen, aber sein Hersteller, die Firma BGaming, hat sich alle M\u00fche gegeben, es denkw\u00fcrdig und beliebt bei vielen Benutzern zu machen. Wir machen Sie auf die Rocket Play Aloha King Elvis Slot-Rezension aufmerksam, dank der Sie diese Unterhaltung kennenlernen, alle Details erfahren und sofort mit dem Verdienen beginnen k\u00f6nnen.<\/p>\n<p>Das Rocket Play Aloha King Elvis Echtgeld wurde im Sommer 2021 ver\u00f6ffentlicht und vielen Benutzern gefiel es sofort. Das helle Design, die unauff\u00e4llige Handlung und das hervorragende Bonusangebot haben die Herzen vieler Spieler erobert.<\/p>\n<table border=\"0\" cellspacing=\"0\" cellpadding=\"0\">\n<tbody>\n<tr>\n<td><b>Entwickler <\/b><\/td>\n<td><b>BGaming<\/b><\/td>\n<\/tr>\n<tr>\n<td>Erscheinungsdatum<\/td>\n<td>2021<\/td>\n<\/tr>\n<tr>\n<td>Linien<\/td>\n<td>20<\/td>\n<\/tr>\n<tr>\n<td>R\u00e4der<\/td>\n<td>5<\/td>\n<\/tr>\n<tr>\n<td>Reihen<\/td>\n<td>3<\/td>\n<\/tr>\n<tr>\n<td>Boni<\/td>\n<td>kostenlose Starts;<\/p>\n<p>3 Jackpots<\/td>\n<\/tr>\n<tr>\n<td>RTP<\/td>\n<td>94,9%<\/td>\n<\/tr>\n<tr>\n<td>Automatische Wiedergabe<\/td>\n<td>+<\/td>\n<\/tr>\n<tr>\n<td>Besondere Zeichen<\/td>\n<td>Streuen<\/p>\n<p>Wild<\/td>\n<\/tr>\n<tr>\n<td>Wettdiapason<\/td>\n<td>0.25-50 EUR<\/td>\n<\/tr>\n<\/tbody>\n<\/table>\n<p>&nbsp;<\/p>\n<p>Kein Spieler wird den unglaublichen Auszahlungen und aufregenden Abenteuern gleichg\u00fcltig gegen\u00fcberstehen, die ihn hier erwarten.<\/p>\n<p>Hier gibt es eine ziemlich solide Bonusserie. Wenn Zocker nicht mehr von zus\u00e4tzlichen Rocket Play Aloha King Elvis Freispielen oder speziellen Scatter-Symbolen \u00fcberrascht werden, dann haben die Spieleentwickler noch ein paar Tricks mehr im \u00c4rmel versteckt. Vier permanente Jackpots und eine zus\u00e4tzliche Minirunde werden Sie sicher nicht ohne Eindr\u00fccke zur\u00fccklassen. Super M\u00f6glichkeiten f\u00fcr unglaubliche Gewinne! Selbst mit einem Mindesteinsatz von nur 25 Cent k\u00f6nnen Sie einen ziemlich guten Preis erzielen.<\/p>\n<h2>SPIELWEISE<\/h2>\n<p>Nachdem Sie den Slot Rocket Play Aloha King Elvis kostenlos studiert haben, k\u00f6nnen Sie viele positive Punkte feststellen, die ihn bei den Benutzern so erfolgreich machen. Hier ist ein \u00e4u\u00dferst bequemes und schnelles Gameplay. Alles ist intuitiv. Auch ein Anf\u00e4nger, der sich zum ersten Mal mit Slots besch\u00e4ftigt, ben\u00f6tigt nur wenige Minuten, um sich mit den Funktionen des Hauptmen\u00fcs vertraut zu machen und diese zu erlernen.<\/p>\n<p>Das Design des Slots ist optisch ansprechend. Im Hintergrund sehen die Spieler tropische Natur und die Attribute einer Party und unglaublichen hawaiianischen Spa\u00df: Je nach Thema bestehen die Gewinnkombinationen aus thematischen Bildern von Pers\u00f6nlichkeiten. Hier werden vorgestellt:<\/p>\n<ul>\n<li>Fr\u00f6hlicher Frosch mit Gitarre (wild);<\/li>\n<li>Froschm\u00e4dchen mit einem Cocktail;<\/li>\n<li>Lustiges Totem (Skater);<\/li>\n<li>Rosa Lieferwagen;<\/li>\n<li>Gitarre;<\/li>\n<li>Schlagzeug;<\/li>\n<li>M\u00fcnzen sammeln;<\/li>\n<li>Buchstaben A, Q, K und J in Blumen!<\/li>\n<\/ul>\n<p>Begleitet wird diese lebendige Gaming-Action von thematisch passenden Soundtracks.<\/p>\n<p>Beide Methoden haben identische Regeln und Bedingungen, mit Ausnahme der Finanzkomponente in der Demoversion. Wetten werden auf virtuelle Gelder abgeschlossen, und dementsprechend werden Gewinne in derselben W\u00e4hrung erhalten. In jedem Modus k\u00f6nnen Spieler Autoplay verwenden.<\/p>\n<h2>MERKMALE<\/h2>\n<p>Rocket Play Aloha King Elvis Slot ist eine klassische Unterhaltung mit 5 R\u00e4dern und 3 Reihen. Wenn wir speziell \u00fcber die Features des Slots sprechen, f\u00e4llt mir als erstes das Vorhandensein von ein:<\/p>\n<ul>\n<li>3 Jackpots;<\/li>\n<li>Freies Starten;<\/li>\n<li>Antworten;<\/li>\n<li>Riesige Ikonen!<\/li>\n<\/ul>\n<p>All diese Besonderheiten werden Ihnen helfen, einen unglaublichen Gewinn zu erzielen. Die h\u00f6chste Auszahlung kann bis zum 2200-fachen des urspr\u00fcnglichen Einsatzes betragen.<\/p>\n<p style=\"text-align: center;\"><img loading=\"lazy\" decoding=\"async\" class=\"aligncenter wp-image-426 size-large\" src=\"https:\/\/rocketplay-slot.com\/wp-content\/uploads\/2022\/09\/aloha-king-elvis-slot-e1664541573948-1024x514.jpeg\" alt=\"Aloha King Elvis slot\" width=\"1024\" height=\"514\" srcset=\"https:\/\/rocketplay-slot.com\/wp-content\/uploads\/2022\/09\/aloha-king-elvis-slot-e1664541573948-1024x514.jpeg 1024w, https:\/\/rocketplay-slot.com\/wp-content\/uploads\/2022\/09\/aloha-king-elvis-slot-e1664541573948-300x151.jpeg 300w, https:\/\/rocketplay-slot.com\/wp-content\/uploads\/2022\/09\/aloha-king-elvis-slot-e1664541573948-768x386.jpeg 768w, https:\/\/rocketplay-slot.com\/wp-content\/uploads\/2022\/09\/aloha-king-elvis-slot-e1664541573948.jpeg 1455w\" sizes=\"auto, (max-width: 1024px) 100vw, 1024px\" \/><\/p>\n<h2>FAZIT<\/h2>\n<p>Abschlie\u00dfend kann man eines festhalten &#8211; das ist brillante und interessante Unterhaltung. Hier ist alles verst\u00e4ndlich, sodass das Gameplay auch f\u00fcr Anf\u00e4nger einfach ist. Es gibt die \u00fcblichen Linien und Walzen. Es gibt auch Respins, kostenlose Versuche und eine zus\u00e4tzliche Mini-Runde. Es gibt einen Superjackpot, der um das 2200-fache wachsen kann. Die Auswahl an Eins\u00e4tzen ist extrem breit &#8211; von 25 Cent bis 50 Dollar pro Spin. Aber auch mit minimalem Kapitaleinsatz k\u00f6nnen Sie viel Geld gewinnen. Dieses Spiel verdient definitiv Ihre Aufmerksamkeit und Zeit.<\/p>\n<p><strong>Lesen Sie auch \u00fcber:<\/strong><\/p>\n<ul>\n<li><a href=\"https:\/\/rocketplay-slot.com\/de\/black-wolf\/\">Black Wolf<\/a><\/li>\n<li><a href=\"https:\/\/rocketplay-slot.com\/de\/buffalo-power-hold-and-win\/\">Buffalo Power Hold And Win<\/a><\/li>\n<\/ul>\n","protected":false},"excerpt":{"rendered":"<p>Wenn Sie Ihrer Routine leuchtende Farben hinzuf\u00fcgen m\u00f6chten, dann ist der Online-Slot Rocket Play Aloha King Elvis genau das, was Sie brauchen. Ein fr\u00f6hlicher Frosch l\u00e4sst keine Langeweile aufkommen. Themen einer hawaiianischen Party mit verr\u00fcckten T\u00e4nzen und Spa\u00df sowie unglaublichen Gewinnen werden Sie definitiv nicht gleichg\u00fcltig lassen. Das Spiel ist vor relativ kurzer Zeit erschienen,&#8230;<\/p>\n","protected":false},"author":1,"featured_media":0,"parent":0,"menu_order":0,"comment_status":"closed","ping_status":"closed","template":"","meta":{"_acf_changed":false,"_kad_post_transparent":"default","_kad_post_title":"default","_kad_post_layout":"default","_kad_post_sidebar_id":"","_kad_post_content_style":"default","_kad_post_vertical_padding":"default","_kad_post_feature":"","_kad_post_feature_position":"","_kad_post_header":false,"_kad_post_footer":false,"footnotes":""},"class_list":["post-1389","page","type-page","status-publish","hentry"],"acf":[],"rttpg_featured_image_url":null,"rttpg_author":{"display_name":"Elvis","author_link":"https:\/\/rocketplay-slot.com\/de\/author\/pemvas95n89x\/"},"rttpg_comment":0,"rttpg_category":null,"rttpg_excerpt":"Wenn Sie Ihrer Routine leuchtende Farben hinzuf\u00fcgen m\u00f6chten, dann ist der Online-Slot Rocket Play Aloha King Elvis genau das, was Sie brauchen. Ein fr\u00f6hlicher Frosch l\u00e4sst keine Langeweile aufkommen. Themen einer hawaiianischen Party mit verr\u00fcckten T\u00e4nzen und Spa\u00df sowie unglaublichen Gewinnen werden Sie definitiv nicht gleichg\u00fcltig lassen. Das Spiel ist vor relativ kurzer Zeit erschienen,...","_links":{"self":[{"href":"https:\/\/rocketplay-slot.com\/de\/wp-json\/wp\/v2\/pages\/1389","targetHints":{"allow":["GET"]}}],"collection":[{"href":"https:\/\/rocketplay-slot.com\/de\/wp-json\/wp\/v2\/pages"}],"about":[{"href":"https:\/\/rocketplay-slot.com\/de\/wp-json\/wp\/v2\/types\/page"}],"author":[{"embeddable":true,"href":"https:\/\/rocketplay-slot.com\/de\/wp-json\/wp\/v2\/users\/1"}],"replies":[{"embeddable":true,"href":"https:\/\/rocketplay-slot.com\/de\/wp-json\/wp\/v2\/comments?post=1389"}],"version-history":[{"count":3,"href":"https:\/\/rocketplay-slot.com\/de\/wp-json\/wp\/v2\/pages\/1389\/revisions"}],"predecessor-version":[{"id":2397,"href":"https:\/\/rocketplay-slot.com\/de\/wp-json\/wp\/v2\/pages\/1389\/revisions\/2397"}],"wp:attachment":[{"href":"https:\/\/rocketplay-slot.com\/de\/wp-json\/wp\/v2\/media?parent=1389"}],"curies":[{"name":"wp","href":"https:\/\/api.w.org\/{rel}","templated":true}]}}