{"id":1397,"date":"2022-06-15T09:01:36","date_gmt":"2022-06-15T06:01:36","guid":{"rendered":"https:\/\/rocketplay-slot.com\/live-baccarat\/"},"modified":"2026-02-28T00:42:41","modified_gmt":"2026-02-27T21:42:41","slug":"live-baccarat","status":"publish","type":"page","link":"https:\/\/rocketplay-slot.com\/de\/live-baccarat\/","title":{"rendered":"Baccarat online im RocketPlay Casino"},"content":{"rendered":"<p>Baccarat kann mit Sicherheit als eines der klassischen Casinospiele bezeichnet werden, das bei einem breiten Publikum von Spielern aus der ganzen Welt immer beliebt sein wird. Urspr\u00fcnglich ein Gl\u00fccksspiel ausschlie\u00dflich f\u00fcr die Aristokratie, ist Baccarat nicht mehr nur ein Spiel f\u00fcr die Elite \u2013 es gibt keine Beschr\u00e4nkungen, wer es spielen kann. Daher bieten Online-Casinos heute eine Vielzahl von Spielen an, die Sie mit minimalen Eins\u00e4tzen spielen k\u00f6nnen. Gleichzeitig haben Baccarat-Spielautomaten ihren Charme, ihren Nervenkitzel und ihre gro\u00dfartigen Chancen, echtes Geld zu gewinnen, nicht verloren. Letzteres ist aufgrund der einfachen Spielregel eine gro\u00dfe Gewinnchance f\u00fcr den Spieler.<\/p>\n<p><a href=\"https:\/\/rocketplay-slot.com\/de\">RocketPlay Online<\/a>-Baccarat Live ist eines der einfachsten Spiele, bei dem Sie nur eine Wette abschlie\u00dfen m\u00fcssen, und das war&#8217;s. Im Gegensatz zu anderen Casinospielen k\u00f6nnen die Teilnehmer auf den Spieler, den Banker oder beide setzen. Es gibt keine kniffligen Regeln oder komplizierten Kombinationen, sodass Sie Ihre Zeit nicht damit verschwenden m\u00fcssen, die Theorie zu lernen. Das Ziel des Spiels ist es, zu erraten, wer die richtigen Eins\u00e4tze gemacht hat: der Spieler oder der Banker. Dar\u00fcber hinaus k\u00f6nnen Sie auf beide wetten, was Ihnen auch Geld im Spiel bringen kann.<\/p>\n<p>Wenn Sie noch nie RocketPlay im <a href=\"https:\/\/rocketplay-slot.com\/de\/live-casino\/\">Live-Casino<\/a> Baccarat gespielt haben und nicht wissen, warum Sie dieses Spiel ausprobieren sollten, haben wir einige Argumente und Empfehlungen f\u00fcr Sie;<\/p>\n<ul>\n<li>Wenn Sie sehen m\u00f6chten, ob das Gl\u00fcck heute auf Ihrer Seite ist, dann ist Baccarat das beste Spiel f\u00fcr Sie.<\/li>\n<li>Beim Baccarat wird der Erfolg zu 100 % von Ihrem Gl\u00fcck bestimmt;<\/li>\n<li>In diesem Spiel hat das Casino den kleinsten Vorteil gegen\u00fcber dem Spieler, nur 1,06 %;<\/li>\n<li>Baccarat-Eins\u00e4tze reichen von 0,15 $ bis 1000 $.<\/li>\n<\/ul>\n<p>Beim Spielen m\u00fcssen Sie bedenken, dass, obwohl das Casino einen geringen Vorteil hat, die Wahrscheinlichkeit, dass Sie gewinnen, umso geringer ist, je l\u00e4nger Sie spielen.<\/p>\n<p>Wenn Sie nicht nach Gewinnen suchen, sondern einfach nur Spa\u00df bei Ihrem Lieblingsspiel haben m\u00f6chten, k\u00f6nnen Sie RocketPlay Live-Baccarat Australien spielen. Spannendes Gameplay und eine gro\u00dfe Auswahl an Spielen sind f\u00fcr Sie garantiert. Beachten Sie vor Beginn Ihrer Sitzung die folgenden Empfehlungen von Baccarat-Experten:<\/p>\n<ul>\n<li>Wetten auf den Bankhalter sind vorteilhafter als Wetten auf den Spieler. Zum Vergleich: Der Spielervorteil betr\u00e4gt 1,29 % und der Bankiervorteil 1,01 %. Gleichzeitig ist das Wetten auf beide am wenigsten erfolgreich.<\/li>\n<li>Je mehr Decks am Spiel beteiligt sind, desto ung\u00fcnstiger ist es f\u00fcr den Spieler.<\/li>\n<li>Ihre Gewinnchancen h\u00e4ngen auch von der H\u00f6he Ihrer Auszahlung ab, wenn Sie auf den Banker setzen. W\u00e4hlen Sie ein Spiel, bei dem dieser Prozentsatz unter 4 % liegt.<\/li>\n<li>Machen Sie vern\u00fcnftige Wetten, aber sobald Sie anfangen zu gewinnen, beenden Sie das Spiel sofort.<\/li>\n<\/ul>\n<p>Typischerweise bieten Online-Casinos eine klassische Version des Spiels an. Allerdings sind wir in dieser Hinsicht eine Ausnahme. Auf unserer Website k\u00f6nnen Sie aus einer Vielzahl von Baccarat-Varianten w\u00e4hlen, die alle ohne Registrierung verf\u00fcgbar sind und die besten Versionen dieses Spiels abdecken.<\/p>\n<p><span style=\"font-family: var(--global-body-font-family); letter-spacing: 0em;\"> \u00a0 \u00a0 \u00a0 \u00a0 \u00a0 \u00a0 \u00a0 \u00a0 \u00a0 \u00a0 \u00a0 \u00a0 \u00a0 \u00a0 \u00a0 \u00a0 \u00a0 \u00a0 \u00a0 \u00a0 \u00a0 \u00a0 \u00a0 \u00a0 \u00a0 \u00a0 \u00a0 \u00a0 \u00a0 \u00a0 \u00a0 \u00a0 \u00a0\u00a0<\/span><\/p>\n<p><span style=\"font-weight: 400;\"><img loading=\"lazy\" decoding=\"async\" class=\"aligncenter wp-image-272\" src=\"https:\/\/rocketplay-slot.com\/wp-content\/uploads\/2022\/06\/second_bonus_nonlog-300x148.png\" alt=\"\" width=\"600\" height=\"295\" srcset=\"https:\/\/rocketplay-slot.com\/wp-content\/uploads\/2022\/06\/second_bonus_nonlog-300x148.png 300w, https:\/\/rocketplay-slot.com\/wp-content\/uploads\/2022\/06\/second_bonus_nonlog-1024x504.png 1024w, https:\/\/rocketplay-slot.com\/wp-content\/uploads\/2022\/06\/second_bonus_nonlog-768x378.png 768w, https:\/\/rocketplay-slot.com\/wp-content\/uploads\/2022\/06\/second_bonus_nonlog.png 1300w\" sizes=\"auto, (max-width: 600px) 100vw, 600px\" \/><\/span><\/p>\n<h2>DIE VORTEILE DES ONLINE-SPIELENS VON BACCARAT<\/h2>\n<p>Die Tatsache, dass Kartenspiele aufregend und unvorhersehbar sind, ist allen Liebhabern von Spannung und Nervenkitzel bekannt. Diese Art der Unterhaltung ist seit vielen Jahren auf der ganzen Welt beliebt. Auch heute, wo Spieler Spiele wie Spielautomaten und Videopoker spielen k\u00f6nnen, hat Baccarat seine Popularit\u00e4t nicht verloren.<\/p>\n<p>Aber das Beste an diesem Spiel sind die hohen Gewinnchancen sowie die Betr\u00e4ge, die Sie als Hauptpreis des Spiels gewinnen k\u00f6nnen. In dieser Hinsicht ist Baccarat ein sehr verlockendes Spiel.<\/p>\n<p>Sie sind sich nicht sicher, ob es sinnvoll ist, den Live-Baccarat-Bonus RocketPlay auf unserer Website zu spielen? Wir bieten viele Gr\u00fcnde, dieses Spiel bei uns auszuprobieren. Und hier sind nur einige davon:<\/p>\n<ul>\n<li>Gro\u00dfe Auswahl an Spielen &#8211; Zus\u00e4tzlich zur klassischen Version des Spiels k\u00f6nnen Sie 15 weitere Baccarat-Varianten spielen. Baccarat Gold, Baccarat High Roller, Baccarat Pro und Baccarat Pro &#8211; VIP Limit sind nur einige der Optionen;<\/li>\n<li>Hochwertige Gaming-Software \u2013 Wir verwenden nur hochwertige Gaming-Software von den weltweit f\u00fchrenden Herstellern \u2013 Microgaming, OneTouch und NetEnt;<\/li>\n<li>RocketPlay Online Casino Live-Baccarat um echtes Geld &#8211; Wenn Sie sich entscheiden, um den Hauptpreis zu k\u00e4mpfen, werden Sie es definitiv genie\u00dfen, bei uns zu spielen;<\/li>\n<li>Hohe Gewinnchancen \u2013 Wir bieten eine der h\u00f6chsten Gewinnchancen beim Baccarat, die zwischen 94 % und 97 % liegt;<\/li>\n<li>Simple RocketPlay Live-Baccarat online kostenlos spielen &#8211; Sie m\u00fcssen keine Zeit damit verbringen, die Spielregeln zu lernen. Lerne die Regeln, indem du das Spiel spielst;<\/li>\n<li>Zufallszahlengenerator garantiert faires Spiel &#8211; Absolut kein Betrugsrisiko;<\/li>\n<li>Keine Einschr\u00e4nkungen. Egal in welchem \u200b\u200bLand Sie leben, Sie k\u00f6nnen auf unser Casino zugreifen und jedes Spiel online spielen;<\/li>\n<li>Sie riskieren nichts, wenn Sie in unserem Online-Casino spielen. Es ist einfach der perfekte Ort sowohl f\u00fcr Anf\u00e4nger als auch f\u00fcr erfahrene Baccarat-Champions.<\/li>\n<\/ul>\n<p>Baccarat kann mit Sicherheit als eines der klassischen Casinospiele bezeichnet werden, das bei einem breiten Publikum von Spielern aus der ganzen Welt immer beliebt sein wird. Urspr\u00fcnglich ein Gl\u00fccksspiel ausschlie\u00dflich f\u00fcr die Aristokratie, ist Baccarat nicht mehr nur ein Spiel f\u00fcr die Elite \u2013 es gibt keine Beschr\u00e4nkungen, wer es spielen kann. Daher bieten Online-Casinos heute eine Vielzahl von Spielen an, die Sie mit minimalen Eins\u00e4tzen spielen k\u00f6nnen. Gleichzeitig haben Baccarat-Spielautomaten ihren Charme, ihren Nervenkitzel und ihre gro\u00dfartigen Chancen, echtes Geld zu gewinnen, nicht verloren. Letzteres ist aufgrund der einfachen Spielregel eine gro\u00dfe Gewinnchance f\u00fcr den Spieler.<\/p>\n<p>RocketPlay Online-Baccarat Live ist eines der einfachsten Spiele, bei dem Sie nur eine Wette abschlie\u00dfen m\u00fcssen, und das war&#8217;s. Im Gegensatz zu anderen Casinospielen k\u00f6nnen die Teilnehmer auf den Spieler, den Banker oder beide setzen. Es gibt keine kniffligen Regeln oder komplizierten Kombinationen, sodass Sie Ihre Zeit nicht damit verschwenden m\u00fcssen, die Theorie zu lernen. Das Ziel des Spiels ist es, zu erraten, wer die richtigen Eins\u00e4tze gemacht hat: der Spieler oder der Banker. Dar\u00fcber hinaus k\u00f6nnen Sie auf beide wetten, was Ihnen auch Geld im Spiel bringen kann.<\/p>\n<p>Wenn Sie noch nie RocketPlay im Live-Casino Baccarat gespielt haben und nicht wissen, warum Sie dieses Spiel ausprobieren sollten, haben wir einige Argumente und Empfehlungen f\u00fcr Sie;<\/p>\n<p>Wenn Sie sehen m\u00f6chten, ob das Gl\u00fcck heute auf Ihrer Seite ist, dann ist Baccarat das beste Spiel f\u00fcr Sie. Beim Baccarat wird der Erfolg zu 100 % von Ihrem Gl\u00fcck bestimmt;<\/p>\n<p>In diesem Spiel hat das Casino den kleinsten Vorteil gegen\u00fcber dem Spieler, nur 1,06 %;<\/p>\n<p>Baccarat-Eins\u00e4tze reichen von 0,15 $ bis 1000 $.<\/p>\n<p>Beim Spielen m\u00fcssen Sie bedenken, dass, obwohl das Casino einen geringen Vorteil hat, die Wahrscheinlichkeit, dass Sie gewinnen, umso geringer ist, je l\u00e4nger Sie spielen.<\/p>\n<p>Wenn Sie nicht nach Gewinnen suchen, sondern einfach nur Spa\u00df bei Ihrem Lieblingsspiel haben m\u00f6chten, k\u00f6nnen Sie RocketPlay Live-Baccarat Australien spielen. Spannendes Gameplay und eine gro\u00dfe Auswahl an Spielen sind f\u00fcr Sie garantiert. Beachten Sie vor Beginn Ihrer Sitzung die folgenden Empfehlungen von Baccarat-Experten:<\/p>\n<p>Wetten auf den Bankhalter sind vorteilhafter als Wetten auf den Spieler. Zum Vergleich: Der Spielervorteil betr\u00e4gt 1,29 % und der Bankiervorteil 1,01 %. Gleichzeitig ist das Wetten auf beide am wenigsten erfolgreich.<\/p>\n<p>Je mehr Decks am Spiel beteiligt sind, desto ung\u00fcnstiger ist es f\u00fcr den Spieler.<\/p>\n<p>Ihre Gewinnchancen h\u00e4ngen auch von der H\u00f6he Ihrer Auszahlung ab, wenn Sie auf den Banker setzen. W\u00e4hlen Sie ein Spiel, bei dem dieser Prozentsatz unter 4 % liegt.<\/p>\n<p>Machen Sie vern\u00fcnftige Wetten, aber sobald Sie anfangen zu gewinnen, beenden Sie das Spiel sofort.<\/p>\n<p>Typischerweise bieten Online-Casinos eine klassische Version des Spiels an. Allerdings sind wir in dieser Hinsicht eine Ausnahme. Auf unserer Website k\u00f6nnen Sie aus einer Vielzahl von Baccarat-Varianten w\u00e4hlen, die alle ohne Registrierung verf\u00fcgbar sind und die besten Versionen dieses Spiels abdecken.<\/p>\n\t<div class=\"alao-sidebar-box alao-sidebar-box-\">\n\t\t<a href=\"\" class=\"alao-sidebar-box__link\">\n\t\t\t<span class=\"alao-sidebar-box__thumb\">\n\t\t\t\t<img decoding=\"async\" src=\"https:\/\/rocketplay-slot.com\/wp-content\/uploads\/2022\/06\/second_bonus_nonlog.png\" alt=\"Ersteinzahlungsbonus\">\n\t\t\t<\/span>\n\t\t\t<span class=\"alao-sidebar-box__info\">\n\t\t\t\t<span class=\"alao-sidebar-box__info-wrap\">\n\t\t\t\t\t<span class=\"alao-sidebar-box__head\">Ersteinzahlungsbonus<\/span>\n\t\t\t\t\t<span class=\"alao-sidebar-box__desc\">100 % + 100 FS F\u00dcR EINEN PERFEKTEN START<\/span>\n\t\t\t\t\t<span class=\"alao-sidebar-box__button\">Erhalten<\/span>\n\t\t\t\t<\/span>\n\t\t\t<\/span>\n\t\t<\/a>\n\t<\/div>\n\t\n<h2>DIE BESTEN BACCARAT-SPIELE<\/h2>\n<p>Baccarat ist ein weit verbreitetes Kartenspiel, das in allen traditionellen Casinos und Online-Casinos der Welt angeboten wird. Nat\u00fcrlich gibt es aufgrund seiner Popularit\u00e4t sowie seiner langen Geschichte verschiedene Arten dieses Spiels \u2013 die h\u00e4ufigsten und beliebtesten sind American Baccarat, Mini Baccara, Punto Banco, Macau und Nine. Sie unterscheiden sich voneinander:<\/p>\n<ul>\n<li>Die Regeln des Kartengebens und -verteilens;<\/li>\n<li>Die Anzahl der am Spiel beteiligten Decks;<\/li>\n<li>Der Prozentsatz der Wetten;<\/li>\n<li>Die Anzahl der Spieler;<\/li>\n<li>Die Gewinne;<\/li>\n<li>Anzahl der Karten;<\/li>\n<li>die Regeln, die sich auf die 3. Karte beziehen.<\/li>\n<\/ul>\n<p>Betrachten Sie die g\u00e4ngigsten Varianten dieses Spiels, das Sie Live-Baccarat RocketPlay in unserem Casino spielen k\u00f6nnen.<\/p>\n<h2>EUROP\u00c4ISCHES BACCARAT<\/h2>\n<p>Europ\u00e4isches Baccarat ist eine klassische Spielart. Beim europ\u00e4ischen Baccarat werden die Gewinne vom Casino bestimmt, und die Anzahl der Teilnehmer h\u00e4ngt von der Gesamth\u00f6he aller in der Runde get\u00e4tigten Wetten ab. Beim Wetten auf einen Bankier wird den Spielern (falls sie gewinnen) eine Geb\u00fchr berechnet, die normalerweise etwa 5 % betr\u00e4gt. Ansonsten sind alle Spielregeln identisch mit dem klassischen Baccarat.<\/p>\n<h2>FRANZ\u00d6SISCHES BACCARAT (CHEMIN DE FER)<\/h2>\n<p>Franz\u00f6sisches Baccarat ist eine weitere beliebte Spielart. Seine Grundregeln sind die gleichen wie bei der klassischen Version des Spiels, aber sein Hauptmerkmal ist, dass das Casino nicht am Spiel beteiligt ist. Spieler spielen also gegeneinander. In diesem Fall fungiert das Casino als Beobachter und stellt sicher, dass die Spieler alle Regeln befolgen, und berechnet nat\u00fcrlich jeder Seite eine Provision.<\/p>\n<h2>MINI-BAKARAT<\/h2>\n<p>Mini-Baccarat ist vor allem in den Vereinigten Staaten beliebt. Das Spiel ist praktisch dasselbe wie die klassischen Versionen, au\u00dfer dass das Spiel an einem kleinen Tisch stattfindet. So k\u00f6nnen beim Mini-Baccarat maximal sieben Personen an einem Tisch spielen. Einschlie\u00dflich eines Live-Dealer-Baccarat RocketPlay, der f\u00fcr alle Aktionen und Wetten verantwortlich ist, die w\u00e4hrend des Spiels Minibaccarat stattfinden. Er fungiert auch als Bankier.<\/p>\n<p><img loading=\"lazy\" decoding=\"async\" class=\"aligncenter wp-image-247\" src=\"https:\/\/rocketplay-slot.com\/wp-content\/uploads\/2022\/06\/vip_header_icon1-300x300.png\" alt=\"\" width=\"600\" height=\"600\" srcset=\"https:\/\/rocketplay-slot.com\/wp-content\/uploads\/2022\/06\/vip_header_icon1-300x300.png 300w, https:\/\/rocketplay-slot.com\/wp-content\/uploads\/2022\/06\/vip_header_icon1-150x150.png 150w, https:\/\/rocketplay-slot.com\/wp-content\/uploads\/2022\/06\/vip_header_icon1.png 552w\" sizes=\"auto, (max-width: 600px) 100vw, 600px\" \/><\/p>\n<h2>PUNTO BANCO<\/h2>\n<p>Das Spiel Punto Banco ist der klassischen Version von Baccarat sehr \u00e4hnlich. Der einzige Unterschied besteht darin, dass die Teilnehmer statt auf den Spieler und den Bankhalter entweder auf Punto (Spieler) oder Banco (Bankhalter) setzen. Mit anderen Worten, die Namen sind unterschiedlich &#8211; die Essenz des Spiels ist dieselbe.<\/p>\n<p>Unabh\u00e4ngig davon, f\u00fcr welches Spiel Sie sich entscheiden, k\u00f6nnen Sie es ohne Registrierung auf unserer Website spielen. Keine Einschr\u00e4nkungen, eine gro\u00dfe Auswahl an Spielen \u2013 das sind nur einige der Vorteile des Baccarat-Spiels bei RocketPlay.<\/p>\n<p>Baccarat ist ein weit verbreitetes Kartenspiel, das in allen traditionellen Casinos und Online-Casinos der Welt angeboten wird. Nat\u00fcrlich gibt es aufgrund seiner Popularit\u00e4t sowie seiner langen Geschichte verschiedene Arten dieses Spiels \u2013 die h\u00e4ufigsten und beliebtesten sind American Baccarat, Mini Baccara, Punto Banco, Macau und Nine. Sie unterscheiden sich voneinander:<\/p>\n<ul>\n<li>Die Regeln des Kartengebens und -verteilens;<\/li>\n<li>Die Anzahl der am Spiel beteiligten Decks;<\/li>\n<li>Der Prozentsatz der Wetten;<\/li>\n<li>Die Anzahl der Spieler;<\/li>\n<li>Die Gewinne;<\/li>\n<li>Anzahl der Karten;<\/li>\n<li>die Regeln, die sich auf die 3. Karte beziehen.<\/li>\n<\/ul>\n<p>Betrachten Sie die g\u00e4ngigsten Varianten dieses Spiels, das Sie Live-Baccarat RocketPlay in unserem Casino spielen k\u00f6nnen.<\/p>\n<h2>EUROP\u00c4ISCHES BACCARAT<\/h2>\n<p>Europ\u00e4isches Baccarat ist eine klassische Spielart. Beim europ\u00e4ischen Baccarat werden die Gewinne vom Casino bestimmt, und die Anzahl der Teilnehmer h\u00e4ngt von der Gesamth\u00f6he aller in der Runde get\u00e4tigten Wetten ab. Beim Wetten auf einen Bankier wird den Spielern (falls sie gewinnen) eine Geb\u00fchr berechnet, die normalerweise etwa 5 % betr\u00e4gt. Ansonsten sind alle Spielregeln identisch mit dem klassischen Baccarat.<\/p>\n<p>FRANZ\u00d6SISCHES BACCARAT (CHEMIN DE FER)<\/p>\n<p>Franz\u00f6sisches Baccarat ist eine weitere beliebte Spielart. Seine Grundregeln sind die gleichen wie bei der klassischen Version des Spiels, aber sein Hauptmerkmal ist, dass das Casino nicht am Spiel beteiligt ist. Spieler spielen also gegeneinander. In diesem Fall fungiert das Casino als Beobachter und stellt sicher, dass die Spieler alle Regeln befolgen, und berechnet nat\u00fcrlich jeder Seite eine Provision.<\/p>\n<h2>MINI-BAKARAT<\/h2>\n<p>Mini-Baccarat ist vor allem in den Vereinigten Staaten beliebt. Das Spiel ist praktisch dasselbe wie die klassischen Versionen, au\u00dfer dass das Spiel an einem kleinen Tisch stattfindet. So k\u00f6nnen beim Mini-Baccarat maximal sieben Personen an einem Tisch spielen. Einschlie\u00dflich eines Live-Dealer-Baccarat RocketPlay, der f\u00fcr alle Aktionen und Wetten verantwortlich ist, die w\u00e4hrend des Spiels Minibaccarat stattfinden. Er fungiert auch als Bankier.<\/p>\n<h2>PUNTO BANCO<\/h2>\n<p>Das Spiel Punto Banco ist der klassischen Version von Baccarat sehr \u00e4hnlich. Der einzige Unterschied besteht darin, dass die Teilnehmer statt auf den Spieler und den Bankhalter entweder auf Punto (Spieler) oder Banco (Bankhalter) setzen. Mit anderen Worten, die Namen sind unterschiedlich &#8211; die Essenz des Spiels ist dieselbe.<\/p>\n<p>Unabh\u00e4ngig davon, f\u00fcr welches Spiel Sie sich entscheiden, k\u00f6nnen Sie es ohne Registrierung auf unserer Website spielen. Keine Einschr\u00e4nkungen, eine gro\u00dfe Auswahl an Spielen \u2013 das sind nur einige der Vorteile des Baccarat-Spiels bei RocketPlay.<\/p>\n","protected":false},"excerpt":{"rendered":"<p>Baccarat kann mit Sicherheit als eines der klassischen Casinospiele bezeichnet werden, das bei einem breiten Publikum von Spielern aus der ganzen Welt immer beliebt sein wird. Urspr\u00fcnglich ein Gl\u00fccksspiel ausschlie\u00dflich f\u00fcr die Aristokratie, ist Baccarat nicht mehr nur ein Spiel f\u00fcr die Elite \u2013 es gibt keine Beschr\u00e4nkungen, wer es spielen kann. Daher bieten Online-Casinos&#8230;<\/p>\n","protected":false},"author":1,"featured_media":0,"parent":0,"menu_order":0,"comment_status":"closed","ping_status":"closed","template":"","meta":{"_acf_changed":false,"_kad_post_transparent":"default","_kad_post_title":"default","_kad_post_layout":"default","_kad_post_sidebar_id":"","_kad_post_content_style":"default","_kad_post_vertical_padding":"default","_kad_post_feature":"","_kad_post_feature_position":"","_kad_post_header":false,"_kad_post_footer":false,"footnotes":""},"class_list":["post-1397","page","type-page","status-publish","hentry"],"acf":[],"rttpg_featured_image_url":null,"rttpg_author":{"display_name":"Elvis","author_link":"https:\/\/rocketplay-slot.com\/de\/author\/pemvas95n89x\/"},"rttpg_comment":0,"rttpg_category":null,"rttpg_excerpt":"Baccarat kann mit Sicherheit als eines der klassischen Casinospiele bezeichnet werden, das bei einem breiten Publikum von Spielern aus der ganzen Welt immer beliebt sein wird. Urspr\u00fcnglich ein Gl\u00fccksspiel ausschlie\u00dflich f\u00fcr die Aristokratie, ist Baccarat nicht mehr nur ein Spiel f\u00fcr die Elite \u2013 es gibt keine Beschr\u00e4nkungen, wer es spielen kann. Daher bieten Online-Casinos...","_links":{"self":[{"href":"https:\/\/rocketplay-slot.com\/de\/wp-json\/wp\/v2\/pages\/1397","targetHints":{"allow":["GET"]}}],"collection":[{"href":"https:\/\/rocketplay-slot.com\/de\/wp-json\/wp\/v2\/pages"}],"about":[{"href":"https:\/\/rocketplay-slot.com\/de\/wp-json\/wp\/v2\/types\/page"}],"author":[{"embeddable":true,"href":"https:\/\/rocketplay-slot.com\/de\/wp-json\/wp\/v2\/users\/1"}],"replies":[{"embeddable":true,"href":"https:\/\/rocketplay-slot.com\/de\/wp-json\/wp\/v2\/comments?post=1397"}],"version-history":[{"count":3,"href":"https:\/\/rocketplay-slot.com\/de\/wp-json\/wp\/v2\/pages\/1397\/revisions"}],"predecessor-version":[{"id":7892,"href":"https:\/\/rocketplay-slot.com\/de\/wp-json\/wp\/v2\/pages\/1397\/revisions\/7892"}],"wp:attachment":[{"href":"https:\/\/rocketplay-slot.com\/de\/wp-json\/wp\/v2\/media?parent=1397"}],"curies":[{"name":"wp","href":"https:\/\/api.w.org\/{rel}","templated":true}]}}