{"id":1405,"date":"2022-09-30T15:12:17","date_gmt":"2022-09-30T12:12:17","guid":{"rendered":"https:\/\/rocketplay-slot.com\/black-wolf\/"},"modified":"2025-11-24T20:52:48","modified_gmt":"2025-11-24T17:52:48","slug":"black-wolf","status":"publish","type":"page","link":"https:\/\/rocketplay-slot.com\/de\/black-wolf\/","title":{"rendered":"Black Wolf: Halten und gewinnen"},"content":{"rendered":"<p><img loading=\"lazy\" decoding=\"async\" class=\"size-medium wp-image-421 alignleft\" src=\"https:\/\/rocketplay-slot.com\/wp-content\/uploads\/2022\/09\/black-wolf-hold-and-win-300x300.png\" alt=\"Black Wolf hold and win\" width=\"300\" height=\"300\" srcset=\"https:\/\/rocketplay-slot.com\/wp-content\/uploads\/2022\/09\/black-wolf-hold-and-win-300x300.png 300w, https:\/\/rocketplay-slot.com\/wp-content\/uploads\/2022\/09\/black-wolf-hold-and-win-150x150.png 150w, https:\/\/rocketplay-slot.com\/wp-content\/uploads\/2022\/09\/black-wolf-hold-and-win.png 425w\" sizes=\"auto, (max-width: 300px) 100vw, 300px\" \/><\/p>\n<p>Nach seiner Ver\u00f6ffentlichung Ende 2021 sorgte der Online-Slot Rocket Play Black Wolf f\u00fcr Furore in den Gl\u00fccksspielgemeinschaften und gewann mehr oder weniger an Popularit\u00e4t. Tausende von Benutzern bemerken seine hohen technologischen Eigenschaften und unglaublichen Funktionen. Die Entwickler des Slots, die Firma Booongo, haben sich wirklich M\u00fche gegeben und ein mega cooles Projekt auf die Beine gestellt.<\/p>\n<p>Um mehr \u00fcber diese Gl\u00fccksspielneuheit zu erfahren, bieten wir Ihnen den Rocket Play Black Wolf Slot Review an. Nur n\u00fctzliche und verifizierte Informationen, interessante Fakten und n\u00fctzliche Tipps. Bleiben Sie bei uns und erfahren Sie mehr!<\/p>\n<h2>EINE EINF\u00dcHRUNG IN BLACK WOLF<\/h2>\n<p>Damit Sie den Rocket Play Black Wolf-Slot so erfolgreich und gewinnbringend wie m\u00f6glich kennenlernen k\u00f6nnen, empfehlen wir Ihnen, sich mit den Hauptmerkmalen des Spiels vertraut zu machen.<\/p>\n<p>&nbsp;<\/p>\n<table border=\"0\" cellspacing=\"0\" cellpadding=\"0\">\n<tbody>\n<tr>\n<td><b>Entwickler <\/b><\/td>\n<td><b>Booongo<\/b><\/td>\n<\/tr>\n<tr>\n<td>Erscheinungsdatum<\/td>\n<td>2021<\/td>\n<\/tr>\n<tr>\n<td>Linien<\/td>\n<td>25<\/td>\n<\/tr>\n<tr>\n<td>R\u00e4der<\/td>\n<td>5<\/td>\n<\/tr>\n<tr>\n<td>Reihen<\/td>\n<td>4<\/td>\n<\/tr>\n<tr>\n<td>Boni<\/td>\n<td>Rocket Play Black Wolf-Slot-Freispiele;<\/p>\n<p>Bonusrunde<\/p>\n<p>Mehrspieler<\/td>\n<\/tr>\n<tr>\n<td>RTP<\/td>\n<td>95.65%<\/td>\n<\/tr>\n<tr>\n<td>Automatische Wiedergabe<\/td>\n<td>+<\/td>\n<\/tr>\n<tr>\n<td>Besondere Zeichen<\/td>\n<td>Streuen<\/p>\n<p>Wild<\/td>\n<\/tr>\n<tr>\n<td>Wettdiapason<\/td>\n<td>0.25-60 AUD<\/td>\n<\/tr>\n<\/tbody>\n<\/table>\n<p>&nbsp;<\/p>\n<p>Kein Spieler wird den unglaublichen Auszahlungen und aufregenden Abenteuern gleichg\u00fcltig gegen\u00fcberstehen, die ihn hier erwarten.<\/p>\n<p>Hier gibt es eine ziemlich solide Bonusserie. Wenn Zocker nicht mehr von zus\u00e4tzlichen Freiversuchen oder speziellen Scatter-Symbolen \u00fcberrascht werden, dann haben die Spieleentwickler noch ein paar Tricks mehr im \u00c4rmel. Multiplayer und eine zus\u00e4tzliche Minirunde werden Sie sicher nicht ohne Eindr\u00fccke zur\u00fccklassen. Super M\u00f6glichkeiten f\u00fcr unglaubliche Gewinne! Selbst mit einem Mindesteinsatz von nur 25 Cent k\u00f6nnen Sie einen ziemlich guten Preis erzielen.<\/p>\n<h2>GAMEPLAY UND FEATURES<\/h2>\n<p>Nachdem Sie das Spiel studiert haben, k\u00f6nnen Sie viele positive Punkte feststellen, die es bei den Benutzern so erfolgreich machen. Hier ist ein \u00e4u\u00dferst bequemes und schnelles Gameplay. Alles ist intuitiv. Auch ein Anf\u00e4nger, der sich zum ersten Mal mit Slots besch\u00e4ftigt, ben\u00f6tigt nur wenige Minuten, um sich mit den Funktionen des Hauptmen\u00fcs vertraut zu machen und diese zu erlernen.<\/p>\n<p>Das Design des Slots ist optisch ansprechend. Im Hintergrund sehen die Spieler eine unglaubliche Natur und Abendd\u00e4mmerung in den Bergen. Je nach Thema bestehen die Gewinnkombinationen aus thematischen Tierbildern. Hier werden vorgestellt:<\/p>\n<ul>\n<li>Elch;<\/li>\n<li>Wolf (wild);<\/li>\n<li>Frauenj\u00e4ger (Skater);<\/li>\n<li>Luchs;<\/li>\n<li>Adler;<\/li>\n<li>Eule.<\/li>\n<\/ul>\n<p>Neben thematischen Bildern gibt es auch die \u00fcblichen Symbole aus dem Kartendeck.<\/p>\n<p>Hier gibt es zwei Spielm\u00f6glichkeiten:<\/p>\n<ul>\n<li>Rocket Play Black Wolf Spielautomat mit echtem Geld;<\/li>\n<li>Rocket Play Black Wolf Slot kostenlos.<\/li>\n<\/ul>\n<p>Beide Methoden haben identische Regeln und Bedingungen, mit Ausnahme der Finanzkomponente in der Demoversion. Wetten werden auf virtuelle Gelder abgeschlossen, und dementsprechend werden Gewinne in derselben W\u00e4hrung erhalten. In jedem Modus k\u00f6nnen Spieler Autoplay verwenden.<\/p>\n<p style=\"text-align: center;\"><img loading=\"lazy\" decoding=\"async\" class=\"aligncenter wp-image-422 size-full\" src=\"https:\/\/rocketplay-slot.com\/wp-content\/uploads\/2022\/09\/black-wolf-slot.png\" alt=\"Black Wolf slot\" width=\"1280\" height=\"720\" srcset=\"https:\/\/rocketplay-slot.com\/wp-content\/uploads\/2022\/09\/black-wolf-slot.png 1280w, https:\/\/rocketplay-slot.com\/wp-content\/uploads\/2022\/09\/black-wolf-slot-300x169.png 300w, https:\/\/rocketplay-slot.com\/wp-content\/uploads\/2022\/09\/black-wolf-slot-1024x576.png 1024w, https:\/\/rocketplay-slot.com\/wp-content\/uploads\/2022\/09\/black-wolf-slot-768x432.png 768w\" sizes=\"auto, (max-width: 1280px) 100vw, 1280px\" \/><\/p>\n<h2>WIE MAN BEI BLACK WOLF GEWINNT UND FREE SPINS ANSPRUCHET<\/h2>\n<p>Um Ihre Gewinnchancen und hochbezahlten Gewinne zu maximieren, m\u00fcssen Sie alle Boni und Zusatzfunktionen nutzen. Erstens wird wild \u2013 das Bild eines Wolfs \u2013 n\u00fctzlich sein. Es ersetzt jedes andere Symbol au\u00dfer dem Scatter. Auf diese Weise k\u00f6nnen Sie so schnell wie m\u00f6glich die Gewinnkombination mit der h\u00f6chsten Auszahlung bilden.<\/p>\n<p>Zweitens erh\u00e4lt der Spieler nach dem Sammeln von 3 Scattern 8 kostenlose Extra-Spins. Das erh\u00f6ht idealerweise die Gewinnchancen, denn je mehr Versuche, desto wahrscheinlicher wird einer davon erfolgreich sein.<\/p>\n<h2>FAQ<\/h2>\n<h3>WIE KANN MAN DAS SPIEL GEWINNEN UND MAXIMALE AUSZAHLUNGEN ERHALTEN?<\/h3>\n<p>Nutzen Sie alle M\u00f6glichkeiten und Bonusangebote, die Ihnen helfen, ein Gewinner zu werden. Wilds ersetzen andere Symbole, wodurch Sie die gew\u00fcnschte Kombination schneller erhalten. Scatter schalten zus\u00e4tzliche Freispiele frei. Au\u00dferdem gibt es eine zus\u00e4tzliche Runde, dank der sich Ihre Gewinnchancen ebenfalls deutlich erh\u00f6hen.<\/p>\n<h3>KANN ICH KOSTENLOS SPIELEN?<\/h3>\n<p>Ja, dank der kostenlosen Demoversion k\u00f6nnen Sie um virtuelle M\u00fcnzen spielen. Daf\u00fcr m\u00fcssen Sie keine Einzahlungen t\u00e4tigen oder sogar offizieller Kunde des Portals werden.<\/p>\n<h3>WAS IST DER KLEINSTE EINSATZ, DEN ICH TUN KANN?<\/h3>\n<p>Die Bandbreite der Tarife ist sehr gro\u00df. Der kleinste Betrag, der auf einen Spin gesetzt werden kann, betr\u00e4gt nur 25 Cent.<\/p>\n<p><strong>Lesen Sie auch \u00fcber:<\/strong><\/p>\n<ul>\n<li><a href=\"https:\/\/rocketplay-slot.com\/de\/buffalo-power-hold-and-win\/\">Buffalo Power Halten und gewinnen<\/a><\/li>\n<li><a href=\"https:\/\/rocketplay-slot.com\/de\/magic-spins\/\">Magic Spins<\/a><\/li>\n<\/ul>\n","protected":false},"excerpt":{"rendered":"<p>Nach seiner Ver\u00f6ffentlichung Ende 2021 sorgte der Online-Slot Rocket Play Black Wolf f\u00fcr Furore in den Gl\u00fccksspielgemeinschaften und gewann mehr oder weniger an Popularit\u00e4t. Tausende von Benutzern bemerken seine hohen technologischen Eigenschaften und unglaublichen Funktionen. Die Entwickler des Slots, die Firma Booongo, haben sich wirklich M\u00fche gegeben und ein mega cooles Projekt auf die Beine&#8230;<\/p>\n","protected":false},"author":1,"featured_media":0,"parent":0,"menu_order":0,"comment_status":"closed","ping_status":"closed","template":"","meta":{"_acf_changed":false,"_kad_post_transparent":"default","_kad_post_title":"default","_kad_post_layout":"default","_kad_post_sidebar_id":"","_kad_post_content_style":"default","_kad_post_vertical_padding":"default","_kad_post_feature":"","_kad_post_feature_position":"","_kad_post_header":false,"_kad_post_footer":false,"footnotes":""},"class_list":["post-1405","page","type-page","status-publish","hentry"],"acf":[],"rttpg_featured_image_url":null,"rttpg_author":{"display_name":"Elvis","author_link":"https:\/\/rocketplay-slot.com\/de\/author\/pemvas95n89x\/"},"rttpg_comment":0,"rttpg_category":null,"rttpg_excerpt":"Nach seiner Ver\u00f6ffentlichung Ende 2021 sorgte der Online-Slot Rocket Play Black Wolf f\u00fcr Furore in den Gl\u00fccksspielgemeinschaften und gewann mehr oder weniger an Popularit\u00e4t. Tausende von Benutzern bemerken seine hohen technologischen Eigenschaften und unglaublichen Funktionen. Die Entwickler des Slots, die Firma Booongo, haben sich wirklich M\u00fche gegeben und ein mega cooles Projekt auf die Beine...","_links":{"self":[{"href":"https:\/\/rocketplay-slot.com\/de\/wp-json\/wp\/v2\/pages\/1405","targetHints":{"allow":["GET"]}}],"collection":[{"href":"https:\/\/rocketplay-slot.com\/de\/wp-json\/wp\/v2\/pages"}],"about":[{"href":"https:\/\/rocketplay-slot.com\/de\/wp-json\/wp\/v2\/types\/page"}],"author":[{"embeddable":true,"href":"https:\/\/rocketplay-slot.com\/de\/wp-json\/wp\/v2\/users\/1"}],"replies":[{"embeddable":true,"href":"https:\/\/rocketplay-slot.com\/de\/wp-json\/wp\/v2\/comments?post=1405"}],"version-history":[{"count":4,"href":"https:\/\/rocketplay-slot.com\/de\/wp-json\/wp\/v2\/pages\/1405\/revisions"}],"predecessor-version":[{"id":1409,"href":"https:\/\/rocketplay-slot.com\/de\/wp-json\/wp\/v2\/pages\/1405\/revisions\/1409"}],"wp:attachment":[{"href":"https:\/\/rocketplay-slot.com\/de\/wp-json\/wp\/v2\/media?parent=1405"}],"curies":[{"name":"wp","href":"https:\/\/api.w.org\/{rel}","templated":true}]}}