{"id":1454,"date":"2022-09-30T13:41:51","date_gmt":"2022-09-30T10:41:51","guid":{"rendered":"https:\/\/rocketplay-slot.com\/bonus\/loyalty-program\/"},"modified":"2024-02-08T18:24:50","modified_gmt":"2024-02-08T15:24:50","slug":"loyalty-program","status":"publish","type":"page","link":"https:\/\/rocketplay-slot.com\/de\/bonus\/loyalty-program\/","title":{"rendered":"Treueprogramm RocketPlay"},"content":{"rendered":"<p>Das Beste, was Sie sich f\u00fcr Kunden von Gl\u00fccksspieleinrichtungen vorstellen k\u00f6nnen, ist die Erstellung eines einzigartigen Programms mit Geschenken und Anreizen. Es ist sehr motivierend und anregend, so viel Zeit wie m\u00f6glich mit seiner Lieblingsbesch\u00e4ftigung zu verbringen. Es hilft auch, den Glauben an den eigenen Sieg nicht zu verlieren, sich \u00fcber Misserfolge nicht so aufzuregen und die Chancen auf den Sieg zu erh\u00f6hen.<\/p>\n<h2>WAS SIND CASINO-TREUEPROGRAMME?<\/h2>\n<p>Das erste, was Sie verstehen m\u00fcssen, ist herauszufinden, was ein Treueprogramm ist. Es lohnt sich auch, alle Privilegien des Rocket Play-Treueprogramms zu untersuchen und zu verstehen, was es einzigartig und attraktiv macht.<\/p>\n<p>Das Treueprogramm ist eine zus\u00e4tzliche M\u00f6glichkeit, Boni, Preise, Pr\u00e4mien oder Cashback zu erhalten. Im Falle dieser Institution ist es eine Chance, einen bestimmten Geldbetrag, der f\u00fcr Wetten verwendet wurde, zur\u00fcckzugeben. Gem\u00e4\u00df den R\u00fcckerstattungsbedingungen k\u00f6nnen Spieler 10 bis 15 % des f\u00fcr Spielautomaten und Live-Spiele ausgegebenen Betrags erhalten.<\/p>\n<p style=\"text-align: center;\"><img loading=\"lazy\" decoding=\"async\" class=\"aligncenter wp-image-4156\" src=\"https:\/\/rocketplay-slot.com\/wp-content\/uploads\/2024\/02\/2222.png\" alt=\"Treueprogramm RocketPlay\" width=\"800\" height=\"193\" srcset=\"https:\/\/rocketplay-slot.com\/wp-content\/uploads\/2024\/02\/2222.png 1213w, https:\/\/rocketplay-slot.com\/wp-content\/uploads\/2024\/02\/2222-300x72.png 300w, https:\/\/rocketplay-slot.com\/wp-content\/uploads\/2024\/02\/2222-1024x247.png 1024w, https:\/\/rocketplay-slot.com\/wp-content\/uploads\/2024\/02\/2222-768x185.png 768w\" sizes=\"auto, (max-width: 800px) 100vw, 800px\" \/><\/p>\n<h2>HAUPTVORTEILE DER ROCKET PLAY CASINO-TREUEPROGRAMME<\/h2>\n<p>Die Hauptvorteile des Online-Casino-Treueprogramms von Rocket Play sind die M\u00f6glichkeit, einen bestimmten Prozentsatz der f\u00fcr Wetten ausgegebenen Gelder auf Ihr Konto zur\u00fcckzuzahlen. Dies ist ein einzigartiges Angebot, das Ihr Budget schont und zus\u00e4tzliche M\u00f6glichkeiten f\u00fcr noch mehr Eins\u00e4tze bzw. Gewinne bietet.<\/p>\n<p>Die Institution bietet ihren Kunden zwei Arten von Treueprogrammen an. Sie beziehen sich jedoch alle auf die R\u00fcckgabe ausgegebener Mittel. Lediglich die H\u00f6he des Cashbacks und die Bedingungen f\u00fcr den Erhalt unterscheiden sich.<\/p>\n<ul>\n<li>Bis zu 15 % der Gelder, die f\u00fcr Slots ausgegeben werden, die jeden Montag auflaufen und 3 Tage lang g\u00fcltig sind;<\/li>\n<li>Bis zu 10 % Cashback auf Live-Spiele werden jeden Donnerstag gutgeschrieben.<\/li>\n<\/ul>\n<p>Der Geldbetrag, der an den Kunden zur\u00fcckerstattet wird, h\u00e4ngt von seinem Spielstatus ab. Je h\u00f6her es ist, desto gr\u00f6\u00dfer ist die Menge. Daher lohnt es sich, ein aktiver Benutzer zu sein und das Konto st\u00e4ndig aufzuf\u00fcllen. Bitte beachten Sie, dass nur Echtgeld berechnet wird und Boni oder Gewinne nicht ber\u00fccksichtigt werden. Am entsprechenden Tag (Montag oder Donnerstag) findet der gesamte Cashback-R\u00fcckgabevorgang automatisch statt. Der maximale Erstattungsbetrag betr\u00e4gt 5.000 Euro oder 8.000 Australische Dollar.<\/p>\n<h2>WIE KANN ICH F\u00dcR EIN CASINO-TREUEPROGRAMM BERECHTIGT WERDEN?<\/h2>\n<p>Um sich f\u00fcr das Casino-Treueprogramm von Rocket Play Australia zu bewerben, m\u00fcssen Sie alle Bedingungen f\u00fcr die Gew\u00e4hrung von Boni einhalten. In diesem Fall handelt es sich um eine Cashback-Abgrenzung. Zun\u00e4chst m\u00fcssen Sie ein offiziell registrierter Kunde des Portals sein und \u00fcber ein eigenes Konto und Spielkonto verf\u00fcgen. Zweitens m\u00fcssen Sie Einzahlungen auf Ihr Konto vornehmen. Drittens ist es notwendig, Wetten mit einem echten Budget abzuschlie\u00dfen. Schlie\u00dflich wird von diesen Mitteln der Erstattungsbetrag abgezogen.<\/p>\n<h2>FAZIT<\/h2>\n<p>Zusammenfassend k\u00f6nnen wir den Schluss ziehen, dass f\u00fcr offizielle Kunden des Portals das beste Casino-Treueprogramm Rocket Play ein unglaubliches Angebot ist, das dazu beitragen wird, einen Teil des ausgegebenen Geldes zur\u00fcckzuzahlen. Sie k\u00f6nnen bis zu 15 % Cashback auf Slot-Wetten und bis zu 10 % auf Ausgaben f\u00fcr Live-Unterhaltung erhalten. Erh\u00f6hen Sie Ihren Spielstatus und erhalten Sie maximale Renditen. Der Betrag wird jeden Montag und Donnerstag automatisch berechnet und dem Spielkonto gutgeschrieben.<\/p>\n<p><strong>Lesen Sie auch \u00fcber:<\/strong><\/p>\n<ul>\n<li><a href=\"https:\/\/rocketplay-slot.com\/de\/bonus\/regular-bonuses\/\">Regelm\u00e4\u00dfige Boni<\/a><\/li>\n<li><a href=\"https:\/\/rocketplay-slot.com\/de\/bonus\/vip-program\/\">VIP-Programm<\/a><\/li>\n<\/ul>\n","protected":false},"excerpt":{"rendered":"<p>Das Beste, was Sie sich f\u00fcr Kunden von Gl\u00fccksspieleinrichtungen vorstellen k\u00f6nnen, ist die Erstellung eines einzigartigen Programms mit Geschenken und Anreizen. Es ist sehr motivierend und anregend, so viel Zeit wie m\u00f6glich mit seiner Lieblingsbesch\u00e4ftigung zu verbringen. Es hilft auch, den Glauben an den eigenen Sieg nicht zu verlieren, sich \u00fcber Misserfolge nicht so aufzuregen&#8230;<\/p>\n","protected":false},"author":1,"featured_media":0,"parent":1415,"menu_order":0,"comment_status":"closed","ping_status":"closed","template":"","meta":{"_acf_changed":false,"_kad_post_transparent":"default","_kad_post_title":"default","_kad_post_layout":"default","_kad_post_sidebar_id":"","_kad_post_content_style":"default","_kad_post_vertical_padding":"default","_kad_post_feature":"","_kad_post_feature_position":"","_kad_post_header":false,"_kad_post_footer":false,"footnotes":""},"class_list":["post-1454","page","type-page","status-publish","hentry"],"acf":[],"rttpg_featured_image_url":null,"rttpg_author":{"display_name":"Elvis","author_link":"https:\/\/rocketplay-slot.com\/de\/author\/pemvas95n89x\/"},"rttpg_comment":0,"rttpg_category":null,"rttpg_excerpt":"Das Beste, was Sie sich f\u00fcr Kunden von Gl\u00fccksspieleinrichtungen vorstellen k\u00f6nnen, ist die Erstellung eines einzigartigen Programms mit Geschenken und Anreizen. Es ist sehr motivierend und anregend, so viel Zeit wie m\u00f6glich mit seiner Lieblingsbesch\u00e4ftigung zu verbringen. Es hilft auch, den Glauben an den eigenen Sieg nicht zu verlieren, sich \u00fcber Misserfolge nicht so aufzuregen...","_links":{"self":[{"href":"https:\/\/rocketplay-slot.com\/de\/wp-json\/wp\/v2\/pages\/1454","targetHints":{"allow":["GET"]}}],"collection":[{"href":"https:\/\/rocketplay-slot.com\/de\/wp-json\/wp\/v2\/pages"}],"about":[{"href":"https:\/\/rocketplay-slot.com\/de\/wp-json\/wp\/v2\/types\/page"}],"author":[{"embeddable":true,"href":"https:\/\/rocketplay-slot.com\/de\/wp-json\/wp\/v2\/users\/1"}],"replies":[{"embeddable":true,"href":"https:\/\/rocketplay-slot.com\/de\/wp-json\/wp\/v2\/comments?post=1454"}],"version-history":[{"count":3,"href":"https:\/\/rocketplay-slot.com\/de\/wp-json\/wp\/v2\/pages\/1454\/revisions"}],"predecessor-version":[{"id":4662,"href":"https:\/\/rocketplay-slot.com\/de\/wp-json\/wp\/v2\/pages\/1454\/revisions\/4662"}],"up":[{"embeddable":true,"href":"https:\/\/rocketplay-slot.com\/de\/wp-json\/wp\/v2\/pages\/1415"}],"wp:attachment":[{"href":"https:\/\/rocketplay-slot.com\/de\/wp-json\/wp\/v2\/media?parent=1454"}],"curies":[{"name":"wp","href":"https:\/\/api.w.org\/{rel}","templated":true}]}}